{"id":146,"date":"2022-10-25T07:23:20","date_gmt":"2022-10-25T07:23:20","guid":{"rendered":"https:\/\/moveandwalk.net\/?page_id=146"},"modified":"2026-03-03T14:31:14","modified_gmt":"2026-03-03T14:31:14","slug":"medarbetare-personlig-assistans","status":"publish","type":"page","link":"https:\/\/movewalk.se\/en_gb\/medarbetare-personlig-assistans\/","title":{"rendered":"Medarbetare Personlig Assistans"},"content":{"rendered":"<p>[et_pb_section fb_built=&#8221;1&#8243; _builder_version=&#8221;4.18.1&#8243; _module_preset=&#8221;default&#8221; da_disable_devices=&#8221;off|off|off&#8221; global_colors_info=&#8221;{}&#8221; da_is_popup=&#8221;off&#8221; da_exit_intent=&#8221;off&#8221; da_has_close=&#8221;on&#8221; da_alt_close=&#8221;off&#8221; da_dark_close=&#8221;off&#8221; da_not_modal=&#8221;on&#8221; da_is_singular=&#8221;off&#8221; da_with_loader=&#8221;off&#8221; da_has_shadow=&#8221;on&#8221;][et_pb_row _builder_version=&#8221;4.20.2&#8243; _module_preset=&#8221;default&#8221; global_colors_info=&#8221;{}&#8221;][et_pb_column type=&#8221;4_4&#8243; _builder_version=&#8221;4.20.2&#8243; _module_preset=&#8221;default&#8221; global_colors_info=&#8221;{}&#8221;][et_pb_text _builder_version=&#8221;4.20.2&#8243; _module_preset=&#8221;default&#8221; header_text_align=&#8221;center&#8221; global_colors_info=&#8221;{}&#8221;]<\/p>\n<h1>Personlig Assistans<\/h1>\n<p>[\/et_pb_text][\/et_pb_column][\/et_pb_row][et_pb_row column_structure=&#8221;1_4,1_4,1_4,1_4&#8243; _builder_version=&#8221;4.23.4&#8243; _module_preset=&#8221;default&#8221; width=&#8221;100%&#8221; max_width=&#8221;100%&#8221; global_colors_info=&#8221;{}&#8221;][et_pb_column type=&#8221;1_4&#8243; _builder_version=&#8221;4.20.4&#8243; _module_preset=&#8221;default&#8221; global_colors_info=&#8221;{}&#8221;][et_pb_blurb title=&#8221;Anders Drugge&#8221; image=&#8221;https:\/\/movewalk.se\/wp-content\/uploads\/2025\/11\/Anders-Drugge.png&#8221; image_icon_width=&#8221;50%&#8221; _builder_version=&#8221;4.27.4&#8243; _module_preset=&#8221;default&#8221; header_text_align=&#8221;center&#8221; body_text_align=&#8221;center&#8221; border_radii_image=&#8221;on|50px|50px|50px|50px&#8221; border_width_all_image=&#8221;1px&#8221; border_color_all_image=&#8221;#424042&#8243; global_colors_info=&#8221;{}&#8221;]<\/p>\n<p>Verksamhetschef<\/p>\n<p>G\u00f6teborg, Solna, Malm\u00f6<br \/>Mobil: +46 70 483 76 39<br \/>Direkt:<br \/>anders.drugge@movewalk.se<\/p>\n<p>[\/et_pb_blurb][\/et_pb_column][et_pb_column type=&#8221;1_4&#8243; _builder_version=&#8221;4.20.4&#8243; _module_preset=&#8221;default&#8221; global_colors_info=&#8221;{}&#8221;][et_pb_blurb title=&#8221;Emma Karlsson&#8221; image=&#8221;https:\/\/movewalk.se\/wp-content\/uploads\/2023\/04\/Emma-Karlsson-jpg.webp&#8221; image_icon_width=&#8221;50%&#8221; _builder_version=&#8221;4.25.2&#8243; _module_preset=&#8221;default&#8221; header_text_align=&#8221;center&#8221; body_text_align=&#8221;center&#8221; border_radii_image=&#8221;on|50px|50px|50px|50px&#8221; border_width_all_image=&#8221;1px&#8221; border_color_all_image=&#8221;#424042&#8243; global_colors_info=&#8221;{}&#8221;]<\/p>\n<p>Operativt ansvarig, <br \/>Kund- och Assistentansvarig<\/p>\n<p>G\u00f6teborg<br \/>Mobil: +46 76 130 13 83<br \/>Direkt: 031-381 93 05<br \/>emma.karlsson@movewalk.se<\/p>\n<p>[\/et_pb_blurb][\/et_pb_column][et_pb_column type=&#8221;1_4&#8243; _builder_version=&#8221;4.20.4&#8243; _module_preset=&#8221;default&#8221; global_colors_info=&#8221;{}&#8221;][et_pb_blurb title=&#8221;Mia Magnusson&#8221; image=&#8221;https:\/\/movewalk.se\/wp-content\/uploads\/2025\/11\/Mia-M-A_vit-bakgrund.png&#8221; image_icon_width=&#8221;50%&#8221; _builder_version=&#8221;4.27.5&#8243; _module_preset=&#8221;default&#8221; header_text_align=&#8221;center&#8221; body_text_align=&#8221;center&#8221; hover_enabled=&#8221;0&#8243; border_radii_image=&#8221;on|50px|50px|50px|50px&#8221; border_width_all_image=&#8221;1px&#8221; border_color_all_image=&#8221;#424042&#8243; global_colors_info=&#8221;{}&#8221; sticky_enabled=&#8221;0&#8243;]<\/p>\n<p>Kund- och Assistentansvarig<\/p>\n<p>G\u00f6teborg<br \/>Mobil: +46 70 911 17 20<br \/>Direkt: 031 309 90 67<br \/>mia.magnusson@movewalk.se<\/p>\n<p>[\/et_pb_blurb][\/et_pb_column][et_pb_column type=&#8221;1_4&#8243; _builder_version=&#8221;4.20.4&#8243; _module_preset=&#8221;default&#8221; global_colors_info=&#8221;{}&#8221;][et_pb_blurb title=&#8221;Maria Gustafsson&#8221; image=&#8221;https:\/\/movewalk.se\/wp-content\/uploads\/2025\/11\/Maria-G_vit-bakgrund.png&#8221; image_icon_width=&#8221;50%&#8221; _builder_version=&#8221;4.27.4&#8243; _module_preset=&#8221;default&#8221; header_text_align=&#8221;center&#8221; body_text_align=&#8221;center&#8221; border_radii_image=&#8221;on|50px|50px|50px|50px&#8221; border_width_all_image=&#8221;1px&#8221; border_color_all_image=&#8221;#424042&#8243; global_colors_info=&#8221;{}&#8221;]<\/p>\n<p>Kund- och Assistentansvarig<\/p>\n<p>Solna<br \/>Mobil: +46 76 393 52 23<br \/>Direkt: 08-624 99 90<br \/>maria.gustafsson@movewalk.se<\/p>\n<p>[\/et_pb_blurb][\/et_pb_column][\/et_pb_row][et_pb_row column_structure=&#8221;1_4,1_4,1_4,1_4&#8243; _builder_version=&#8221;4.23.4&#8243; _module_preset=&#8221;default&#8221; width=&#8221;100%&#8221; max_width=&#8221;100%&#8221; global_colors_info=&#8221;{}&#8221;][et_pb_column type=&#8221;1_4&#8243; _builder_version=&#8221;4.20.4&#8243; _module_preset=&#8221;default&#8221; global_colors_info=&#8221;{}&#8221;][et_pb_blurb title=&#8221;Jerker Hernb\u00e4ck&#8221; image=&#8221;https:\/\/movewalk.se\/wp-content\/uploads\/2025\/11\/Jerker-Hernback_vit-bakgrund.png&#8221; image_icon_width=&#8221;50%&#8221; _builder_version=&#8221;4.27.4&#8243; _module_preset=&#8221;default&#8221; header_text_align=&#8221;center&#8221; body_text_align=&#8221;center&#8221; border_radii_image=&#8221;on|50px|50px|50px|50px&#8221; border_width_all_image=&#8221;1px&#8221; border_color_all_image=&#8221;#424042&#8243; global_colors_info=&#8221;{}&#8221;]<\/p>\n<p>Kund- och Assistentansvarig<\/p>\n<p>Solna<br \/>Mobil: +46 76 315 28 08<br \/>Direkt: 08-624 99 92<br \/>jerker.hernback@movewalk.se<\/p>\n<p>[\/et_pb_blurb][\/et_pb_column][et_pb_column type=&#8221;1_4&#8243; _builder_version=&#8221;4.20.4&#8243; _module_preset=&#8221;default&#8221; global_colors_info=&#8221;{}&#8221;][et_pb_blurb title=&#8221;G\u00e1bor Borics&#8221; image=&#8221;https:\/\/movewalk.se\/wp-content\/uploads\/2023\/04\/Gabor-Borics-1-scaled.webp&#8221; image_icon_width=&#8221;50%&#8221; _builder_version=&#8221;4.23.4&#8243; _module_preset=&#8221;default&#8221; header_text_align=&#8221;center&#8221; body_text_align=&#8221;center&#8221; border_radii_image=&#8221;on|50px|50px|50px|50px&#8221; border_width_all_image=&#8221;1px&#8221; border_color_all_image=&#8221;#424042&#8243; global_colors_info=&#8221;{}&#8221;]<\/p>\n<p>Senior Conductor<\/p>\n<p>G\u00f6teborg<br \/>Mobil: +46 70 240 90 51<br \/>Direkt: 031 309 90 51<br \/>gabor.borics@movewalk.se<\/p>\n<p>[\/et_pb_blurb][\/et_pb_column][et_pb_column type=&#8221;1_4&#8243; _builder_version=&#8221;4.20.4&#8243; _module_preset=&#8221;default&#8221; global_colors_info=&#8221;{}&#8221;][et_pb_blurb title=&#8221;N\u00f3ra Kalocsa&#8221; image=&#8221;https:\/\/movewalk.se\/wp-content\/uploads\/2023\/04\/Nora-Kalocsa-1-scaled.webp&#8221; image_icon_width=&#8221;50%&#8221; _builder_version=&#8221;4.23.4&#8243; _module_preset=&#8221;default&#8221; header_text_align=&#8221;center&#8221; body_text_align=&#8221;center&#8221; border_radii_image=&#8221;on|50px|50px|50px|50px&#8221; border_width_all_image=&#8221;1px&#8221; border_color_all_image=&#8221;#424042&#8243; global_colors_info=&#8221;{}&#8221;]<\/p>\n<p>Senior Conductor<\/p>\n<p>Solna<br \/>Mobil: +46 76 013 93 72<br \/>Direkt: 08-624 99 95<br \/>nora.kalocsa@movewalk.se<\/p>\n<p>[\/et_pb_blurb][\/et_pb_column][et_pb_column type=&#8221;1_4&#8243; _builder_version=&#8221;4.20.4&#8243; _module_preset=&#8221;default&#8221; global_colors_info=&#8221;{}&#8221;][\/et_pb_column][\/et_pb_row][\/et_pb_section]<\/p>\n","protected":false},"excerpt":{"rendered":"<p>Personlig AssistansVerksamhetschef G\u00f6teborg, Solna, Malm\u00f6Mobil: +46 70 483 76 39Direkt:anders.drugge@movewalk.seOperativt ansvarig, Kund- och Assistentansvarig G\u00f6teborgMobil: +46 76 130 13 83Direkt: 031-381 93 05emma.karlsson@movewalk.seKund- och Assistentansvarig G\u00f6teborgMobil: +46 70 911 17 20Direkt: 031 309 90 67mia.magnusson@movewalk.seKund- och Assistentansvarig SolnaMobil: +46 76 393 52 23Direkt: 08-624 99 90maria.gustafsson@movewalk.seKund- och Assistentansvarig SolnaMobil: +46 76 315 28 08Direkt: 08-624 [&hellip;]<\/p>\n","protected":false},"author":1,"featured_media":0,"parent":0,"menu_order":0,"comment_status":"closed","ping_status":"closed","template":"","meta":{"_acf_changed":false,"_et_pb_use_builder":"on","_et_pb_old_content":"<!-- wp:divi\/placeholder \/-->","_et_gb_content_width":"","footnotes":""},"class_list":["post-146","page","type-page","status-publish","hentry"],"acf":[],"yoast_head":"<!-- This site is optimized with the Yoast SEO plugin v27.4 - https:\/\/yoast.com\/product\/yoast-seo-wordpress\/ -->\n<title>Medarbetare Personlig Assistans - Move &amp; Walk<\/title>\n<meta name=\"robots\" content=\"index, follow, max-snippet:-1, max-image-preview:large, max-video-preview:-1\" \/>\n<link rel=\"canonical\" href=\"https:\/\/movewalk.se\/en_gb\/medarbetare-personlig-assistans\/\" \/>\n<meta property=\"og:locale\" content=\"en_GB\" \/>\n<meta property=\"og:type\" content=\"article\" \/>\n<meta property=\"og:title\" content=\"Medarbetare Personlig Assistans - Move &amp; Walk\" \/>\n<meta property=\"og:url\" content=\"https:\/\/movewalk.se\/en_gb\/medarbetare-personlig-assistans\/\" \/>\n<meta property=\"og:site_name\" content=\"Move &amp; Walk\" \/>\n<meta property=\"article:modified_time\" content=\"2026-03-03T14:31:14+00:00\" \/>\n<meta name=\"twitter:card\" content=\"summary_large_image\" \/>\n<meta name=\"twitter:label1\" content=\"Estimated reading time\" \/>\n\t<meta name=\"twitter:data1\" content=\"4 minutes\" \/>\n<script type=\"application\/ld+json\" class=\"yoast-schema-graph\">{\"@context\":\"https:\\\/\\\/schema.org\",\"@graph\":[{\"@type\":\"WebPage\",\"@id\":\"https:\\\/\\\/movewalk.se\\\/medarbetare-personlig-assistans\\\/\",\"url\":\"https:\\\/\\\/movewalk.se\\\/medarbetare-personlig-assistans\\\/\",\"name\":\"Medarbetare Personlig Assistans - Move &amp; Walk\",\"isPartOf\":{\"@id\":\"https:\\\/\\\/movewalk.se\\\/#website\"},\"datePublished\":\"2022-10-25T07:23:20+00:00\",\"dateModified\":\"2026-03-03T14:31:14+00:00\",\"breadcrumb\":{\"@id\":\"https:\\\/\\\/movewalk.se\\\/medarbetare-personlig-assistans\\\/#breadcrumb\"},\"inLanguage\":\"en-GB\",\"potentialAction\":[{\"@type\":\"ReadAction\",\"target\":[\"https:\\\/\\\/movewalk.se\\\/medarbetare-personlig-assistans\\\/\"]}]},{\"@type\":\"BreadcrumbList\",\"@id\":\"https:\\\/\\\/movewalk.se\\\/medarbetare-personlig-assistans\\\/#breadcrumb\",\"itemListElement\":[{\"@type\":\"ListItem\",\"position\":1,\"name\":\"Home\",\"item\":\"https:\\\/\\\/movewalk.se\\\/\"},{\"@type\":\"ListItem\",\"position\":2,\"name\":\"Medarbetare Personlig Assistans\"}]},{\"@type\":\"WebSite\",\"@id\":\"https:\\\/\\\/movewalk.se\\\/#website\",\"url\":\"https:\\\/\\\/movewalk.se\\\/\",\"name\":\"Move & Walk\",\"description\":\"V\u00e4gen till ett sj\u00e4lvst\u00e4ndigare liv\",\"publisher\":{\"@id\":\"https:\\\/\\\/movewalk.se\\\/#organization\"},\"potentialAction\":[{\"@type\":\"SearchAction\",\"target\":{\"@type\":\"EntryPoint\",\"urlTemplate\":\"https:\\\/\\\/movewalk.se\\\/?s={search_term_string}\"},\"query-input\":{\"@type\":\"PropertyValueSpecification\",\"valueRequired\":true,\"valueName\":\"search_term_string\"}}],\"inLanguage\":\"en-GB\"},{\"@type\":\"Organization\",\"@id\":\"https:\\\/\\\/movewalk.se\\\/#organization\",\"name\":\"Move & Walk\",\"url\":\"https:\\\/\\\/movewalk.se\\\/\",\"logo\":{\"@type\":\"ImageObject\",\"inLanguage\":\"en-GB\",\"@id\":\"https:\\\/\\\/movewalk.se\\\/#\\\/schema\\\/logo\\\/image\\\/\",\"url\":\"https:\\\/\\\/movewalk.se\\\/wp-content\\\/uploads\\\/2023\\\/02\\\/MoveWalk_med-text.png\",\"contentUrl\":\"https:\\\/\\\/movewalk.se\\\/wp-content\\\/uploads\\\/2023\\\/02\\\/MoveWalk_med-text.png\",\"width\":1182,\"height\":211,\"caption\":\"Move & Walk\"},\"image\":{\"@id\":\"https:\\\/\\\/movewalk.se\\\/#\\\/schema\\\/logo\\\/image\\\/\"}}]}<\/script>\n<!-- \/ Yoast SEO plugin. -->","yoast_head_json":{"title":"Medarbetare Personlig Assistans - Move &amp; Walk","robots":{"index":"index","follow":"follow","max-snippet":"max-snippet:-1","max-image-preview":"max-image-preview:large","max-video-preview":"max-video-preview:-1"},"canonical":"https:\/\/movewalk.se\/en_gb\/medarbetare-personlig-assistans\/","og_locale":"en_GB","og_type":"article","og_title":"Medarbetare Personlig Assistans - Move &amp; Walk","og_url":"https:\/\/movewalk.se\/en_gb\/medarbetare-personlig-assistans\/","og_site_name":"Move &amp; Walk","article_modified_time":"2026-03-03T14:31:14+00:00","twitter_card":"summary_large_image","twitter_misc":{"Estimated reading time":"4 minutes"},"schema":{"@context":"https:\/\/schema.org","@graph":[{"@type":"WebPage","@id":"https:\/\/movewalk.se\/medarbetare-personlig-assistans\/","url":"https:\/\/movewalk.se\/medarbetare-personlig-assistans\/","name":"Medarbetare Personlig Assistans - Move &amp; Walk","isPartOf":{"@id":"https:\/\/movewalk.se\/#website"},"datePublished":"2022-10-25T07:23:20+00:00","dateModified":"2026-03-03T14:31:14+00:00","breadcrumb":{"@id":"https:\/\/movewalk.se\/medarbetare-personlig-assistans\/#breadcrumb"},"inLanguage":"en-GB","potentialAction":[{"@type":"ReadAction","target":["https:\/\/movewalk.se\/medarbetare-personlig-assistans\/"]}]},{"@type":"BreadcrumbList","@id":"https:\/\/movewalk.se\/medarbetare-personlig-assistans\/#breadcrumb","itemListElement":[{"@type":"ListItem","position":1,"name":"Home","item":"https:\/\/movewalk.se\/"},{"@type":"ListItem","position":2,"name":"Medarbetare Personlig Assistans"}]},{"@type":"WebSite","@id":"https:\/\/movewalk.se\/#website","url":"https:\/\/movewalk.se\/","name":"Move & Walk","description":"The path to a more independent life","publisher":{"@id":"https:\/\/movewalk.se\/#organization"},"potentialAction":[{"@type":"SearchAction","target":{"@type":"EntryPoint","urlTemplate":"https:\/\/movewalk.se\/?s={search_term_string}"},"query-input":{"@type":"PropertyValueSpecification","valueRequired":true,"valueName":"search_term_string"}}],"inLanguage":"en-GB"},{"@type":"Organization","@id":"https:\/\/movewalk.se\/#organization","name":"Move & Walk","url":"https:\/\/movewalk.se\/","logo":{"@type":"ImageObject","inLanguage":"en-GB","@id":"https:\/\/movewalk.se\/#\/schema\/logo\/image\/","url":"https:\/\/movewalk.se\/wp-content\/uploads\/2023\/02\/MoveWalk_med-text.png","contentUrl":"https:\/\/movewalk.se\/wp-content\/uploads\/2023\/02\/MoveWalk_med-text.png","width":1182,"height":211,"caption":"Move & Walk"},"image":{"@id":"https:\/\/movewalk.se\/#\/schema\/logo\/image\/"}}]}},"_links":{"self":[{"href":"https:\/\/movewalk.se\/en_gb\/wp-json\/wp\/v2\/pages\/146","targetHints":{"allow":["GET"]}}],"collection":[{"href":"https:\/\/movewalk.se\/en_gb\/wp-json\/wp\/v2\/pages"}],"about":[{"href":"https:\/\/movewalk.se\/en_gb\/wp-json\/wp\/v2\/types\/page"}],"author":[{"embeddable":true,"href":"https:\/\/movewalk.se\/en_gb\/wp-json\/wp\/v2\/users\/1"}],"replies":[{"embeddable":true,"href":"https:\/\/movewalk.se\/en_gb\/wp-json\/wp\/v2\/comments?post=146"}],"version-history":[{"count":51,"href":"https:\/\/movewalk.se\/en_gb\/wp-json\/wp\/v2\/pages\/146\/revisions"}],"predecessor-version":[{"id":3642,"href":"https:\/\/movewalk.se\/en_gb\/wp-json\/wp\/v2\/pages\/146\/revisions\/3642"}],"wp:attachment":[{"href":"https:\/\/movewalk.se\/en_gb\/wp-json\/wp\/v2\/media?parent=146"}],"curies":[{"name":"wp","href":"https:\/\/api.w.org\/{rel}","templated":true}]}}