{"id":150,"date":"2022-10-25T07:23:51","date_gmt":"2022-10-25T07:23:51","guid":{"rendered":"https:\/\/moveandwalk.net\/?page_id=150"},"modified":"2026-01-22T10:13:56","modified_gmt":"2026-01-22T10:13:56","slug":"medarbetare-hr-admin","status":"publish","type":"page","link":"https:\/\/movewalk.se\/en_gb\/medarbetare-hr-admin\/","title":{"rendered":"Medarbetare HR och administration"},"content":{"rendered":"<p>[et_pb_section fb_built=&#8221;1&#8243; _builder_version=&#8221;4.18.1&#8243; _module_preset=&#8221;default&#8221; da_disable_devices=&#8221;off|off|off&#8221; global_colors_info=&#8221;{}&#8221; da_is_popup=&#8221;off&#8221; da_exit_intent=&#8221;off&#8221; da_has_close=&#8221;on&#8221; da_alt_close=&#8221;off&#8221; da_dark_close=&#8221;off&#8221; da_not_modal=&#8221;on&#8221; da_is_singular=&#8221;off&#8221; da_with_loader=&#8221;off&#8221; da_has_shadow=&#8221;on&#8221;][et_pb_row _builder_version=&#8221;4.20.2&#8243; _module_preset=&#8221;default&#8221; global_colors_info=&#8221;{}&#8221;][et_pb_column type=&#8221;4_4&#8243; _builder_version=&#8221;4.20.2&#8243; _module_preset=&#8221;default&#8221; global_colors_info=&#8221;{}&#8221;][et_pb_text _builder_version=&#8221;4.20.2&#8243; _module_preset=&#8221;default&#8221; header_text_align=&#8221;center&#8221; global_colors_info=&#8221;{}&#8221;]<\/p>\n<h1>HR &amp; Administration<\/h1>\n<p>[\/et_pb_text][\/et_pb_column][\/et_pb_row][et_pb_row column_structure=&#8221;1_4,1_4,1_4,1_4&#8243; _builder_version=&#8221;4.23.4&#8243; _module_preset=&#8221;default&#8221; width=&#8221;100%&#8221; max_width=&#8221;100%&#8221; global_colors_info=&#8221;{}&#8221;][et_pb_column type=&#8221;1_4&#8243; _builder_version=&#8221;4.20.4&#8243; _module_preset=&#8221;default&#8221; global_colors_info=&#8221;{}&#8221;][et_pb_blurb title=&#8221;Rikard Bj\u00f6rklund&#8221; image=&#8221;https:\/\/movewalk.se\/wp-content\/uploads\/2023\/04\/Rikard-jpg.webp&#8221; image_icon_width=&#8221;50%&#8221; _builder_version=&#8221;4.23.4&#8243; _module_preset=&#8221;default&#8221; header_text_align=&#8221;center&#8221; body_text_align=&#8221;center&#8221; border_radii_image=&#8221;on|50px|50px|50px|50px&#8221; border_width_all_image=&#8221;1px&#8221; border_color_all_image=&#8221;#424042&#8243; global_colors_info=&#8221;{}&#8221;]<\/p>\n<p>HR-ansvarig<\/p>\n<p>+46 79 066 33 21<br \/>rikard.bjorklund@movewalk.se<\/p>\n<p>[\/et_pb_blurb][\/et_pb_column][et_pb_column type=&#8221;1_4&#8243; _builder_version=&#8221;4.20.4&#8243; _module_preset=&#8221;default&#8221; global_colors_info=&#8221;{}&#8221;][et_pb_blurb title=&#8221;Birgitta Sandh&#8221; image=&#8221;https:\/\/movewalk.se\/wp-content\/uploads\/2026\/01\/Birgitta_vit-bakgrund.png&#8221; image_icon_width=&#8221;50%&#8221; _builder_version=&#8221;4.27.5&#8243; _module_preset=&#8221;default&#8221; header_text_align=&#8221;center&#8221; body_text_align=&#8221;center&#8221; hover_enabled=&#8221;0&#8243; border_radii_image=&#8221;on|50px|50px|50px|50px&#8221; border_width_all_image=&#8221;1px&#8221; border_color_all_image=&#8221;#424042&#8243; global_colors_info=&#8221;{}&#8221; title_text=&#8221;Birgitta_vit bakgrund&#8221; sticky_enabled=&#8221;0&#8243; box_shadow_style_image=&#8221;preset1&#8243; border_color_all=&#8221;#FFFFFF&#8221;]<\/p>\n<p>VD-assistent<\/p>\n<p>+46 76 177 72 85<br \/>birgitta.sandh@movewalk.se<\/p>\n<p>[\/et_pb_blurb][\/et_pb_column][et_pb_column type=&#8221;1_4&#8243; _builder_version=&#8221;4.20.4&#8243; _module_preset=&#8221;default&#8221; global_colors_info=&#8221;{}&#8221;][\/et_pb_column][et_pb_column type=&#8221;1_4&#8243; _builder_version=&#8221;4.20.4&#8243; _module_preset=&#8221;default&#8221; global_colors_info=&#8221;{}&#8221;][\/et_pb_column][\/et_pb_row][\/et_pb_section]<\/p>\n","protected":false},"excerpt":{"rendered":"<p>HR &amp; AdministrationHR-ansvarig +46 79 066 33 21rikard.bjorklund@movewalk.seVD-assistent +46 76 177 72 85birgitta.sandh@movewalk.se<\/p>","protected":false},"author":1,"featured_media":0,"parent":0,"menu_order":0,"comment_status":"closed","ping_status":"closed","template":"","meta":{"_acf_changed":false,"_et_pb_use_builder":"on","_et_pb_old_content":"<!-- wp:divi\/placeholder \/-->","_et_gb_content_width":"","footnotes":""},"class_list":["post-150","page","type-page","status-publish","hentry"],"acf":[],"yoast_head":"<!-- This site is optimized with the Yoast SEO plugin v27.4 - https:\/\/yoast.com\/product\/yoast-seo-wordpress\/ -->\n<title>Medarbetare HR och administration - Move &amp; Walk<\/title>\n<meta name=\"robots\" content=\"index, follow, max-snippet:-1, max-image-preview:large, max-video-preview:-1\" \/>\n<link rel=\"canonical\" href=\"https:\/\/movewalk.se\/en_gb\/medarbetare-hr-admin\/\" \/>\n<meta property=\"og:locale\" content=\"en_GB\" \/>\n<meta property=\"og:type\" content=\"article\" \/>\n<meta property=\"og:title\" content=\"Medarbetare HR och administration - Move &amp; Walk\" \/>\n<meta property=\"og:url\" content=\"https:\/\/movewalk.se\/en_gb\/medarbetare-hr-admin\/\" \/>\n<meta property=\"og:site_name\" content=\"Move &amp; Walk\" \/>\n<meta property=\"article:modified_time\" content=\"2026-01-22T10:13:56+00:00\" \/>\n<meta name=\"twitter:card\" content=\"summary_large_image\" \/>\n<meta name=\"twitter:label1\" content=\"Estimated reading time\" \/>\n\t<meta name=\"twitter:data1\" content=\"2 minutes\" \/>\n<script type=\"application\/ld+json\" class=\"yoast-schema-graph\">{\"@context\":\"https:\\\/\\\/schema.org\",\"@graph\":[{\"@type\":\"WebPage\",\"@id\":\"https:\\\/\\\/movewalk.se\\\/medarbetare-hr-admin\\\/\",\"url\":\"https:\\\/\\\/movewalk.se\\\/medarbetare-hr-admin\\\/\",\"name\":\"Medarbetare HR och administration - Move &amp; Walk\",\"isPartOf\":{\"@id\":\"https:\\\/\\\/movewalk.se\\\/#website\"},\"datePublished\":\"2022-10-25T07:23:51+00:00\",\"dateModified\":\"2026-01-22T10:13:56+00:00\",\"breadcrumb\":{\"@id\":\"https:\\\/\\\/movewalk.se\\\/medarbetare-hr-admin\\\/#breadcrumb\"},\"inLanguage\":\"en-GB\",\"potentialAction\":[{\"@type\":\"ReadAction\",\"target\":[\"https:\\\/\\\/movewalk.se\\\/medarbetare-hr-admin\\\/\"]}]},{\"@type\":\"BreadcrumbList\",\"@id\":\"https:\\\/\\\/movewalk.se\\\/medarbetare-hr-admin\\\/#breadcrumb\",\"itemListElement\":[{\"@type\":\"ListItem\",\"position\":1,\"name\":\"Home\",\"item\":\"https:\\\/\\\/movewalk.se\\\/\"},{\"@type\":\"ListItem\",\"position\":2,\"name\":\"Medarbetare HR och administration\"}]},{\"@type\":\"WebSite\",\"@id\":\"https:\\\/\\\/movewalk.se\\\/#website\",\"url\":\"https:\\\/\\\/movewalk.se\\\/\",\"name\":\"Move & Walk\",\"description\":\"V\u00e4gen till ett sj\u00e4lvst\u00e4ndigare liv\",\"publisher\":{\"@id\":\"https:\\\/\\\/movewalk.se\\\/#organization\"},\"potentialAction\":[{\"@type\":\"SearchAction\",\"target\":{\"@type\":\"EntryPoint\",\"urlTemplate\":\"https:\\\/\\\/movewalk.se\\\/?s={search_term_string}\"},\"query-input\":{\"@type\":\"PropertyValueSpecification\",\"valueRequired\":true,\"valueName\":\"search_term_string\"}}],\"inLanguage\":\"en-GB\"},{\"@type\":\"Organization\",\"@id\":\"https:\\\/\\\/movewalk.se\\\/#organization\",\"name\":\"Move & Walk\",\"url\":\"https:\\\/\\\/movewalk.se\\\/\",\"logo\":{\"@type\":\"ImageObject\",\"inLanguage\":\"en-GB\",\"@id\":\"https:\\\/\\\/movewalk.se\\\/#\\\/schema\\\/logo\\\/image\\\/\",\"url\":\"https:\\\/\\\/movewalk.se\\\/wp-content\\\/uploads\\\/2023\\\/02\\\/MoveWalk_med-text.png\",\"contentUrl\":\"https:\\\/\\\/movewalk.se\\\/wp-content\\\/uploads\\\/2023\\\/02\\\/MoveWalk_med-text.png\",\"width\":1182,\"height\":211,\"caption\":\"Move & Walk\"},\"image\":{\"@id\":\"https:\\\/\\\/movewalk.se\\\/#\\\/schema\\\/logo\\\/image\\\/\"}}]}<\/script>\n<!-- \/ Yoast SEO plugin. -->","yoast_head_json":{"title":"Medarbetare HR och administration - Move &amp; Walk","robots":{"index":"index","follow":"follow","max-snippet":"max-snippet:-1","max-image-preview":"max-image-preview:large","max-video-preview":"max-video-preview:-1"},"canonical":"https:\/\/movewalk.se\/en_gb\/medarbetare-hr-admin\/","og_locale":"en_GB","og_type":"article","og_title":"Medarbetare HR och administration - Move &amp; Walk","og_url":"https:\/\/movewalk.se\/en_gb\/medarbetare-hr-admin\/","og_site_name":"Move &amp; Walk","article_modified_time":"2026-01-22T10:13:56+00:00","twitter_card":"summary_large_image","twitter_misc":{"Estimated reading time":"2 minutes"},"schema":{"@context":"https:\/\/schema.org","@graph":[{"@type":"WebPage","@id":"https:\/\/movewalk.se\/medarbetare-hr-admin\/","url":"https:\/\/movewalk.se\/medarbetare-hr-admin\/","name":"Medarbetare HR och administration - Move &amp; Walk","isPartOf":{"@id":"https:\/\/movewalk.se\/#website"},"datePublished":"2022-10-25T07:23:51+00:00","dateModified":"2026-01-22T10:13:56+00:00","breadcrumb":{"@id":"https:\/\/movewalk.se\/medarbetare-hr-admin\/#breadcrumb"},"inLanguage":"en-GB","potentialAction":[{"@type":"ReadAction","target":["https:\/\/movewalk.se\/medarbetare-hr-admin\/"]}]},{"@type":"BreadcrumbList","@id":"https:\/\/movewalk.se\/medarbetare-hr-admin\/#breadcrumb","itemListElement":[{"@type":"ListItem","position":1,"name":"Home","item":"https:\/\/movewalk.se\/"},{"@type":"ListItem","position":2,"name":"Medarbetare HR och administration"}]},{"@type":"WebSite","@id":"https:\/\/movewalk.se\/#website","url":"https:\/\/movewalk.se\/","name":"Move & Walk","description":"The path to a more independent life","publisher":{"@id":"https:\/\/movewalk.se\/#organization"},"potentialAction":[{"@type":"SearchAction","target":{"@type":"EntryPoint","urlTemplate":"https:\/\/movewalk.se\/?s={search_term_string}"},"query-input":{"@type":"PropertyValueSpecification","valueRequired":true,"valueName":"search_term_string"}}],"inLanguage":"en-GB"},{"@type":"Organization","@id":"https:\/\/movewalk.se\/#organization","name":"Move & Walk","url":"https:\/\/movewalk.se\/","logo":{"@type":"ImageObject","inLanguage":"en-GB","@id":"https:\/\/movewalk.se\/#\/schema\/logo\/image\/","url":"https:\/\/movewalk.se\/wp-content\/uploads\/2023\/02\/MoveWalk_med-text.png","contentUrl":"https:\/\/movewalk.se\/wp-content\/uploads\/2023\/02\/MoveWalk_med-text.png","width":1182,"height":211,"caption":"Move & Walk"},"image":{"@id":"https:\/\/movewalk.se\/#\/schema\/logo\/image\/"}}]}},"_links":{"self":[{"href":"https:\/\/movewalk.se\/en_gb\/wp-json\/wp\/v2\/pages\/150","targetHints":{"allow":["GET"]}}],"collection":[{"href":"https:\/\/movewalk.se\/en_gb\/wp-json\/wp\/v2\/pages"}],"about":[{"href":"https:\/\/movewalk.se\/en_gb\/wp-json\/wp\/v2\/types\/page"}],"author":[{"embeddable":true,"href":"https:\/\/movewalk.se\/en_gb\/wp-json\/wp\/v2\/users\/1"}],"replies":[{"embeddable":true,"href":"https:\/\/movewalk.se\/en_gb\/wp-json\/wp\/v2\/comments?post=150"}],"version-history":[{"count":28,"href":"https:\/\/movewalk.se\/en_gb\/wp-json\/wp\/v2\/pages\/150\/revisions"}],"predecessor-version":[{"id":3591,"href":"https:\/\/movewalk.se\/en_gb\/wp-json\/wp\/v2\/pages\/150\/revisions\/3591"}],"wp:attachment":[{"href":"https:\/\/movewalk.se\/en_gb\/wp-json\/wp\/v2\/media?parent=150"}],"curies":[{"name":"wp","href":"https:\/\/api.w.org\/{rel}","templated":true}]}}