{"id":152,"date":"2022-10-25T07:24:05","date_gmt":"2022-10-25T07:24:05","guid":{"rendered":"https:\/\/moveandwalk.net\/?page_id=152"},"modified":"2025-11-19T14:46:50","modified_gmt":"2025-11-19T14:46:50","slug":"medarbetare-skola","status":"publish","type":"page","link":"https:\/\/movewalk.se\/en_gb\/medarbetare-skola\/","title":{"rendered":"Medarbetare Skola"},"content":{"rendered":"<p>[et_pb_section fb_built=&#8221;1&#8243; _builder_version=&#8221;4.18.1&#8243; _module_preset=&#8221;default&#8221; da_disable_devices=&#8221;off|off|off&#8221; global_colors_info=&#8221;{}&#8221; da_is_popup=&#8221;off&#8221; da_exit_intent=&#8221;off&#8221; da_has_close=&#8221;on&#8221; da_alt_close=&#8221;off&#8221; da_dark_close=&#8221;off&#8221; da_not_modal=&#8221;on&#8221; da_is_singular=&#8221;off&#8221; da_with_loader=&#8221;off&#8221; da_has_shadow=&#8221;on&#8221;][et_pb_row _builder_version=&#8221;4.20.2&#8243; _module_preset=&#8221;default&#8221; global_colors_info=&#8221;{}&#8221;][et_pb_column type=&#8221;4_4&#8243; _builder_version=&#8221;4.20.2&#8243; _module_preset=&#8221;default&#8221; global_colors_info=&#8221;{}&#8221;][et_pb_text _builder_version=&#8221;4.20.2&#8243; _module_preset=&#8221;default&#8221; header_text_align=&#8221;center&#8221; global_colors_info=&#8221;{}&#8221;]<\/p>\n<h1>Skola<\/h1>\n<p>[\/et_pb_text][\/et_pb_column][\/et_pb_row][et_pb_row column_structure=&#8221;1_5,1_5,1_5,1_5,1_5&#8243; _builder_version=&#8221;4.23.4&#8243; _module_preset=&#8221;default&#8221; width=&#8221;100%&#8221; max_width=&#8221;100%&#8221; min_height=&#8221;496px&#8221; global_colors_info=&#8221;{}&#8221;][et_pb_column type=&#8221;1_5&#8243; _builder_version=&#8221;4.20.4&#8243; _module_preset=&#8221;default&#8221; global_colors_info=&#8221;{}&#8221;][et_pb_blurb title=&#8221;Szilvia J\u00f3zsa&#8221; image=&#8221;https:\/\/movewalk.se\/wp-content\/uploads\/2023\/08\/Szilvia-Josza-scaled.webp&#8221; image_icon_width=&#8221;50%&#8221; _builder_version=&#8221;4.23.4&#8243; _module_preset=&#8221;default&#8221; header_text_align=&#8221;center&#8221; body_text_align=&#8221;center&#8221; border_radii_image=&#8221;on|50px|50px|50px|50px&#8221; border_width_all_image=&#8221;1px&#8221; border_color_all_image=&#8221;#424042&#8243; global_colors_info=&#8221;{}&#8221;]<\/p>\n<p>Rektor<\/p>\n<p>G\u00f6teborg<br \/>+46 70 979 24 77<br \/>szilvia.jozsa@movewalk.se<\/p>\n<p>[\/et_pb_blurb][\/et_pb_column][et_pb_column type=&#8221;1_5&#8243; _builder_version=&#8221;4.20.4&#8243; _module_preset=&#8221;default&#8221; global_colors_info=&#8221;{}&#8221;][et_pb_blurb title=&#8221;Rami Bladlav&#8221; image=&#8221;https:\/\/movewalk.se\/wp-content\/uploads\/2025\/11\/Rami_vit-bakgrund.png&#8221; image_icon_width=&#8221;50%&#8221; _builder_version=&#8221;4.27.4&#8243; _module_preset=&#8221;default&#8221; header_text_align=&#8221;center&#8221; body_text_align=&#8221;center&#8221; height=&#8221;341px&#8221; max_height=&#8221;1000px&#8221; hover_enabled=&#8221;0&#8243; border_radii_image=&#8221;on|50px|50px|50px|50px&#8221; border_width_all_image=&#8221;1px&#8221; border_color_all_image=&#8221;#424042&#8243; global_colors_info=&#8221;{}&#8221; sticky_enabled=&#8221;0&#8243;]<\/p>\n<p>Bitr\u00e4dande Rektor<\/p>\n<p>G\u00f6teborg<br \/>+46 79 066 31 85<br \/>rami.bladlav@movewalk.se<\/p>\n<p>[\/et_pb_blurb][\/et_pb_column][et_pb_column type=&#8221;1_5&#8243; _builder_version=&#8221;4.27.4&#8243; _module_preset=&#8221;default&#8221; global_colors_info=&#8221;{}&#8221;][et_pb_blurb title=&#8221;Jennie Nilsson&#8221; image=&#8221;https:\/\/movewalk.se\/wp-content\/uploads\/2025\/11\/Jennie-Nilsson.png&#8221; image_icon_width=&#8221;50%&#8221; _builder_version=&#8221;4.27.4&#8243; _module_preset=&#8221;default&#8221; header_text_align=&#8221;center&#8221; body_text_align=&#8221;center&#8221; border_radii_image=&#8221;on|50px|50px|50px|50px&#8221; border_width_all_image=&#8221;1px&#8221; border_color_all_image=&#8221;#424042&#8243; global_colors_info=&#8221;{}&#8221;]<\/p>\n<p>Skoladministrat\u00f6r<\/p>\n<p>G\u00f6teborg<br \/>+46 31 309 90 55<br \/>jennie.nilsson@movewalk.se<\/p>\n<p>[\/et_pb_blurb][\/et_pb_column][et_pb_column type=&#8221;1_5&#8243; _builder_version=&#8221;4.20.4&#8243; _module_preset=&#8221;default&#8221; global_colors_info=&#8221;{}&#8221;][et_pb_blurb title=&#8221;Daniel J\u00e4gestedt&#8221; image=&#8221;https:\/\/movewalk.se\/wp-content\/uploads\/2024\/05\/Daniel-J.jpg&#8221; image_icon_width=&#8221;50%&#8221; _builder_version=&#8221;4.27.4&#8243; _module_preset=&#8221;default&#8221; header_text_align=&#8221;center&#8221; body_text_align=&#8221;center&#8221; border_radii_image=&#8221;on|50px|50px|50px|50px&#8221; border_width_all_image=&#8221;1px&#8221; border_color_all_image=&#8221;#424042&#8243; global_colors_info=&#8221;{}&#8221;]<\/p>\n<p>Rektor, Skolchef<\/p>\n<p>Malm\u00f6<br \/>+46 76 140 33 12<br \/>daniel.jagestedt@movewalk.se<\/p>\n<p>[\/et_pb_blurb][\/et_pb_column][et_pb_column type=&#8221;1_5&#8243; _builder_version=&#8221;4.20.4&#8243; _module_preset=&#8221;default&#8221; global_colors_info=&#8221;{}&#8221;][et_pb_blurb title=&#8221;Emelie Munge&#8221; image=&#8221;https:\/\/movewalk.se\/wp-content\/uploads\/2023\/04\/Emelie-Munge-scaled.webp&#8221; image_icon_width=&#8221;50%&#8221; _builder_version=&#8221;4.23.4&#8243; _module_preset=&#8221;default&#8221; header_text_align=&#8221;center&#8221; body_text_align=&#8221;center&#8221; border_radii_image=&#8221;on|50px|50px|50px|50px&#8221; border_width_all_image=&#8221;1px&#8221; border_color_all_image=&#8221;#424042&#8243; global_colors_info=&#8221;{}&#8221;]<\/p>\n<p>Skoladministrat\u00f6r<\/p>\n<p>Malm\u00f6<br \/>+46 73 523 23 30<br \/>emelie.munge@movewalk.se<\/p>\n<p>[\/et_pb_blurb][\/et_pb_column][\/et_pb_row][et_pb_row column_structure=&#8221;1_4,1_4,1_4,1_4&#8243; _builder_version=&#8221;4.23.4&#8243; _module_preset=&#8221;default&#8221; width=&#8221;100%&#8221; max_width=&#8221;100%&#8221; global_colors_info=&#8221;{}&#8221;][et_pb_column type=&#8221;1_4&#8243; _builder_version=&#8221;4.20.4&#8243; _module_preset=&#8221;default&#8221; global_colors_info=&#8221;{}&#8221;][\/et_pb_column][et_pb_column type=&#8221;1_4&#8243; _builder_version=&#8221;4.20.4&#8243; _module_preset=&#8221;default&#8221; global_colors_info=&#8221;{}&#8221;][et_pb_blurb title=&#8221;Zsofia Nadasi&#8221; image=&#8221;https:\/\/movewalk.se\/wp-content\/uploads\/2023\/04\/Zsofia-Nadasi-1-jpg.webp&#8221; image_icon_width=&#8221;50%&#8221; _builder_version=&#8221;4.23.4&#8243; _module_preset=&#8221;default&#8221; header_text_align=&#8221;center&#8221; body_text_align=&#8221;center&#8221; border_radii_image=&#8221;on|50px|50px|50px|50px&#8221; border_width_all_image=&#8221;1px&#8221; border_color_all_image=&#8221;#424042&#8243; global_colors_info=&#8221;{}&#8221;]<\/p>\n<p>Rektor<\/p>\n<p>Solna<br \/>+46 70 837 95 15<br \/>zsofia.nadasi@movewalk.se<\/p>\n<p>[\/et_pb_blurb][\/et_pb_column][et_pb_column type=&#8221;1_4&#8243; _builder_version=&#8221;4.20.4&#8243; _module_preset=&#8221;default&#8221; global_colors_info=&#8221;{}&#8221;][et_pb_blurb title=&#8221;Tove Raanaes&#8221; image=&#8221;https:\/\/movewalk.se\/wp-content\/uploads\/2025\/11\/Tove-R.jpg&#8221; image_icon_width=&#8221;39%&#8221; _builder_version=&#8221;4.27.4&#8243; _module_preset=&#8221;default&#8221; header_text_align=&#8221;center&#8221; body_text_align=&#8221;center&#8221; border_radii_image=&#8221;on|50px|50px|50px|50px&#8221; border_width_all_image=&#8221;1px&#8221; border_color_all_image=&#8221;#424042&#8243; global_colors_info=&#8221;{}&#8221;]<\/p>\n<p>Skoladministrat\u00f6r<\/p>\n<p>Solna<br \/>+46 70 775 01 54<br \/>tove.raanaes@movewalk.se<\/p>\n<p>[\/et_pb_blurb][\/et_pb_column][et_pb_column type=&#8221;1_4&#8243; _builder_version=&#8221;4.20.4&#8243; _module_preset=&#8221;default&#8221; global_colors_info=&#8221;{}&#8221;][\/et_pb_column][\/et_pb_row][\/et_pb_section]<\/p>\n","protected":false},"excerpt":{"rendered":"<p>SkolaRektor G\u00f6teborg+46 70 979 24 77szilvia.jozsa@movewalk.seBitr\u00e4dande Rektor G\u00f6teborg+46 79 066 31 85rami.bladlav@movewalk.seSkoladministrat\u00f6r G\u00f6teborg+46 31 309 90 55jennie.nilsson@movewalk.seRektor, Skolchef Malm\u00f6+46 76 140 33 12daniel.jagestedt@movewalk.seSkoladministrat\u00f6r Malm\u00f6+46 73 523 23 30emelie.munge@movewalk.seRektor Solna+46 70 837 95 15zsofia.nadasi@movewalk.seSkoladministrat\u00f6r Solna+46 70 775 01 54tove.raanaes@movewalk.se<\/p>","protected":false},"author":1,"featured_media":0,"parent":0,"menu_order":0,"comment_status":"closed","ping_status":"closed","template":"","meta":{"_acf_changed":false,"_et_pb_use_builder":"on","_et_pb_old_content":"<!-- wp:divi\/placeholder \/-->","_et_gb_content_width":"","footnotes":""},"class_list":["post-152","page","type-page","status-publish","hentry"],"acf":[],"yoast_head":"<!-- This site is optimized with the Yoast SEO plugin v27.3 - https:\/\/yoast.com\/product\/yoast-seo-wordpress\/ -->\n<title>Medarbetare Skola - Move &amp; Walk<\/title>\n<meta name=\"robots\" content=\"index, follow, max-snippet:-1, max-image-preview:large, max-video-preview:-1\" \/>\n<link rel=\"canonical\" href=\"https:\/\/movewalk.se\/en_gb\/medarbetare-skola\/\" \/>\n<meta property=\"og:locale\" content=\"en_GB\" \/>\n<meta property=\"og:type\" content=\"article\" \/>\n<meta property=\"og:title\" content=\"Medarbetare Skola - Move &amp; Walk\" \/>\n<meta property=\"og:url\" content=\"https:\/\/movewalk.se\/en_gb\/medarbetare-skola\/\" \/>\n<meta property=\"og:site_name\" content=\"Move &amp; Walk\" \/>\n<meta property=\"article:modified_time\" content=\"2025-11-19T14:46:50+00:00\" \/>\n<meta name=\"twitter:card\" content=\"summary_large_image\" \/>\n<meta name=\"twitter:label1\" content=\"Estimated reading time\" \/>\n\t<meta name=\"twitter:data1\" content=\"4 minutes\" \/>\n<script type=\"application\/ld+json\" class=\"yoast-schema-graph\">{\"@context\":\"https:\\\/\\\/schema.org\",\"@graph\":[{\"@type\":\"WebPage\",\"@id\":\"https:\\\/\\\/movewalk.se\\\/medarbetare-skola\\\/\",\"url\":\"https:\\\/\\\/movewalk.se\\\/medarbetare-skola\\\/\",\"name\":\"Medarbetare Skola - Move &amp; Walk\",\"isPartOf\":{\"@id\":\"https:\\\/\\\/movewalk.se\\\/#website\"},\"datePublished\":\"2022-10-25T07:24:05+00:00\",\"dateModified\":\"2025-11-19T14:46:50+00:00\",\"breadcrumb\":{\"@id\":\"https:\\\/\\\/movewalk.se\\\/medarbetare-skola\\\/#breadcrumb\"},\"inLanguage\":\"en-GB\",\"potentialAction\":[{\"@type\":\"ReadAction\",\"target\":[\"https:\\\/\\\/movewalk.se\\\/medarbetare-skola\\\/\"]}]},{\"@type\":\"BreadcrumbList\",\"@id\":\"https:\\\/\\\/movewalk.se\\\/medarbetare-skola\\\/#breadcrumb\",\"itemListElement\":[{\"@type\":\"ListItem\",\"position\":1,\"name\":\"Home\",\"item\":\"https:\\\/\\\/movewalk.se\\\/\"},{\"@type\":\"ListItem\",\"position\":2,\"name\":\"Medarbetare Skola\"}]},{\"@type\":\"WebSite\",\"@id\":\"https:\\\/\\\/movewalk.se\\\/#website\",\"url\":\"https:\\\/\\\/movewalk.se\\\/\",\"name\":\"Move & Walk\",\"description\":\"V\u00e4gen till ett sj\u00e4lvst\u00e4ndigare liv\",\"publisher\":{\"@id\":\"https:\\\/\\\/movewalk.se\\\/#organization\"},\"potentialAction\":[{\"@type\":\"SearchAction\",\"target\":{\"@type\":\"EntryPoint\",\"urlTemplate\":\"https:\\\/\\\/movewalk.se\\\/?s={search_term_string}\"},\"query-input\":{\"@type\":\"PropertyValueSpecification\",\"valueRequired\":true,\"valueName\":\"search_term_string\"}}],\"inLanguage\":\"en-GB\"},{\"@type\":\"Organization\",\"@id\":\"https:\\\/\\\/movewalk.se\\\/#organization\",\"name\":\"Move & Walk\",\"url\":\"https:\\\/\\\/movewalk.se\\\/\",\"logo\":{\"@type\":\"ImageObject\",\"inLanguage\":\"en-GB\",\"@id\":\"https:\\\/\\\/movewalk.se\\\/#\\\/schema\\\/logo\\\/image\\\/\",\"url\":\"https:\\\/\\\/movewalk.se\\\/wp-content\\\/uploads\\\/2023\\\/02\\\/MoveWalk_med-text.png\",\"contentUrl\":\"https:\\\/\\\/movewalk.se\\\/wp-content\\\/uploads\\\/2023\\\/02\\\/MoveWalk_med-text.png\",\"width\":1182,\"height\":211,\"caption\":\"Move & Walk\"},\"image\":{\"@id\":\"https:\\\/\\\/movewalk.se\\\/#\\\/schema\\\/logo\\\/image\\\/\"}}]}<\/script>\n<!-- \/ Yoast SEO plugin. -->","yoast_head_json":{"title":"Medarbetare Skola - Move &amp; Walk","robots":{"index":"index","follow":"follow","max-snippet":"max-snippet:-1","max-image-preview":"max-image-preview:large","max-video-preview":"max-video-preview:-1"},"canonical":"https:\/\/movewalk.se\/en_gb\/medarbetare-skola\/","og_locale":"en_GB","og_type":"article","og_title":"Medarbetare Skola - Move &amp; Walk","og_url":"https:\/\/movewalk.se\/en_gb\/medarbetare-skola\/","og_site_name":"Move &amp; Walk","article_modified_time":"2025-11-19T14:46:50+00:00","twitter_card":"summary_large_image","twitter_misc":{"Estimated reading time":"4 minutes"},"schema":{"@context":"https:\/\/schema.org","@graph":[{"@type":"WebPage","@id":"https:\/\/movewalk.se\/medarbetare-skola\/","url":"https:\/\/movewalk.se\/medarbetare-skola\/","name":"Medarbetare Skola - Move &amp; Walk","isPartOf":{"@id":"https:\/\/movewalk.se\/#website"},"datePublished":"2022-10-25T07:24:05+00:00","dateModified":"2025-11-19T14:46:50+00:00","breadcrumb":{"@id":"https:\/\/movewalk.se\/medarbetare-skola\/#breadcrumb"},"inLanguage":"en-GB","potentialAction":[{"@type":"ReadAction","target":["https:\/\/movewalk.se\/medarbetare-skola\/"]}]},{"@type":"BreadcrumbList","@id":"https:\/\/movewalk.se\/medarbetare-skola\/#breadcrumb","itemListElement":[{"@type":"ListItem","position":1,"name":"Home","item":"https:\/\/movewalk.se\/"},{"@type":"ListItem","position":2,"name":"Medarbetare Skola"}]},{"@type":"WebSite","@id":"https:\/\/movewalk.se\/#website","url":"https:\/\/movewalk.se\/","name":"Move & Walk","description":"The path to a more independent life","publisher":{"@id":"https:\/\/movewalk.se\/#organization"},"potentialAction":[{"@type":"SearchAction","target":{"@type":"EntryPoint","urlTemplate":"https:\/\/movewalk.se\/?s={search_term_string}"},"query-input":{"@type":"PropertyValueSpecification","valueRequired":true,"valueName":"search_term_string"}}],"inLanguage":"en-GB"},{"@type":"Organization","@id":"https:\/\/movewalk.se\/#organization","name":"Move & Walk","url":"https:\/\/movewalk.se\/","logo":{"@type":"ImageObject","inLanguage":"en-GB","@id":"https:\/\/movewalk.se\/#\/schema\/logo\/image\/","url":"https:\/\/movewalk.se\/wp-content\/uploads\/2023\/02\/MoveWalk_med-text.png","contentUrl":"https:\/\/movewalk.se\/wp-content\/uploads\/2023\/02\/MoveWalk_med-text.png","width":1182,"height":211,"caption":"Move & Walk"},"image":{"@id":"https:\/\/movewalk.se\/#\/schema\/logo\/image\/"}}]}},"_links":{"self":[{"href":"https:\/\/movewalk.se\/en_gb\/wp-json\/wp\/v2\/pages\/152","targetHints":{"allow":["GET"]}}],"collection":[{"href":"https:\/\/movewalk.se\/en_gb\/wp-json\/wp\/v2\/pages"}],"about":[{"href":"https:\/\/movewalk.se\/en_gb\/wp-json\/wp\/v2\/types\/page"}],"author":[{"embeddable":true,"href":"https:\/\/movewalk.se\/en_gb\/wp-json\/wp\/v2\/users\/1"}],"replies":[{"embeddable":true,"href":"https:\/\/movewalk.se\/en_gb\/wp-json\/wp\/v2\/comments?post=152"}],"version-history":[{"count":66,"href":"https:\/\/movewalk.se\/en_gb\/wp-json\/wp\/v2\/pages\/152\/revisions"}],"predecessor-version":[{"id":3508,"href":"https:\/\/movewalk.se\/en_gb\/wp-json\/wp\/v2\/pages\/152\/revisions\/3508"}],"wp:attachment":[{"href":"https:\/\/movewalk.se\/en_gb\/wp-json\/wp\/v2\/media?parent=152"}],"curies":[{"name":"wp","href":"https:\/\/api.w.org\/{rel}","templated":true}]}}