{"id":180,"date":"2022-10-25T09:09:41","date_gmt":"2022-10-25T09:09:41","guid":{"rendered":"https:\/\/moveandwalk.net\/?page_id=180"},"modified":"2025-11-19T09:26:03","modified_gmt":"2025-11-19T09:26:03","slug":"kontakta-oss","status":"publish","type":"page","link":"https:\/\/movewalk.se\/en_gb\/kontakta-oss\/","title":{"rendered":"Contact us"},"content":{"rendered":"<p>[et_pb_section fb_built=&#8221;1&#8243; _builder_version=&#8221;4.18.0&#8243; _module_preset=&#8221;default&#8221; da_disable_devices=&#8221;off|off|off&#8221; global_colors_info=&#8221;{}&#8221; da_is_popup=&#8221;off&#8221; da_exit_intent=&#8221;off&#8221; da_has_close=&#8221;on&#8221; da_alt_close=&#8221;off&#8221; da_dark_close=&#8221;off&#8221; da_not_modal=&#8221;on&#8221; da_is_singular=&#8221;off&#8221; da_with_loader=&#8221;off&#8221; da_has_shadow=&#8221;on&#8221;][et_pb_row _builder_version=&#8221;4.18.0&#8243; _module_preset=&#8221;default&#8221; global_colors_info=&#8221;{}&#8221;][et_pb_column type=&#8221;4_4&#8243; _builder_version=&#8221;4.18.0&#8243; _module_preset=&#8221;default&#8221; global_colors_info=&#8221;{}&#8221;][et_pb_text _builder_version=&#8221;4.27.4&#8243; _module_preset=&#8221;default&#8221; text_font_size=&#8221;18px&#8221; link_text_color=&#8221;#424042&#8243; header_font=&#8221;|||on|||||&#8221; header_text_align=&#8221;center&#8221; header_text_color=&#8221;#023f86&#8243; text_orientation=&#8221;center&#8221; global_colors_info=&#8221;{}&#8221;]<\/p>\n<h1>Kontakta oss<\/h1>\n<p>Du kontaktar oss l\u00e4ttast genom direkt chatt. F\u00f6r komma till det, tryck p\u00e5 bubblan l\u00e4ngst ner \u00e5t h\u00f6ger.<\/p>\n<p>Du kan \u00e4ven kontakta oss genom att skicka mail till <a href=\"mailto:info@movewalk.se\">info@movewalk.se<\/a><\/p>\n<p>S\u00f6ker du n\u00e5gon specifikt i v\u00e5ra verksamheter? H\u00e4r nedan hittar du deras kontaktuppgifter.<\/p>\n<p>[\/et_pb_text][\/et_pb_column][\/et_pb_row][et_pb_row column_structure=&#8221;1_4,1_4,1_4,1_4&#8243; _builder_version=&#8221;4.27.4&#8243; _module_preset=&#8221;default&#8221; global_colors_info=&#8221;{}&#8221;][et_pb_column type=&#8221;1_4&#8243; _builder_version=&#8221;4.27.4&#8243; _module_preset=&#8221;default&#8221; global_colors_info=&#8221;{}&#8221;][et_pb_button button_url=&#8221;https:\/\/movewalk.se\/medarbetare-daglig-verksamhet\/&#8221; url_new_window=&#8221;on&#8221; button_text=&#8221;Daglig Verksamhet&#8221; button_alignment=&#8221;center&#8221; _builder_version=&#8221;4.27.4&#8243; _module_preset=&#8221;default&#8221; custom_button=&#8221;on&#8221; button_text_size=&#8221;16px&#8221; button_text_color=&#8221;#023F86&#8243; button_bg_color=&#8221;#F7A823&#8243; button_border_radius=&#8221;16px&#8221; button_icon=&#8221;&#x35;||divi||400&#8243; global_colors_info=&#8221;{}&#8221;][\/et_pb_button][\/et_pb_column][et_pb_column type=&#8221;1_4&#8243; _builder_version=&#8221;4.27.4&#8243; _module_preset=&#8221;default&#8221; global_colors_info=&#8221;{}&#8221;][et_pb_button button_url=&#8221;https:\/\/movewalk.se\/medarbetare-personlig-assistans\/&#8221; url_new_window=&#8221;on&#8221; button_text=&#8221;Personlig Assistans&#8221; button_alignment=&#8221;center&#8221; _builder_version=&#8221;4.27.4&#8243; _module_preset=&#8221;default&#8221; custom_button=&#8221;on&#8221; button_text_size=&#8221;16px&#8221; button_text_color=&#8221;#023F86&#8243; button_bg_color=&#8221;#F7A823&#8243; button_border_radius=&#8221;16px&#8221; button_icon=&#8221;&#x35;||divi||400&#8243; global_colors_info=&#8221;{}&#8221;][\/et_pb_button][\/et_pb_column][et_pb_column type=&#8221;1_4&#8243; _builder_version=&#8221;4.27.4&#8243; _module_preset=&#8221;default&#8221; global_colors_info=&#8221;{}&#8221;][et_pb_button button_url=&#8221;https:\/\/movewalk.se\/medarbetare-skola\/&#8221; url_new_window=&#8221;on&#8221; button_text=&#8221;Anpassad Skola&#8221; button_alignment=&#8221;center&#8221; _builder_version=&#8221;4.27.4&#8243; _module_preset=&#8221;default&#8221; custom_button=&#8221;on&#8221; button_text_size=&#8221;16px&#8221; button_text_color=&#8221;#023F86&#8243; button_bg_color=&#8221;#F7A823&#8243; button_border_radius=&#8221;16px&#8221; button_icon=&#8221;&#x35;||divi||400&#8243; global_colors_info=&#8221;{}&#8221;][\/et_pb_button][\/et_pb_column][et_pb_column type=&#8221;1_4&#8243; _builder_version=&#8221;4.27.4&#8243; _module_preset=&#8221;default&#8221; global_colors_info=&#8221;{}&#8221;][et_pb_button button_url=&#8221;https:\/\/movewalk.se\/medarbetare-traning\/&#8221; url_new_window=&#8221;on&#8221; button_text=&#8221;Tr\u00e4ning&#8221; button_alignment=&#8221;center&#8221; _builder_version=&#8221;4.27.4&#8243; _module_preset=&#8221;default&#8221; custom_button=&#8221;on&#8221; button_text_size=&#8221;16px&#8221; button_text_color=&#8221;#023F86&#8243; button_bg_color=&#8221;#F7A823&#8243; button_border_radius=&#8221;16px&#8221; button_icon=&#8221;&#x35;||divi||400&#8243; global_colors_info=&#8221;{}&#8221;][\/et_pb_button][\/et_pb_column][\/et_pb_row][et_pb_row _builder_version=&#8221;4.18.0&#8243; _module_preset=&#8221;default&#8221; global_colors_info=&#8221;{}&#8221;][et_pb_column type=&#8221;4_4&#8243; _builder_version=&#8221;4.18.0&#8243; _module_preset=&#8221;default&#8221; global_colors_info=&#8221;{}&#8221;][et_pb_contact_form use_spam_service=&#8221;on&#8221; recaptcha_list=&#8221;movewalkse|movewalkse-0&#8243; email=&#8221;info@movewalk.se&#8221; custom_message=&#8221;Namn: %%Name%%||et_pb_line_break_holder||||et_pb_line_break_holder||Epost: %%Email%%||et_pb_line_break_holder||||et_pb_line_break_holder||Telefon: %%Telefonnummer%%||et_pb_line_break_holder||||et_pb_line_break_holder||Vad g\u00e4ller ditt \u00e4rende: %%Vad_g\u00e4ller_ditt_\u00e4rende?%%||et_pb_line_break_holder||||et_pb_line_break_holder||Ort: %%Ort%%||et_pb_line_break_holder||||et_pb_line_break_holder||Vilken verksamhet vill du komma i kontakt med?: %%Vilken_verksamhet_vill_du_komma_i_kontakt_med?%%||et_pb_line_break_holder||||et_pb_line_break_holder||Vilket verksamhet s\u00f6ker du anst\u00e4llning hos?: %%Vilken_verksamhet_s\u00f6ker_du_anst\u00e4llning_hos?%%||et_pb_line_break_holder||||et_pb_line_break_holder||Adress: %%Adress%%||et_pb_line_break_holder||||et_pb_line_break_holder||Meddelande: %%Message%%||et_pb_line_break_holder||||et_pb_line_break_holder||Jag godk\u00e4nner h\u00e4rmed policyn: %%Jag_godk\u00e4nner_h\u00e4rmed_att_Move_&#038;_Walk_Sverige_AB_sparar_mina_personuppgifter_f\u00f6r_hantering_i_kontext_med_v\u00e5r_policy:%%||et_pb_line_break_holder||||et_pb_line_break_holder||Detta \u00e4r skickat genom kontaktformul\u00e4ret p\u00e5 v\u00e5r hemsida.&#8221; _builder_version=&#8221;4.27.4&#8243; _module_preset=&#8221;default&#8221; _unique_id=&#8221;ee5daf61-4492-4a31-ad55-dea4b652dedd&#8221; form_field_text_color=&#8221;#000000&#8243; form_field_font_size=&#8221;15px&#8221; custom_button=&#8221;on&#8221; button_text_color=&#8221;#000000&#8243; button_bg_color=&#8221;#afca14&#8243; button_border_width=&#8221;0px&#8221; button_border_radius=&#8221;16px&#8221; button_letter_spacing=&#8221;1px&#8221; button_icon=&#8221;&#x39;||divi||400&#8243; button_icon_color=&#8221;#000000&#8243; hover_enabled=&#8221;0&#8243; admin_email_subject=&#8221;Nytt meddelande fr\u00e5n hemsidan&#8221; accepted_file_text_color=&#8221;#000000&#8243; chosen_file_text_color=&#8221;#000000&#8243; file_button_background=&#8221;#023F86&#8243; file_button_color=&#8221;#FFFFFF&#8221; file_button_border_color=&#8221;#000000&#8243; border_width_all=&#8221;1px&#8221; border_color_all=&#8221;#023f86&#8243; global_colors_info=&#8221;{}&#8221; file_button_border=&#8221;off|12px|12px|12px|12px&#8221; file_button_size=&#8221;16px&#8221; sticky_enabled=&#8221;0&#8243;][et_pb_contact_field field_id=&#8221;Name&#8221; field_title=&#8221;Namn&#8221; _builder_version=&#8221;4.22.1&#8243; border_radii=&#8221;on|16px|16px|16px|16px&#8221; global_colors_info=&#8221;{}&#8221; button_text_size__hover_enabled=&#8221;off&#8221; button_one_text_size__hover_enabled=&#8221;off&#8221; button_two_text_size__hover_enabled=&#8221;off&#8221; button_text_color__hover_enabled=&#8221;off&#8221; button_one_text_color__hover_enabled=&#8221;off&#8221; button_two_text_color__hover_enabled=&#8221;off&#8221; button_border_width__hover_enabled=&#8221;off&#8221; button_one_border_width__hover_enabled=&#8221;off&#8221; button_two_border_width__hover_enabled=&#8221;off&#8221; button_border_color__hover_enabled=&#8221;off&#8221; button_one_border_color__hover_enabled=&#8221;off&#8221; button_two_border_color__hover_enabled=&#8221;off&#8221; button_border_radius__hover_enabled=&#8221;off&#8221; button_one_border_radius__hover_enabled=&#8221;off&#8221; button_two_border_radius__hover_enabled=&#8221;off&#8221; button_letter_spacing__hover_enabled=&#8221;off&#8221; button_one_letter_spacing__hover_enabled=&#8221;off&#8221; button_two_letter_spacing__hover_enabled=&#8221;off&#8221; button_bg_color__hover_enabled=&#8221;off&#8221; button_one_bg_color__hover_enabled=&#8221;off&#8221; button_two_bg_color__hover_enabled=&#8221;off&#8221;][\/et_pb_contact_field][et_pb_contact_field field_id=&#8221;Email&#8221; field_title=&#8221;E-postadress&#8221; field_type=&#8221;email&#8221; _builder_version=&#8221;4.22.1&#8243; border_radii=&#8221;on|16px|16px|16px|16px&#8221; global_colors_info=&#8221;{}&#8221; button_text_size__hover_enabled=&#8221;off&#8221; button_one_text_size__hover_enabled=&#8221;off&#8221; button_two_text_size__hover_enabled=&#8221;off&#8221; button_text_color__hover_enabled=&#8221;off&#8221; button_one_text_color__hover_enabled=&#8221;off&#8221; button_two_text_color__hover_enabled=&#8221;off&#8221; button_border_width__hover_enabled=&#8221;off&#8221; button_one_border_width__hover_enabled=&#8221;off&#8221; button_two_border_width__hover_enabled=&#8221;off&#8221; button_border_color__hover_enabled=&#8221;off&#8221; button_one_border_color__hover_enabled=&#8221;off&#8221; button_two_border_color__hover_enabled=&#8221;off&#8221; button_border_radius__hover_enabled=&#8221;off&#8221; button_one_border_radius__hover_enabled=&#8221;off&#8221; button_two_border_radius__hover_enabled=&#8221;off&#8221; button_letter_spacing__hover_enabled=&#8221;off&#8221; button_one_letter_spacing__hover_enabled=&#8221;off&#8221; button_two_letter_spacing__hover_enabled=&#8221;off&#8221; button_bg_color__hover_enabled=&#8221;off&#8221; button_one_bg_color__hover_enabled=&#8221;off&#8221; button_two_bg_color__hover_enabled=&#8221;off&#8221;][\/et_pb_contact_field][et_pb_contact_field field_id=&#8221;Telefonnummer&#8221; field_title=&#8221;Telefonnummer&#8221; fullwidth_field=&#8221;on&#8221; _builder_version=&#8221;4.22.1&#8243; _module_preset=&#8221;default&#8221; border_radii=&#8221;on|16px|16px|16px|16px&#8221; global_colors_info=&#8221;{}&#8221;][\/et_pb_contact_field][et_pb_contact_field field_id=&#8221;Vad_g\u00e4ller_ditt_\u00e4rende?&#8221; field_title=&#8221;Vad g\u00e4ller ditt \u00e4rende?&#8221; field_type=&#8221;radio&#8221; radio_options=&#8221;%91{%22value%22:%22Information\/Kontakt%22,%22checked%22:0,%22dragID%22:-1},{%22value%22:%22Arbetss\u00f6kande%22,%22checked%22:0,%22dragID%22:0}%93&#8243; fullwidth_field=&#8221;on&#8221; _builder_version=&#8221;4.27.4&#8243; _module_preset=&#8221;default&#8221; global_colors_info=&#8221;{}&#8221;][\/et_pb_contact_field][et_pb_contact_field field_id=&#8221;Ort&#8221; field_title=&#8221;Ort&#8221; field_type=&#8221;radio&#8221; radio_options=&#8221;%91{%22value%22:%22G\u00f6teborg%22,%22checked%22:0,%22dragID%22:-1},{%22value%22:%22Solna%22,%22checked%22:0,%22dragID%22:0},{%22value%22:%22Malm\u00f6%22,%22checked%22:0,%22dragID%22:1}%93&#8243; fullwidth_field=&#8221;on&#8221; _builder_version=&#8221;4.27.4&#8243; _module_preset=&#8221;default&#8221; global_colors_info=&#8221;{}&#8221;][\/et_pb_contact_field][et_pb_contact_field field_id=&#8221;Vilken_verksamhet_vill_du_komma_i_kontakt_med?&#8221; field_title=&#8221;Vilken verksamhet vill du komma i kontakt med?&#8221; field_type=&#8221;radio&#8221; radio_options=&#8221;%91{%22value%22:%22Daglig Verksamhet%22,%22checked%22:0,%22dragID%22:-1},{%22value%22:%22Personlig Assistans%22,%22checked%22:0,%22dragID%22:0},{%22value%22:%22Skola%22,%22checked%22:0,%22dragID%22:1},{%22value%22:%22Tr\u00e4ning%22,%22checked%22:0,%22dragID%22:2},{%22value%22:%22Administration%22,%22checked%22:0,%22dragID%22:3},{%22value%22:%22\u00d6vrigt%22,%22checked%22:0,%22dragID%22:4}%93&#8243; fullwidth_field=&#8221;on&#8221; conditional_logic=&#8221;on&#8221; conditional_logic_rules=&#8221;%91{%22field%22:%22vad_g\u00e4ller_ditt_\u00e4rende?%22,%22condition%22:%22is%22,%22value%22:%22Information\/Kontakt%22}%93&#8243; _builder_version=&#8221;4.27.4&#8243; _module_preset=&#8221;default&#8221; global_colors_info=&#8221;{}&#8221;][\/et_pb_contact_field][et_pb_contact_field field_id=&#8221;Vilken_verksamhet_s\u00f6ker_du_anst\u00e4llning_hos?&#8221; field_title=&#8221;Vilken verksamhet s\u00f6ker du anst\u00e4llning hos?&#8221; field_type=&#8221;radio&#8221; radio_options=&#8221;%91{%22value%22:%22Daglig Verksamhet%22,%22checked%22:0,%22dragID%22:-1},{%22value%22:%22Personlig Assistans%22,%22checked%22:0,%22dragID%22:0},{%22value%22:%22Skola%22,%22checked%22:0,%22dragID%22:1},{%22value%22:%22Tr\u00e4ning%22,%22checked%22:0,%22dragID%22:2},{%22value%22:%22Administration%22,%22checked%22:0,%22dragID%22:3},{%22value%22:%22\u00d6vrigt%22,%22checked%22:0,%22dragID%22:4}%93&#8243; fullwidth_field=&#8221;on&#8221; conditional_logic=&#8221;on&#8221; conditional_logic_rules=&#8221;%91{%22field%22:%22vad_g\u00e4ller_ditt_\u00e4rende?%22,%22condition%22:%22is%22,%22value%22:%22Arbetss\u00f6kande%22}%93&#8243; _builder_version=&#8221;4.27.4&#8243; _module_preset=&#8221;default&#8221; global_colors_info=&#8221;{}&#8221;][\/et_pb_contact_field][et_pb_contact_field field_id=&#8221;Adress&#8221; field_title=&#8221;Adress&#8221; required_mark=&#8221;off&#8221; fullwidth_field=&#8221;on&#8221; conditional_logic=&#8221;on&#8221; conditional_logic_rules=&#8221;%91{%22field%22:%22verksamhetkontakt%22,%22condition%22:%22is%22,%22value%22:%22Tr\u00e4ning%22}%93&#8243; _builder_version=&#8221;4.27.4&#8243; _module_preset=&#8221;default&#8221; border_radii=&#8221;on|16px|16px|16px|16px&#8221; global_colors_info=&#8221;{}&#8221;][\/et_pb_contact_field][et_pb_contact_field field_id=&#8221;Message&#8221; field_title=&#8221;Meddelande&#8221; field_type=&#8221;text&#8221; fullwidth_field=&#8221;on&#8221; _builder_version=&#8221;4.22.1&#8243; border_radii=&#8221;on|16px|16px|16px|16px&#8221; global_colors_info=&#8221;{}&#8221; button_text_size__hover_enabled=&#8221;off&#8221; button_one_text_size__hover_enabled=&#8221;off&#8221; button_two_text_size__hover_enabled=&#8221;off&#8221; button_text_color__hover_enabled=&#8221;off&#8221; button_one_text_color__hover_enabled=&#8221;off&#8221; button_two_text_color__hover_enabled=&#8221;off&#8221; button_border_width__hover_enabled=&#8221;off&#8221; button_one_border_width__hover_enabled=&#8221;off&#8221; button_two_border_width__hover_enabled=&#8221;off&#8221; button_border_color__hover_enabled=&#8221;off&#8221; button_one_border_color__hover_enabled=&#8221;off&#8221; button_two_border_color__hover_enabled=&#8221;off&#8221; button_border_radius__hover_enabled=&#8221;off&#8221; button_one_border_radius__hover_enabled=&#8221;off&#8221; button_two_border_radius__hover_enabled=&#8221;off&#8221; button_letter_spacing__hover_enabled=&#8221;off&#8221; button_one_letter_spacing__hover_enabled=&#8221;off&#8221; button_two_letter_spacing__hover_enabled=&#8221;off&#8221; button_bg_color__hover_enabled=&#8221;off&#8221; button_one_bg_color__hover_enabled=&#8221;off&#8221; button_two_bg_color__hover_enabled=&#8221;off&#8221;][\/et_pb_contact_field][et_pb_contact_field field_id=&#8221;Bifoga_CV&#8221; field_title=&#8221;Bifoga CV&#8221; fullwidth_field=&#8221;on&#8221; conditional_logic=&#8221;on&#8221; conditional_logic_rules=&#8221;%91{%22field%22:%22vad_g\u00e4ller_ditt_\u00e4rende?%22,%22condition%22:%22is%22,%22value%22:%22Arbetss\u00f6kande%22}%93&#8243; _builder_version=&#8221;4.27.4&#8243; _module_preset=&#8221;default&#8221; hover_enabled=&#8221;0&#8243; field_description=&#8221;Bifoga CV&#8221; use_file_upload=&#8221;on&#8221; file_size=&#8221;204800&#8243; file_mime=&#8221;off|off|off|off|off|off|off|off|off|off|off|off|off|off|off|off|off|off|off|off|off|off|off|off|off|off|off|off|off|off|off|off|off|off|off|off|off|off|off|off|off|off|off|off|off|off|off|off|on|off|off|off|off|off|off|on|off|on|on|off|off|off|off|on|on|on|on|off|off|off|off|off|off|off|off|off|off|off|off|off|off|off|off|off|off|on|off|off|off|off|off|off|off|off|off|off&#8221; border_radii=&#8221;on|16px|16px|16px|16px&#8221; global_colors_info=&#8221;{}&#8221; sticky_enabled=&#8221;0&#8243;][\/et_pb_contact_field][et_pb_contact_field field_id=&#8221;Bifoga_Personlig_Brev&#8221; field_title=&#8221;Bifoga Personlig Brev&#8221; fullwidth_field=&#8221;on&#8221; conditional_logic=&#8221;on&#8221; conditional_logic_rules=&#8221;%91{%22field%22:%22vad_g\u00e4ller_ditt_\u00e4rende?%22,%22condition%22:%22is%22,%22value%22:%22Arbetss\u00f6kande%22}%93&#8243; _builder_version=&#8221;4.27.4&#8243; _module_preset=&#8221;default&#8221; field_description=&#8221;Bifoga Personligt Brev&#8221; use_file_upload=&#8221;on&#8221; file_size=&#8221;204800&#8243; file_mime=&#8221;off|off|off|off|off|off|off|off|off|off|off|off|off|off|off|off|off|off|off|off|off|off|off|off|off|off|off|off|off|off|off|off|off|off|off|off|off|off|off|off|off|off|off|off|off|off|off|off|on|off|off|off|off|off|off|on|off|on|on|off|off|off|off|on|on|on|on|off|off|off|off|off|off|off|off|off|off|off|off|off|off|off|off|off|off|on|off|off|off|off|off|off|off|off|off|off&#8221; border_radii=&#8221;on|16px|16px|16px|16px&#8221; global_colors_info=&#8221;{}&#8221;][\/et_pb_contact_field][et_pb_contact_field field_id=&#8221;Jag_godk\u00e4nner_h\u00e4rmed_att_Move_&#038;_Walk_Sverige_AB_sparar_mina_personuppgifter_f\u00f6r_hantering_i_kontext_med_v\u00e5r_policy:&#8221; field_title=&#8221;Jag godk\u00e4nner h\u00e4rmed att Move &#038; Walk Sverige AB sparar mina personuppgifter f\u00f6r hantering i kontext med v\u00e5r policy:&#8221; field_type=&#8221;checkbox&#8221; checkbox_options=&#8221;%91{%22value%22:%22Jag godk\u00e4nner %22,%22checked%22:0,%22dragID%22:-1,%22link_text%22:%22Integritetspolicy%22,%22link_url%22:%22https:\/\/movewalk.se\/integritetspolicy\/%22}%93&#8243; fullwidth_field=&#8221;on&#8221; _builder_version=&#8221;4.22.1&#8243; _module_preset=&#8221;default&#8221; global_colors_info=&#8221;{}&#8221;][\/et_pb_contact_field][\/et_pb_contact_form][\/et_pb_column][\/et_pb_row][\/et_pb_section]<\/p>\n","protected":false},"excerpt":{"rendered":"<p>Kontakta oss Du kontaktar oss l\u00e4ttast genom direkt chatt. F\u00f6r komma till det, tryck p\u00e5 bubblan l\u00e4ngst ner \u00e5t h\u00f6ger. Du kan \u00e4ven kontakta oss genom att skicka mail till info@movewalk.se S\u00f6ker du n\u00e5gon specifikt i v\u00e5ra verksamheter? H\u00e4r nedan hittar du deras kontaktuppgifter.<\/p>","protected":false},"author":1,"featured_media":0,"parent":0,"menu_order":0,"comment_status":"closed","ping_status":"closed","template":"","meta":{"_acf_changed":false,"_et_pb_use_builder":"on","_et_pb_old_content":"","_et_gb_content_width":"","footnotes":""},"class_list":["post-180","page","type-page","status-publish","hentry"],"acf":[],"yoast_head":"<!-- This site is optimized with the Yoast SEO plugin v27.3 - https:\/\/yoast.com\/product\/yoast-seo-wordpress\/ -->\n<title>Kontakta Oss - Move &amp; Walk<\/title>\n<meta name=\"robots\" content=\"index, follow, max-snippet:-1, max-image-preview:large, max-video-preview:-1\" \/>\n<link rel=\"canonical\" href=\"https:\/\/movewalk.se\/en_gb\/kontakta-oss\/\" \/>\n<meta property=\"og:locale\" content=\"en_GB\" \/>\n<meta property=\"og:type\" content=\"article\" \/>\n<meta property=\"og:title\" content=\"Kontakta Oss - Move &amp; Walk\" \/>\n<meta property=\"og:url\" content=\"https:\/\/movewalk.se\/en_gb\/kontakta-oss\/\" \/>\n<meta property=\"og:site_name\" content=\"Move &amp; Walk\" \/>\n<meta property=\"article:modified_time\" content=\"2025-11-19T09:26:03+00:00\" \/>\n<meta name=\"twitter:card\" content=\"summary_large_image\" \/>\n<meta name=\"twitter:label1\" content=\"Estimated reading time\" \/>\n\t<meta name=\"twitter:data1\" content=\"10 minutes\" \/>\n<script type=\"application\/ld+json\" class=\"yoast-schema-graph\">{\"@context\":\"https:\\\/\\\/schema.org\",\"@graph\":[{\"@type\":\"WebPage\",\"@id\":\"https:\\\/\\\/movewalk.se\\\/kontakta-oss\\\/\",\"url\":\"https:\\\/\\\/movewalk.se\\\/kontakta-oss\\\/\",\"name\":\"Kontakta Oss - Move &amp; Walk\",\"isPartOf\":{\"@id\":\"https:\\\/\\\/movewalk.se\\\/#website\"},\"datePublished\":\"2022-10-25T09:09:41+00:00\",\"dateModified\":\"2025-11-19T09:26:03+00:00\",\"breadcrumb\":{\"@id\":\"https:\\\/\\\/movewalk.se\\\/kontakta-oss\\\/#breadcrumb\"},\"inLanguage\":\"en-GB\",\"potentialAction\":[{\"@type\":\"ReadAction\",\"target\":[\"https:\\\/\\\/movewalk.se\\\/kontakta-oss\\\/\"]}]},{\"@type\":\"BreadcrumbList\",\"@id\":\"https:\\\/\\\/movewalk.se\\\/kontakta-oss\\\/#breadcrumb\",\"itemListElement\":[{\"@type\":\"ListItem\",\"position\":1,\"name\":\"Home\",\"item\":\"https:\\\/\\\/movewalk.se\\\/\"},{\"@type\":\"ListItem\",\"position\":2,\"name\":\"Kontakta Oss\"}]},{\"@type\":\"WebSite\",\"@id\":\"https:\\\/\\\/movewalk.se\\\/#website\",\"url\":\"https:\\\/\\\/movewalk.se\\\/\",\"name\":\"Move & Walk\",\"description\":\"V\u00e4gen till ett sj\u00e4lvst\u00e4ndigare liv\",\"publisher\":{\"@id\":\"https:\\\/\\\/movewalk.se\\\/#organization\"},\"potentialAction\":[{\"@type\":\"SearchAction\",\"target\":{\"@type\":\"EntryPoint\",\"urlTemplate\":\"https:\\\/\\\/movewalk.se\\\/?s={search_term_string}\"},\"query-input\":{\"@type\":\"PropertyValueSpecification\",\"valueRequired\":true,\"valueName\":\"search_term_string\"}}],\"inLanguage\":\"en-GB\"},{\"@type\":\"Organization\",\"@id\":\"https:\\\/\\\/movewalk.se\\\/#organization\",\"name\":\"Move & Walk\",\"url\":\"https:\\\/\\\/movewalk.se\\\/\",\"logo\":{\"@type\":\"ImageObject\",\"inLanguage\":\"en-GB\",\"@id\":\"https:\\\/\\\/movewalk.se\\\/#\\\/schema\\\/logo\\\/image\\\/\",\"url\":\"https:\\\/\\\/movewalk.se\\\/wp-content\\\/uploads\\\/2023\\\/02\\\/MoveWalk_med-text.png\",\"contentUrl\":\"https:\\\/\\\/movewalk.se\\\/wp-content\\\/uploads\\\/2023\\\/02\\\/MoveWalk_med-text.png\",\"width\":1182,\"height\":211,\"caption\":\"Move & Walk\"},\"image\":{\"@id\":\"https:\\\/\\\/movewalk.se\\\/#\\\/schema\\\/logo\\\/image\\\/\"}}]}<\/script>\n<!-- \/ Yoast SEO plugin. -->","yoast_head_json":{"title":"Kontakta Oss - Move &amp; Walk","robots":{"index":"index","follow":"follow","max-snippet":"max-snippet:-1","max-image-preview":"max-image-preview:large","max-video-preview":"max-video-preview:-1"},"canonical":"https:\/\/movewalk.se\/en_gb\/kontakta-oss\/","og_locale":"en_GB","og_type":"article","og_title":"Kontakta Oss - Move &amp; Walk","og_url":"https:\/\/movewalk.se\/en_gb\/kontakta-oss\/","og_site_name":"Move &amp; Walk","article_modified_time":"2025-11-19T09:26:03+00:00","twitter_card":"summary_large_image","twitter_misc":{"Estimated reading time":"10 minutes"},"schema":{"@context":"https:\/\/schema.org","@graph":[{"@type":"WebPage","@id":"https:\/\/movewalk.se\/kontakta-oss\/","url":"https:\/\/movewalk.se\/kontakta-oss\/","name":"Kontakta Oss - Move &amp; Walk","isPartOf":{"@id":"https:\/\/movewalk.se\/#website"},"datePublished":"2022-10-25T09:09:41+00:00","dateModified":"2025-11-19T09:26:03+00:00","breadcrumb":{"@id":"https:\/\/movewalk.se\/kontakta-oss\/#breadcrumb"},"inLanguage":"en-GB","potentialAction":[{"@type":"ReadAction","target":["https:\/\/movewalk.se\/kontakta-oss\/"]}]},{"@type":"BreadcrumbList","@id":"https:\/\/movewalk.se\/kontakta-oss\/#breadcrumb","itemListElement":[{"@type":"ListItem","position":1,"name":"Home","item":"https:\/\/movewalk.se\/"},{"@type":"ListItem","position":2,"name":"Kontakta Oss"}]},{"@type":"WebSite","@id":"https:\/\/movewalk.se\/#website","url":"https:\/\/movewalk.se\/","name":"Move & Walk","description":"The path to a more independent life","publisher":{"@id":"https:\/\/movewalk.se\/#organization"},"potentialAction":[{"@type":"SearchAction","target":{"@type":"EntryPoint","urlTemplate":"https:\/\/movewalk.se\/?s={search_term_string}"},"query-input":{"@type":"PropertyValueSpecification","valueRequired":true,"valueName":"search_term_string"}}],"inLanguage":"en-GB"},{"@type":"Organization","@id":"https:\/\/movewalk.se\/#organization","name":"Move & Walk","url":"https:\/\/movewalk.se\/","logo":{"@type":"ImageObject","inLanguage":"en-GB","@id":"https:\/\/movewalk.se\/#\/schema\/logo\/image\/","url":"https:\/\/movewalk.se\/wp-content\/uploads\/2023\/02\/MoveWalk_med-text.png","contentUrl":"https:\/\/movewalk.se\/wp-content\/uploads\/2023\/02\/MoveWalk_med-text.png","width":1182,"height":211,"caption":"Move & Walk"},"image":{"@id":"https:\/\/movewalk.se\/#\/schema\/logo\/image\/"}}]}},"_links":{"self":[{"href":"https:\/\/movewalk.se\/en_gb\/wp-json\/wp\/v2\/pages\/180","targetHints":{"allow":["GET"]}}],"collection":[{"href":"https:\/\/movewalk.se\/en_gb\/wp-json\/wp\/v2\/pages"}],"about":[{"href":"https:\/\/movewalk.se\/en_gb\/wp-json\/wp\/v2\/types\/page"}],"author":[{"embeddable":true,"href":"https:\/\/movewalk.se\/en_gb\/wp-json\/wp\/v2\/users\/1"}],"replies":[{"embeddable":true,"href":"https:\/\/movewalk.se\/en_gb\/wp-json\/wp\/v2\/comments?post=180"}],"version-history":[{"count":94,"href":"https:\/\/movewalk.se\/en_gb\/wp-json\/wp\/v2\/pages\/180\/revisions"}],"predecessor-version":[{"id":3491,"href":"https:\/\/movewalk.se\/en_gb\/wp-json\/wp\/v2\/pages\/180\/revisions\/3491"}],"wp:attachment":[{"href":"https:\/\/movewalk.se\/en_gb\/wp-json\/wp\/v2\/media?parent=180"}],"curies":[{"name":"wp","href":"https:\/\/api.w.org\/{rel}","templated":true}]}}