{"id":20,"date":"2022-10-24T14:18:24","date_gmt":"2022-10-24T14:18:24","guid":{"rendered":"https:\/\/moveandwalk.net\/?page_id=20"},"modified":"2025-02-18T16:25:39","modified_gmt":"2025-02-18T16:25:39","slug":"konduktiv-pedagogik","status":"publish","type":"page","link":"https:\/\/movewalk.se\/en_gb\/konduktiv-pedagogik\/","title":{"rendered":"Conductive Education"},"content":{"rendered":"<p>[et_pb_section fb_built=&#8221;1&#8243; fullwidth=&#8221;on&#8221; custom_padding_last_edited=&#8221;on|phone&#8221; next_background_color=&#8221;#ffffff&#8221; _builder_version=&#8221;4.23.4&#8243; _module_preset=&#8221;default&#8221; background_color=&#8221;RGBA(255,255,255,0)&#8221; use_background_color_gradient=&#8221;on&#8221; background_color_gradient_direction=&#8221;111deg&#8221; background_color_gradient_stops=&#8221;#ffffff 0cm|rgba(255,255,255,0) 37cm&#8221; background_color_gradient_unit=&#8221;cm&#8221; background_color_gradient_overlays_image=&#8221;on&#8221; background_image=&#8221;https:\/\/movewalk.se\/wp-content\/uploads\/2022\/10\/IMG_7561.jpg&#8221; custom_padding=&#8221;200px||160px||false|false&#8221; custom_padding_tablet=&#8221;200px||160px||false|false&#8221; custom_padding_phone=&#8221;0px||0px||false|false&#8221; bottom_divider_style=&#8221;slant&#8221; bottom_divider_flip=&#8221;horizontal&#8221; background_last_edited=&#8221;on|phone&#8221; background_image_tablet=&#8221;https:\/\/moveandwalk.net\/wp-content\/uploads\/2022\/10\/IMG_7561.jpg&#8221; background_image_phone=&#8221;https:\/\/moveandwalk.net\/wp-content\/uploads\/2022\/10\/IMG_7561.jpg&#8221; background_enable_image_tablet=&#8221;on&#8221; background_enable_image_phone=&#8221;on&#8221; background_position_phone=&#8221;center&#8221; da_disable_devices=&#8221;off|off|off&#8221; global_colors_info=&#8221;{}&#8221; da_is_popup=&#8221;off&#8221; da_exit_intent=&#8221;off&#8221; da_has_close=&#8221;on&#8221; da_alt_close=&#8221;off&#8221; da_dark_close=&#8221;off&#8221; da_not_modal=&#8221;on&#8221; da_is_singular=&#8221;off&#8221; da_with_loader=&#8221;off&#8221; da_has_shadow=&#8221;on&#8221;][et_pb_fullwidth_header title=&#8221;Konduktiv Pedagogik&#8221; subhead=&#8221;V\u00e4gen till ett sj\u00e4lvst\u00e4ndigare liv&#8221; button_one_url=&#8221;\/konduktiv-pedagogik&#8221; button_two_text=&#8221;Kontakta oss&#8221; button_two_url=&#8221;\/kontakta-oss\/&#8221; content_max_width=&#8221;60%&#8221; content_max_width_tablet=&#8221;60%&#8221; content_max_width_phone=&#8221;100%&#8221; content_max_width_last_edited=&#8221;on|phone&#8221; _builder_version=&#8221;4.23.4&#8243; _module_preset=&#8221;default&#8221; title_text_color=&#8221;#424042&#8243; title_font_size=&#8221;68px&#8221; title_line_height=&#8221;1.5em&#8221; subhead_text_color=&#8221;#424042&#8243; subhead_font_size=&#8221;26px&#8221; subhead_line_height=&#8221;3em&#8221; background_color=&#8221;RGBA(255,255,255,0)&#8221; custom_button_one=&#8221;on&#8221; button_one_text_color=&#8221;#FFFFFF&#8221; button_one_bg_color=&#8221;#f7a823&#8243; button_one_border_width=&#8221;2px&#8221; button_one_border_color=&#8221;#f7a823&#8243; button_one_border_radius=&#8221;27px&#8221; button_one_icon=&#8221;&#x35;||divi||400&#8243; button_one_custom_margin=&#8221;6%||||false|false&#8221; custom_button_two=&#8221;on&#8221; button_two_bg_color=&#8221;#023f86&#8243; button_two_border_color=&#8221;#023f86&#8243; button_two_border_radius=&#8221;27px&#8221; button_two_icon=&#8221;&#x35;||divi||400&#8243; custom_padding=&#8221;47px||89px|||&#8221; title_font_size_tablet=&#8221;68px&#8221; title_font_size_phone=&#8221;40px&#8221; title_font_size_last_edited=&#8221;on|phone&#8221; title_line_height_tablet=&#8221;1.5em&#8221; title_line_height_phone=&#8221;1.3em&#8221; title_line_height_last_edited=&#8221;on|phone&#8221; subhead_font_size_tablet=&#8221;22px&#8221; subhead_font_size_phone=&#8221;16px&#8221; subhead_font_size_last_edited=&#8221;on|phone&#8221; button_one_text_size_tablet=&#8221;&#8221; button_one_text_size_phone=&#8221;17px&#8221; button_one_text_size_last_edited=&#8221;on|phone&#8221; button_two_text_size_tablet=&#8221;&#8221; button_two_text_size_phone=&#8221;16px&#8221; button_two_text_size_last_edited=&#8221;on|phone&#8221; global_colors_info=&#8221;{}&#8221;][\/et_pb_fullwidth_header][\/et_pb_section][et_pb_section fb_built=&#8221;1&#8243; disabled_on=&#8221;on|on|off&#8221; _builder_version=&#8221;4.20.4&#8243; _module_preset=&#8221;default&#8221; background_image=&#8221;https:\/\/movewalk.se\/wp-content\/uploads\/2023\/02\/Prickar-Blabar.png&#8221; background_size=&#8221;contain&#8221; background_position=&#8221;center_left&#8221; da_disable_devices=&#8221;off|off|off&#8221; global_colors_info=&#8221;{}&#8221; da_is_popup=&#8221;off&#8221; da_exit_intent=&#8221;off&#8221; da_has_close=&#8221;on&#8221; da_alt_close=&#8221;off&#8221; da_dark_close=&#8221;off&#8221; da_not_modal=&#8221;on&#8221; da_is_singular=&#8221;off&#8221; da_with_loader=&#8221;off&#8221; da_has_shadow=&#8221;on&#8221;][et_pb_row column_structure=&#8221;1_2,1_2&#8243; _builder_version=&#8221;4.18.1&#8243; _module_preset=&#8221;default&#8221; global_colors_info=&#8221;{}&#8221;][et_pb_column type=&#8221;1_2&#8243; _builder_version=&#8221;4.18.1&#8243; _module_preset=&#8221;default&#8221; global_colors_info=&#8221;{}&#8221;][et_pb_video src=&#8221;http:\/\/www.youtube.com\/watch?v=XORFTwy28Sg&#8221; _builder_version=&#8221;4.19.1&#8243; _module_preset=&#8221;default&#8221; custom_margin=&#8221;64px|||-205px||&#8221; global_colors_info=&#8221;{}&#8221;][\/et_pb_video][\/et_pb_column][et_pb_column type=&#8221;1_2&#8243; _builder_version=&#8221;4.18.1&#8243; _module_preset=&#8221;default&#8221; global_colors_info=&#8221;{}&#8221;][et_pb_text _builder_version=&#8221;4.23.4&#8243; _module_preset=&#8221;default&#8221; text_font_size=&#8221;17px&#8221; header_text_color=&#8221;#424042&#8243; header_font_size=&#8221;31px&#8221; custom_margin=&#8221;|-129px||||&#8221; global_colors_info=&#8221;{}&#8221;]<\/p>\n<div class=\"flexibelContentRow\">\n<div class=\"flexibelContentRubrik\">\n<h1>Vad \u00e4r Konduktiv Pedagogik?<\/h1>\n<p>&nbsp;<\/p>\n<\/div>\n<\/div>\n<div class=\"flexibelContentRow\">\n<div class=\"flexibelContentText\">\n<p>Move &amp; Walks pedagogik bygger p\u00e5 Konduktiv Pedagogik (KP), \u00e4ven kallad Pet\u0151-metoden, som skapades av den ungerska l\u00e4karen Andr\u00e1s Pet\u0151 p\u00e5 1940-talet. Konceptet har vidareutvecklats av Eszter Horv\u00e1th T\u00f3thn\u00e9, grundare av Move &amp; Walk, och anpassats till svensk h\u00e4lso-, sjukv\u00e5rds-, skol- och omsorgs-v\u00e4sendet.<\/p>\n<p>Helhetsperspektivet \u00e4r utm\u00e4rkande f\u00f6r KP och \u00e4r ett specialpedagogiskt, tv\u00e4rvetenskapligt, komplext kunskapssystem som parallellt utvecklar de motoriska, sociala, kognitiva och kommunikativa f\u00f6rm\u00e5gorna.<\/p>\n<p><span>Har man annorlunda f\u00f6ruts\u00e4ttningar f\u00f6r att uppt\u00e4cka v\u00e4rlden, sig sj\u00e4lv och sina f\u00f6rm\u00e5gor d\u00e5 beh\u00f6ver man en pedagogik som \u00e4r anpassad f\u00f6r just dessa f\u00f6ruts\u00e4ttningar. F\u00f6ds man med en hj\u00e4rnskada eller f\u00e5r man en sk f\u00f6rv\u00e4rvad hj\u00e4rnskada som resulterar motoriska sv\u00e5righeter, s\u00e5 har man utmaningar med att leka med t ex en docka eller boll<\/span><span>. Man har begr\u00e4nsade m\u00f6jligheter att genom sina r\u00f6relser kunna uppt\u00e4cka sin omgivning och l\u00e4ra sig nya saker. <\/span><\/p>\n<p>KP-syns\u00e4ttet s\u00e4tter deltagarens sj\u00e4lvst\u00e4ndighet i fokus d\u00e5 individens behov och m\u00e5ls\u00e4ttning formar det komplexa KP-programmet. Conductorernas (specialpedagogernas) positiva, fram\u00e5tsyftande inst\u00e4llning \u00e4r v\u00e4lk\u00e4nd. Detta kommer fr\u00e5n att motoriska r\u00f6relseneds\u00e4ttningar eller flerfunktionsneds\u00e4ttningar ses som en utg\u00e5ngspunkt till utvecklingsm\u00f6jligheten och inte som ett hinder eller problem.<\/p>\n<p>Gruppen \u00e4r en viktig del av pedagogiken, men all behandling\/tr\u00e4ning, \u00e4ven de som sker i grupp, sker med utg\u00e5ngspunkt fr\u00e5n individens behov.<\/p>\n<\/div>\n<\/div>\n<p>[\/et_pb_text][\/et_pb_column][\/et_pb_row][\/et_pb_section][et_pb_section fb_built=&#8221;1&#8243; disabled_on=&#8221;off|off|on&#8221; _builder_version=&#8221;4.19.1&#8243; _module_preset=&#8221;default&#8221; da_disable_devices=&#8221;off|off|off&#8221; global_colors_info=&#8221;{}&#8221; da_is_popup=&#8221;off&#8221; da_exit_intent=&#8221;off&#8221; da_has_close=&#8221;on&#8221; da_alt_close=&#8221;off&#8221; da_dark_close=&#8221;off&#8221; da_not_modal=&#8221;on&#8221; da_is_singular=&#8221;off&#8221; da_with_loader=&#8221;off&#8221; da_has_shadow=&#8221;on&#8221;][et_pb_row _builder_version=&#8221;4.19.1&#8243; _module_preset=&#8221;default&#8221; global_colors_info=&#8221;{}&#8221;][et_pb_column type=&#8221;4_4&#8243; _builder_version=&#8221;4.19.1&#8243; _module_preset=&#8221;default&#8221; global_colors_info=&#8221;{}&#8221;][et_pb_video src=&#8221;https:\/\/www.youtube.com\/watch?v=XORFTwy28Sg&#8221; _builder_version=&#8221;4.19.1&#8243; _module_preset=&#8221;default&#8221; global_colors_info=&#8221;{}&#8221;][\/et_pb_video][\/et_pb_column][\/et_pb_row][et_pb_row _builder_version=&#8221;4.19.1&#8243; _module_preset=&#8221;default&#8221; global_colors_info=&#8221;{}&#8221;][et_pb_column type=&#8221;4_4&#8243; _builder_version=&#8221;4.19.1&#8243; _module_preset=&#8221;default&#8221; global_colors_info=&#8221;{}&#8221;][et_pb_text _builder_version=&#8221;4.23.4&#8243; _module_preset=&#8221;default&#8221; text_font_size=&#8221;16px&#8221; global_colors_info=&#8221;{}&#8221;]<\/p>\n<div class=\"flexibelContentRow\">\n<div class=\"flexibelContentRubrik\">\n<h1>Vad \u00e4r Konduktiv Pedagogik?<\/h1>\n<p>&nbsp;<\/p>\n<\/div>\n<\/div>\n<div class=\"flexibelContentRow\">\n<div class=\"flexibelContentText\">\n<p>Move &amp; Walks pedagogik bygger p\u00e5 Konduktiv Pedagogik (KP), \u00e4ven kallad Pet\u0151-metoden, som skapades av den ungerska l\u00e4karen Andr\u00e1s Pet\u0151 p\u00e5 1940-talet. Konceptet har vidareutvecklats av Eszter Horv\u00e1th T\u00f3thn\u00e9, grundare av Move &amp; Walk, och anpassats till svensk h\u00e4lso-, sjukv\u00e5rds-, skol- och omsorgs-v\u00e4sendet.<\/p>\n<p>Helhetsperspektivet \u00e4r utm\u00e4rkande f\u00f6r KP och \u00e4r ett specialpedagogiskt, tv\u00e4rvetenskapligt, komplext kunskapssystem som parallellt utvecklar de motoriska, sociala, kognitiva och kommunikativa f\u00f6rm\u00e5gorna.<\/p>\n<p><span>Har man annorlunda f\u00f6ruts\u00e4ttningar f\u00f6r att uppt\u00e4cka v\u00e4rlden, sig sj\u00e4lv och sina f\u00f6rm\u00e5gor d\u00e5 beh\u00f6ver man en pedagogik som \u00e4r anpassad f\u00f6r just dessa f\u00f6ruts\u00e4ttningar. F\u00f6ds man med en hj\u00e4rnskada eller f\u00e5r man en sk f\u00f6rv\u00e4rvad hj\u00e4rnskada som resulterar motoriska sv\u00e5righeter, s\u00e5 har man utmaningar med att leka med t ex en docka eller boll<\/span>\u00a0<span>. Man har begr\u00e4nsade m\u00f6jligheter att genom sina r\u00f6relser kunna uppt\u00e4cka sin omgivning och l\u00e4ra sig nya saker. <\/span><\/p>\n<p>KP-syns\u00e4ttet s\u00e4tter deltagarens sj\u00e4lvst\u00e4ndighet i fokus d\u00e5 individens behov och m\u00e5ls\u00e4ttning formar det komplexa KP-programmet. Conductorernas (specialpedagogernas) positiva, fram\u00e5tsyftande inst\u00e4llning \u00e4r v\u00e4lk\u00e4nd. Detta kommer fr\u00e5n att motoriska r\u00f6relseneds\u00e4ttningar eller flerfunktionsneds\u00e4ttningar ses som en utg\u00e5ngspunkt till utvecklingsm\u00f6jligheten och inte som ett hinder eller problem.<\/p>\n<p>Gruppen \u00e4r en viktig del av pedagogiken, men all behandling\/tr\u00e4ning, \u00e4ven de som sker i grupp, sker med utg\u00e5ngspunkt fr\u00e5n individens behov.<\/p>\n<\/div>\n<\/div>\n<p>[\/et_pb_text][\/et_pb_column][\/et_pb_row][\/et_pb_section][et_pb_section fb_built=&#8221;1&#8243; theme_builder_area=&#8221;post_content&#8221; _builder_version=&#8221;4.27.4&#8243; _module_preset=&#8221;default&#8221; da_is_popup=&#8221;off&#8221; da_exit_intent=&#8221;off&#8221; da_has_close=&#8221;on&#8221; da_alt_close=&#8221;off&#8221; da_dark_close=&#8221;off&#8221; da_not_modal=&#8221;on&#8221; da_is_singular=&#8221;off&#8221; da_with_loader=&#8221;off&#8221; da_has_shadow=&#8221;on&#8221; da_disable_devices=&#8221;off|off|off&#8221;][et_pb_row _builder_version=&#8221;4.27.4&#8243; _module_preset=&#8221;default&#8221; theme_builder_area=&#8221;post_content&#8221;][et_pb_column _builder_version=&#8221;4.27.4&#8243; _module_preset=&#8221;default&#8221; type=&#8221;4_4&#8243; theme_builder_area=&#8221;post_content&#8221;][et_pb_text _builder_version=&#8221;4.27.4&#8243; _module_preset=&#8221;default&#8221; theme_builder_area=&#8221;post_content&#8221; hover_enabled=&#8221;0&#8243; sticky_enabled=&#8221;0&#8243;]<\/p>\n<p><a href=\"https:\/\/movewalk.se\/wp-content\/uploads\/2025\/02\/Rapport-Konduktiv-Pedagogik-241002-1.pdf\" rel=\"attachment wp-att-3175\">Rapport Konduktiv Pedagogik 241002 1<\/a><br \/>\u2013 om behovet av en ny specialpedagogisk inriktning<br \/>inom svenska utbildnings-v\u00e4sendet och breddat uppdrag<br \/>f\u00f6r Specialpedagogiska Skolmyndigheten, SPSM<\/p>\n<p>[\/et_pb_text][\/et_pb_column][\/et_pb_row][\/et_pb_section]<\/p>\n","protected":false},"excerpt":{"rendered":"<p>Vad \u00e4r Konduktiv Pedagogik? &nbsp; Move &amp; Walks pedagogik bygger p\u00e5 Konduktiv Pedagogik (KP), \u00e4ven kallad Pet\u0151-metoden, som skapades av den ungerska l\u00e4karen Andr\u00e1s Pet\u0151 p\u00e5 1940-talet. Konceptet har vidareutvecklats av Eszter Horv\u00e1th T\u00f3thn\u00e9, grundare av Move &amp; Walk, och anpassats till svensk h\u00e4lso-, sjukv\u00e5rds-, skol- och omsorgs-v\u00e4sendet. Helhetsperspektivet \u00e4r utm\u00e4rkande f\u00f6r KP och \u00e4r [&hellip;]<\/p>\n","protected":false},"author":1,"featured_media":0,"parent":0,"menu_order":0,"comment_status":"closed","ping_status":"closed","template":"","meta":{"_acf_changed":false,"_et_pb_use_builder":"on","_et_pb_old_content":"<!-- wp:divi\/placeholder \/-->","_et_gb_content_width":"","footnotes":""},"class_list":["post-20","page","type-page","status-publish","hentry"],"acf":[],"yoast_head":"<!-- This site is optimized with the Yoast SEO plugin v27.4 - https:\/\/yoast.com\/product\/yoast-seo-wordpress\/ -->\n<title>Konduktiv Pedagogik - Move &amp; Walk<\/title>\n<meta name=\"description\" content=\"Move &amp; Walks pedagogik bygger p\u00e5 Konduktiv Pedagogik (KP) \u00e4ven kallad Pet\u0151-metoden, skapad av den ungerska l\u00e4karen Andr\u00e1s Pet\u0151 p\u00e5 1940-talet\" \/>\n<meta name=\"robots\" content=\"index, follow, max-snippet:-1, max-image-preview:large, max-video-preview:-1\" \/>\n<link rel=\"canonical\" href=\"https:\/\/movewalk.se\/en_gb\/konduktiv-pedagogik\/\" \/>\n<meta property=\"og:locale\" content=\"en_GB\" \/>\n<meta property=\"og:type\" content=\"article\" \/>\n<meta property=\"og:title\" content=\"Konduktiv Pedagogik - Move &amp; Walk\" \/>\n<meta property=\"og:description\" content=\"Move &amp; Walks pedagogik bygger p\u00e5 Konduktiv Pedagogik (KP) \u00e4ven kallad Pet\u0151-metoden, skapad av den ungerska l\u00e4karen Andr\u00e1s Pet\u0151 p\u00e5 1940-talet\" \/>\n<meta property=\"og:url\" content=\"https:\/\/movewalk.se\/en_gb\/konduktiv-pedagogik\/\" \/>\n<meta property=\"og:site_name\" content=\"Move &amp; Walk\" \/>\n<meta property=\"article:modified_time\" content=\"2025-02-18T16:25:39+00:00\" \/>\n<meta name=\"twitter:card\" content=\"summary_large_image\" \/>\n<meta name=\"twitter:label1\" content=\"Estimated reading time\" \/>\n\t<meta name=\"twitter:data1\" content=\"3 minutes\" \/>\n<script type=\"application\/ld+json\" class=\"yoast-schema-graph\">{\"@context\":\"https:\\\/\\\/schema.org\",\"@graph\":[{\"@type\":\"WebPage\",\"@id\":\"https:\\\/\\\/movewalk.se\\\/konduktiv-pedagogik\\\/\",\"url\":\"https:\\\/\\\/movewalk.se\\\/konduktiv-pedagogik\\\/\",\"name\":\"Konduktiv Pedagogik - Move &amp; Walk\",\"isPartOf\":{\"@id\":\"https:\\\/\\\/movewalk.se\\\/#website\"},\"datePublished\":\"2022-10-24T14:18:24+00:00\",\"dateModified\":\"2025-02-18T16:25:39+00:00\",\"description\":\"Move & Walks pedagogik bygger p\u00e5 Konduktiv Pedagogik (KP) \u00e4ven kallad Pet\u0151-metoden, skapad av den ungerska l\u00e4karen Andr\u00e1s Pet\u0151 p\u00e5 1940-talet\",\"breadcrumb\":{\"@id\":\"https:\\\/\\\/movewalk.se\\\/konduktiv-pedagogik\\\/#breadcrumb\"},\"inLanguage\":\"en-GB\",\"potentialAction\":[{\"@type\":\"ReadAction\",\"target\":[\"https:\\\/\\\/movewalk.se\\\/konduktiv-pedagogik\\\/\"]}]},{\"@type\":\"BreadcrumbList\",\"@id\":\"https:\\\/\\\/movewalk.se\\\/konduktiv-pedagogik\\\/#breadcrumb\",\"itemListElement\":[{\"@type\":\"ListItem\",\"position\":1,\"name\":\"Home\",\"item\":\"https:\\\/\\\/movewalk.se\\\/\"},{\"@type\":\"ListItem\",\"position\":2,\"name\":\"Konduktiv Pedagogik\"}]},{\"@type\":\"WebSite\",\"@id\":\"https:\\\/\\\/movewalk.se\\\/#website\",\"url\":\"https:\\\/\\\/movewalk.se\\\/\",\"name\":\"Move & Walk\",\"description\":\"V\u00e4gen till ett sj\u00e4lvst\u00e4ndigare liv\",\"publisher\":{\"@id\":\"https:\\\/\\\/movewalk.se\\\/#organization\"},\"potentialAction\":[{\"@type\":\"SearchAction\",\"target\":{\"@type\":\"EntryPoint\",\"urlTemplate\":\"https:\\\/\\\/movewalk.se\\\/?s={search_term_string}\"},\"query-input\":{\"@type\":\"PropertyValueSpecification\",\"valueRequired\":true,\"valueName\":\"search_term_string\"}}],\"inLanguage\":\"en-GB\"},{\"@type\":\"Organization\",\"@id\":\"https:\\\/\\\/movewalk.se\\\/#organization\",\"name\":\"Move & Walk\",\"url\":\"https:\\\/\\\/movewalk.se\\\/\",\"logo\":{\"@type\":\"ImageObject\",\"inLanguage\":\"en-GB\",\"@id\":\"https:\\\/\\\/movewalk.se\\\/#\\\/schema\\\/logo\\\/image\\\/\",\"url\":\"https:\\\/\\\/movewalk.se\\\/wp-content\\\/uploads\\\/2023\\\/02\\\/MoveWalk_med-text.png\",\"contentUrl\":\"https:\\\/\\\/movewalk.se\\\/wp-content\\\/uploads\\\/2023\\\/02\\\/MoveWalk_med-text.png\",\"width\":1182,\"height\":211,\"caption\":\"Move & Walk\"},\"image\":{\"@id\":\"https:\\\/\\\/movewalk.se\\\/#\\\/schema\\\/logo\\\/image\\\/\"}}]}<\/script>\n<!-- \/ Yoast SEO plugin. -->","yoast_head_json":{"title":"Konduktiv Pedagogik - Move &amp; Walk","description":"Move & Walks pedagogik bygger p\u00e5 Konduktiv Pedagogik (KP) \u00e4ven kallad Pet\u0151-metoden, skapad av den ungerska l\u00e4karen Andr\u00e1s Pet\u0151 p\u00e5 1940-talet","robots":{"index":"index","follow":"follow","max-snippet":"max-snippet:-1","max-image-preview":"max-image-preview:large","max-video-preview":"max-video-preview:-1"},"canonical":"https:\/\/movewalk.se\/en_gb\/konduktiv-pedagogik\/","og_locale":"en_GB","og_type":"article","og_title":"Konduktiv Pedagogik - Move &amp; Walk","og_description":"Move & Walks pedagogik bygger p\u00e5 Konduktiv Pedagogik (KP) \u00e4ven kallad Pet\u0151-metoden, skapad av den ungerska l\u00e4karen Andr\u00e1s Pet\u0151 p\u00e5 1940-talet","og_url":"https:\/\/movewalk.se\/en_gb\/konduktiv-pedagogik\/","og_site_name":"Move &amp; Walk","article_modified_time":"2025-02-18T16:25:39+00:00","twitter_card":"summary_large_image","twitter_misc":{"Estimated reading time":"3 minutes"},"schema":{"@context":"https:\/\/schema.org","@graph":[{"@type":"WebPage","@id":"https:\/\/movewalk.se\/konduktiv-pedagogik\/","url":"https:\/\/movewalk.se\/konduktiv-pedagogik\/","name":"Konduktiv Pedagogik - Move &amp; Walk","isPartOf":{"@id":"https:\/\/movewalk.se\/#website"},"datePublished":"2022-10-24T14:18:24+00:00","dateModified":"2025-02-18T16:25:39+00:00","description":"Move & Walks pedagogik bygger p\u00e5 Konduktiv Pedagogik (KP) \u00e4ven kallad Pet\u0151-metoden, skapad av den ungerska l\u00e4karen Andr\u00e1s Pet\u0151 p\u00e5 1940-talet","breadcrumb":{"@id":"https:\/\/movewalk.se\/konduktiv-pedagogik\/#breadcrumb"},"inLanguage":"en-GB","potentialAction":[{"@type":"ReadAction","target":["https:\/\/movewalk.se\/konduktiv-pedagogik\/"]}]},{"@type":"BreadcrumbList","@id":"https:\/\/movewalk.se\/konduktiv-pedagogik\/#breadcrumb","itemListElement":[{"@type":"ListItem","position":1,"name":"Home","item":"https:\/\/movewalk.se\/"},{"@type":"ListItem","position":2,"name":"Konduktiv Pedagogik"}]},{"@type":"WebSite","@id":"https:\/\/movewalk.se\/#website","url":"https:\/\/movewalk.se\/","name":"Move & Walk","description":"The path to a more independent life","publisher":{"@id":"https:\/\/movewalk.se\/#organization"},"potentialAction":[{"@type":"SearchAction","target":{"@type":"EntryPoint","urlTemplate":"https:\/\/movewalk.se\/?s={search_term_string}"},"query-input":{"@type":"PropertyValueSpecification","valueRequired":true,"valueName":"search_term_string"}}],"inLanguage":"en-GB"},{"@type":"Organization","@id":"https:\/\/movewalk.se\/#organization","name":"Move & Walk","url":"https:\/\/movewalk.se\/","logo":{"@type":"ImageObject","inLanguage":"en-GB","@id":"https:\/\/movewalk.se\/#\/schema\/logo\/image\/","url":"https:\/\/movewalk.se\/wp-content\/uploads\/2023\/02\/MoveWalk_med-text.png","contentUrl":"https:\/\/movewalk.se\/wp-content\/uploads\/2023\/02\/MoveWalk_med-text.png","width":1182,"height":211,"caption":"Move & Walk"},"image":{"@id":"https:\/\/movewalk.se\/#\/schema\/logo\/image\/"}}]}},"_links":{"self":[{"href":"https:\/\/movewalk.se\/en_gb\/wp-json\/wp\/v2\/pages\/20","targetHints":{"allow":["GET"]}}],"collection":[{"href":"https:\/\/movewalk.se\/en_gb\/wp-json\/wp\/v2\/pages"}],"about":[{"href":"https:\/\/movewalk.se\/en_gb\/wp-json\/wp\/v2\/types\/page"}],"author":[{"embeddable":true,"href":"https:\/\/movewalk.se\/en_gb\/wp-json\/wp\/v2\/users\/1"}],"replies":[{"embeddable":true,"href":"https:\/\/movewalk.se\/en_gb\/wp-json\/wp\/v2\/comments?post=20"}],"version-history":[{"count":25,"href":"https:\/\/movewalk.se\/en_gb\/wp-json\/wp\/v2\/pages\/20\/revisions"}],"predecessor-version":[{"id":3176,"href":"https:\/\/movewalk.se\/en_gb\/wp-json\/wp\/v2\/pages\/20\/revisions\/3176"}],"wp:attachment":[{"href":"https:\/\/movewalk.se\/en_gb\/wp-json\/wp\/v2\/media?parent=20"}],"curies":[{"name":"wp","href":"https:\/\/api.w.org\/{rel}","templated":true}]}}