{"id":2292,"date":"2023-11-20T09:13:52","date_gmt":"2023-11-20T09:13:52","guid":{"rendered":"https:\/\/movewalk.se\/?page_id=2292"},"modified":"2023-11-20T12:50:48","modified_gmt":"2023-11-20T12:50:48","slug":"devsidan","status":"publish","type":"page","link":"https:\/\/movewalk.se\/en_gb\/devsidan\/","title":{"rendered":"Devsidan"},"content":{"rendered":"<p>[et_pb_section fb_built=&#8221;1&#8243; _builder_version=&#8221;4.23.1&#8243; _module_preset=&#8221;default&#8221; global_colors_info=&#8221;{}&#8221;][et_pb_row _builder_version=&#8221;4.23.1&#8243; _module_preset=&#8221;default&#8221; global_colors_info=&#8221;{}&#8221;][et_pb_column type=&#8221;4_4&#8243; _builder_version=&#8221;4.23.1&#8243; _module_preset=&#8221;default&#8221; global_colors_info=&#8221;{}&#8221;][dpevent_list dem_orderby=&#8221;event_start_asc&#8221; dem_time_format=&#8221;tfhr&#8221; dem_show_event=&#8221;show_upcomming_events&#8221; dem_list_no_filter_options=&#8221;dem_w_year&#8221; style1_dem_border_color=&#8221;#023f86&#8243; style1_dem_readmore_icon_color=&#8221;#023f86&#8243; style1_dem_time_location_icon_color=&#8221;#023f86&#8243; _builder_version=&#8221;4.23.1&#8243; _module_preset=&#8221;default&#8221; dem_address_fonts_text_color=&#8221;#424042&#8243; dem_date_fonts_text_color=&#8221;#424042&#8243; dem_time_fonts_text_color=&#8221;#424042&#8243; global_colors_info=&#8221;{}&#8221;][\/dpevent_list][\/et_pb_column][\/et_pb_row][et_pb_row _builder_version=&#8221;4.23.1&#8243; _module_preset=&#8221;default&#8221; global_colors_info=&#8221;{}&#8221;][et_pb_column type=&#8221;4_4&#8243; _builder_version=&#8221;4.23.1&#8243; _module_preset=&#8221;default&#8221; global_colors_info=&#8221;{}&#8221;][dpevent_calendar dem_calendar_get_event_locale=&#8221;sv&#8221; dem_calendar_listday=&#8221;off&#8221; dem_calendar_listweek=&#8221;off&#8221; dem_calendar_listmonth=&#8221;off&#8221; dem_calendar_listyear_label=&#8221;\u00c5rslista&#8221; dem_calendar_filter_bg_color=&#8221;#023f86&#8243; dem_calendar_filter_active_bg_color=&#8221;#afca14&#8243; dem_calendar_border_pixel=&#8221;2px&#8221; dem_calendar_border_color=&#8221;#000000&#8243; dem_calendar_event_feed_bk_color=&#8221;#afca14&#8243; _builder_version=&#8221;4.23.1&#8243; _module_preset=&#8221;default&#8221; dem_center_title_font=&#8221;|700||on|||||&#8221; dem_center_title_text_color=&#8221;#424042&#8243; dem_center_title_font_size=&#8221;30px&#8221; dem_filter_event_feed_fonts_font_size=&#8221;16px&#8221; hover_enabled=&#8221;0&#8243; global_colors_info=&#8221;{}&#8221; dem_calendar_timegridweek=&#8221;off&#8221; dem_calendar_timegridday=&#8221;off&#8221; sticky_enabled=&#8221;0&#8243;][\/dpevent_calendar][\/et_pb_column][\/et_pb_row][\/et_pb_section]<\/p>\n","protected":false},"excerpt":{"rendered":"<p><div class=\"et_pb_module dpevent_list dpevent_list_0\">\n\t\t\t\t\n\t\t\t\t\n\t\t\t\t\n\t\t\t\t\n\t\t\t\t\n\t\t\t\t\n\t\t\t\t<div class=\"et_pb_module_inner\">\n\t\t\t\t\t<div class=\" dem_list_main et_pb_gutters2  dem_equalheight dem_list_style1 \">Sorry, no events were found.\n\t\t\t\t<\/div>\n\t\t\t<\/div><div class=\"et_pb_module dpevent_calendar dpevent_calendar_0\">\n\t\t\t\t\n\t\t\t\t\n\t\t\t\t\n\t\t\t\t\n\t\t\t\t\n\t\t\t\t\n\t\t\t\t<div class=\"et_pb_module_inner\">\n\t\t\t\t\t<script> document.addEventListener('DOMContentLoaded', function() {\r\n\t\t\t\t\t\t\t\tvar calendarEl = document.getElementById('calendar');\r\n\t\t\t\t\t\t\t\tvar calendar = new FullCalendar.Calendar(calendarEl, {\r\n\t\t\t\t\t\t\t\t  initialView: 'dayGridMonth',\r\n\t\t\t\t\t\t\t\t  initialDate: '2026-05-01',\r\n\t\t\t\t\t\t\t\t  timeFormat: 'H:mm',\r\n\t\t\t\t\t\t\t\t   navLinks: true,\r\n      \t\t\t\t\t\t\t   nowIndicator: true,\r\n\t\t\t\t\t\t\t\t   dayMaxEvents: true, \r\n\t\t\t\t\t\t\t\t   locale: 'sv',\r\n\t\t\t\t\t\t\t\t   headerToolbar: {\r\n\t\t\t\t\t\t\t\t\tleft: 'prev,next today',\r\n\t\t\t\t\t\t\t\t\tcenter: 'title',\r\n\t\t\t\t\t\t\t\t\tright: 'dayGridMonth,dayGridWeek,dayGridDay,listYear'\r\n\t\t\t\t\t\t\t\t  },\r\n\t\t\t\t\t\t\t\t  views: {\r\n\t\t\t\t\t\t\t\t\tlistDay: { buttonText: 'List Day' },\r\n\t\t\t\t\t\t\t\t\tlistWeek: { buttonText: 'List Week' },\r\n\t\t\t\t\t\t\t\t\tlistMonth: { buttonText: 'List Month' },\r\n\t\t\t\t\t\t\t\t\tlistYear: { buttonText: '\u00c5rslista' },\r\n\t\t\t\t\t\t\t\t  },\r\n\t\t\t\t\t\t\t\t   events: [{\"id\":3353,\"title\":\"M&amp;W-Kampen\",\"start\":\"2025-09-24T15:00:00\",\"end\":\"2025-09-24T18:00:00\",\"url\":\"https:\\\/\\\/movewalk.se\\\/en_gb\\\/events\\\/mw-kampen\\\/\"},{\"id\":3120,\"title\":\"F\\u00f6reningen FIFH Malm\\u00f6 bjuder tillsammans med Parasport Sverige och Malm\\u00f6 Stad \\u00e5terigen in till MALM\\u00d6 OPEN\",\"start\":\"2025-02-08T08:00:00\",\"end\":\"2025-02-09T16:00:00\",\"url\":\"https:\\\/\\\/movewalk.se\\\/en_gb\\\/events\\\/foreningen-fifh-malmo-bjuder-tillsammans-med-parasport-sverige-och-malmo-stad-aterigen-in-till-malmo-open\\\/\"},{\"id\":2995,\"title\":\"World Congress Conductive Education 2027\",\"start\":\"2027-06-18T00:00:00\",\"end\":\"2027-06-20T00:00:00\",\"url\":\"https:\\\/\\\/movewalk.se\\\/en_gb\\\/events\\\/world-congress-conductive-education-2027\\\/\"},{\"id\":2924,\"title\":\"\\u00d6ppet Hus p\\u00e5 DV i Sisj\\u00f6n\",\"start\":\"2024-09-13T13:00:00\",\"end\":\"2024-09-13T16:00:00\",\"url\":\"https:\\\/\\\/movewalk.se\\\/en_gb\\\/events\\\/oppet-hus-pa-dv-i-sisjon\\\/\"},{\"id\":2809,\"title\":\"\\u00d6ppet Hus p\\u00e5 Daglig Verksamhet i Sisj\\u00f6n den 29:e maj\",\"start\":\"2024-05-29T09:30:00\",\"end\":\"2024-05-29T15:30:00\",\"url\":\"https:\\\/\\\/movewalk.se\\\/en_gb\\\/events\\\/oppet-hus-pa-daglig-verksamhet-i-sisjon-den-29e-maj\\\/\"},{\"id\":2728,\"title\":\"Malm\\u00f6 Move &#038; Walk-kampen\",\"start\":\"2024-05-18T11:00:00\",\"end\":\"2024-05-18T15:00:00\",\"url\":\"https:\\\/\\\/movewalk.se\\\/en_gb\\\/events\\\/move-walk-kampen-malmo\\\/\"},{\"id\":2727,\"title\":\"Solna Move &#038; Walk-kampen\",\"start\":\"2024-06-09T10:00:00\",\"end\":\"2024-06-09T13:00:00\",\"url\":\"https:\\\/\\\/movewalk.se\\\/en_gb\\\/events\\\/move-walk-kampen-solna\\\/\"},{\"id\":2691,\"title\":\"G\\u00f6teborg Move &#038; Walk-kampen\",\"start\":\"2024-05-05T11:00:00\",\"end\":\"2024-05-05T16:00:00\",\"url\":\"https:\\\/\\\/movewalk.se\\\/en_gb\\\/events\\\/move-walk-event-anmal-er-idag\\\/\"},{\"id\":2462,\"title\":\"V\\u00e5rmarknad DV Alla orter\",\"start\":\"2024-03-07T13:00:00\",\"end\":\"2024-03-07T17:00:00\",\"url\":\"https:\\\/\\\/movewalk.se\\\/en_gb\\\/events\\\/varmarknad-dv-alla-orter\\\/\"},{\"id\":2461,\"title\":\"\\u00d6ppet Hus DV Solna\",\"start\":\"2024-02-22T09:00:00\",\"end\":\"2024-02-22T15:00:00\",\"url\":\"https:\\\/\\\/movewalk.se\\\/en_gb\\\/events\\\/oppet-hus-dv-solna\\\/\"},{\"id\":2459,\"title\":\"\\u00d6ppet Hus DV Lillhagsparken 8\",\"start\":\"2024-02-07T09:00:00\",\"end\":\"2024-02-07T15:00:00\",\"url\":\"https:\\\/\\\/movewalk.se\\\/en_gb\\\/events\\\/oppet-hus-dv-lillhagsparken-8\\\/\"},{\"id\":2311,\"title\":\"Julmarknad Solna\",\"start\":\"2023-12-11T12:00:00\",\"end\":\"2023-12-11T16:00:00\",\"url\":\"https:\\\/\\\/movewalk.se\\\/en_gb\\\/events\\\/julmarknad-solna\\\/\"},{\"id\":2310,\"title\":\"Julmarknad G\\u00f6teborg\",\"start\":\"2023-12-11T11:00:00\",\"end\":\"2023-12-11T17:00:00\",\"url\":\"https:\\\/\\\/movewalk.se\\\/en_gb\\\/events\\\/julmarknad-goteborg\\\/\"},{\"id\":2306,\"title\":\"G\\u00f6teborg Open S\\u00f6ndag\",\"start\":\"2023-11-26T08:45:00\",\"end\":\"2023-11-26T15:30:00\",\"url\":\"https:\\\/\\\/www.goteborgopen.hemsida.eu\\\/\"},{\"id\":2297,\"title\":\"G\\u00f6teborg Open L\\u00f6rdag\",\"start\":\"2023-11-25T08:30:00\",\"end\":\"2023-11-25T22:30:00\",\"url\":\"https:\\\/\\\/www.goteborgopen.hemsida.eu\\\/\"}],\r\n\t\t\t\t\t\t\t\t});\r\n\t\t\t\t\t\t\t\tcalendar.render();\r\n\t\t\t\t\t\t\t  });<\/script><div id='calendar'><\/div>\n\t\t\t\t<\/div>\n\t\t\t<\/div><\/p>\n","protected":false},"author":1,"featured_media":0,"parent":0,"menu_order":0,"comment_status":"closed","ping_status":"closed","template":"","meta":{"_acf_changed":false,"_et_pb_use_builder":"on","_et_pb_old_content":"","_et_gb_content_width":"","footnotes":""},"class_list":["post-2292","page","type-page","status-publish","hentry"],"acf":[],"yoast_head":"<!-- This site is optimized with the Yoast SEO plugin v27.4 - https:\/\/yoast.com\/product\/yoast-seo-wordpress\/ -->\n<title>Devsidan - Move &amp; Walk<\/title>\n<meta name=\"robots\" content=\"index, follow, max-snippet:-1, max-image-preview:large, max-video-preview:-1\" \/>\n<link rel=\"canonical\" href=\"https:\/\/movewalk.se\/en_gb\/devsidan\/\" \/>\n<meta property=\"og:locale\" content=\"en_GB\" \/>\n<meta property=\"og:type\" content=\"article\" \/>\n<meta property=\"og:title\" content=\"Devsidan - Move &amp; Walk\" \/>\n<meta property=\"og:url\" content=\"https:\/\/movewalk.se\/en_gb\/devsidan\/\" \/>\n<meta property=\"og:site_name\" content=\"Move &amp; Walk\" \/>\n<meta property=\"article:modified_time\" content=\"2023-11-20T12:50:48+00:00\" \/>\n<meta name=\"twitter:card\" content=\"summary_large_image\" \/>\n<script type=\"application\/ld+json\" class=\"yoast-schema-graph\">{\"@context\":\"https:\\\/\\\/schema.org\",\"@graph\":[{\"@type\":\"WebPage\",\"@id\":\"https:\\\/\\\/movewalk.se\\\/devsidan\\\/\",\"url\":\"https:\\\/\\\/movewalk.se\\\/devsidan\\\/\",\"name\":\"Devsidan - Move &amp; Walk\",\"isPartOf\":{\"@id\":\"https:\\\/\\\/movewalk.se\\\/#website\"},\"datePublished\":\"2023-11-20T09:13:52+00:00\",\"dateModified\":\"2023-11-20T12:50:48+00:00\",\"breadcrumb\":{\"@id\":\"https:\\\/\\\/movewalk.se\\\/devsidan\\\/#breadcrumb\"},\"inLanguage\":\"en-GB\",\"potentialAction\":[{\"@type\":\"ReadAction\",\"target\":[\"https:\\\/\\\/movewalk.se\\\/devsidan\\\/\"]}]},{\"@type\":\"BreadcrumbList\",\"@id\":\"https:\\\/\\\/movewalk.se\\\/devsidan\\\/#breadcrumb\",\"itemListElement\":[{\"@type\":\"ListItem\",\"position\":1,\"name\":\"Home\",\"item\":\"https:\\\/\\\/movewalk.se\\\/\"},{\"@type\":\"ListItem\",\"position\":2,\"name\":\"Devsidan\"}]},{\"@type\":\"WebSite\",\"@id\":\"https:\\\/\\\/movewalk.se\\\/#website\",\"url\":\"https:\\\/\\\/movewalk.se\\\/\",\"name\":\"Move & Walk\",\"description\":\"V\u00e4gen till ett sj\u00e4lvst\u00e4ndigare liv\",\"publisher\":{\"@id\":\"https:\\\/\\\/movewalk.se\\\/#organization\"},\"potentialAction\":[{\"@type\":\"SearchAction\",\"target\":{\"@type\":\"EntryPoint\",\"urlTemplate\":\"https:\\\/\\\/movewalk.se\\\/?s={search_term_string}\"},\"query-input\":{\"@type\":\"PropertyValueSpecification\",\"valueRequired\":true,\"valueName\":\"search_term_string\"}}],\"inLanguage\":\"en-GB\"},{\"@type\":\"Organization\",\"@id\":\"https:\\\/\\\/movewalk.se\\\/#organization\",\"name\":\"Move & Walk\",\"url\":\"https:\\\/\\\/movewalk.se\\\/\",\"logo\":{\"@type\":\"ImageObject\",\"inLanguage\":\"en-GB\",\"@id\":\"https:\\\/\\\/movewalk.se\\\/#\\\/schema\\\/logo\\\/image\\\/\",\"url\":\"https:\\\/\\\/movewalk.se\\\/wp-content\\\/uploads\\\/2023\\\/02\\\/MoveWalk_med-text.png\",\"contentUrl\":\"https:\\\/\\\/movewalk.se\\\/wp-content\\\/uploads\\\/2023\\\/02\\\/MoveWalk_med-text.png\",\"width\":1182,\"height\":211,\"caption\":\"Move & Walk\"},\"image\":{\"@id\":\"https:\\\/\\\/movewalk.se\\\/#\\\/schema\\\/logo\\\/image\\\/\"}}]}<\/script>\n<!-- \/ Yoast SEO plugin. -->","yoast_head_json":{"title":"Devsidan - Move &amp; Walk","robots":{"index":"index","follow":"follow","max-snippet":"max-snippet:-1","max-image-preview":"max-image-preview:large","max-video-preview":"max-video-preview:-1"},"canonical":"https:\/\/movewalk.se\/en_gb\/devsidan\/","og_locale":"en_GB","og_type":"article","og_title":"Devsidan - Move &amp; Walk","og_url":"https:\/\/movewalk.se\/en_gb\/devsidan\/","og_site_name":"Move &amp; Walk","article_modified_time":"2023-11-20T12:50:48+00:00","twitter_card":"summary_large_image","schema":{"@context":"https:\/\/schema.org","@graph":[{"@type":"WebPage","@id":"https:\/\/movewalk.se\/devsidan\/","url":"https:\/\/movewalk.se\/devsidan\/","name":"Devsidan - Move &amp; Walk","isPartOf":{"@id":"https:\/\/movewalk.se\/#website"},"datePublished":"2023-11-20T09:13:52+00:00","dateModified":"2023-11-20T12:50:48+00:00","breadcrumb":{"@id":"https:\/\/movewalk.se\/devsidan\/#breadcrumb"},"inLanguage":"en-GB","potentialAction":[{"@type":"ReadAction","target":["https:\/\/movewalk.se\/devsidan\/"]}]},{"@type":"BreadcrumbList","@id":"https:\/\/movewalk.se\/devsidan\/#breadcrumb","itemListElement":[{"@type":"ListItem","position":1,"name":"Home","item":"https:\/\/movewalk.se\/"},{"@type":"ListItem","position":2,"name":"Devsidan"}]},{"@type":"WebSite","@id":"https:\/\/movewalk.se\/#website","url":"https:\/\/movewalk.se\/","name":"Move & Walk","description":"The path to a more independent life","publisher":{"@id":"https:\/\/movewalk.se\/#organization"},"potentialAction":[{"@type":"SearchAction","target":{"@type":"EntryPoint","urlTemplate":"https:\/\/movewalk.se\/?s={search_term_string}"},"query-input":{"@type":"PropertyValueSpecification","valueRequired":true,"valueName":"search_term_string"}}],"inLanguage":"en-GB"},{"@type":"Organization","@id":"https:\/\/movewalk.se\/#organization","name":"Move & Walk","url":"https:\/\/movewalk.se\/","logo":{"@type":"ImageObject","inLanguage":"en-GB","@id":"https:\/\/movewalk.se\/#\/schema\/logo\/image\/","url":"https:\/\/movewalk.se\/wp-content\/uploads\/2023\/02\/MoveWalk_med-text.png","contentUrl":"https:\/\/movewalk.se\/wp-content\/uploads\/2023\/02\/MoveWalk_med-text.png","width":1182,"height":211,"caption":"Move & Walk"},"image":{"@id":"https:\/\/movewalk.se\/#\/schema\/logo\/image\/"}}]}},"_links":{"self":[{"href":"https:\/\/movewalk.se\/en_gb\/wp-json\/wp\/v2\/pages\/2292","targetHints":{"allow":["GET"]}}],"collection":[{"href":"https:\/\/movewalk.se\/en_gb\/wp-json\/wp\/v2\/pages"}],"about":[{"href":"https:\/\/movewalk.se\/en_gb\/wp-json\/wp\/v2\/types\/page"}],"author":[{"embeddable":true,"href":"https:\/\/movewalk.se\/en_gb\/wp-json\/wp\/v2\/users\/1"}],"replies":[{"embeddable":true,"href":"https:\/\/movewalk.se\/en_gb\/wp-json\/wp\/v2\/comments?post=2292"}],"version-history":[{"count":10,"href":"https:\/\/movewalk.se\/en_gb\/wp-json\/wp\/v2\/pages\/2292\/revisions"}],"predecessor-version":[{"id":2315,"href":"https:\/\/movewalk.se\/en_gb\/wp-json\/wp\/v2\/pages\/2292\/revisions\/2315"}],"wp:attachment":[{"href":"https:\/\/movewalk.se\/en_gb\/wp-json\/wp\/v2\/media?parent=2292"}],"curies":[{"name":"wp","href":"https:\/\/api.w.org\/{rel}","templated":true}]}}