{"id":309,"date":"2022-10-28T06:49:47","date_gmt":"2022-10-28T06:49:47","guid":{"rendered":"https:\/\/moveandwalk.net\/?page_id=309"},"modified":"2024-01-08T12:34:20","modified_gmt":"2024-01-08T12:34:20","slug":"foretaget","status":"publish","type":"page","link":"https:\/\/movewalk.se\/en_gb\/foretaget\/","title":{"rendered":"The company"},"content":{"rendered":"<p>[et_pb_section fb_built=&#8221;1&#8243; disabled_on=&#8221;on|on|off&#8221; _builder_version=&#8221;4.20.4&#8243; _module_preset=&#8221;default&#8221; background_image=&#8221;https:\/\/movewalk.se\/wp-content\/uploads\/2023\/02\/Prickar-Apple.png&#8221; background_size=&#8221;contain&#8221; background_position=&#8221;center_left&#8221; global_colors_info=&#8221;{}&#8221;][et_pb_row column_structure=&#8221;1_2,1_2&#8243; _builder_version=&#8221;4.18.0&#8243; _module_preset=&#8221;default&#8221; custom_margin=&#8221;|auto||319px||&#8221; global_colors_info=&#8221;{}&#8221;][et_pb_column type=&#8221;1_2&#8243; _builder_version=&#8221;4.18.0&#8243; _module_preset=&#8221;default&#8221; global_colors_info=&#8221;{}&#8221;][et_pb_image src=&#8221;https:\/\/movewalk.se\/wp-content\/uploads\/2022\/10\/IMG_1769-scaled.jpg&#8221; _builder_version=&#8221;4.20.4&#8243; _module_preset=&#8221;default&#8221; border_radii=&#8221;on|16px|16px|16px|16px&#8221; global_colors_info=&#8221;{}&#8221;][\/et_pb_image][\/et_pb_column][et_pb_column type=&#8221;1_2&#8243; _builder_version=&#8221;4.18.0&#8243; _module_preset=&#8221;default&#8221; global_colors_info=&#8221;{}&#8221;][et_pb_text _builder_version=&#8221;4.23.4&#8243; _module_preset=&#8221;default&#8221; text_font=&#8221;Noto Sans||||||||&#8221; text_text_color=&#8221;#424042&#8243; text_font_size=&#8221;17px&#8221; custom_margin=&#8221;40px|-82px||||&#8221; hover_enabled=&#8221;0&#8243; global_colors_info=&#8221;{}&#8221; sticky_enabled=&#8221;0&#8243;]<\/p>\n<p>Move &amp; Walk \u00e4r ett id\u00e9buret familjef\u00f6retag d\u00e4r positiv livssyn, m\u00e4nniskors lika v\u00e4rde och tron p\u00e5 m\u00e4nniskors m\u00f6jligheter hela tiden st\u00e5r i fokus. F\u00f6r oss \u00e4r det en sj\u00e4lvklarhet att alla m\u00e4nniskor har en m\u00f6jlighet att utvecklas och \u201dDu kan!\u201d \u00e4r ledorden i v\u00e5rt arbete, i alla moment och i alla situationer.<\/p>\n<p>Det som b\u00f6rjade 1997 med ett f\u00e5tal tr\u00e4nande kunder i N\u00e4ssj\u00f6 \u00e4r idag en rikst\u00e4ckande organisation med skola, korttidstillsyn, re-\/habilitering, Personlig Assistans och Daglig Verksamhet. Med dryga 25 \u00e5rs erfarenhet av att arbeta f\u00f6r, och med, personer med neurologiska funktionsneds\u00e4ttningar, \u00e4r vi idag ett kunskaps- och kompetenscentrum att r\u00e4kna med!<\/p>\n<p>[\/et_pb_text][\/et_pb_column][\/et_pb_row][\/et_pb_section][et_pb_section fb_built=&#8221;1&#8243; disabled_on=&#8221;off|off|on&#8221; _builder_version=&#8221;4.19.1&#8243; _module_preset=&#8221;default&#8221; global_colors_info=&#8221;{}&#8221;][et_pb_row _builder_version=&#8221;4.19.1&#8243; _module_preset=&#8221;default&#8221; global_colors_info=&#8221;{}&#8221;][et_pb_column type=&#8221;4_4&#8243; _builder_version=&#8221;4.19.1&#8243; _module_preset=&#8221;default&#8221; global_colors_info=&#8221;{}&#8221;][et_pb_image src=&#8221;https:\/\/movewalk.se\/wp-content\/uploads\/2022\/10\/IMG_1769-scaled.jpg&#8221; _builder_version=&#8221;4.20.4&#8243; _module_preset=&#8221;default&#8221; border_radii=&#8221;on|16px|16px|16px|16px&#8221; global_colors_info=&#8221;{}&#8221;][\/et_pb_image][et_pb_text _builder_version=&#8221;4.20.4&#8243; _module_preset=&#8221;default&#8221; global_colors_info=&#8221;{}&#8221;]<\/p>\n<p>Move &amp; Walk \u00e4r ett id\u00e9buret familjef\u00f6retag d\u00e4r positiv livssyn, m\u00e4nniskors lika v\u00e4rde och tron p\u00e5 m\u00e4nniskors m\u00f6jligheter hela tiden st\u00e5r i fokus. F\u00f6r oss \u00e4r det en sj\u00e4lvklarhet att alla m\u00e4nniskor har en m\u00f6jlighet att utvecklas och \u201dDu kan!\u201d \u00e4r ledorden i v\u00e5rt arbete, i alla moment och i alla situationer.<\/p>\n<p>Det som b\u00f6rjade 1997 med ett f\u00e5tal tr\u00e4nande kunder i N\u00e4ssj\u00f6 \u00e4r idag en rikst\u00e4ckande organisation med skola, korttidstillsyn, re-\/habilitering, Personlig Assistans och Daglig Verksamhet. Med dryga 25 \u00e5rs erfarenhet av att arbeta f\u00f6r, och med, personer med neurologiska funktionsneds\u00e4ttningar, \u00e4r vi idag ett kunskaps- och kompetenscentrum att r\u00e4kna med!<\/p>\n<p>[\/et_pb_text][\/et_pb_column][\/et_pb_row][\/et_pb_section]<\/p>\n","protected":false},"excerpt":{"rendered":"<p>Move &amp; Walk \u00e4r ett id\u00e9buret familjef\u00f6retag d\u00e4r positiv livssyn, m\u00e4nniskors lika v\u00e4rde och tron p\u00e5 m\u00e4nniskors m\u00f6jligheter hela tiden st\u00e5r i fokus. F\u00f6r oss \u00e4r det en sj\u00e4lvklarhet att alla m\u00e4nniskor har en m\u00f6jlighet att utvecklas och \u201dDu kan!\u201d \u00e4r ledorden i v\u00e5rt arbete, i alla moment och i alla situationer. Det som b\u00f6rjade [&hellip;]<\/p>\n","protected":false},"author":1,"featured_media":0,"parent":0,"menu_order":0,"comment_status":"closed","ping_status":"closed","template":"","meta":{"_acf_changed":false,"_et_pb_use_builder":"on","_et_pb_old_content":"<!-- wp:divi\/placeholder \/-->","_et_gb_content_width":"","footnotes":""},"class_list":["post-309","page","type-page","status-publish","hentry"],"acf":[],"yoast_head":"<!-- This site is optimized with the Yoast SEO plugin v27.4 - https:\/\/yoast.com\/product\/yoast-seo-wordpress\/ -->\n<title>F\u00f6retaget - Move &amp; Walk<\/title>\n<meta name=\"robots\" content=\"index, follow, max-snippet:-1, max-image-preview:large, max-video-preview:-1\" \/>\n<link rel=\"canonical\" href=\"https:\/\/movewalk.se\/en_gb\/foretaget\/\" \/>\n<meta property=\"og:locale\" content=\"en_GB\" \/>\n<meta property=\"og:type\" content=\"article\" \/>\n<meta property=\"og:title\" content=\"F\u00f6retaget - Move &amp; Walk\" \/>\n<meta property=\"og:url\" content=\"https:\/\/movewalk.se\/en_gb\/foretaget\/\" \/>\n<meta property=\"og:site_name\" content=\"Move &amp; Walk\" \/>\n<meta property=\"article:modified_time\" content=\"2024-01-08T12:34:20+00:00\" \/>\n<meta name=\"twitter:card\" content=\"summary_large_image\" \/>\n<meta name=\"twitter:label1\" content=\"Estimated reading time\" \/>\n\t<meta name=\"twitter:data1\" content=\"2 minutes\" \/>\n<script type=\"application\/ld+json\" class=\"yoast-schema-graph\">{\"@context\":\"https:\\\/\\\/schema.org\",\"@graph\":[{\"@type\":\"WebPage\",\"@id\":\"https:\\\/\\\/movewalk.se\\\/foretaget\\\/\",\"url\":\"https:\\\/\\\/movewalk.se\\\/foretaget\\\/\",\"name\":\"F\u00f6retaget - Move &amp; Walk\",\"isPartOf\":{\"@id\":\"https:\\\/\\\/movewalk.se\\\/#website\"},\"datePublished\":\"2022-10-28T06:49:47+00:00\",\"dateModified\":\"2024-01-08T12:34:20+00:00\",\"breadcrumb\":{\"@id\":\"https:\\\/\\\/movewalk.se\\\/foretaget\\\/#breadcrumb\"},\"inLanguage\":\"en-GB\",\"potentialAction\":[{\"@type\":\"ReadAction\",\"target\":[\"https:\\\/\\\/movewalk.se\\\/foretaget\\\/\"]}]},{\"@type\":\"BreadcrumbList\",\"@id\":\"https:\\\/\\\/movewalk.se\\\/foretaget\\\/#breadcrumb\",\"itemListElement\":[{\"@type\":\"ListItem\",\"position\":1,\"name\":\"Home\",\"item\":\"https:\\\/\\\/movewalk.se\\\/\"},{\"@type\":\"ListItem\",\"position\":2,\"name\":\"F\u00f6retaget\"}]},{\"@type\":\"WebSite\",\"@id\":\"https:\\\/\\\/movewalk.se\\\/#website\",\"url\":\"https:\\\/\\\/movewalk.se\\\/\",\"name\":\"Move & Walk\",\"description\":\"V\u00e4gen till ett sj\u00e4lvst\u00e4ndigare liv\",\"publisher\":{\"@id\":\"https:\\\/\\\/movewalk.se\\\/#organization\"},\"potentialAction\":[{\"@type\":\"SearchAction\",\"target\":{\"@type\":\"EntryPoint\",\"urlTemplate\":\"https:\\\/\\\/movewalk.se\\\/?s={search_term_string}\"},\"query-input\":{\"@type\":\"PropertyValueSpecification\",\"valueRequired\":true,\"valueName\":\"search_term_string\"}}],\"inLanguage\":\"en-GB\"},{\"@type\":\"Organization\",\"@id\":\"https:\\\/\\\/movewalk.se\\\/#organization\",\"name\":\"Move & Walk\",\"url\":\"https:\\\/\\\/movewalk.se\\\/\",\"logo\":{\"@type\":\"ImageObject\",\"inLanguage\":\"en-GB\",\"@id\":\"https:\\\/\\\/movewalk.se\\\/#\\\/schema\\\/logo\\\/image\\\/\",\"url\":\"https:\\\/\\\/movewalk.se\\\/wp-content\\\/uploads\\\/2023\\\/02\\\/MoveWalk_med-text.png\",\"contentUrl\":\"https:\\\/\\\/movewalk.se\\\/wp-content\\\/uploads\\\/2023\\\/02\\\/MoveWalk_med-text.png\",\"width\":1182,\"height\":211,\"caption\":\"Move & Walk\"},\"image\":{\"@id\":\"https:\\\/\\\/movewalk.se\\\/#\\\/schema\\\/logo\\\/image\\\/\"}}]}<\/script>\n<!-- \/ Yoast SEO plugin. -->","yoast_head_json":{"title":"F\u00f6retaget - Move &amp; Walk","robots":{"index":"index","follow":"follow","max-snippet":"max-snippet:-1","max-image-preview":"max-image-preview:large","max-video-preview":"max-video-preview:-1"},"canonical":"https:\/\/movewalk.se\/en_gb\/foretaget\/","og_locale":"en_GB","og_type":"article","og_title":"F\u00f6retaget - Move &amp; Walk","og_url":"https:\/\/movewalk.se\/en_gb\/foretaget\/","og_site_name":"Move &amp; Walk","article_modified_time":"2024-01-08T12:34:20+00:00","twitter_card":"summary_large_image","twitter_misc":{"Estimated reading time":"2 minutes"},"schema":{"@context":"https:\/\/schema.org","@graph":[{"@type":"WebPage","@id":"https:\/\/movewalk.se\/foretaget\/","url":"https:\/\/movewalk.se\/foretaget\/","name":"F\u00f6retaget - Move &amp; Walk","isPartOf":{"@id":"https:\/\/movewalk.se\/#website"},"datePublished":"2022-10-28T06:49:47+00:00","dateModified":"2024-01-08T12:34:20+00:00","breadcrumb":{"@id":"https:\/\/movewalk.se\/foretaget\/#breadcrumb"},"inLanguage":"en-GB","potentialAction":[{"@type":"ReadAction","target":["https:\/\/movewalk.se\/foretaget\/"]}]},{"@type":"BreadcrumbList","@id":"https:\/\/movewalk.se\/foretaget\/#breadcrumb","itemListElement":[{"@type":"ListItem","position":1,"name":"Home","item":"https:\/\/movewalk.se\/"},{"@type":"ListItem","position":2,"name":"F\u00f6retaget"}]},{"@type":"WebSite","@id":"https:\/\/movewalk.se\/#website","url":"https:\/\/movewalk.se\/","name":"Move & Walk","description":"The path to a more independent life","publisher":{"@id":"https:\/\/movewalk.se\/#organization"},"potentialAction":[{"@type":"SearchAction","target":{"@type":"EntryPoint","urlTemplate":"https:\/\/movewalk.se\/?s={search_term_string}"},"query-input":{"@type":"PropertyValueSpecification","valueRequired":true,"valueName":"search_term_string"}}],"inLanguage":"en-GB"},{"@type":"Organization","@id":"https:\/\/movewalk.se\/#organization","name":"Move & Walk","url":"https:\/\/movewalk.se\/","logo":{"@type":"ImageObject","inLanguage":"en-GB","@id":"https:\/\/movewalk.se\/#\/schema\/logo\/image\/","url":"https:\/\/movewalk.se\/wp-content\/uploads\/2023\/02\/MoveWalk_med-text.png","contentUrl":"https:\/\/movewalk.se\/wp-content\/uploads\/2023\/02\/MoveWalk_med-text.png","width":1182,"height":211,"caption":"Move & Walk"},"image":{"@id":"https:\/\/movewalk.se\/#\/schema\/logo\/image\/"}}]}},"_links":{"self":[{"href":"https:\/\/movewalk.se\/en_gb\/wp-json\/wp\/v2\/pages\/309","targetHints":{"allow":["GET"]}}],"collection":[{"href":"https:\/\/movewalk.se\/en_gb\/wp-json\/wp\/v2\/pages"}],"about":[{"href":"https:\/\/movewalk.se\/en_gb\/wp-json\/wp\/v2\/types\/page"}],"author":[{"embeddable":true,"href":"https:\/\/movewalk.se\/en_gb\/wp-json\/wp\/v2\/users\/1"}],"replies":[{"embeddable":true,"href":"https:\/\/movewalk.se\/en_gb\/wp-json\/wp\/v2\/comments?post=309"}],"version-history":[{"count":16,"href":"https:\/\/movewalk.se\/en_gb\/wp-json\/wp\/v2\/pages\/309\/revisions"}],"predecessor-version":[{"id":2401,"href":"https:\/\/movewalk.se\/en_gb\/wp-json\/wp\/v2\/pages\/309\/revisions\/2401"}],"wp:attachment":[{"href":"https:\/\/movewalk.se\/en_gb\/wp-json\/wp\/v2\/media?parent=309"}],"curies":[{"name":"wp","href":"https:\/\/api.w.org\/{rel}","templated":true}]}}