{"id":311,"date":"2022-10-28T06:50:01","date_gmt":"2022-10-28T06:50:01","guid":{"rendered":"https:\/\/moveandwalk.net\/?page_id=311"},"modified":"2025-06-10T13:25:40","modified_gmt":"2025-06-10T13:25:40","slug":"agarskap","status":"publish","type":"page","link":"https:\/\/movewalk.se\/en_gb\/agarskap\/","title":{"rendered":"Ownership"},"content":{"rendered":"<p>[et_pb_section fb_built=&#8221;1&#8243; _builder_version=&#8221;4.18.1&#8243; _module_preset=&#8221;default&#8221; global_colors_info=&#8221;{}&#8221; da_is_popup=&#8221;off&#8221; da_exit_intent=&#8221;off&#8221; da_has_close=&#8221;on&#8221; da_alt_close=&#8221;off&#8221; da_dark_close=&#8221;off&#8221; da_not_modal=&#8221;on&#8221; da_is_singular=&#8221;off&#8221; da_with_loader=&#8221;off&#8221; da_has_shadow=&#8221;on&#8221; da_disable_devices=&#8221;off|off|off&#8221;][et_pb_row _builder_version=&#8221;4.18.1&#8243; _module_preset=&#8221;default&#8221; global_colors_info=&#8221;{}&#8221;][et_pb_column type=&#8221;4_4&#8243; _builder_version=&#8221;4.18.1&#8243; _module_preset=&#8221;default&#8221; global_colors_info=&#8221;{}&#8221;][et_pb_text _builder_version=&#8221;4.27.4&#8243; _module_preset=&#8221;default&#8221; text_font_size=&#8221;17px&#8221; header_text_align=&#8221;center&#8221; header_font_size=&#8221;31px&#8221; text_orientation=&#8221;center&#8221; hover_enabled=&#8221;0&#8243; global_colors_info=&#8221;{}&#8221; sticky_enabled=&#8221;0&#8243;]<\/p>\n<div class=\"flexibelContentRubrik\">\n<h1>Move &amp; Walk &#8211; ett familje\u00e4gt f\u00f6retag<\/h1>\n<\/div>\n<div class=\"flexibelContentIntroText\">\n<p>&nbsp;<\/p>\n<p>Move &amp; Walk Sverige AB, 556549-5180, \u00e4r ett familje\u00e4gt f\u00f6retag som \u00e4gs till 100% av Move &amp; Walk F\u00f6rvaltning AB, 556688-5959. Move &amp; Walk F\u00f6rvaltning AB \u00e4gs till 51% av grundaren Eszter Horv\u00e1th T\u00f3thn\u00e9 och till 49% av Szabmit Kft, Skattenummer 26138765-2-43 (Ungern), som sin tur \u00e4gs av Gabriella Szabadhegy.<\/p>\n<\/div>\n<p>[\/et_pb_text][et_pb_divider _builder_version=&#8221;4.18.1&#8243; _module_preset=&#8221;default&#8221; custom_margin=&#8221;|-400px||-400px||&#8221; global_colors_info=&#8221;{}&#8221;][\/et_pb_divider][\/et_pb_column][\/et_pb_row][et_pb_row column_structure=&#8221;1_2,1_2&#8243; _builder_version=&#8221;4.18.1&#8243; _module_preset=&#8221;default&#8221; global_colors_info=&#8221;{}&#8221;][et_pb_column type=&#8221;1_2&#8243; _builder_version=&#8221;4.18.1&#8243; _module_preset=&#8221;default&#8221; global_colors_info=&#8221;{}&#8221;][et_pb_blurb title=&#8221;Eszter Horv\u00e1th T\u00f3thn\u00e9&#8221; image=&#8221;https:\/\/movewalk.se\/wp-content\/uploads\/2023\/11\/Eszter-231102-scaled.webp&#8221; image_icon_width=&#8221;70%&#8221; _builder_version=&#8221;4.23&#8243; _module_preset=&#8221;default&#8221; header_font_size=&#8221;23px&#8221; body_font_size=&#8221;15px&#8221; text_orientation=&#8221;center&#8221; global_colors_info=&#8221;{}&#8221;]<\/p>\n<p><em><strong>VD, Grundare, \u00c4gare, Styrelseordf\u00f6rande<\/strong><\/em><\/p>\n<p><span>Eszter tog f\u00f6r 25 \u00e5r sedan beslutet att komma till Sverige fr\u00e5n Budapest i Ungern f\u00f6r att leva ut sin dr\u00f6m, att starta upp en verksamhet med Konduktiv Pedagogik och med m\u00e5let att etablera och sprida pedagogiken utanf\u00f6r Ungern. Med sig p\u00e5 sin resa tog hon sin man och deras tv\u00e5 barn f\u00f6r att starta ett nytt liv i ett helt fr\u00e4mmande land med de utmaningar det inneb\u00e4r. Familjens n\u00e4rvaro och st\u00f6d har under alla \u00e5r varit en av grundpelarna f\u00f6r att forts\u00e4tta arbetet mot sitt m\u00e5l och gjort det m\u00f6jligt att komma dit hon och f\u00f6retaget \u00e4r idag.<\/span><\/p>\n<p>[\/et_pb_blurb][\/et_pb_column][et_pb_column type=&#8221;1_2&#8243; _builder_version=&#8221;4.18.1&#8243; _module_preset=&#8221;default&#8221; global_colors_info=&#8221;{}&#8221;][et_pb_blurb title=&#8221;Gabriella Szabadhegy&#8221; image=&#8221;https:\/\/movewalk.se\/wp-content\/uploads\/2022\/11\/SzG-kep.jpg&#8221; image_icon_width=&#8221;68%&#8221; _builder_version=&#8221;4.23&#8243; _module_preset=&#8221;default&#8221; header_font_size=&#8221;23px&#8221; body_font_size=&#8221;15px&#8221; text_orientation=&#8221;center&#8221; global_colors_info=&#8221;{}&#8221;]<\/p>\n<p><em><strong>\u00c4gare<\/strong><\/em><\/p>\n<p><span>Gabriella \u00e4r stolt mor till fem barn som hon uppfostrar tillsammans med sin make Peter. Efter att under m\u00e5nga \u00e5r h\u00e4ngivit sig \u00e5t familjen har Gabriella \u00e5terg\u00e5tt till att arbeta och sitter idag som kanslichef f\u00f6r Social Impact Investors\u2019 Association i Ungern. Move &amp; Walk ligger Gabriella varmt om hj\u00e4rtat, inte bara f\u00f6r att det drivs av hennes syster utan ocks\u00e5 f\u00f6r att det visar ett f\u00f6retags positiva p\u00e5verkan p\u00e5\u00a0samh\u00e4llet och individen, b\u00e5de socialt och k\u00e4nslom\u00e4ssigt.<\/span><\/p>\n<p>[\/et_pb_blurb][\/et_pb_column][\/et_pb_row][\/et_pb_section]<\/p>\n","protected":false},"excerpt":{"rendered":"<p>Move &amp; Walk &#8211; ett familje\u00e4gt f\u00f6retag &nbsp; Move &amp; Walk Sverige AB, 556549-5180, \u00e4r ett familje\u00e4gt f\u00f6retag som \u00e4gs till 100% av Move &amp; Walk F\u00f6rvaltning AB, 556688-5959. Move &amp; Walk F\u00f6rvaltning AB \u00e4gs till 51% av grundaren Eszter Horv\u00e1th T\u00f3thn\u00e9 och till 49% av Szabmit Kft, Skattenummer 26138765-2-43 (Ungern), som sin tur \u00e4gs [&hellip;]<\/p>\n","protected":false},"author":1,"featured_media":0,"parent":0,"menu_order":0,"comment_status":"closed","ping_status":"closed","template":"","meta":{"_acf_changed":false,"_et_pb_use_builder":"on","_et_pb_old_content":"<!-- wp:divi\/placeholder \/-->","_et_gb_content_width":"","footnotes":""},"class_list":["post-311","page","type-page","status-publish","hentry"],"acf":[],"yoast_head":"<!-- This site is optimized with the Yoast SEO plugin v27.3 - https:\/\/yoast.com\/product\/yoast-seo-wordpress\/ -->\n<title>\u00c4garskap - Move &amp; Walk<\/title>\n<meta name=\"robots\" content=\"index, follow, max-snippet:-1, max-image-preview:large, max-video-preview:-1\" \/>\n<link rel=\"canonical\" href=\"https:\/\/movewalk.se\/en_gb\/agarskap\/\" \/>\n<meta property=\"og:locale\" content=\"en_GB\" \/>\n<meta property=\"og:type\" content=\"article\" \/>\n<meta property=\"og:title\" content=\"\u00c4garskap - Move &amp; Walk\" \/>\n<meta property=\"og:url\" content=\"https:\/\/movewalk.se\/en_gb\/agarskap\/\" \/>\n<meta property=\"og:site_name\" content=\"Move &amp; Walk\" \/>\n<meta property=\"article:modified_time\" content=\"2025-06-10T13:25:40+00:00\" \/>\n<meta name=\"twitter:card\" content=\"summary_large_image\" \/>\n<meta name=\"twitter:label1\" content=\"Estimated reading time\" \/>\n\t<meta name=\"twitter:data1\" content=\"3 minutes\" \/>\n<script type=\"application\/ld+json\" class=\"yoast-schema-graph\">{\"@context\":\"https:\\\/\\\/schema.org\",\"@graph\":[{\"@type\":\"WebPage\",\"@id\":\"https:\\\/\\\/movewalk.se\\\/agarskap\\\/\",\"url\":\"https:\\\/\\\/movewalk.se\\\/agarskap\\\/\",\"name\":\"\u00c4garskap - Move &amp; Walk\",\"isPartOf\":{\"@id\":\"https:\\\/\\\/movewalk.se\\\/#website\"},\"datePublished\":\"2022-10-28T06:50:01+00:00\",\"dateModified\":\"2025-06-10T13:25:40+00:00\",\"breadcrumb\":{\"@id\":\"https:\\\/\\\/movewalk.se\\\/agarskap\\\/#breadcrumb\"},\"inLanguage\":\"en-GB\",\"potentialAction\":[{\"@type\":\"ReadAction\",\"target\":[\"https:\\\/\\\/movewalk.se\\\/agarskap\\\/\"]}]},{\"@type\":\"BreadcrumbList\",\"@id\":\"https:\\\/\\\/movewalk.se\\\/agarskap\\\/#breadcrumb\",\"itemListElement\":[{\"@type\":\"ListItem\",\"position\":1,\"name\":\"Home\",\"item\":\"https:\\\/\\\/movewalk.se\\\/\"},{\"@type\":\"ListItem\",\"position\":2,\"name\":\"\u00c4garskap\"}]},{\"@type\":\"WebSite\",\"@id\":\"https:\\\/\\\/movewalk.se\\\/#website\",\"url\":\"https:\\\/\\\/movewalk.se\\\/\",\"name\":\"Move & Walk\",\"description\":\"V\u00e4gen till ett sj\u00e4lvst\u00e4ndigare liv\",\"publisher\":{\"@id\":\"https:\\\/\\\/movewalk.se\\\/#organization\"},\"potentialAction\":[{\"@type\":\"SearchAction\",\"target\":{\"@type\":\"EntryPoint\",\"urlTemplate\":\"https:\\\/\\\/movewalk.se\\\/?s={search_term_string}\"},\"query-input\":{\"@type\":\"PropertyValueSpecification\",\"valueRequired\":true,\"valueName\":\"search_term_string\"}}],\"inLanguage\":\"en-GB\"},{\"@type\":\"Organization\",\"@id\":\"https:\\\/\\\/movewalk.se\\\/#organization\",\"name\":\"Move & Walk\",\"url\":\"https:\\\/\\\/movewalk.se\\\/\",\"logo\":{\"@type\":\"ImageObject\",\"inLanguage\":\"en-GB\",\"@id\":\"https:\\\/\\\/movewalk.se\\\/#\\\/schema\\\/logo\\\/image\\\/\",\"url\":\"https:\\\/\\\/movewalk.se\\\/wp-content\\\/uploads\\\/2023\\\/02\\\/MoveWalk_med-text.png\",\"contentUrl\":\"https:\\\/\\\/movewalk.se\\\/wp-content\\\/uploads\\\/2023\\\/02\\\/MoveWalk_med-text.png\",\"width\":1182,\"height\":211,\"caption\":\"Move & Walk\"},\"image\":{\"@id\":\"https:\\\/\\\/movewalk.se\\\/#\\\/schema\\\/logo\\\/image\\\/\"}}]}<\/script>\n<!-- \/ Yoast SEO plugin. -->","yoast_head_json":{"title":"\u00c4garskap - Move &amp; Walk","robots":{"index":"index","follow":"follow","max-snippet":"max-snippet:-1","max-image-preview":"max-image-preview:large","max-video-preview":"max-video-preview:-1"},"canonical":"https:\/\/movewalk.se\/en_gb\/agarskap\/","og_locale":"en_GB","og_type":"article","og_title":"\u00c4garskap - Move &amp; Walk","og_url":"https:\/\/movewalk.se\/en_gb\/agarskap\/","og_site_name":"Move &amp; Walk","article_modified_time":"2025-06-10T13:25:40+00:00","twitter_card":"summary_large_image","twitter_misc":{"Estimated reading time":"3 minutes"},"schema":{"@context":"https:\/\/schema.org","@graph":[{"@type":"WebPage","@id":"https:\/\/movewalk.se\/agarskap\/","url":"https:\/\/movewalk.se\/agarskap\/","name":"\u00c4garskap - Move &amp; Walk","isPartOf":{"@id":"https:\/\/movewalk.se\/#website"},"datePublished":"2022-10-28T06:50:01+00:00","dateModified":"2025-06-10T13:25:40+00:00","breadcrumb":{"@id":"https:\/\/movewalk.se\/agarskap\/#breadcrumb"},"inLanguage":"en-GB","potentialAction":[{"@type":"ReadAction","target":["https:\/\/movewalk.se\/agarskap\/"]}]},{"@type":"BreadcrumbList","@id":"https:\/\/movewalk.se\/agarskap\/#breadcrumb","itemListElement":[{"@type":"ListItem","position":1,"name":"Home","item":"https:\/\/movewalk.se\/"},{"@type":"ListItem","position":2,"name":"\u00c4garskap"}]},{"@type":"WebSite","@id":"https:\/\/movewalk.se\/#website","url":"https:\/\/movewalk.se\/","name":"Move & Walk","description":"The path to a more independent life","publisher":{"@id":"https:\/\/movewalk.se\/#organization"},"potentialAction":[{"@type":"SearchAction","target":{"@type":"EntryPoint","urlTemplate":"https:\/\/movewalk.se\/?s={search_term_string}"},"query-input":{"@type":"PropertyValueSpecification","valueRequired":true,"valueName":"search_term_string"}}],"inLanguage":"en-GB"},{"@type":"Organization","@id":"https:\/\/movewalk.se\/#organization","name":"Move & Walk","url":"https:\/\/movewalk.se\/","logo":{"@type":"ImageObject","inLanguage":"en-GB","@id":"https:\/\/movewalk.se\/#\/schema\/logo\/image\/","url":"https:\/\/movewalk.se\/wp-content\/uploads\/2023\/02\/MoveWalk_med-text.png","contentUrl":"https:\/\/movewalk.se\/wp-content\/uploads\/2023\/02\/MoveWalk_med-text.png","width":1182,"height":211,"caption":"Move & Walk"},"image":{"@id":"https:\/\/movewalk.se\/#\/schema\/logo\/image\/"}}]}},"_links":{"self":[{"href":"https:\/\/movewalk.se\/en_gb\/wp-json\/wp\/v2\/pages\/311","targetHints":{"allow":["GET"]}}],"collection":[{"href":"https:\/\/movewalk.se\/en_gb\/wp-json\/wp\/v2\/pages"}],"about":[{"href":"https:\/\/movewalk.se\/en_gb\/wp-json\/wp\/v2\/types\/page"}],"author":[{"embeddable":true,"href":"https:\/\/movewalk.se\/en_gb\/wp-json\/wp\/v2\/users\/1"}],"replies":[{"embeddable":true,"href":"https:\/\/movewalk.se\/en_gb\/wp-json\/wp\/v2\/comments?post=311"}],"version-history":[{"count":9,"href":"https:\/\/movewalk.se\/en_gb\/wp-json\/wp\/v2\/pages\/311\/revisions"}],"predecessor-version":[{"id":3264,"href":"https:\/\/movewalk.se\/en_gb\/wp-json\/wp\/v2\/pages\/311\/revisions\/3264"}],"wp:attachment":[{"href":"https:\/\/movewalk.se\/en_gb\/wp-json\/wp\/v2\/media?parent=311"}],"curies":[{"name":"wp","href":"https:\/\/api.w.org\/{rel}","templated":true}]}}