{"id":315,"date":"2022-10-28T06:50:29","date_gmt":"2022-10-28T06:50:29","guid":{"rendered":"https:\/\/moveandwalk.net\/?page_id=315"},"modified":"2025-10-13T13:07:48","modified_gmt":"2025-10-13T13:07:48","slug":"historia","status":"publish","type":"page","link":"https:\/\/movewalk.se\/en_gb\/historia\/","title":{"rendered":"History"},"content":{"rendered":"<p>[et_pb_section fb_built=&#8221;1&#8243; admin_label=&#8221;Section&#8221; _builder_version=&#8221;4.23.4&#8243; _module_preset=&#8221;default&#8221; da_disable_devices=&#8221;off|off|off&#8221; global_colors_info=&#8221;{}&#8221; da_is_popup=&#8221;off&#8221; da_exit_intent=&#8221;off&#8221; da_has_close=&#8221;on&#8221; da_alt_close=&#8221;off&#8221; da_dark_close=&#8221;off&#8221; da_not_modal=&#8221;on&#8221; da_is_singular=&#8221;off&#8221; da_with_loader=&#8221;off&#8221; da_has_shadow=&#8221;on&#8221;][et_pb_row _builder_version=&#8221;4.18.0&#8243; _module_preset=&#8221;default&#8221; global_colors_info=&#8221;{}&#8221;][et_pb_column type=&#8221;4_4&#8243; _builder_version=&#8221;4.18.0&#8243; _module_preset=&#8221;default&#8221; global_colors_info=&#8221;{}&#8221;][et_pb_text _builder_version=&#8221;4.23.4&#8243; _module_preset=&#8221;default&#8221; text_font=&#8221;Noto Sans HK||||||||&#8221; text_text_color=&#8221;#000000&#8243; text_font_size=&#8221;19px&#8221; header_font=&#8221;Noto Sans HK||||||||&#8221; header_text_align=&#8221;center&#8221; header_text_color=&#8221;#424042&#8243; header_font_size=&#8221;31px&#8221; global_colors_info=&#8221;{}&#8221;]<\/p>\n<h1>Historia<\/h1>\n<p>[\/et_pb_text][\/et_pb_column][\/et_pb_row][et_pb_row _builder_version=&#8221;4.18.0&#8243; _module_preset=&#8221;default&#8221; global_colors_info=&#8221;{}&#8221;][et_pb_column type=&#8221;4_4&#8243; _builder_version=&#8221;4.18.0&#8243; _module_preset=&#8221;default&#8221; global_colors_info=&#8221;{}&#8221;][et_pb_video src=&#8221;http:\/\/vimeo.com\/764851429&#8243; _builder_version=&#8221;4.18.0&#8243; _module_preset=&#8221;default&#8221; global_colors_info=&#8221;{}&#8221;][\/et_pb_video][\/et_pb_column][\/et_pb_row][et_pb_row _builder_version=&#8221;4.23.4&#8243; _module_preset=&#8221;default&#8221; global_colors_info=&#8221;{}&#8221;][et_pb_column type=&#8221;4_4&#8243; _builder_version=&#8221;4.23.4&#8243; _module_preset=&#8221;default&#8221; global_colors_info=&#8221;{}&#8221;][et_pb_text _builder_version=&#8221;4.27.4&#8243; _module_preset=&#8221;default&#8221; text_text_color=&#8221;#000000&#8243; text_font_size=&#8221;17px&#8221; header_3_font_size=&#8221;31px&#8221; hover_enabled=&#8221;0&#8243; global_colors_info=&#8221;{}&#8221; sticky_enabled=&#8221;0&#8243;]<\/p>\n<div id=\"main\">\n<section id=\"flexibelContent\">\n<div class=\"flexibelContentRow\">\n<div class=\"flexibelContentText\">\n<h3>Ungern<\/h3>\n<p>Eszter Horv\u00e1th T\u00f3thn\u00e9 grundar Move &amp; Walk Skola i Budapest 1991<\/p>\n<h3><\/h3>\n<h3>Sverige<\/h3>\n<table border=\"1\" style=\"height: 647px; width: 99.8624%; border-collapse: collapse; border-color: #ffffff; background-color: #ffffff; border-style: hidden; float: left;\">\n<tbody>\n<tr style=\"height: 95px;\">\n<td style=\"width: 9.64193%; height: 95px;\">1997<\/td>\n<td style=\"width: 90.3581%; height: 95px;\">Grundaren Eszter Horv\u00e1th T\u00f3thn\u00e9 \u00f6ppnar Move &amp; Walk (M&amp;W) i N\u00e4ssj\u00f6. Samma \u00e5r startar hon \u00e4ven Move &amp; Walk Intressef\u00f6reningen i Sverige\/N\u00e4ssj\u00f6 &#8211; N\u00e4ssj\u00f6 N\u00e4ringsliv AB<\/td>\n<\/tr>\n<tr style=\"height: 47px;\">\n<td style=\"width: 9.64193%; height: 47px;\">1998<\/td>\n<td style=\"width: 90.3581%; height: 47px;\">Praktikertj\u00e4nst Move &amp; Walk \u2013 f\u00f6retaget verkar nu i b\u00e5de N\u00e4ssj\u00f6 och Solna<\/td>\n<\/tr>\n<tr style=\"height: 71px;\">\n<td style=\"width: 9.64193%; height: 71px;\">2005<\/td>\n<td style=\"width: 90.3581%; height: 71px;\">Eszter Horv\u00e1th T\u00f3thn\u00e9 k\u00f6per 51% och Peter Szabadhegy 49% av M&amp;W. Under h\u00f6sten samma \u00e5r startar M&amp;W verksamhet i G\u00f6teborg<\/td>\n<\/tr>\n<tr style=\"height: 47px;\">\n<td style=\"width: 9.64193%; height: 47px;\">2006<\/td>\n<td style=\"width: 90.3581%; height: 47px;\">I juni st\u00e4nger verksamheten i N\u00e4ssj\u00f6 och flyttar till G\u00f6teborg och arbete f\u00f6r att \u00f6ppna grunds\u00e4rskola startas<\/td>\n<\/tr>\n<tr style=\"height: 47px;\">\n<td style=\"width: 9.64193%; height: 47px;\">2008<\/td>\n<td style=\"width: 90.3581%; height: 47px;\">Grunds\u00e4rskolan i G\u00f6teborg startas i samband med h\u00f6stterminen<\/td>\n<\/tr>\n<tr style=\"height: 47px;\">\n<td style=\"width: 9.64193%; height: 47px;\">2010<\/td>\n<td style=\"width: 90.3581%; height: 47px;\">Move &amp; Walk Assistans startar sin verksamhet som blir rikst\u00e4ckande<\/td>\n<\/tr>\n<tr style=\"height: 47px;\">\n<td style=\"width: 9.64193%; height: 47px;\">2011<\/td>\n<td style=\"width: 90.3581%; height: 47px;\">Gymnasies\u00e4rskolan startar i G\u00f6teborg i samband med h\u00f6stterminen<\/td>\n<\/tr>\n<tr style=\"height: 71px;\">\n<td style=\"width: 9.64193%; height: 71px;\">2014<\/td>\n<td style=\"width: 90.3581%; height: 71px;\">M&amp;W \u00f6ppnar sin tr\u00e4ningsverksamhet i Malm\u00f6 i samband med ett nytt avtal. Samma \u00e5r startar Daglig Verksamhet i G\u00f6teborg<\/td>\n<\/tr>\n<tr style=\"height: 47px;\">\n<td style=\"width: 9.64193%; height: 47px;\">2014<\/td>\n<td style=\"width: 90.3581%; height: 47px;\">N\u00e4r h\u00f6stterminen startar \u00f6ppnar Move &amp; Walk grunds\u00e4rskola i Malm\u00f6<\/td>\n<\/tr>\n<tr style=\"height: 47px;\">\n<td style=\"width: 9.64193%; height: 47px;\">2016<\/td>\n<td style=\"width: 90.3581%; height: 47px;\">Verksamheten ut\u00f6kas med Move &amp; Walk grunds\u00e4rskola i Solna<\/td>\n<\/tr>\n<tr style=\"height: 71px;\">\n<td style=\"width: 9.64193%; height: 71px;\">2023<\/td>\n<td style=\"width: 90.3581%; height: 71px;\">Daglig Verksamhet \u00f6ppnar i Sisj\u00f6n, G\u00f6teborg samt att Daglig Verksamhet i Solna flyttar till Lundagatan 16.<br \/>M&amp;W f\u00e5r tillst\u00e5nd att \u00f6ppna anpassad gymnasieskola i Malm\u00f6 och arbete med detta p\u00e5b\u00f6rjas.<\/td>\n<\/tr>\n<tr>\n<td style=\"width: 9.64193%;\">2024<\/td>\n<td style=\"width: 90.3581%;\">M&amp;W i Malm\u00f6 \u00f6ppnar anpassad gymnasieskola i b\u00f6rjan av h\u00f6stterminen<\/td>\n<\/tr>\n<\/tbody>\n<\/table>\n<p>&nbsp;<\/p>\n<p>Fr\u00e5n den f\u00f6rsta verksamheten fram till idag har f\u00f6retagets utvecklats fr\u00e5n ett f\u00e5tal till \u00f6ver 400 anst\u00e4llda i verksamheterna (G\u00f6teborg, Malm\u00f6, Solna). Olika verksamhetsformer har under \u00e5ren utvecklats f\u00f6r att kunna erbjuda v\u00e5ra kunder, elever och deras familjer ett aktivt l\u00e4rande och en sj\u00e4lvst\u00e4ndig och meningsfull vardag genom Konduktiv Pedagogik.<\/p>\n<h3><\/h3>\n<h3>Tr\u00e4ning<\/h3>\n<p>Efter en stor debatt till f\u00f6ljd av en dokument\u00e4rfilm p\u00e5 TV4 om Konduktiv Pedagogik \u201dtvingades\u201d Socialstyrelsen ge tillst\u00e5nd f\u00f6r Move &amp; Walk att starta sin verksamhet i N\u00e4ssj\u00f6 (1997). Detta tillst\u00e5nd var en m\u00f6jlighet som samtidigt st\u00e4llde h\u00f6ga krav p\u00e5 professionalitet, vetenskaplig bevisning och resultat. 1997 var det 14% av intensivtr\u00e4ningsdeltagande patienter som fick betalt fr\u00e5n den offentliga sektorn. Idag kommer ca 90% av patienterna via avtal med landsting genom offentliga upphandlingar. M&amp;W har idag flera avtal med olika landsting runt om i Sverige som bekostar en tr\u00e4ningsperiod, bl.a. VGR, SLL och Blekinge L\u00e4ns Landsting. Vi \u00e4r idag en del av det svenska h\u00e4lso- och sjukv\u00e5rdssystemet.<\/p>\n<h3><\/h3>\n<h3>Skola<\/h3>\n<p>Under m\u00e5nga \u00e5r \u00f6nskade familjer att f\u00e5 tillg\u00e5ng till v\u00e5ra Conductorers kunskaper \u00e4ven i sin vardag, det vill s\u00e4ga under skoldagen. 2008 var vi som friskola redo att starta en ny verksamhet och d\u00e4rmed inf\u00f6ra Konduktiv Pedagogik i det svenska pedagogiska systemet.<\/p>\n<p>N\u00e5gra av v\u00e5ra grundskoleelever avslutade s\u00e5 sm\u00e5ningom sina grundskolestudier och f\u00f6r att s\u00e4kerst\u00e4lla elevernas vidare skolg\u00e5ng ans\u00f6kte vi 2009 om tillst\u00e5nd f\u00f6r att starta gymnasies\u00e4rskola. Gymnasieskolan \u00f6ppnades h\u00f6stterminen 2011.<\/p>\n<p>H\u00f6stterminen 2014 startade Move &amp; Walk Skola i Malm\u00f6 med grunds\u00e4rskola och h\u00f6stterminen 2016 \u00f6ppnade skolan i Solna upp med b\u00e5de grund- och gymnasies\u00e4rskola.<\/p>\n<h3><\/h3>\n<h3>Assistans<\/h3>\n<p>I b\u00f6rjan p\u00e5 90-talet reformerades det svenska omsorgssystemet med LSS-lagen. Funktionsnedsattas r\u00e4tt till personlig assistans var ett stort steg mot en ny niv\u00e5 i det svenska samh\u00e4llets handikappolitik.<\/p>\n<p>I v\u00e5r tr\u00e4ningsverksamhet tr\u00e4ffade vi familjer som deltog i programmet tillsammans med sina personliga assistenter. B\u00e5de vi och f\u00f6r\u00e4ldrarna upplevde att det st\u00f6d vi kunde ge v\u00e5ra assistenter f\u00f6r att f\u00f6rst\u00e5 och kunna st\u00f6dja sina brukare\/kunder p\u00e5 ett mer professionellt s\u00e4tt, var ov\u00e4rderligt. Alla \u00f6nskade att f\u00e5 mer av oss!<\/p>\n<p>2010 i mars startade vi d\u00e4rf\u00f6r assistansverksamheten. Bland m\u00e5nga assistanssamordnare stack vi ut hakan d\u00e5 vi blandade administration (av personlig assistans) och kunskap (Konduktiv Pedagogik).<\/p>\n<p>Verksamheten v\u00e4nder sig i f\u00f6rsta hand till befintliga tr\u00e4nande i Move &amp; Walk. De familjer som har insett vad Move &amp; Walk kan tillf\u00f6ra i deras vardag k\u00e4nner att de vill ha tillg\u00e5ng till detta i alla olika former.<\/p>\n<h3><\/h3>\n<h3>Daglig verksamhet<\/h3>\n<p>I december 2015 startade Move &amp; Walk Daglig Verksamhet i G\u00f6teborg. Vi erbjuder en l\u00e5ngsiktig och meningsfull syssels\u00e4ttning, baserad p\u00e5 aktiviteter som bidrar till personlig utveckling och \u00f6kad livskvalitet \u2013 ett sj\u00e4lvst\u00e4ndigare liv. Kommunikation, IT\/Sociala medier, konst och kultur samt sociala aktiviteter \u00e4r v\u00e5ra fokusomr\u00e5den och hela verksamheten genomsyras av Konduktiv Pedagogik. Sedan 2019 finns \u00e4ven Daglig Verksamhet hos Move &amp; Walk i Solna.<\/p>\n<p>Verksamheten v\u00e4nder sig till personer mellan 20 och 65 \u00e5r med varaktiga r\u00f6relseneds\u00e4ttningar,\u00a0 utvecklingsst\u00f6rning, autism, \u00f6vriga neuropsykiatriska funktionsneds\u00e4ttningar eller de som har f\u00e5tt en betydande hj\u00e4rnskada.<\/p>\n<\/div>\n<\/div>\n<\/section>\n<\/div>\n<p>[\/et_pb_text][\/et_pb_column][\/et_pb_row][\/et_pb_section]<\/p>\n","protected":false},"excerpt":{"rendered":"<p>Historia Ungern Eszter Horv\u00e1th T\u00f3thn\u00e9 grundar Move &amp; Walk Skola i Budapest 1991 Sverige 1997 Grundaren Eszter Horv\u00e1th T\u00f3thn\u00e9 \u00f6ppnar Move &amp; Walk (M&amp;W) i N\u00e4ssj\u00f6. Samma \u00e5r startar hon \u00e4ven Move &amp; Walk Intressef\u00f6reningen i Sverige\/N\u00e4ssj\u00f6 &#8211; N\u00e4ssj\u00f6 N\u00e4ringsliv AB 1998 Praktikertj\u00e4nst Move &amp; Walk \u2013 f\u00f6retaget verkar nu i b\u00e5de N\u00e4ssj\u00f6 och Solna [&hellip;]<\/p>\n","protected":false},"author":1,"featured_media":0,"parent":0,"menu_order":0,"comment_status":"closed","ping_status":"closed","template":"","meta":{"_acf_changed":false,"_et_pb_use_builder":"on","_et_pb_old_content":"<!-- wp:divi\/placeholder \/-->","_et_gb_content_width":"","footnotes":""},"class_list":["post-315","page","type-page","status-publish","hentry"],"acf":[],"yoast_head":"<!-- This site is optimized with the Yoast SEO plugin v27.3 - https:\/\/yoast.com\/product\/yoast-seo-wordpress\/ -->\n<title>Historia - Move &amp; Walk<\/title>\n<meta name=\"description\" content=\"Move &amp; Walk&#039;s historia b\u00f6rjar i 1991. Eszter Horv\u00e1th T\u00f3thn\u00e9 grundar Move &amp; Walk i Budapest 1991. 1997 \u00f6ppnar Move &amp; Walk i N\u00e4ssj\u00f6.\" \/>\n<meta name=\"robots\" content=\"index, follow, max-snippet:-1, max-image-preview:large, max-video-preview:-1\" \/>\n<link rel=\"canonical\" href=\"https:\/\/movewalk.se\/en_gb\/historia\/\" \/>\n<meta property=\"og:locale\" content=\"en_GB\" \/>\n<meta property=\"og:type\" content=\"article\" \/>\n<meta property=\"og:title\" content=\"Historia - Move &amp; Walk\" \/>\n<meta property=\"og:description\" content=\"Move &amp; Walk&#039;s historia b\u00f6rjar i 1991. Eszter Horv\u00e1th T\u00f3thn\u00e9 grundar Move &amp; Walk i Budapest 1991. 1997 \u00f6ppnar Move &amp; Walk i N\u00e4ssj\u00f6.\" \/>\n<meta property=\"og:url\" content=\"https:\/\/movewalk.se\/en_gb\/historia\/\" \/>\n<meta property=\"og:site_name\" content=\"Move &amp; Walk\" \/>\n<meta property=\"article:modified_time\" content=\"2025-10-13T13:07:48+00:00\" \/>\n<meta name=\"twitter:card\" content=\"summary_large_image\" \/>\n<meta name=\"twitter:label1\" content=\"Estimated reading time\" \/>\n\t<meta name=\"twitter:data1\" content=\"4 minutes\" \/>\n<script type=\"application\/ld+json\" class=\"yoast-schema-graph\">{\"@context\":\"https:\\\/\\\/schema.org\",\"@graph\":[{\"@type\":\"WebPage\",\"@id\":\"https:\\\/\\\/movewalk.se\\\/historia\\\/\",\"url\":\"https:\\\/\\\/movewalk.se\\\/historia\\\/\",\"name\":\"Historia - Move &amp; Walk\",\"isPartOf\":{\"@id\":\"https:\\\/\\\/movewalk.se\\\/#website\"},\"datePublished\":\"2022-10-28T06:50:29+00:00\",\"dateModified\":\"2025-10-13T13:07:48+00:00\",\"description\":\"Move & Walk's historia b\u00f6rjar i 1991. Eszter Horv\u00e1th T\u00f3thn\u00e9 grundar Move & Walk i Budapest 1991. 1997 \u00f6ppnar Move & Walk i N\u00e4ssj\u00f6.\",\"breadcrumb\":{\"@id\":\"https:\\\/\\\/movewalk.se\\\/historia\\\/#breadcrumb\"},\"inLanguage\":\"en-GB\",\"potentialAction\":[{\"@type\":\"ReadAction\",\"target\":[\"https:\\\/\\\/movewalk.se\\\/historia\\\/\"]}]},{\"@type\":\"BreadcrumbList\",\"@id\":\"https:\\\/\\\/movewalk.se\\\/historia\\\/#breadcrumb\",\"itemListElement\":[{\"@type\":\"ListItem\",\"position\":1,\"name\":\"Home\",\"item\":\"https:\\\/\\\/movewalk.se\\\/\"},{\"@type\":\"ListItem\",\"position\":2,\"name\":\"Historia\"}]},{\"@type\":\"WebSite\",\"@id\":\"https:\\\/\\\/movewalk.se\\\/#website\",\"url\":\"https:\\\/\\\/movewalk.se\\\/\",\"name\":\"Move & Walk\",\"description\":\"V\u00e4gen till ett sj\u00e4lvst\u00e4ndigare liv\",\"publisher\":{\"@id\":\"https:\\\/\\\/movewalk.se\\\/#organization\"},\"potentialAction\":[{\"@type\":\"SearchAction\",\"target\":{\"@type\":\"EntryPoint\",\"urlTemplate\":\"https:\\\/\\\/movewalk.se\\\/?s={search_term_string}\"},\"query-input\":{\"@type\":\"PropertyValueSpecification\",\"valueRequired\":true,\"valueName\":\"search_term_string\"}}],\"inLanguage\":\"en-GB\"},{\"@type\":\"Organization\",\"@id\":\"https:\\\/\\\/movewalk.se\\\/#organization\",\"name\":\"Move & Walk\",\"url\":\"https:\\\/\\\/movewalk.se\\\/\",\"logo\":{\"@type\":\"ImageObject\",\"inLanguage\":\"en-GB\",\"@id\":\"https:\\\/\\\/movewalk.se\\\/#\\\/schema\\\/logo\\\/image\\\/\",\"url\":\"https:\\\/\\\/movewalk.se\\\/wp-content\\\/uploads\\\/2023\\\/02\\\/MoveWalk_med-text.png\",\"contentUrl\":\"https:\\\/\\\/movewalk.se\\\/wp-content\\\/uploads\\\/2023\\\/02\\\/MoveWalk_med-text.png\",\"width\":1182,\"height\":211,\"caption\":\"Move & Walk\"},\"image\":{\"@id\":\"https:\\\/\\\/movewalk.se\\\/#\\\/schema\\\/logo\\\/image\\\/\"}}]}<\/script>\n<!-- \/ Yoast SEO plugin. -->","yoast_head_json":{"title":"Historia - Move &amp; Walk","description":"Move & Walk's historia b\u00f6rjar i 1991. Eszter Horv\u00e1th T\u00f3thn\u00e9 grundar Move & Walk i Budapest 1991. 1997 \u00f6ppnar Move & Walk i N\u00e4ssj\u00f6.","robots":{"index":"index","follow":"follow","max-snippet":"max-snippet:-1","max-image-preview":"max-image-preview:large","max-video-preview":"max-video-preview:-1"},"canonical":"https:\/\/movewalk.se\/en_gb\/historia\/","og_locale":"en_GB","og_type":"article","og_title":"Historia - Move &amp; Walk","og_description":"Move & Walk's historia b\u00f6rjar i 1991. Eszter Horv\u00e1th T\u00f3thn\u00e9 grundar Move & Walk i Budapest 1991. 1997 \u00f6ppnar Move & Walk i N\u00e4ssj\u00f6.","og_url":"https:\/\/movewalk.se\/en_gb\/historia\/","og_site_name":"Move &amp; Walk","article_modified_time":"2025-10-13T13:07:48+00:00","twitter_card":"summary_large_image","twitter_misc":{"Estimated reading time":"4 minutes"},"schema":{"@context":"https:\/\/schema.org","@graph":[{"@type":"WebPage","@id":"https:\/\/movewalk.se\/historia\/","url":"https:\/\/movewalk.se\/historia\/","name":"Historia - Move &amp; Walk","isPartOf":{"@id":"https:\/\/movewalk.se\/#website"},"datePublished":"2022-10-28T06:50:29+00:00","dateModified":"2025-10-13T13:07:48+00:00","description":"Move & Walk's historia b\u00f6rjar i 1991. Eszter Horv\u00e1th T\u00f3thn\u00e9 grundar Move & Walk i Budapest 1991. 1997 \u00f6ppnar Move & Walk i N\u00e4ssj\u00f6.","breadcrumb":{"@id":"https:\/\/movewalk.se\/historia\/#breadcrumb"},"inLanguage":"en-GB","potentialAction":[{"@type":"ReadAction","target":["https:\/\/movewalk.se\/historia\/"]}]},{"@type":"BreadcrumbList","@id":"https:\/\/movewalk.se\/historia\/#breadcrumb","itemListElement":[{"@type":"ListItem","position":1,"name":"Home","item":"https:\/\/movewalk.se\/"},{"@type":"ListItem","position":2,"name":"Historia"}]},{"@type":"WebSite","@id":"https:\/\/movewalk.se\/#website","url":"https:\/\/movewalk.se\/","name":"Move & Walk","description":"The path to a more independent life","publisher":{"@id":"https:\/\/movewalk.se\/#organization"},"potentialAction":[{"@type":"SearchAction","target":{"@type":"EntryPoint","urlTemplate":"https:\/\/movewalk.se\/?s={search_term_string}"},"query-input":{"@type":"PropertyValueSpecification","valueRequired":true,"valueName":"search_term_string"}}],"inLanguage":"en-GB"},{"@type":"Organization","@id":"https:\/\/movewalk.se\/#organization","name":"Move & Walk","url":"https:\/\/movewalk.se\/","logo":{"@type":"ImageObject","inLanguage":"en-GB","@id":"https:\/\/movewalk.se\/#\/schema\/logo\/image\/","url":"https:\/\/movewalk.se\/wp-content\/uploads\/2023\/02\/MoveWalk_med-text.png","contentUrl":"https:\/\/movewalk.se\/wp-content\/uploads\/2023\/02\/MoveWalk_med-text.png","width":1182,"height":211,"caption":"Move & Walk"},"image":{"@id":"https:\/\/movewalk.se\/#\/schema\/logo\/image\/"}}]}},"_links":{"self":[{"href":"https:\/\/movewalk.se\/en_gb\/wp-json\/wp\/v2\/pages\/315","targetHints":{"allow":["GET"]}}],"collection":[{"href":"https:\/\/movewalk.se\/en_gb\/wp-json\/wp\/v2\/pages"}],"about":[{"href":"https:\/\/movewalk.se\/en_gb\/wp-json\/wp\/v2\/types\/page"}],"author":[{"embeddable":true,"href":"https:\/\/movewalk.se\/en_gb\/wp-json\/wp\/v2\/users\/1"}],"replies":[{"embeddable":true,"href":"https:\/\/movewalk.se\/en_gb\/wp-json\/wp\/v2\/comments?post=315"}],"version-history":[{"count":14,"href":"https:\/\/movewalk.se\/en_gb\/wp-json\/wp\/v2\/pages\/315\/revisions"}],"predecessor-version":[{"id":3423,"href":"https:\/\/movewalk.se\/en_gb\/wp-json\/wp\/v2\/pages\/315\/revisions\/3423"}],"wp:attachment":[{"href":"https:\/\/movewalk.se\/en_gb\/wp-json\/wp\/v2\/media?parent=315"}],"curies":[{"name":"wp","href":"https:\/\/api.w.org\/{rel}","templated":true}]}}