{"id":321,"date":"2022-10-28T06:51:21","date_gmt":"2022-10-28T06:51:21","guid":{"rendered":"https:\/\/moveandwalk.net\/?page_id=321"},"modified":"2023-03-17T08:14:14","modified_gmt":"2023-03-17T08:14:14","slug":"kvalitet","status":"publish","type":"page","link":"https:\/\/movewalk.se\/en_gb\/kvalitet\/","title":{"rendered":"Quality"},"content":{"rendered":"<p>[et_pb_section fb_built=&#8221;1&#8243; _builder_version=&#8221;4.18.1&#8243; _module_preset=&#8221;default&#8221; global_colors_info=&#8221;{}&#8221;][et_pb_row _builder_version=&#8221;4.18.1&#8243; _module_preset=&#8221;default&#8221; global_colors_info=&#8221;{}&#8221;][et_pb_column type=&#8221;4_4&#8243; _builder_version=&#8221;4.18.1&#8243; _module_preset=&#8221;default&#8221; global_colors_info=&#8221;{}&#8221;][et_pb_text _builder_version=&#8221;4.20.2&#8243; _module_preset=&#8221;default&#8221; text_font_size=&#8221;17px&#8221; header_font_size=&#8221;31px&#8221; hover_enabled=&#8221;0&#8243; global_colors_info=&#8221;{}&#8221; sticky_enabled=&#8221;0&#8243;]<\/p>\n<div class=\"flexibelContentRow\">\n<div class=\"flexibelContentRubrik\">\n<h1>Move &amp; Walk:s kvalitetspolicy<\/h1>\n<\/div>\n<div class=\"flexibelContentIntroText\">\n<p>&nbsp;<\/p>\n<p>Move &amp; Walks kvalitetspolicy \u00e4r framtagen p\u00e5 uppdrag av f\u00f6retagets styrelse och \u00e4r ett dokument med riktlinjer avseende kvalitet och faktorer som p\u00e5verkar kvaliteten. Alla inom f\u00f6retaget f\u00f6rv\u00e4ntas f\u00f6lja policyn, s\u00e5v\u00e4l anst\u00e4llda som styrelsemedlemmar.<\/p>\n<p>&nbsp;<\/p>\n<\/div>\n<\/div>\n<div class=\"flexibelContentRow\">\n<div class=\"flexibelContentText\">\n<h3><strong>Syfte<\/strong><\/h3>\n<p>Vi tillhandah\u00e5ller tr\u00e4ning, skola, personlig assistans och daglig verksamhet i ett unikt koncept enligt Konduktiv Pedagogik. Genom v\u00e5ra tj\u00e4nster skapar vi en b\u00e4ttre vardag och h\u00f6gre livskvalitet f\u00f6r m\u00e4nniskor med funktionsneds\u00e4ttningar. Genom v\u00e5r breda kompetens ger vi v\u00e5ra kunder m\u00f6jlighet att utveckla sina f\u00f6rm\u00e5gor, h\u00f6ja sin livskvalitet och sitt sj\u00e4lvf\u00f6rtroende. M\u00e5let med Move &amp; Walks kvalitetsarbete \u00e4r n\u00f6jda kunder, d\u00e4r vi levererar resultat som \u00f6vertr\u00e4ffar deras f\u00f6rv\u00e4ntningar. Move &amp; Walks namn skall vara f\u00f6rknippat med h\u00f6g kvalitet vad g\u00e4ller personal, tj\u00e4nster och kundservice.<\/p>\n<h3><strong><\/strong><\/h3>\n<h3><strong>Riktlinjer<\/strong><\/h3>\n<p>Ledningen skall s\u00e4tta klara kvalitetsm\u00e5l som kommuniceras, f\u00f6ljs upp och revideras regelbundet. Som st\u00f6d i kvalitetsarbetet anv\u00e4nder f\u00f6retaget den internationella kvalitetsstandarden ISO 9001.<\/p>\n<h3><strong><\/strong><\/h3>\n<h3><strong>Kundtillfredsst\u00e4llelse<\/strong><\/h3>\n<p>V\u00e5r fr\u00e4msta framg\u00e5ngsfaktor \u00e4r n\u00f6jda kunder. D\u00e4rf\u00f6r<\/p>\n<ul>\n<li>utg\u00e5r vi fr\u00e5n vad som \u00e4r b\u00e4st f\u00f6r kunden p\u00e5 l\u00e5ng sikt<\/li>\n<li>\u00e4r vi alltid samarbetsvilliga n\u00e4r det g\u00e4ller v\u00e5ra kunder och verkar f\u00f6r delaktighet<\/li>\n<li>visar vi upp v\u00e5rt kunnande och ger ett kompetent intryck i kundens \u00f6gon<\/li>\n<li>tillhandah\u00e5ller vi s\u00e4kra, tidsbesparande, l\u00e4ttanv\u00e4nda och prisv\u00e4rda tj\u00e4nster.<\/li>\n<\/ul>\n<h3><strong><\/strong><\/h3>\n<h3><strong>Medarbetartillfredst\u00e4llelse<\/strong><\/h3>\n<p>En god och produktiv arbetsmilj\u00f6 \u00e4r en framg\u00e5ngsfaktor. D\u00e4rf\u00f6r<\/p>\n<ul>\n<li>arbetar samtliga medarbetare som ett lag d\u00e4r vetskap finns om den individuella arbetsinsatsens betydelse f\u00f6r helheten<\/li>\n<li>tillg\u00e4ngligg\u00f6rs kritisk information i syfte att arbete skall utf\u00f6ras med kvalitet och framg\u00e5ng<\/li>\n<li>uppm\u00e4rksammar och bekr\u00e4ftar vi framg\u00e5ng samt bel\u00f6nar framg\u00e5ng<\/li>\n<li>tillser vi att r\u00e4tt person \u00e4r p\u00e5 r\u00e4tt plats genom v\u00e4lplanerad rekrytering och vidareutbildning<\/li>\n<li>f\u00f6ljer vi v\u00e5r v\u00e4rdegrund.<\/li>\n<\/ul>\n<h3><strong><\/strong><\/h3>\n<h3><strong>Samh\u00e4lle<\/strong><\/h3>\n<p>F\u00f6retaget ing\u00e5r i ett st\u00f6rre sammanhang. D\u00e4rf\u00f6r<\/p>\n<ul>\n<li>f\u00f6ljer vi de lagar och f\u00f6rordningar som r\u00e5der men \u00e4ven f\u00f6retagets etiska regler och policys<\/li>\n<li>bedriver vi ett teamarbete i v\u00e5rdprocessen<\/li>\n<li>har vi kretsloppsbegreppet i \u00e5tanke vid beslut<\/li>\n<li>minimerar vi negativ p\u00e5verkan p\u00e5 luft, vatten och mark<\/li>\n<li>minimerar vi f\u00f6rbrukning av vatten och energi<\/li>\n<\/ul>\n<h3><strong><\/strong><\/h3>\n<h3><strong>St\u00e4ndiga f\u00f6rb\u00e4ttringar<\/strong><\/h3>\n<p>V\u00e5r omv\u00e4rldsmilj\u00f6 och aff\u00e4rsid\u00e9 kr\u00e4ver st\u00e4ndiga f\u00f6rb\u00e4ttringar i genomf\u00f6randet. D\u00e4rf\u00f6r<\/p>\n<ul>\n<li>baserar vi v\u00e5ra beslut p\u00e5 fakta och m\u00e4tningar<\/li>\n<li>f\u00f6rb\u00e4ttrar vi kontinuerligt v\u00e5rt kvalitetsledningssystem<\/li>\n<li>g\u00f6r vi r\u00e4tt saker i r\u00e4tt tid och p\u00e5 r\u00e4tt s\u00e4tt<\/li>\n<li>arbetar vi proaktivt med att f\u00f6rebygga problem och risker<\/li>\n<li>engagerar vi medarbetare och andra intressenter i det dagliga f\u00f6rb\u00e4ttringsarbetet i syfte att \u00f6ka kundtillfredsst\u00e4llelsen<\/li>\n<\/ul>\n<\/div>\n<\/div>\n<p>[\/et_pb_text][\/et_pb_column][\/et_pb_row][\/et_pb_section]<\/p>\n","protected":false},"excerpt":{"rendered":"<p>Move &amp; Walk:s kvalitetspolicy &nbsp; Move &amp; Walks kvalitetspolicy \u00e4r framtagen p\u00e5 uppdrag av f\u00f6retagets styrelse och \u00e4r ett dokument med riktlinjer avseende kvalitet och faktorer som p\u00e5verkar kvaliteten. Alla inom f\u00f6retaget f\u00f6rv\u00e4ntas f\u00f6lja policyn, s\u00e5v\u00e4l anst\u00e4llda som styrelsemedlemmar. &nbsp; Syfte Vi tillhandah\u00e5ller tr\u00e4ning, skola, personlig assistans och daglig verksamhet i ett unikt koncept enligt [&hellip;]<\/p>\n","protected":false},"author":1,"featured_media":0,"parent":0,"menu_order":0,"comment_status":"closed","ping_status":"closed","template":"","meta":{"_acf_changed":false,"_et_pb_use_builder":"on","_et_pb_old_content":"<!-- wp:divi\/placeholder \/-->","_et_gb_content_width":"","footnotes":""},"class_list":["post-321","page","type-page","status-publish","hentry"],"acf":[],"yoast_head":"<!-- This site is optimized with the Yoast SEO plugin v27.3 - https:\/\/yoast.com\/product\/yoast-seo-wordpress\/ -->\n<title>Kvalitet - Move &amp; Walk<\/title>\n<meta name=\"robots\" content=\"index, follow, max-snippet:-1, max-image-preview:large, max-video-preview:-1\" \/>\n<link rel=\"canonical\" href=\"https:\/\/movewalk.se\/en_gb\/kvalitet\/\" \/>\n<meta property=\"og:locale\" content=\"en_GB\" \/>\n<meta property=\"og:type\" content=\"article\" \/>\n<meta property=\"og:title\" content=\"Kvalitet - Move &amp; Walk\" \/>\n<meta property=\"og:url\" content=\"https:\/\/movewalk.se\/en_gb\/kvalitet\/\" \/>\n<meta property=\"og:site_name\" content=\"Move &amp; Walk\" \/>\n<meta property=\"article:modified_time\" content=\"2023-03-17T08:14:14+00:00\" \/>\n<meta name=\"twitter:card\" content=\"summary_large_image\" \/>\n<meta name=\"twitter:label1\" content=\"Estimated reading time\" \/>\n\t<meta name=\"twitter:data1\" content=\"3 minutes\" \/>\n<script type=\"application\/ld+json\" class=\"yoast-schema-graph\">{\"@context\":\"https:\\\/\\\/schema.org\",\"@graph\":[{\"@type\":\"WebPage\",\"@id\":\"https:\\\/\\\/movewalk.se\\\/kvalitet\\\/\",\"url\":\"https:\\\/\\\/movewalk.se\\\/kvalitet\\\/\",\"name\":\"Kvalitet - Move &amp; Walk\",\"isPartOf\":{\"@id\":\"https:\\\/\\\/movewalk.se\\\/#website\"},\"datePublished\":\"2022-10-28T06:51:21+00:00\",\"dateModified\":\"2023-03-17T08:14:14+00:00\",\"breadcrumb\":{\"@id\":\"https:\\\/\\\/movewalk.se\\\/kvalitet\\\/#breadcrumb\"},\"inLanguage\":\"en-GB\",\"potentialAction\":[{\"@type\":\"ReadAction\",\"target\":[\"https:\\\/\\\/movewalk.se\\\/kvalitet\\\/\"]}]},{\"@type\":\"BreadcrumbList\",\"@id\":\"https:\\\/\\\/movewalk.se\\\/kvalitet\\\/#breadcrumb\",\"itemListElement\":[{\"@type\":\"ListItem\",\"position\":1,\"name\":\"Home\",\"item\":\"https:\\\/\\\/movewalk.se\\\/\"},{\"@type\":\"ListItem\",\"position\":2,\"name\":\"Kvalitet\"}]},{\"@type\":\"WebSite\",\"@id\":\"https:\\\/\\\/movewalk.se\\\/#website\",\"url\":\"https:\\\/\\\/movewalk.se\\\/\",\"name\":\"Move & Walk\",\"description\":\"V\u00e4gen till ett sj\u00e4lvst\u00e4ndigare liv\",\"publisher\":{\"@id\":\"https:\\\/\\\/movewalk.se\\\/#organization\"},\"potentialAction\":[{\"@type\":\"SearchAction\",\"target\":{\"@type\":\"EntryPoint\",\"urlTemplate\":\"https:\\\/\\\/movewalk.se\\\/?s={search_term_string}\"},\"query-input\":{\"@type\":\"PropertyValueSpecification\",\"valueRequired\":true,\"valueName\":\"search_term_string\"}}],\"inLanguage\":\"en-GB\"},{\"@type\":\"Organization\",\"@id\":\"https:\\\/\\\/movewalk.se\\\/#organization\",\"name\":\"Move & Walk\",\"url\":\"https:\\\/\\\/movewalk.se\\\/\",\"logo\":{\"@type\":\"ImageObject\",\"inLanguage\":\"en-GB\",\"@id\":\"https:\\\/\\\/movewalk.se\\\/#\\\/schema\\\/logo\\\/image\\\/\",\"url\":\"https:\\\/\\\/movewalk.se\\\/wp-content\\\/uploads\\\/2023\\\/02\\\/MoveWalk_med-text.png\",\"contentUrl\":\"https:\\\/\\\/movewalk.se\\\/wp-content\\\/uploads\\\/2023\\\/02\\\/MoveWalk_med-text.png\",\"width\":1182,\"height\":211,\"caption\":\"Move & Walk\"},\"image\":{\"@id\":\"https:\\\/\\\/movewalk.se\\\/#\\\/schema\\\/logo\\\/image\\\/\"}}]}<\/script>\n<!-- \/ Yoast SEO plugin. -->","yoast_head_json":{"title":"Kvalitet - Move &amp; Walk","robots":{"index":"index","follow":"follow","max-snippet":"max-snippet:-1","max-image-preview":"max-image-preview:large","max-video-preview":"max-video-preview:-1"},"canonical":"https:\/\/movewalk.se\/en_gb\/kvalitet\/","og_locale":"en_GB","og_type":"article","og_title":"Kvalitet - Move &amp; Walk","og_url":"https:\/\/movewalk.se\/en_gb\/kvalitet\/","og_site_name":"Move &amp; Walk","article_modified_time":"2023-03-17T08:14:14+00:00","twitter_card":"summary_large_image","twitter_misc":{"Estimated reading time":"3 minutes"},"schema":{"@context":"https:\/\/schema.org","@graph":[{"@type":"WebPage","@id":"https:\/\/movewalk.se\/kvalitet\/","url":"https:\/\/movewalk.se\/kvalitet\/","name":"Kvalitet - Move &amp; Walk","isPartOf":{"@id":"https:\/\/movewalk.se\/#website"},"datePublished":"2022-10-28T06:51:21+00:00","dateModified":"2023-03-17T08:14:14+00:00","breadcrumb":{"@id":"https:\/\/movewalk.se\/kvalitet\/#breadcrumb"},"inLanguage":"en-GB","potentialAction":[{"@type":"ReadAction","target":["https:\/\/movewalk.se\/kvalitet\/"]}]},{"@type":"BreadcrumbList","@id":"https:\/\/movewalk.se\/kvalitet\/#breadcrumb","itemListElement":[{"@type":"ListItem","position":1,"name":"Home","item":"https:\/\/movewalk.se\/"},{"@type":"ListItem","position":2,"name":"Kvalitet"}]},{"@type":"WebSite","@id":"https:\/\/movewalk.se\/#website","url":"https:\/\/movewalk.se\/","name":"Move & Walk","description":"The path to a more independent life","publisher":{"@id":"https:\/\/movewalk.se\/#organization"},"potentialAction":[{"@type":"SearchAction","target":{"@type":"EntryPoint","urlTemplate":"https:\/\/movewalk.se\/?s={search_term_string}"},"query-input":{"@type":"PropertyValueSpecification","valueRequired":true,"valueName":"search_term_string"}}],"inLanguage":"en-GB"},{"@type":"Organization","@id":"https:\/\/movewalk.se\/#organization","name":"Move & Walk","url":"https:\/\/movewalk.se\/","logo":{"@type":"ImageObject","inLanguage":"en-GB","@id":"https:\/\/movewalk.se\/#\/schema\/logo\/image\/","url":"https:\/\/movewalk.se\/wp-content\/uploads\/2023\/02\/MoveWalk_med-text.png","contentUrl":"https:\/\/movewalk.se\/wp-content\/uploads\/2023\/02\/MoveWalk_med-text.png","width":1182,"height":211,"caption":"Move & Walk"},"image":{"@id":"https:\/\/movewalk.se\/#\/schema\/logo\/image\/"}}]}},"_links":{"self":[{"href":"https:\/\/movewalk.se\/en_gb\/wp-json\/wp\/v2\/pages\/321","targetHints":{"allow":["GET"]}}],"collection":[{"href":"https:\/\/movewalk.se\/en_gb\/wp-json\/wp\/v2\/pages"}],"about":[{"href":"https:\/\/movewalk.se\/en_gb\/wp-json\/wp\/v2\/types\/page"}],"author":[{"embeddable":true,"href":"https:\/\/movewalk.se\/en_gb\/wp-json\/wp\/v2\/users\/1"}],"replies":[{"embeddable":true,"href":"https:\/\/movewalk.se\/en_gb\/wp-json\/wp\/v2\/comments?post=321"}],"version-history":[{"count":4,"href":"https:\/\/movewalk.se\/en_gb\/wp-json\/wp\/v2\/pages\/321\/revisions"}],"predecessor-version":[{"id":1310,"href":"https:\/\/movewalk.se\/en_gb\/wp-json\/wp\/v2\/pages\/321\/revisions\/1310"}],"wp:attachment":[{"href":"https:\/\/movewalk.se\/en_gb\/wp-json\/wp\/v2\/media?parent=321"}],"curies":[{"name":"wp","href":"https:\/\/api.w.org\/{rel}","templated":true}]}}