{"id":323,"date":"2022-10-28T06:51:38","date_gmt":"2022-10-28T06:51:38","guid":{"rendered":"https:\/\/moveandwalk.net\/?page_id=323"},"modified":"2023-04-13T14:25:51","modified_gmt":"2023-04-13T14:25:51","slug":"gdpr","status":"publish","type":"page","link":"https:\/\/movewalk.se\/en_gb\/gdpr\/","title":{"rendered":"GDPR"},"content":{"rendered":"<p>[et_pb_section fb_built=&#8221;1&#8243; _builder_version=&#8221;4.18.1&#8243; _module_preset=&#8221;default&#8221; global_colors_info=&#8221;{}&#8221;][et_pb_row _builder_version=&#8221;4.18.1&#8243; _module_preset=&#8221;default&#8221; global_colors_info=&#8221;{}&#8221;][et_pb_column type=&#8221;4_4&#8243; _builder_version=&#8221;4.18.1&#8243; _module_preset=&#8221;default&#8221; global_colors_info=&#8221;{}&#8221;][et_pb_text _builder_version=&#8221;4.20.4&#8243; _module_preset=&#8221;default&#8221; text_font_size=&#8221;17px&#8221; link_font=&#8221;||||on||||&#8221; link_text_color=&#8221;#000000&#8243; header_font_size=&#8221;31px&#8221; header_3_font_size=&#8221;27px&#8221; hover_enabled=&#8221;0&#8243; global_colors_info=&#8221;{}&#8221; sticky_enabled=&#8221;0&#8243;]<\/p>\n<div class=\"flexibelContentRow\">\n<div class=\"flexibelContentRubrik\">\n<h1>Move &amp; Walk GDPR-policy<\/h1>\n<\/div>\n<div class=\"flexibelContentIntroText\">\n<p>&nbsp;<\/p>\n<p>Move &amp; Walk bedriver ett aktivt arbete med att h\u00e5lla v\u00e5r verksamhet uppdaterad inom alla till\u00e4mpliga delar i enlighet med de f\u00f6reskrifter och lagar som g\u00e4ller f\u00f6r GDPR.<\/p>\n<p>&nbsp;<\/p>\n<\/div>\n<\/div>\n<div class=\"flexibelContentRow\">\n<div class=\"flexibelContentText\">\n<h3><\/h3>\n<h3><\/h3>\n<h3>Behandling av personuppgifter<\/h3>\n<p>Behandling av personuppgifter inneb\u00e4r<span>\u00a0<\/span><em>\u201cen \u00e5tg\u00e4rd eller kombination av \u00e5tg\u00e4rder betr\u00e4ffande personuppgifter eller upps\u00e4ttningar av personuppgifter, oberoende av om de utf\u00f6rs automatiserat eller ej, s\u00e5som insamling, registrering, organisering, strukturering, lagring, bearbetning eller \u00e4ndring, framtagning, l\u00e4sning, anv\u00e4ndning, utl\u00e4mning genom \u00f6verf\u00f6ring, spridning eller tillhandah\u00e5llande p\u00e5 annat s\u00e4tt, justering eller sammanf\u00f6rande, begr\u00e4nsning, radering eller f\u00f6rst\u00f6ring\u201d.<\/em><\/p>\n<h3><\/h3>\n<h3>Personuppgifter<\/h3>\n<p>En personuppgift \u00e4r<span>\u00a0<\/span><em>\u201cvarje upplysning som avser en identifierad eller identifierbar fysisk person (nedan kallad<span>\u00a0<\/span><\/em><em>en registrerad<\/em><em>), varvid en identifierbar fysisk person \u00e4r en person som direkt eller indirekt kan identifieras s\u00e4rskilt med h\u00e4nvisning till en identifierare som ett namn, ett identifikationsnummer, en lokaliseringsuppgift eller online-identifikatorer eller en eller flera faktorer som \u00e4r specifika f\u00f6r personens fysiska, fysiologiska, genetiska, psykiska, ekonomiska, kulturella eller sociala identitet\u201d.<\/em><\/p>\n<h3><\/h3>\n<h3>Samtycke<\/h3>\n<p>Vi ber alla personer som tar kontakt med v\u00e5r verksamhet att ge sitt samtycke till att vi sparar uppgifterna de skickar till oss. Detta g\u00e4ller f\u00f6r personer som efterfr\u00e5gar information om v\u00e5ra verksamheter eller som skickar intressef\u00f6rfr\u00e5gan eller ans\u00f6kan om arbete hos oss. Den information som efterfr\u00e5gas av oss \u00e4r namn, adress, telefonnummer och mejladress och i fallet med jobbans\u00f6kan \u00e4ven CV d\u00e4r studier, tidigare anst\u00e4llningar och personliga uppgifter s\u00e5som intressen, ursprung och olika tillh\u00f6righeter kan framg\u00e5. Uppgifterna anv\u00e4nds vid aktuell eller framtida rekrytering eller vid n\u00e4tverkande, marknadsf\u00f6ring och informationsspridning om v\u00e5r verksamhet. Hanteringen av uppgifterna kommer att hanteras av v\u00e5ra verksamhets- och enhetschefer. Uppgifterna kommer inte att \u00f6verf\u00f6ras till tredjeland eller internationell organisation.<\/p>\n<p>Move &amp; Walk sparar dina uppgifter s\u00e5 l\u00e4nge det \u00e4r n\u00f6dv\u00e4ndigt (l\u00e4s vidare i v\u00e5r<span>\u00a0<\/span><a href=\"\/integritetspolicy\">Integritetspolicy<\/a>) eller fram till det att du \u00f6nskar att f\u00e5 dem borttagna ur v\u00e5ra register.<\/p>\n<p><em><strong>Observera<\/strong><span>\u00a0<\/span><\/em>att de olika\u00a0verksamheterna \u00e4r styrda av olika lagstiftningar. Det inneb\u00e4r att vi hanterar vissa personuppgifter p\u00e5 det s\u00e4tt som kr\u00e4vs f\u00f6r att vi skall kunna genomf\u00f6ra dessa enligt lagstiftning styrda tj\u00e4nster. Personuppgiftshantering f\u00f6rekommer d\u00e4rf\u00f6r i vissa fall utan s\u00e4rskild samtyckeshantering.<\/p>\n<h3><\/h3>\n<h3>Dina r\u00e4ttigheter<\/h3>\n<p>Du har som registrerad i v\u00e5r verksamhet r\u00e4tten att f\u00e5 ett registerutdrag av dina uppgifter, att bli raderat ur v\u00e5ra register, att \u00e5terkalla ditt samtycke, att g\u00f6ra inv\u00e4ndningar eller att klaga till en tillsynsmyndighet.<\/p>\n<h3><\/h3>\n<h3>Integritetspolicy<\/h3>\n<p>Med v\u00e5r integritetspolicy vill vi informera dig n\u00e4rmare om hur vi p\u00e5 olika s\u00e4tt tillvaratar ditt ber\u00e4ttigade intresse av integritetsskydd. H\u00e4r f\u00e5r du veta mer om hur vi behandlar dina personuppgifter, hur vi hanterar och skyddar din information samt hur du kan g\u00e5 tillv\u00e4ga om du vill framf\u00f6ra synpunkter eller klagom\u00e5l till oss.<\/p>\n<\/div>\n<\/div>\n<p>[\/et_pb_text][et_pb_button button_url=&#8221;\/integritetspolicy&#8221; button_text=&#8221;L\u00e4s Move &#038; Walks Integritetspolicy&#8221; _builder_version=&#8221;4.20.4&#8243; _module_preset=&#8221;default&#8221; custom_button=&#8221;on&#8221; button_text_color=&#8221;#FFFFFF&#8221; button_bg_color=&#8221;#023f86&#8243; button_border_width=&#8221;0px&#8221; button_border_radius=&#8221;23px&#8221; button_icon=&#8221;&#x35;||divi||400&#8243; hover_enabled=&#8221;0&#8243; global_colors_info=&#8221;{}&#8221; sticky_enabled=&#8221;0&#8243;][\/et_pb_button][et_pb_button button_url=&#8221;\/gdpr-i-skolan\/&#8221; button_text=&#8221;L\u00e4s mer om GDPR i Move &#038; Walks Skola&#8221; _builder_version=&#8221;4.20.4&#8243; _module_preset=&#8221;default&#8221; custom_button=&#8221;on&#8221; button_text_color=&#8221;#FFFFFF&#8221; button_bg_color=&#8221;#023f86&#8243; button_border_width=&#8221;0px&#8221; button_border_radius=&#8221;23px&#8221; button_icon=&#8221;&#x35;||divi||400&#8243; global_colors_info=&#8221;{}&#8221;][\/et_pb_button][\/et_pb_column][\/et_pb_row][\/et_pb_section]<\/p>\n","protected":false},"excerpt":{"rendered":"<p>Move &amp; Walk GDPR-policy &nbsp; Move &amp; Walk bedriver ett aktivt arbete med att h\u00e5lla v\u00e5r verksamhet uppdaterad inom alla till\u00e4mpliga delar i enlighet med de f\u00f6reskrifter och lagar som g\u00e4ller f\u00f6r GDPR. &nbsp; Behandling av personuppgifter Behandling av personuppgifter inneb\u00e4r\u00a0\u201cen \u00e5tg\u00e4rd eller kombination av \u00e5tg\u00e4rder betr\u00e4ffande personuppgifter eller upps\u00e4ttningar av personuppgifter, oberoende av om [&hellip;]<\/p>\n","protected":false},"author":1,"featured_media":0,"parent":0,"menu_order":0,"comment_status":"closed","ping_status":"closed","template":"","meta":{"_acf_changed":false,"_et_pb_use_builder":"on","_et_pb_old_content":"<!-- wp:divi\/placeholder \/-->","_et_gb_content_width":"","footnotes":""},"class_list":["post-323","page","type-page","status-publish","hentry"],"acf":[],"yoast_head":"<!-- This site is optimized with the Yoast SEO plugin v27.3 - https:\/\/yoast.com\/product\/yoast-seo-wordpress\/ -->\n<title>GDPR - Move &amp; Walk<\/title>\n<meta name=\"robots\" content=\"index, follow, max-snippet:-1, max-image-preview:large, max-video-preview:-1\" \/>\n<link rel=\"canonical\" href=\"https:\/\/movewalk.se\/en_gb\/gdpr\/\" \/>\n<meta property=\"og:locale\" content=\"en_GB\" \/>\n<meta property=\"og:type\" content=\"article\" \/>\n<meta property=\"og:title\" content=\"GDPR - Move &amp; Walk\" \/>\n<meta property=\"og:url\" content=\"https:\/\/movewalk.se\/en_gb\/gdpr\/\" \/>\n<meta property=\"og:site_name\" content=\"Move &amp; Walk\" \/>\n<meta property=\"article:modified_time\" content=\"2023-04-13T14:25:51+00:00\" \/>\n<meta name=\"twitter:card\" content=\"summary_large_image\" \/>\n<meta name=\"twitter:label1\" content=\"Estimated reading time\" \/>\n\t<meta name=\"twitter:data1\" content=\"3 minutes\" \/>\n<script type=\"application\/ld+json\" class=\"yoast-schema-graph\">{\"@context\":\"https:\\\/\\\/schema.org\",\"@graph\":[{\"@type\":\"WebPage\",\"@id\":\"https:\\\/\\\/movewalk.se\\\/en_gb\\\/gdpr\\\/\",\"url\":\"https:\\\/\\\/movewalk.se\\\/en_gb\\\/gdpr\\\/\",\"name\":\"GDPR - Move &amp; Walk\",\"isPartOf\":{\"@id\":\"https:\\\/\\\/movewalk.se\\\/#website\"},\"datePublished\":\"2022-10-28T06:51:38+00:00\",\"dateModified\":\"2023-04-13T14:25:51+00:00\",\"breadcrumb\":{\"@id\":\"https:\\\/\\\/movewalk.se\\\/en_gb\\\/gdpr\\\/#breadcrumb\"},\"inLanguage\":\"en-GB\",\"potentialAction\":[{\"@type\":\"ReadAction\",\"target\":[\"https:\\\/\\\/movewalk.se\\\/en_gb\\\/gdpr\\\/\"]}]},{\"@type\":\"BreadcrumbList\",\"@id\":\"https:\\\/\\\/movewalk.se\\\/en_gb\\\/gdpr\\\/#breadcrumb\",\"itemListElement\":[{\"@type\":\"ListItem\",\"position\":1,\"name\":\"Home\",\"item\":\"https:\\\/\\\/movewalk.se\\\/\"},{\"@type\":\"ListItem\",\"position\":2,\"name\":\"GDPR\"}]},{\"@type\":\"WebSite\",\"@id\":\"https:\\\/\\\/movewalk.se\\\/#website\",\"url\":\"https:\\\/\\\/movewalk.se\\\/\",\"name\":\"Move & Walk\",\"description\":\"V\u00e4gen till ett sj\u00e4lvst\u00e4ndigare liv\",\"publisher\":{\"@id\":\"https:\\\/\\\/movewalk.se\\\/#organization\"},\"potentialAction\":[{\"@type\":\"SearchAction\",\"target\":{\"@type\":\"EntryPoint\",\"urlTemplate\":\"https:\\\/\\\/movewalk.se\\\/?s={search_term_string}\"},\"query-input\":{\"@type\":\"PropertyValueSpecification\",\"valueRequired\":true,\"valueName\":\"search_term_string\"}}],\"inLanguage\":\"en-GB\"},{\"@type\":\"Organization\",\"@id\":\"https:\\\/\\\/movewalk.se\\\/#organization\",\"name\":\"Move & Walk\",\"url\":\"https:\\\/\\\/movewalk.se\\\/\",\"logo\":{\"@type\":\"ImageObject\",\"inLanguage\":\"en-GB\",\"@id\":\"https:\\\/\\\/movewalk.se\\\/#\\\/schema\\\/logo\\\/image\\\/\",\"url\":\"https:\\\/\\\/movewalk.se\\\/wp-content\\\/uploads\\\/2023\\\/02\\\/MoveWalk_med-text.png\",\"contentUrl\":\"https:\\\/\\\/movewalk.se\\\/wp-content\\\/uploads\\\/2023\\\/02\\\/MoveWalk_med-text.png\",\"width\":1182,\"height\":211,\"caption\":\"Move & Walk\"},\"image\":{\"@id\":\"https:\\\/\\\/movewalk.se\\\/#\\\/schema\\\/logo\\\/image\\\/\"}}]}<\/script>\n<!-- \/ Yoast SEO plugin. -->","yoast_head_json":{"title":"GDPR - Move &amp; Walk","robots":{"index":"index","follow":"follow","max-snippet":"max-snippet:-1","max-image-preview":"max-image-preview:large","max-video-preview":"max-video-preview:-1"},"canonical":"https:\/\/movewalk.se\/en_gb\/gdpr\/","og_locale":"en_GB","og_type":"article","og_title":"GDPR - Move &amp; Walk","og_url":"https:\/\/movewalk.se\/en_gb\/gdpr\/","og_site_name":"Move &amp; Walk","article_modified_time":"2023-04-13T14:25:51+00:00","twitter_card":"summary_large_image","twitter_misc":{"Estimated reading time":"3 minutes"},"schema":{"@context":"https:\/\/schema.org","@graph":[{"@type":"WebPage","@id":"https:\/\/movewalk.se\/en_gb\/gdpr\/","url":"https:\/\/movewalk.se\/en_gb\/gdpr\/","name":"GDPR - Move &amp; Walk","isPartOf":{"@id":"https:\/\/movewalk.se\/#website"},"datePublished":"2022-10-28T06:51:38+00:00","dateModified":"2023-04-13T14:25:51+00:00","breadcrumb":{"@id":"https:\/\/movewalk.se\/en_gb\/gdpr\/#breadcrumb"},"inLanguage":"en-GB","potentialAction":[{"@type":"ReadAction","target":["https:\/\/movewalk.se\/en_gb\/gdpr\/"]}]},{"@type":"BreadcrumbList","@id":"https:\/\/movewalk.se\/en_gb\/gdpr\/#breadcrumb","itemListElement":[{"@type":"ListItem","position":1,"name":"Home","item":"https:\/\/movewalk.se\/"},{"@type":"ListItem","position":2,"name":"GDPR"}]},{"@type":"WebSite","@id":"https:\/\/movewalk.se\/#website","url":"https:\/\/movewalk.se\/","name":"Move & Walk","description":"The path to a more independent life","publisher":{"@id":"https:\/\/movewalk.se\/#organization"},"potentialAction":[{"@type":"SearchAction","target":{"@type":"EntryPoint","urlTemplate":"https:\/\/movewalk.se\/?s={search_term_string}"},"query-input":{"@type":"PropertyValueSpecification","valueRequired":true,"valueName":"search_term_string"}}],"inLanguage":"en-GB"},{"@type":"Organization","@id":"https:\/\/movewalk.se\/#organization","name":"Move & Walk","url":"https:\/\/movewalk.se\/","logo":{"@type":"ImageObject","inLanguage":"en-GB","@id":"https:\/\/movewalk.se\/#\/schema\/logo\/image\/","url":"https:\/\/movewalk.se\/wp-content\/uploads\/2023\/02\/MoveWalk_med-text.png","contentUrl":"https:\/\/movewalk.se\/wp-content\/uploads\/2023\/02\/MoveWalk_med-text.png","width":1182,"height":211,"caption":"Move & Walk"},"image":{"@id":"https:\/\/movewalk.se\/#\/schema\/logo\/image\/"}}]}},"_links":{"self":[{"href":"https:\/\/movewalk.se\/en_gb\/wp-json\/wp\/v2\/pages\/323","targetHints":{"allow":["GET"]}}],"collection":[{"href":"https:\/\/movewalk.se\/en_gb\/wp-json\/wp\/v2\/pages"}],"about":[{"href":"https:\/\/movewalk.se\/en_gb\/wp-json\/wp\/v2\/types\/page"}],"author":[{"embeddable":true,"href":"https:\/\/movewalk.se\/en_gb\/wp-json\/wp\/v2\/users\/1"}],"replies":[{"embeddable":true,"href":"https:\/\/movewalk.se\/en_gb\/wp-json\/wp\/v2\/comments?post=323"}],"version-history":[{"count":10,"href":"https:\/\/movewalk.se\/en_gb\/wp-json\/wp\/v2\/pages\/323\/revisions"}],"predecessor-version":[{"id":1598,"href":"https:\/\/movewalk.se\/en_gb\/wp-json\/wp\/v2\/pages\/323\/revisions\/1598"}],"wp:attachment":[{"href":"https:\/\/movewalk.se\/en_gb\/wp-json\/wp\/v2\/media?parent=323"}],"curies":[{"name":"wp","href":"https:\/\/api.w.org\/{rel}","templated":true}]}}