{"id":3339,"date":"2025-09-03T11:29:32","date_gmt":"2025-09-03T11:29:32","guid":{"rendered":"https:\/\/movewalk.se\/?page_id=3339"},"modified":"2025-09-17T10:49:32","modified_gmt":"2025-09-17T10:49:32","slug":"traning-avtal","status":"publish","type":"page","link":"https:\/\/movewalk.se\/en_gb\/traning-avtal\/","title":{"rendered":"Avtal"},"content":{"rendered":"<p>[et_pb_section fb_built=&#8221;1&#8243; module_id=&#8221;avtal&#8221; _builder_version=&#8221;4.20.0&#8243; _module_preset=&#8221;default&#8221; background_color=&#8221;#00b4d0&#8243; da_disable_devices=&#8221;off|off|off&#8221; global_colors_info=&#8221;{}&#8221; da_is_popup=&#8221;off&#8221; da_exit_intent=&#8221;off&#8221; da_has_close=&#8221;on&#8221; da_alt_close=&#8221;off&#8221; da_dark_close=&#8221;off&#8221; da_not_modal=&#8221;on&#8221; da_is_singular=&#8221;off&#8221; da_with_loader=&#8221;off&#8221; da_has_shadow=&#8221;on&#8221;][et_pb_row _builder_version=&#8221;4.18.0&#8243; _module_preset=&#8221;default&#8221; global_colors_info=&#8221;{}&#8221;][et_pb_column type=&#8221;4_4&#8243; _builder_version=&#8221;4.18.0&#8243; _module_preset=&#8221;default&#8221; global_colors_info=&#8221;{}&#8221;][et_pb_text _builder_version=&#8221;4.23.4&#8243; _module_preset=&#8221;default&#8221; text_font=&#8221;||||||||&#8221; text_text_color=&#8221;#424042&#8243; text_font_size=&#8221;17px&#8221; header_font=&#8221;Noto Sans HK||||||||&#8221; header_text_color=&#8221;#424042&#8243; header_font_size=&#8221;35px&#8221; text_orientation=&#8221;center&#8221; global_colors_info=&#8221;{}&#8221;]<\/p>\n<h1>Avtal i din region<\/h1>\n<p>H\u00e4r ser du vilka avtal som finns d\u00e4r just du bor!<\/p>\n<p>[\/et_pb_text][et_pb_accordion closed_toggle_background_color=&#8221;#FFFFFF&#8221; toggle_icon=&#8221;&#x33;||divi||400&#8243; icon_color=&#8221;#000000&#8243; use_icon_font_size=&#8221;on&#8221; icon_font_size=&#8221;24px&#8221; _builder_version=&#8221;4.27.4&#8243; _module_preset=&#8221;default&#8221; toggle_text_color=&#8221;#023f86&#8243; toggle_font_size=&#8221;17px&#8221; closed_toggle_line_height=&#8221;0.9em&#8221; hover_enabled=&#8221;0&#8243; global_colors_info=&#8221;{}&#8221; sticky_enabled=&#8221;0&#8243;][et_pb_accordion_item title=&#8221;V\u00e4stra G\u00f6taland&#8221; open=&#8221;on&#8221; open_toggle_background_color=&#8221;#FFFFFF&#8221; closed_toggle_background_color=&#8221;#FFFFFF&#8221; icon_color=&#8221;#000000&#8243; toggle_icon=&#8221;&#x33;||divi||400&#8243; use_icon_font_size=&#8221;on&#8221; _builder_version=&#8221;4.24.1&#8243; _module_preset=&#8221;default&#8221; body_link_font=&#8221;||||on||||&#8221; body_link_text_color=&#8221;#000000&#8243; custom_margin=&#8221;||-1px||false|false&#8221; global_colors_info=&#8221;{}&#8221; toggle_text_color=&#8221;#023f86&#8243; toggle_font_size=&#8221;17px&#8221;]<\/p>\n<p>Bor du i V\u00e4stra G\u00f6taland, har en CP-skada och \u00e4r under 20 \u00e5r s\u00e5 kan du tr\u00e4na p\u00e5 Move &amp; Walk p\u00e5 bekostnad av V\u00e4stra G\u00f6talandsregionen (VGR).<\/p>\n<p>Genom VGR f\u00e5r du ocks\u00e5 m\u00f6jlighet till intensivtr\u00e4ning inom Konduktiv Pedagogik genom\u00a02-4 veckors sammanh\u00e4ngande tr\u00e4ning, under 2-4 timmar\/dag, en g\u00e5ng per \u00e5r. VGR betalar d\u00e5 logi och frukost till dig och en medf\u00f6ljande person.<\/p>\n<p>Hos oss ing\u00e5r boende p\u00e5 v\u00e5rt internat i m\u00e5n av plats. Du bor i dubbelrum med badrum och vi serverar ocks\u00e5 2 frukostar till dig som tr\u00e4nar. Vi kan erbjuda dig gluten-, laktosfri och vegetarisk kost och det finns dessutom ett gemensamt k\u00f6k d\u00e4r du kan laga egen mat.<\/p>\n<p>Finns det inte plats hos oss har du m\u00f6jlighet att bo p\u00e5 Snoozemore Hotell p\u00e5 Kvilletorget <a href=\"http:\/\/www.snoozemore.se\">www.snoozemore.se<\/a>. Har du avtal via V\u00e4stra G\u00f6talandsregionen bor du h\u00e4r kostnadsfritt, \u00e4r du en privat g\u00e4st betalar du i efterhand.<\/p>\n<p>Tillsammans med din Conductor kommer ni \u00f6verens om vilken tr\u00e4ning som passar dig b\u00e4st, tv\u00e5, tre eller fyra timmar om dagen. Ni best\u00e4mmer ocks\u00e5 om grupptr\u00e4ning eller individuell tr\u00e4ning kommer fungera b\u00e4st f\u00f6r dig.<\/p>\n<p>Allt du beh\u00f6ver g\u00f6ra \u00e4r att kontakta oss och skicka in en ans\u00f6kningsblankett till VGR. Du \u00e4r v\u00e4lkommen att kontakta oss \u00e4ven om din diagnos eller \u00e5lder inte st\u00e4mmer in p\u00e5 VGR\u2019s best\u00e4mmelser, s\u00e5 hj\u00e4lper vi dig att hitta vilken v\u00e4g du kan tr\u00e4na hos oss.<\/p>\n<p>[\/et_pb_accordion_item][et_pb_accordion_item title=&#8221;Sk\u00e5ne&#8221; _builder_version=&#8221;4.20.2&#8243; _module_preset=&#8221;default&#8221; custom_margin=&#8221;||-1px||false|false&#8221; global_colors_info=&#8221;{}&#8221; open=&#8221;off&#8221;]<\/p>\n<p>\u00c4r du bosatt i Sk\u00e5ne och har en CP-skada s\u00e5 kan du tr\u00e4na hos oss i Malm\u00f6 med regionens st\u00f6d. Allt du beh\u00f6ver g\u00f6ra \u00e4r att kontakta oss s\u00e5 kan vi tr\u00e4ffa dig, v\u00e4lja r\u00e4tt grupp f\u00f6r dig samt hj\u00e4lpa dig med att skicka in en ans\u00f6kningsblankett till Region Sk\u00e5ne.<\/p>\n<p>Regionen meddelar sedan dig direkt om du f\u00e5tt en plats. Antalet platser \u00e4r dock begr\u00e4nsat, men det finns alltid m\u00f6jlighet att tr\u00e4na hos oss privat. Du kan ladda ner ans\u00f6kningsblanketten via Regionens hemsida.<\/p>\n<p>Har du missat ans\u00f6kningsdatumet eller bor du f\u00f6r l\u00e5ngt fr\u00e5n Malm\u00f6 f\u00f6r att pendla, d\u00e5 finns fler m\u00f6jligheter via <a href=\"https:\/\/skl.se\/halsasjukvard\/patientinflytande\/utomlansvardriksavtal.943.html\">Riksavtalet<\/a> att tr\u00e4na i G\u00f6teborg eller Stockholm.<\/p>\n<p>[\/et_pb_accordion_item][et_pb_accordion_item title=&#8221;Stockholm&#8221; _builder_version=&#8221;4.27.4&#8243; _module_preset=&#8221;default&#8221; custom_margin=&#8221;||-1px||false|false&#8221; hover_enabled=&#8221;0&#8243; global_colors_info=&#8221;{}&#8221; open=&#8221;off&#8221; sticky_enabled=&#8221;0&#8243;]<\/p>\n<ul>\n<li>en sammanh\u00e4ngande 4 veckors tr\u00e4ningsperiod<\/li>\n<li>f\u00f6r barn minst 35 timmar<\/li>\n<li>f\u00f6r vuxna minst 40 timmar<\/li>\n<li>12 m\u00e5nader mellan tr\u00e4ningsperioderna<\/li>\n<\/ul>\n<p>f\u00f6r mer detalj, kontakta oss p\u00e5 <a href=\"mailto:solna.traning@movewalk.se\">solna.traning@movewalk.se<\/a>\u00a0<\/p>\n<p><img loading=\"lazy\" decoding=\"async\" src=\"https:\/\/movewalk.se\/wp-content\/uploads\/2022\/10\/Region-Stockholm-300x76.png\" width=\"300\" height=\"76\" alt=\"\" class=\"wp-image-389 alignnone size-medium\" \/><\/p>\n<p>[\/et_pb_accordion_item][et_pb_accordion_item title=&#8221;\u00d6vriga l\u00e4n&#8221; _builder_version=&#8221;4.20.2&#8243; _module_preset=&#8221;default&#8221; body_link_font=&#8221;||||on||||&#8221; body_link_text_color=&#8221;#000000&#8243; custom_margin=&#8221;||-1px||false|false&#8221; global_colors_info=&#8221;{}&#8221; open=&#8221;off&#8221;]<\/p>\n<p>Bor du i ett l\u00e4n som inte \u00e4r listat ovan s\u00e5 har vi inget avtal med ditt landsting. Dina alternativ \u00e4r d\u00e5:<\/p>\n<p>&nbsp;<\/p>\n<ol>\n<li>V\u00e4nd dig d\u00e5 till habiliteringen som remitterar dig direkt.<\/li>\n<li>Om du skulle uppfylla alla krav i n\u00e5got av ovanst\u00e5ende avtal kan du \u00e5beropa det avtalet via <a href=\"https:\/\/skl.se\/halsasjukvard\/patientinflytande\/utomlansvardriksavtal.943.html\"><strong>Riksavtalet<\/strong><\/a>, vilket inneb\u00e4r att precis samma regler g\u00e4ller dig.\u00a0<br \/>Exempel:\u00a0<br \/>Har du CP-skada och \u00e4r under 20 \u00e5r men inte bor i V\u00e4stra G\u00f6talandsregionen (VGR) kan du \u00e4nd\u00e5 \u00e5beropa v\u00e5rt avtal med VGR.\n<p>\u00c4r du vuxen kan du \u00e5beropa v\u00e5rt Stockholmsavtal, d\u00e5 kravet och erbjudande som avtalet till\u00e5ter, \u00e4ven passar in p\u00e5 dig.<\/p>\n<p>Bor du i V\u00e4stra G\u00f6talandsregionen med <em>inte<\/em> sammanfaller med diagnos eller \u00e5ldersgrupp, kan du \u00e5beropa Stockholmsavtalet om du sammanfaller med det avtalets kriterier.<\/p>\n<\/li>\n<\/ol>\n<p>[\/et_pb_accordion_item][\/et_pb_accordion][et_pb_text _builder_version=&#8221;4.23.4&#8243; _module_preset=&#8221;default&#8221; text_text_color=&#8221;#424042&#8243; text_font_size=&#8221;17px&#8221; text_orientation=&#8221;center&#8221; global_colors_info=&#8221;{}&#8221;]<\/p>\n<p><span>Move &amp; Walk har avtal med flera Regioner och ing\u00e5r ocks\u00e5 i Riksavtalet. F\u00f6r att l\u00e4ra dig mer om vad som g\u00e4ller i just din region kan du l\u00e4sa vidare h\u00e4r.<\/span><\/p>\n<p>[\/et_pb_text][\/et_pb_column][\/et_pb_row][\/et_pb_section]<\/p>\n","protected":false},"excerpt":{"rendered":"<p>Avtal i din region H\u00e4r ser du vilka avtal som finns d\u00e4r just du bor!Bor du i V\u00e4stra G\u00f6taland, har en CP-skada och \u00e4r under 20 \u00e5r s\u00e5 kan du tr\u00e4na p\u00e5 Move &amp; Walk p\u00e5 bekostnad av V\u00e4stra G\u00f6talandsregionen (VGR). Genom VGR f\u00e5r du ocks\u00e5 m\u00f6jlighet till intensivtr\u00e4ning inom Konduktiv Pedagogik genom\u00a02-4 veckors sammanh\u00e4ngande [&hellip;]<\/p>\n","protected":false},"author":1,"featured_media":0,"parent":0,"menu_order":0,"comment_status":"closed","ping_status":"closed","template":"","meta":{"_acf_changed":false,"_et_pb_use_builder":"on","_et_pb_old_content":"","_et_gb_content_width":"","footnotes":""},"class_list":["post-3339","page","type-page","status-publish","hentry"],"acf":[],"yoast_head":"<!-- This site is optimized with the Yoast SEO plugin v27.3 - https:\/\/yoast.com\/product\/yoast-seo-wordpress\/ -->\n<title>Avtal - Move &amp; Walk<\/title>\n<meta name=\"robots\" content=\"index, follow, max-snippet:-1, max-image-preview:large, max-video-preview:-1\" \/>\n<link rel=\"canonical\" href=\"https:\/\/movewalk.se\/en_gb\/traning-avtal\/\" \/>\n<meta property=\"og:locale\" content=\"en_GB\" \/>\n<meta property=\"og:type\" content=\"article\" \/>\n<meta property=\"og:title\" content=\"Avtal - Move &amp; Walk\" \/>\n<meta property=\"og:url\" content=\"https:\/\/movewalk.se\/en_gb\/traning-avtal\/\" \/>\n<meta property=\"og:site_name\" content=\"Move &amp; Walk\" \/>\n<meta property=\"article:modified_time\" content=\"2025-09-17T10:49:32+00:00\" \/>\n<meta property=\"og:image\" content=\"https:\/\/movewalk.se\/wp-content\/uploads\/2022\/10\/Region-Stockholm.png\" \/>\n\t<meta property=\"og:image:width\" content=\"655\" \/>\n\t<meta property=\"og:image:height\" content=\"167\" \/>\n\t<meta property=\"og:image:type\" content=\"image\/png\" \/>\n<meta name=\"twitter:card\" content=\"summary_large_image\" \/>\n<meta name=\"twitter:label1\" content=\"Estimated reading time\" \/>\n\t<meta name=\"twitter:data1\" content=\"4 minutes\" \/>\n<script type=\"application\/ld+json\" class=\"yoast-schema-graph\">{\"@context\":\"https:\\\/\\\/schema.org\",\"@graph\":[{\"@type\":\"WebPage\",\"@id\":\"https:\\\/\\\/movewalk.se\\\/traning-avtal\\\/\",\"url\":\"https:\\\/\\\/movewalk.se\\\/traning-avtal\\\/\",\"name\":\"Avtal - Move &amp; Walk\",\"isPartOf\":{\"@id\":\"https:\\\/\\\/movewalk.se\\\/#website\"},\"primaryImageOfPage\":{\"@id\":\"https:\\\/\\\/movewalk.se\\\/traning-avtal\\\/#primaryimage\"},\"image\":{\"@id\":\"https:\\\/\\\/movewalk.se\\\/traning-avtal\\\/#primaryimage\"},\"thumbnailUrl\":\"https:\\\/\\\/movewalk.se\\\/wp-content\\\/uploads\\\/2022\\\/10\\\/Region-Stockholm-300x76.png\",\"datePublished\":\"2025-09-03T11:29:32+00:00\",\"dateModified\":\"2025-09-17T10:49:32+00:00\",\"breadcrumb\":{\"@id\":\"https:\\\/\\\/movewalk.se\\\/traning-avtal\\\/#breadcrumb\"},\"inLanguage\":\"en-GB\",\"potentialAction\":[{\"@type\":\"ReadAction\",\"target\":[\"https:\\\/\\\/movewalk.se\\\/traning-avtal\\\/\"]}]},{\"@type\":\"ImageObject\",\"inLanguage\":\"en-GB\",\"@id\":\"https:\\\/\\\/movewalk.se\\\/traning-avtal\\\/#primaryimage\",\"url\":\"https:\\\/\\\/movewalk.se\\\/wp-content\\\/uploads\\\/2022\\\/10\\\/Region-Stockholm-300x76.png\",\"contentUrl\":\"https:\\\/\\\/movewalk.se\\\/wp-content\\\/uploads\\\/2022\\\/10\\\/Region-Stockholm-300x76.png\"},{\"@type\":\"BreadcrumbList\",\"@id\":\"https:\\\/\\\/movewalk.se\\\/traning-avtal\\\/#breadcrumb\",\"itemListElement\":[{\"@type\":\"ListItem\",\"position\":1,\"name\":\"Home\",\"item\":\"https:\\\/\\\/movewalk.se\\\/\"},{\"@type\":\"ListItem\",\"position\":2,\"name\":\"Avtal\"}]},{\"@type\":\"WebSite\",\"@id\":\"https:\\\/\\\/movewalk.se\\\/#website\",\"url\":\"https:\\\/\\\/movewalk.se\\\/\",\"name\":\"Move & Walk\",\"description\":\"V\u00e4gen till ett sj\u00e4lvst\u00e4ndigare liv\",\"publisher\":{\"@id\":\"https:\\\/\\\/movewalk.se\\\/#organization\"},\"potentialAction\":[{\"@type\":\"SearchAction\",\"target\":{\"@type\":\"EntryPoint\",\"urlTemplate\":\"https:\\\/\\\/movewalk.se\\\/?s={search_term_string}\"},\"query-input\":{\"@type\":\"PropertyValueSpecification\",\"valueRequired\":true,\"valueName\":\"search_term_string\"}}],\"inLanguage\":\"en-GB\"},{\"@type\":\"Organization\",\"@id\":\"https:\\\/\\\/movewalk.se\\\/#organization\",\"name\":\"Move & Walk\",\"url\":\"https:\\\/\\\/movewalk.se\\\/\",\"logo\":{\"@type\":\"ImageObject\",\"inLanguage\":\"en-GB\",\"@id\":\"https:\\\/\\\/movewalk.se\\\/#\\\/schema\\\/logo\\\/image\\\/\",\"url\":\"https:\\\/\\\/movewalk.se\\\/wp-content\\\/uploads\\\/2023\\\/02\\\/MoveWalk_med-text.png\",\"contentUrl\":\"https:\\\/\\\/movewalk.se\\\/wp-content\\\/uploads\\\/2023\\\/02\\\/MoveWalk_med-text.png\",\"width\":1182,\"height\":211,\"caption\":\"Move & Walk\"},\"image\":{\"@id\":\"https:\\\/\\\/movewalk.se\\\/#\\\/schema\\\/logo\\\/image\\\/\"}}]}<\/script>\n<!-- \/ Yoast SEO plugin. -->","yoast_head_json":{"title":"Avtal - Move &amp; Walk","robots":{"index":"index","follow":"follow","max-snippet":"max-snippet:-1","max-image-preview":"max-image-preview:large","max-video-preview":"max-video-preview:-1"},"canonical":"https:\/\/movewalk.se\/en_gb\/traning-avtal\/","og_locale":"en_GB","og_type":"article","og_title":"Avtal - Move &amp; Walk","og_url":"https:\/\/movewalk.se\/en_gb\/traning-avtal\/","og_site_name":"Move &amp; Walk","article_modified_time":"2025-09-17T10:49:32+00:00","og_image":[{"width":655,"height":167,"url":"https:\/\/movewalk.se\/wp-content\/uploads\/2022\/10\/Region-Stockholm.png","type":"image\/png"}],"twitter_card":"summary_large_image","twitter_misc":{"Estimated reading time":"4 minutes"},"schema":{"@context":"https:\/\/schema.org","@graph":[{"@type":"WebPage","@id":"https:\/\/movewalk.se\/traning-avtal\/","url":"https:\/\/movewalk.se\/traning-avtal\/","name":"Avtal - Move &amp; Walk","isPartOf":{"@id":"https:\/\/movewalk.se\/#website"},"primaryImageOfPage":{"@id":"https:\/\/movewalk.se\/traning-avtal\/#primaryimage"},"image":{"@id":"https:\/\/movewalk.se\/traning-avtal\/#primaryimage"},"thumbnailUrl":"https:\/\/movewalk.se\/wp-content\/uploads\/2022\/10\/Region-Stockholm-300x76.png","datePublished":"2025-09-03T11:29:32+00:00","dateModified":"2025-09-17T10:49:32+00:00","breadcrumb":{"@id":"https:\/\/movewalk.se\/traning-avtal\/#breadcrumb"},"inLanguage":"en-GB","potentialAction":[{"@type":"ReadAction","target":["https:\/\/movewalk.se\/traning-avtal\/"]}]},{"@type":"ImageObject","inLanguage":"en-GB","@id":"https:\/\/movewalk.se\/traning-avtal\/#primaryimage","url":"https:\/\/movewalk.se\/wp-content\/uploads\/2022\/10\/Region-Stockholm-300x76.png","contentUrl":"https:\/\/movewalk.se\/wp-content\/uploads\/2022\/10\/Region-Stockholm-300x76.png"},{"@type":"BreadcrumbList","@id":"https:\/\/movewalk.se\/traning-avtal\/#breadcrumb","itemListElement":[{"@type":"ListItem","position":1,"name":"Home","item":"https:\/\/movewalk.se\/"},{"@type":"ListItem","position":2,"name":"Avtal"}]},{"@type":"WebSite","@id":"https:\/\/movewalk.se\/#website","url":"https:\/\/movewalk.se\/","name":"Move & Walk","description":"The path to a more independent life","publisher":{"@id":"https:\/\/movewalk.se\/#organization"},"potentialAction":[{"@type":"SearchAction","target":{"@type":"EntryPoint","urlTemplate":"https:\/\/movewalk.se\/?s={search_term_string}"},"query-input":{"@type":"PropertyValueSpecification","valueRequired":true,"valueName":"search_term_string"}}],"inLanguage":"en-GB"},{"@type":"Organization","@id":"https:\/\/movewalk.se\/#organization","name":"Move & Walk","url":"https:\/\/movewalk.se\/","logo":{"@type":"ImageObject","inLanguage":"en-GB","@id":"https:\/\/movewalk.se\/#\/schema\/logo\/image\/","url":"https:\/\/movewalk.se\/wp-content\/uploads\/2023\/02\/MoveWalk_med-text.png","contentUrl":"https:\/\/movewalk.se\/wp-content\/uploads\/2023\/02\/MoveWalk_med-text.png","width":1182,"height":211,"caption":"Move & Walk"},"image":{"@id":"https:\/\/movewalk.se\/#\/schema\/logo\/image\/"}}]}},"_links":{"self":[{"href":"https:\/\/movewalk.se\/en_gb\/wp-json\/wp\/v2\/pages\/3339","targetHints":{"allow":["GET"]}}],"collection":[{"href":"https:\/\/movewalk.se\/en_gb\/wp-json\/wp\/v2\/pages"}],"about":[{"href":"https:\/\/movewalk.se\/en_gb\/wp-json\/wp\/v2\/types\/page"}],"author":[{"embeddable":true,"href":"https:\/\/movewalk.se\/en_gb\/wp-json\/wp\/v2\/users\/1"}],"replies":[{"embeddable":true,"href":"https:\/\/movewalk.se\/en_gb\/wp-json\/wp\/v2\/comments?post=3339"}],"version-history":[{"count":4,"href":"https:\/\/movewalk.se\/en_gb\/wp-json\/wp\/v2\/pages\/3339\/revisions"}],"predecessor-version":[{"id":3356,"href":"https:\/\/movewalk.se\/en_gb\/wp-json\/wp\/v2\/pages\/3339\/revisions\/3356"}],"wp:attachment":[{"href":"https:\/\/movewalk.se\/en_gb\/wp-json\/wp\/v2\/media?parent=3339"}],"curies":[{"name":"wp","href":"https:\/\/api.w.org\/{rel}","templated":true}]}}