{"id":416,"date":"2022-10-31T09:41:37","date_gmt":"2022-10-31T09:41:37","guid":{"rendered":"https:\/\/moveandwalk.net\/?page_id=416"},"modified":"2025-05-27T06:45:52","modified_gmt":"2025-05-27T06:45:52","slug":"kp-historia","status":"publish","type":"page","link":"https:\/\/movewalk.se\/en_gb\/kp-historia\/","title":{"rendered":"CE History"},"content":{"rendered":"<p>[et_pb_section fb_built=&#8221;1&#8243; fullwidth=&#8221;on&#8221; next_background_color=&#8221;#ffffff&#8221; _builder_version=&#8221;4.20.4&#8243; _module_preset=&#8221;default&#8221; background_color=&#8221;RGBA(255,255,255,0)&#8221; use_background_color_gradient=&#8221;on&#8221; background_color_gradient_direction=&#8221;111deg&#8221; background_color_gradient_stops=&#8221;#ffffff 0cm|rgba(255,255,255,0) 37cm&#8221; background_color_gradient_unit=&#8221;cm&#8221; background_color_gradient_overlays_image=&#8221;on&#8221; background_image=&#8221;https:\/\/movewalk.se\/wp-content\/uploads\/2022\/10\/IMG_1769-scaled.jpg&#8221; custom_padding=&#8221;200px||200px||false|false&#8221; bottom_divider_style=&#8221;slant&#8221; bottom_divider_flip=&#8221;horizontal&#8221; background_last_edited=&#8221;on|phone&#8221; background_image_tablet=&#8221;https:\/\/moveandwalk.net\/wp-content\/uploads\/2022\/10\/IMG_1769-scaled.jpg&#8221; background_image_phone=&#8221;https:\/\/moveandwalk.net\/wp-content\/uploads\/2022\/10\/IMG_1769-scaled.jpg&#8221; background_enable_image_tablet=&#8221;on&#8221; background_enable_image_phone=&#8221;on&#8221; background_position_phone=&#8221;center&#8221; global_colors_info=&#8221;{}&#8221; da_is_popup=&#8221;off&#8221; da_exit_intent=&#8221;off&#8221; da_has_close=&#8221;on&#8221; da_alt_close=&#8221;off&#8221; da_dark_close=&#8221;off&#8221; da_not_modal=&#8221;on&#8221; da_is_singular=&#8221;off&#8221; da_with_loader=&#8221;off&#8221; da_has_shadow=&#8221;on&#8221; da_disable_devices=&#8221;off|off|off&#8221;][et_pb_fullwidth_header title=&#8221;KP Historia&#8221; subhead=&#8221;V\u00e4gen till ett mer sj\u00e4lvst\u00e4ndigt liv&#8221; button_one_text=&#8221;L\u00e4s mer&#8221; button_one_url=&#8221;\/konduktiv-pedagogik&#8221; button_two_text=&#8221;Kontakta oss&#8221; button_two_url=&#8221;\/kontakta-oss\/&#8221; content_max_width=&#8221;60%&#8221; content_max_width_tablet=&#8221;60%&#8221; content_max_width_phone=&#8221;100%&#8221; content_max_width_last_edited=&#8221;on|phone&#8221; _builder_version=&#8221;4.23.4&#8243; _module_preset=&#8221;default&#8221; title_text_color=&#8221;#424042&#8243; title_font_size=&#8221;68px&#8221; title_line_height=&#8221;1.5em&#8221; subhead_text_color=&#8221;#424042&#8243; subhead_font_size=&#8221;26px&#8221; subhead_line_height=&#8221;3em&#8221; background_color=&#8221;RGBA(255,255,255,0)&#8221; custom_button_one=&#8221;on&#8221; button_one_text_color=&#8221;#424042&#8243; button_one_bg_color=&#8221;#f7a823&#8243; button_one_border_width=&#8221;2px&#8221; button_one_border_color=&#8221;#f7a823&#8243; button_one_border_radius=&#8221;27px&#8221; button_one_icon=&#8221;&#x35;||divi||400&#8243; button_one_custom_margin=&#8221;6%||||false|false&#8221; custom_button_two=&#8221;on&#8221; button_two_bg_color=&#8221;#023f86&#8243; button_two_border_color=&#8221;#023f86&#8243; button_two_border_radius=&#8221;27px&#8221; button_two_icon=&#8221;&#x35;||divi||400&#8243; custom_padding=&#8221;47px||89px|||&#8221; title_font_size_tablet=&#8221;68px&#8221; title_font_size_phone=&#8221;59px&#8221; title_font_size_last_edited=&#8221;on|phone&#8221; title_line_height_tablet=&#8221;1.5em&#8221; title_line_height_phone=&#8221;1.3em&#8221; title_line_height_last_edited=&#8221;on|phone&#8221; subhead_font_size_tablet=&#8221;22px&#8221; subhead_font_size_phone=&#8221;18px&#8221; subhead_font_size_last_edited=&#8221;on|phone&#8221; button_one_text_size_tablet=&#8221;&#8221; button_one_text_size_phone=&#8221;17px&#8221; button_one_text_size_last_edited=&#8221;on|phone&#8221; button_two_text_size_tablet=&#8221;&#8221; button_two_text_size_phone=&#8221;17px&#8221; button_two_text_size_last_edited=&#8221;on|phone&#8221; global_colors_info=&#8221;{}&#8221;][\/et_pb_fullwidth_header][\/et_pb_section][et_pb_section fb_built=&#8221;1&#8243; disabled_on=&#8221;on|on|off&#8221; _builder_version=&#8221;4.20.4&#8243; _module_preset=&#8221;default&#8221; background_image=&#8221;https:\/\/movewalk.se\/wp-content\/uploads\/2023\/02\/Prickar-Apelsin.png&#8221; background_size=&#8221;contain&#8221; background_position=&#8221;center_left&#8221; global_colors_info=&#8221;{}&#8221; da_is_popup=&#8221;off&#8221; da_exit_intent=&#8221;off&#8221; da_has_close=&#8221;on&#8221; da_alt_close=&#8221;off&#8221; da_dark_close=&#8221;off&#8221; da_not_modal=&#8221;on&#8221; da_is_singular=&#8221;off&#8221; da_with_loader=&#8221;off&#8221; da_has_shadow=&#8221;on&#8221; da_disable_devices=&#8221;off|off|off&#8221;][et_pb_row column_structure=&#8221;1_2,1_2&#8243; _builder_version=&#8221;4.18.1&#8243; _module_preset=&#8221;default&#8221; global_colors_info=&#8221;{}&#8221;][et_pb_column type=&#8221;1_2&#8243; _builder_version=&#8221;4.18.1&#8243; _module_preset=&#8221;default&#8221; global_colors_info=&#8221;{}&#8221;][et_pb_image src=&#8221;https:\/\/moveandwalk.net\/wp-content\/uploads\/2022\/10\/IMG_7732.jpg&#8221; align=&#8221;right&#8221; _builder_version=&#8221;4.27.4&#8243; _module_preset=&#8221;default&#8221; width=&#8221;100%&#8221; hover_enabled=&#8221;0&#8243; global_colors_info=&#8221;{}&#8221; alt=&#8221;Tr\u00e4nar att sitta&#8221; sticky_enabled=&#8221;0&#8243;][\/et_pb_image][\/et_pb_column][et_pb_column type=&#8221;1_2&#8243; _builder_version=&#8221;4.18.1&#8243; _module_preset=&#8221;default&#8221; global_colors_info=&#8221;{}&#8221;][et_pb_text _builder_version=&#8221;4.23.4&#8243; _module_preset=&#8221;default&#8221; text_font=&#8221;Noto Sans||||||||&#8221; text_text_color=&#8221;#424042&#8243; text_font_size=&#8221;20px&#8221; link_text_color=&#8221;#000000&#8243; custom_margin=&#8221;|-86px||||&#8221; global_colors_info=&#8221;{}&#8221;]<\/p>\n<p><span>Efter andra v\u00e4rldskriget grundades den konduktiva pedagogiken i Ung\u00adern av Professor Andr\u00e1s Pet\u0151. Pet\u0151 s\u00e5g inte hj\u00e4rnskadades fy\u00adsiska funktionsneds\u00e4ttning enbart som ett medicinskt fall, utan \u00e4ven som en inl\u00e4rningssv\u00e5righet och visade p\u00e5 att fysiska funktionsneds\u00e4ttningar, som till exempel CP-skada, kan p\u00e5verkas ge\u00adnom inl\u00e4rning. K\u00e4rnan i Pet\u0151s metod \u00e4r ett holistiskt syns\u00e4tt som bygger p\u00e5 en komplex personlighetsutveckling. Dr. An\u00addr\u00e1s Pet\u0151s teori om att de medicinska problemen m\u00e5ste l\u00f6sas genom ett pedagogiskt baserat aktivt l\u00e4rande, har senare be\u00advisats.<\/span><\/p>\n<p>[\/et_pb_text][et_pb_text _builder_version=&#8221;4.20.4&#8243; _module_preset=&#8221;default&#8221; text_font=&#8221;Noto Sans||||||||&#8221; text_font_size=&#8221;17px&#8221; link_font=&#8221;||||on||||&#8221; link_text_color=&#8221;#000000&#8243; custom_margin=&#8221;|-103px||||&#8221; global_colors_info=&#8221;{}&#8221;]<\/p>\n<p>F\u00f6r en komplex utveckling som integrerar de motoriska, kognitiva, psykosociala och kommunikativa omr\u00e5dena s\u00e5g Pet\u0151 behovet av en ny yrkesprofession \u2013<span>\u00a0<\/span><strong><a href=\"\/conductor\/\"><em>Conductorn<\/em><\/a><\/strong>.<\/p>\n<p>Under 60-talet utvecklades en annan id\u00e9 i Ungern. P\u00e5 grund av ekonomiska sk\u00e4l var f\u00f6ruts\u00e4ttningar att ta hand om funktionsnedsatta helt andra. Det fanns inte pengar f\u00f6r hj\u00e4lpmedel, d\u00e4remot fanns det m\u00e4nniskor som med sina bara h\u00e4nder kunde hj\u00e4lpa och st\u00f6dja de beh\u00f6vande. Det utvecklades en pedagogik som grundades p\u00e5 hj\u00e4rnans plasticitet och d\u00e4r man genom aktivering kunde uppn\u00e5 utvecklingsprocess. P\u00e5 80-talet p\u00e5b\u00f6rjades en akademisk utbildning f\u00f6r Conductorer. \u00d6verallt i v\u00e4rlden ville f\u00f6r\u00e4ldrar ha tillg\u00e5ng till denna kompetens.<\/p>\n<p>Sverige har sedan l\u00e4nge varit k\u00e4nt f\u00f6r sin h\u00f6ga kvalit\u00e9 av v\u00e5rd och omsorg. I 60- och 70-talets Sverige fanns det institutioner f\u00f6r att ta hand om funktionsnedsatta och m\u00e5ls\u00e4ttningen var att ge n\u00e5gon form av utbildning\/tr\u00e4ning till hj\u00e4rnskadade patienter. P\u00e5 80-talet b\u00f6rjade man fokusera mer p\u00e5 familjen. Att satsa p\u00e5 patienten och dess personliga m\u00f6jlighet f\u00f6rsvann bakom det fokus som v\u00e4xte fram p\u00e5 att st\u00f6dja f\u00f6r\u00e4ldrarna. M\u00e5nga olika hj\u00e4lpmedel utvecklades, s\u00e5v\u00e4l fysiska som sociala hj\u00e4lpmedel, och man budgeterade oerh\u00f6rt mycket pengar f\u00f6r att underl\u00e4tta familjernas situation. I denna utveckling gl\u00f6mde man bort barnen. F\u00f6r\u00e4ldrarna fick p\u00e5 90-talet ofta informationen att \u201d<em>det \u00e4r inget man kan g\u00f6ra \u00e5t att man har f\u00e5tt ett CP-skadat barn. F\u00f6rv\u00e4nta er ingen utveckling. Barnet kommer sannolikt inte att sitta, g\u00e5 eller prata. Men vi kan erbjuda er st\u00f6d\u201d.<\/em><\/p>\n<p>Idag hittar man verksamheter med Konduktiv Pedagogik (KP) \u00f6verallt hela v\u00e4rlden. B\u00e5de privata men \u00e4ven kommunala verksamheter v\u00e4xer fram. Familjer och patienter ser m\u00f6jligheten med KP, men den professionella sidan (sjukgymnaster, arbetsterapeuter, med fler) ser konkurrens.<\/p>\n<p>[\/et_pb_text][\/et_pb_column][\/et_pb_row][\/et_pb_section][et_pb_section fb_built=&#8221;1&#8243; disabled_on=&#8221;off|off|on&#8221; _builder_version=&#8221;4.19.1&#8243; _module_preset=&#8221;default&#8221; global_colors_info=&#8221;{}&#8221; da_is_popup=&#8221;off&#8221; da_exit_intent=&#8221;off&#8221; da_has_close=&#8221;on&#8221; da_alt_close=&#8221;off&#8221; da_dark_close=&#8221;off&#8221; da_not_modal=&#8221;on&#8221; da_is_singular=&#8221;off&#8221; da_with_loader=&#8221;off&#8221; da_has_shadow=&#8221;on&#8221; da_disable_devices=&#8221;off|off|off&#8221;][et_pb_row _builder_version=&#8221;4.19.1&#8243; _module_preset=&#8221;default&#8221; global_colors_info=&#8221;{}&#8221;][et_pb_column type=&#8221;4_4&#8243; _builder_version=&#8221;4.19.1&#8243; _module_preset=&#8221;default&#8221; global_colors_info=&#8221;{}&#8221;][et_pb_image src=&#8221;https:\/\/moveandwalk.net\/wp-content\/uploads\/2022\/10\/IMG_7732.jpg&#8221; title_text=&#8221;IMG_7732&#8243; _builder_version=&#8221;4.19.1&#8243; _module_preset=&#8221;default&#8221; global_colors_info=&#8221;{}&#8221;][\/et_pb_image][\/et_pb_column][\/et_pb_row][et_pb_row _builder_version=&#8221;4.19.1&#8243; _module_preset=&#8221;default&#8221; global_colors_info=&#8221;{}&#8221;][et_pb_column type=&#8221;4_4&#8243; _builder_version=&#8221;4.19.1&#8243; _module_preset=&#8221;default&#8221; global_colors_info=&#8221;{}&#8221;][et_pb_text _builder_version=&#8221;4.23.4&#8243; _module_preset=&#8221;default&#8221; text_font_size=&#8221;16px&#8221; header_6_text_color=&#8221;#424042&#8243; header_6_font_size=&#8221;20px&#8221; global_colors_info=&#8221;{}&#8221;]<\/p>\n<h6><span>Efter andra v\u00e4rldskriget grundades den konduktiva pedagogiken i Ung\u00adern av Professor Andr\u00e1s Pet\u0151. Pet\u0151 s\u00e5g inte hj\u00e4rnskadades fy\u00adsiska funktionsneds\u00e4ttning enbart som ett medicinskt fall, utan \u00e4ven som en inl\u00e4rningssv\u00e5righet och visade p\u00e5 att fysiska funktionsneds\u00e4ttningar, som till exempel CP-skada, kan p\u00e5verkas ge\u00adnom inl\u00e4rning. K\u00e4rnan i Pet\u0151s metod \u00e4r ett holistiskt syns\u00e4tt som bygger p\u00e5 en komplex personlighetsutveckling. Dr. An\u00addr\u00e1s Pet\u0151s teori om att de medicinska problemen m\u00e5ste l\u00f6sas genom ett pedagogiskt baserat aktivt l\u00e4rande, har senare be\u00advisats.<\/span><\/h6>\n<p>F\u00f6r en komplex utveckling som integrerar de motoriska, kognitiva, psykosociala, kommunikativa omr\u00e5dena s\u00e5g Pet\u0151 behovet av en ny yrkesprofession \u2013<span>\u00a0<\/span><strong><a href=\"https:\/\/movewalk.se\/kognitiv-pedagogik\/conductor\/\"><em>Conductorn<\/em><\/a><\/strong>.<\/p>\n<p>Under 60-talet utvecklades en annan id\u00e9 i Ungern. P\u00e5 grund av ekonomiska sk\u00e4l var f\u00f6ruts\u00e4ttningar att ta hand om funktionsnedsatta helt andra. Det fanns inte pengar f\u00f6r hj\u00e4lpmedel, d\u00e4remot fanns det m\u00e4nniskor som med sina bara h\u00e4nder kunde hj\u00e4lpa och st\u00f6dja de beh\u00f6vande. Det utvecklades en pedagogik som grundades p\u00e5 hj\u00e4rnans plasticitet och d\u00e4r man genom aktivering kunde uppn\u00e5 utvecklingsprocess. P\u00e5 80-talet p\u00e5b\u00f6rjades en akademisk utbildning f\u00f6r conductorer. \u00d6verallt i v\u00e4rlden ville f\u00f6r\u00e4ldrar ha tillg\u00e5ng till denna kompetens.<\/p>\n<p>Sverige har sedan l\u00e4nge varit k\u00e4nt f\u00f6r sin h\u00f6ga kvalit\u00e9 av v\u00e5rd och omsorg. I 60- och 70-talets Sverige fanns det institutioner f\u00f6r att ta hand om funktionsnedsatta. M\u00e5ls\u00e4ttningen var att ge n\u00e5gon form av utbildning\/tr\u00e4ning till hj\u00e4rnskadade patienter. P\u00e5 80-talet b\u00f6rjade man fokusera mer p\u00e5 familjen. Att satsa p\u00e5 patienten och dess personliga m\u00f6jlighet f\u00f6rsvann bakom det fokus som v\u00e4xte fram p\u00e5 att st\u00f6dja f\u00f6r\u00e4ldrarna. M\u00e5nga\u00a0 olika hj\u00e4lpmedel utvecklades, s\u00e5v\u00e4l fysiska som sociala hj\u00e4lpmedel, och man budgeterade oerh\u00f6rt mycket pengar f\u00f6r att underl\u00e4tta familjernas situation. I denna utveckling gl\u00f6mde man bort barnen. F\u00f6r\u00e4ldrarna fick p\u00e5 90-talet ofta informationen att \u201d<em>det \u00e4r inget man kan g\u00f6ra \u00e5t att man har f\u00e5tt ett CP-skadat barn. F\u00f6rv\u00e4nta er ingen utveckling. Barnet kommer sannolikt inte att sitta eller g\u00e5 eller prata. Men vi kan erbjuda er st\u00f6d\u201d.<\/em><\/p>\n<p>Idag hittar man verksamheter med Konduktiv Pedagogik (KP) \u00f6verallt hela v\u00e4rlden. B\u00e5de privata men \u00e4ven kommunala verksamheter v\u00e4xer fram. Familjer och patienter ser m\u00f6jligheten med KP, men den professionella sidan (sjukgymnaster, arbetsterapeuter, med fler) ser konkurrens.<\/p>\n<p><span><\/span><\/p>\n<p>[\/et_pb_text][\/et_pb_column][\/et_pb_row][\/et_pb_section]<\/p>\n","protected":false},"excerpt":{"rendered":"<p>Efter andra v\u00e4rldskriget grundades den konduktiva pedagogiken i Ung\u00adern av Professor Andr\u00e1s Pet\u0151. Pet\u0151 s\u00e5g inte hj\u00e4rnskadades fy\u00adsiska funktionsneds\u00e4ttning enbart som ett medicinskt fall, utan \u00e4ven som en inl\u00e4rningssv\u00e5righet och visade p\u00e5 att fysiska funktionsneds\u00e4ttningar, som till exempel CP-skada, kan p\u00e5verkas ge\u00adnom inl\u00e4rning. K\u00e4rnan i Pet\u0151s metod \u00e4r ett holistiskt syns\u00e4tt som bygger p\u00e5 en [&hellip;]<\/p>\n","protected":false},"author":1,"featured_media":0,"parent":0,"menu_order":0,"comment_status":"closed","ping_status":"closed","template":"","meta":{"_acf_changed":false,"_et_pb_use_builder":"on","_et_pb_old_content":"<!-- wp:divi\/placeholder \/-->","_et_gb_content_width":"","footnotes":""},"class_list":["post-416","page","type-page","status-publish","hentry"],"acf":[],"yoast_head":"<!-- This site is optimized with the Yoast SEO plugin v27.3 - https:\/\/yoast.com\/product\/yoast-seo-wordpress\/ -->\n<title>KP Historia - Move &amp; Walk<\/title>\n<meta name=\"robots\" content=\"index, follow, max-snippet:-1, max-image-preview:large, max-video-preview:-1\" \/>\n<link rel=\"canonical\" href=\"https:\/\/movewalk.se\/en_gb\/kp-historia\/\" \/>\n<meta property=\"og:locale\" content=\"en_GB\" \/>\n<meta property=\"og:type\" content=\"article\" \/>\n<meta property=\"og:title\" content=\"KP Historia - Move &amp; Walk\" \/>\n<meta property=\"og:url\" content=\"https:\/\/movewalk.se\/en_gb\/kp-historia\/\" \/>\n<meta property=\"og:site_name\" content=\"Move &amp; Walk\" \/>\n<meta property=\"article:modified_time\" content=\"2025-05-27T06:45:52+00:00\" \/>\n<meta name=\"twitter:card\" content=\"summary_large_image\" \/>\n<meta name=\"twitter:label1\" content=\"Estimated reading time\" \/>\n\t<meta name=\"twitter:data1\" content=\"8 minutes\" \/>\n<script type=\"application\/ld+json\" class=\"yoast-schema-graph\">{\"@context\":\"https:\\\/\\\/schema.org\",\"@graph\":[{\"@type\":\"WebPage\",\"@id\":\"https:\\\/\\\/movewalk.se\\\/kp-historia\\\/\",\"url\":\"https:\\\/\\\/movewalk.se\\\/kp-historia\\\/\",\"name\":\"KP Historia - Move &amp; Walk\",\"isPartOf\":{\"@id\":\"https:\\\/\\\/movewalk.se\\\/#website\"},\"datePublished\":\"2022-10-31T09:41:37+00:00\",\"dateModified\":\"2025-05-27T06:45:52+00:00\",\"breadcrumb\":{\"@id\":\"https:\\\/\\\/movewalk.se\\\/kp-historia\\\/#breadcrumb\"},\"inLanguage\":\"en-GB\",\"potentialAction\":[{\"@type\":\"ReadAction\",\"target\":[\"https:\\\/\\\/movewalk.se\\\/kp-historia\\\/\"]}]},{\"@type\":\"BreadcrumbList\",\"@id\":\"https:\\\/\\\/movewalk.se\\\/kp-historia\\\/#breadcrumb\",\"itemListElement\":[{\"@type\":\"ListItem\",\"position\":1,\"name\":\"Home\",\"item\":\"https:\\\/\\\/movewalk.se\\\/\"},{\"@type\":\"ListItem\",\"position\":2,\"name\":\"KP Historia\"}]},{\"@type\":\"WebSite\",\"@id\":\"https:\\\/\\\/movewalk.se\\\/#website\",\"url\":\"https:\\\/\\\/movewalk.se\\\/\",\"name\":\"Move & Walk\",\"description\":\"V\u00e4gen till ett sj\u00e4lvst\u00e4ndigare liv\",\"publisher\":{\"@id\":\"https:\\\/\\\/movewalk.se\\\/#organization\"},\"potentialAction\":[{\"@type\":\"SearchAction\",\"target\":{\"@type\":\"EntryPoint\",\"urlTemplate\":\"https:\\\/\\\/movewalk.se\\\/?s={search_term_string}\"},\"query-input\":{\"@type\":\"PropertyValueSpecification\",\"valueRequired\":true,\"valueName\":\"search_term_string\"}}],\"inLanguage\":\"en-GB\"},{\"@type\":\"Organization\",\"@id\":\"https:\\\/\\\/movewalk.se\\\/#organization\",\"name\":\"Move & Walk\",\"url\":\"https:\\\/\\\/movewalk.se\\\/\",\"logo\":{\"@type\":\"ImageObject\",\"inLanguage\":\"en-GB\",\"@id\":\"https:\\\/\\\/movewalk.se\\\/#\\\/schema\\\/logo\\\/image\\\/\",\"url\":\"https:\\\/\\\/movewalk.se\\\/wp-content\\\/uploads\\\/2023\\\/02\\\/MoveWalk_med-text.png\",\"contentUrl\":\"https:\\\/\\\/movewalk.se\\\/wp-content\\\/uploads\\\/2023\\\/02\\\/MoveWalk_med-text.png\",\"width\":1182,\"height\":211,\"caption\":\"Move & Walk\"},\"image\":{\"@id\":\"https:\\\/\\\/movewalk.se\\\/#\\\/schema\\\/logo\\\/image\\\/\"}}]}<\/script>\n<!-- \/ Yoast SEO plugin. -->","yoast_head_json":{"title":"KP Historia - Move &amp; Walk","robots":{"index":"index","follow":"follow","max-snippet":"max-snippet:-1","max-image-preview":"max-image-preview:large","max-video-preview":"max-video-preview:-1"},"canonical":"https:\/\/movewalk.se\/en_gb\/kp-historia\/","og_locale":"en_GB","og_type":"article","og_title":"KP Historia - Move &amp; Walk","og_url":"https:\/\/movewalk.se\/en_gb\/kp-historia\/","og_site_name":"Move &amp; Walk","article_modified_time":"2025-05-27T06:45:52+00:00","twitter_card":"summary_large_image","twitter_misc":{"Estimated reading time":"8 minutes"},"schema":{"@context":"https:\/\/schema.org","@graph":[{"@type":"WebPage","@id":"https:\/\/movewalk.se\/kp-historia\/","url":"https:\/\/movewalk.se\/kp-historia\/","name":"KP Historia - Move &amp; Walk","isPartOf":{"@id":"https:\/\/movewalk.se\/#website"},"datePublished":"2022-10-31T09:41:37+00:00","dateModified":"2025-05-27T06:45:52+00:00","breadcrumb":{"@id":"https:\/\/movewalk.se\/kp-historia\/#breadcrumb"},"inLanguage":"en-GB","potentialAction":[{"@type":"ReadAction","target":["https:\/\/movewalk.se\/kp-historia\/"]}]},{"@type":"BreadcrumbList","@id":"https:\/\/movewalk.se\/kp-historia\/#breadcrumb","itemListElement":[{"@type":"ListItem","position":1,"name":"Home","item":"https:\/\/movewalk.se\/"},{"@type":"ListItem","position":2,"name":"KP Historia"}]},{"@type":"WebSite","@id":"https:\/\/movewalk.se\/#website","url":"https:\/\/movewalk.se\/","name":"Move & Walk","description":"The path to a more independent life","publisher":{"@id":"https:\/\/movewalk.se\/#organization"},"potentialAction":[{"@type":"SearchAction","target":{"@type":"EntryPoint","urlTemplate":"https:\/\/movewalk.se\/?s={search_term_string}"},"query-input":{"@type":"PropertyValueSpecification","valueRequired":true,"valueName":"search_term_string"}}],"inLanguage":"en-GB"},{"@type":"Organization","@id":"https:\/\/movewalk.se\/#organization","name":"Move & Walk","url":"https:\/\/movewalk.se\/","logo":{"@type":"ImageObject","inLanguage":"en-GB","@id":"https:\/\/movewalk.se\/#\/schema\/logo\/image\/","url":"https:\/\/movewalk.se\/wp-content\/uploads\/2023\/02\/MoveWalk_med-text.png","contentUrl":"https:\/\/movewalk.se\/wp-content\/uploads\/2023\/02\/MoveWalk_med-text.png","width":1182,"height":211,"caption":"Move & Walk"},"image":{"@id":"https:\/\/movewalk.se\/#\/schema\/logo\/image\/"}}]}},"_links":{"self":[{"href":"https:\/\/movewalk.se\/en_gb\/wp-json\/wp\/v2\/pages\/416","targetHints":{"allow":["GET"]}}],"collection":[{"href":"https:\/\/movewalk.se\/en_gb\/wp-json\/wp\/v2\/pages"}],"about":[{"href":"https:\/\/movewalk.se\/en_gb\/wp-json\/wp\/v2\/types\/page"}],"author":[{"embeddable":true,"href":"https:\/\/movewalk.se\/en_gb\/wp-json\/wp\/v2\/users\/1"}],"replies":[{"embeddable":true,"href":"https:\/\/movewalk.se\/en_gb\/wp-json\/wp\/v2\/comments?post=416"}],"version-history":[{"count":17,"href":"https:\/\/movewalk.se\/en_gb\/wp-json\/wp\/v2\/pages\/416\/revisions"}],"predecessor-version":[{"id":3259,"href":"https:\/\/movewalk.se\/en_gb\/wp-json\/wp\/v2\/pages\/416\/revisions\/3259"}],"wp:attachment":[{"href":"https:\/\/movewalk.se\/en_gb\/wp-json\/wp\/v2\/media?parent=416"}],"curies":[{"name":"wp","href":"https:\/\/api.w.org\/{rel}","templated":true}]}}