{"id":463,"date":"2022-10-31T10:22:46","date_gmt":"2022-10-31T10:22:46","guid":{"rendered":"https:\/\/moveandwalk.net\/?page_id=463"},"modified":"2023-03-17T08:17:41","modified_gmt":"2023-03-17T08:17:41","slug":"integritetspolicy","status":"publish","type":"page","link":"https:\/\/movewalk.se\/en_gb\/integritetspolicy\/","title":{"rendered":"Privacy Policy"},"content":{"rendered":"<p>[et_pb_section fb_built=&#8221;1&#8243; _builder_version=&#8221;4.20.2&#8243; _module_preset=&#8221;default&#8221; global_colors_info=&#8221;{}&#8221;][et_pb_row _builder_version=&#8221;4.20.2&#8243; _module_preset=&#8221;default&#8221; global_colors_info=&#8221;{}&#8221;][et_pb_column type=&#8221;4_4&#8243; _builder_version=&#8221;4.20.2&#8243; _module_preset=&#8221;default&#8221; global_colors_info=&#8221;{}&#8221;][et_pb_text _builder_version=&#8221;4.20.2&#8243; _module_preset=&#8221;default&#8221; text_font_size=&#8221;16px&#8221; link_font=&#8221;||||on||||&#8221; link_text_color=&#8221;#000000&#8243; header_font_size=&#8221;31px&#8221; header_3_font_size=&#8221;25px&#8221; hover_enabled=&#8221;0&#8243; global_colors_info=&#8221;{}&#8221; sticky_enabled=&#8221;0&#8243;]<\/p>\n<div id=\"main\">\n<section id=\"flexibelContent\">\n<div class=\"flexibelContentRow\">\n<div class=\"flexibelContentIntroText\">\n<h3><strong>Behandlingen av personuppgifter om Move &amp; Walks kunder, elever och deltagare<\/strong><\/h3>\n<p>Din personliga integritet \u00e4r viktig f\u00f6r oss. Du ska alltid kunna k\u00e4nna dig trygg n\u00e4r du l\u00e4mnar dina personuppgifter till Move &amp; Walk och med hur Move &amp; Walk behandlar dina uppgifter. Vi g\u00f6r allt vi kan f\u00f6r att skydda dem fr\u00e5n obeh\u00f6riga.<\/p>\n<p>All behandling av personuppgifter sker utifr\u00e5n best\u00e4mmelserna i den svenska integritetsskydds-<br \/>lagstiftningen och dataskyddsf\u00f6rordningen (GDPR).<\/p>\n<p>&nbsp;<\/p>\n<\/div>\n<\/div>\n<div class=\"flexibelContentRow\">\n<div class=\"flexibelContentText\">\n<h3>Personuppgiftsansvarig<\/h3>\n<p>Move &amp; Walk Sverige AB \u00e4r personuppgiftsansvarig enligt personuppgiftslagen f\u00f6r den behandling av personuppgifter som sker inom f\u00f6retaget.<\/p>\n<h3><\/h3>\n<h3>Kontakt<\/h3>\n<p>Om du har fr\u00e5gor om behandlingen av personuppgifter inom Move &amp; Walk kan du v\u00e4nda dig till v\u00e5r Kundtj\u00e4nst via e-post<span>\u00a0<\/span><a href=\"mailto:info@movewalk.se\">info@movewalk.se<\/a><span>\u00a0<\/span>eller 031-55 84 20.<\/p>\n<p>Har du allm\u00e4nna fr\u00e5gor om integritetsskyddet i v\u00e5r verksamhet kan du v\u00e4nda dig till v\u00e5rt personuppgiftsombud under adressen<\/p>\n<p><strong>Move &amp; Walk<br \/><\/strong><strong>Lillhagsparken 8<br \/><\/strong><strong>42250 Hisings Backa<\/strong><\/p>\n<h3><\/h3>\n<h3>Best\u00e4llningar och reklamationer<\/h3>\n<p>N\u00e4r du best\u00e4ller en vara eller en tj\u00e4nst hos Move &amp; Walk via t ex internet, telefon eller mejl kommer dina personuppgifter att registreras i v\u00e5r kunddatabas och anv\u00e4ndas f\u00f6r administration av din best\u00e4llning. Uppgifterna kan ocks\u00e5 komma att anv\u00e4ndas f\u00f6r marknads- och kundanalyser, uppf\u00f6ljning och utveckling av Move &amp; Walks tj\u00e4nster samt f\u00f6r marknadsf\u00f6rings\u00e4ndam\u00e5l inom den koncern som Move &amp; Walk tillh\u00f6r (inga personuppgifter l\u00e4mnas ut utanf\u00f6r koncernen).<\/p>\n<p>Personnummer registrerar vi f\u00f6r\u00a0att kunna ge krediter om du till exempel handlar mot faktura och m\u00e5ste registreras i krav\u00e4renden.<\/p>\n<p>Vid reklamationer kommer relevanta uppgifter att registreras f\u00f6r att vi ska kunna hantera ditt \u00e4rende p\u00e5 ett effektivt s\u00e4tt.<\/p>\n<h3><\/h3>\n<h3>Hur l\u00e4nge finns uppgifterna kvar?<\/h3>\n<p>Vi beh\u00e5ller dina personuppgifter s\u00e5 l\u00e4nge de beh\u00f6vs f\u00f6r att vi ska kunna effektuera din best\u00e4llning, fakturera, hantera klagom\u00e5l och reklamationer och f\u00f6r att du ska kunna ta tillvara din r\u00e4tt n\u00e4r det t.ex. g\u00e4ller garantier.<\/p>\n<h3><\/h3>\n<h3>Uppgifter om f\u00f6retag<\/h3>\n<p>F\u00f6r enskild n\u00e4ringsidkare registreras personnummer eftersom det \u00e4r f\u00f6retagets organisationsnummer. Kontaktperson hos f\u00f6retaget registreras med adress, telefonnummer, avdelning, e-postadress och befattning.<\/p>\n<h3><\/h3>\n<h3>Registerutdrag och r\u00e4ttelser<\/h3>\n<p>Du har r\u00e4tt att en g\u00e5ng per \u00e5r f\u00e5 information om vilka personuppgifter Move &amp; Walk behandlar eller handhar f\u00f6r din r\u00e4kning. Du ska i s\u00e5dana fall beg\u00e4ra detta skriftligt till Move &amp; Walks personuppgiftsombud (adress finns ovan).<\/p>\n<p>Om du anser att en uppgift om dig \u00e4r fel eller missvisande b\u00f6r du v\u00e4nda dig till Move &amp; Walks kundtj\u00e4nst (kontaktinformation ovan).<\/p>\n<h3><\/h3>\n<h3>Personuppgiftsincident<\/h3>\n<p>En personuppgiftsincident \u00e4r en h\u00e4ndelse som leder till oavsiktlig eller olaglig f\u00f6rst\u00f6ring, f\u00f6rlust eller \u00e4ndring av de personuppgifter som behandlas eller till att n\u00e5gon obeh\u00f6rig f\u00e5r ta del av eller f\u00e5r beh\u00f6righet till de behandlade uppgifterna. En personuppgiftsincident kan vara allt ifr\u00e5n att n\u00e5gon har tappat en mobiltelefon, att man blivit utsatt f\u00f6r en hackerattack eller att personuppgifter p\u00e5 annat s\u00e4tt har hamnat i fel h\u00e4nder.<\/p>\n<p>Om en personuppgiftsincident intr\u00e4ffar ska den anm\u00e4las till datainspektionen inom 72 timmar. Kontakta\u00a0personuppgiftsombudet p\u00e5 Move &amp; Walk och\u00a0anm\u00e4l h\u00e4ndelsen. Dataskyddsombudet behandlar anm\u00e4lan om personuppgiftsincidenter och tar den vidare till Datainspektionen.<\/p>\n<\/div>\n<\/div>\n<\/section>\n<\/div>\n<p>[\/et_pb_text][\/et_pb_column][\/et_pb_row][\/et_pb_section]<\/p>\n","protected":false},"excerpt":{"rendered":"<p>Behandlingen av personuppgifter om Move &amp; Walks kunder, elever och deltagare Din personliga integritet \u00e4r viktig f\u00f6r oss. Du ska alltid kunna k\u00e4nna dig trygg n\u00e4r du l\u00e4mnar dina personuppgifter till Move &amp; Walk och med hur Move &amp; Walk behandlar dina uppgifter. Vi g\u00f6r allt vi kan f\u00f6r att skydda dem fr\u00e5n obeh\u00f6riga. All [&hellip;]<\/p>\n","protected":false},"author":1,"featured_media":0,"parent":0,"menu_order":0,"comment_status":"closed","ping_status":"closed","template":"","meta":{"_acf_changed":false,"_et_pb_use_builder":"on","_et_pb_old_content":"<!-- wp:divi\/placeholder \/-->","_et_gb_content_width":"","footnotes":""},"class_list":["post-463","page","type-page","status-publish","hentry"],"acf":[],"yoast_head":"<!-- This site is optimized with the Yoast SEO plugin v27.3 - https:\/\/yoast.com\/product\/yoast-seo-wordpress\/ -->\n<title>Integritetspolicy - Move &amp; Walk<\/title>\n<meta name=\"robots\" content=\"index, follow, max-snippet:-1, max-image-preview:large, max-video-preview:-1\" \/>\n<link rel=\"canonical\" href=\"https:\/\/movewalk.se\/en_gb\/integritetspolicy\/\" \/>\n<meta property=\"og:locale\" content=\"en_GB\" \/>\n<meta property=\"og:type\" content=\"article\" \/>\n<meta property=\"og:title\" content=\"Integritetspolicy - Move &amp; Walk\" \/>\n<meta property=\"og:url\" content=\"https:\/\/movewalk.se\/en_gb\/integritetspolicy\/\" \/>\n<meta property=\"og:site_name\" content=\"Move &amp; Walk\" \/>\n<meta property=\"article:modified_time\" content=\"2023-03-17T08:17:41+00:00\" \/>\n<meta name=\"twitter:card\" content=\"summary_large_image\" \/>\n<meta name=\"twitter:label1\" content=\"Estimated reading time\" \/>\n\t<meta name=\"twitter:data1\" content=\"3 minutes\" \/>\n<script type=\"application\/ld+json\" class=\"yoast-schema-graph\">{\"@context\":\"https:\\\/\\\/schema.org\",\"@graph\":[{\"@type\":\"WebPage\",\"@id\":\"https:\\\/\\\/movewalk.se\\\/en_gb\\\/integritetspolicy\\\/\",\"url\":\"https:\\\/\\\/movewalk.se\\\/en_gb\\\/integritetspolicy\\\/\",\"name\":\"Integritetspolicy - Move &amp; Walk\",\"isPartOf\":{\"@id\":\"https:\\\/\\\/movewalk.se\\\/#website\"},\"datePublished\":\"2022-10-31T10:22:46+00:00\",\"dateModified\":\"2023-03-17T08:17:41+00:00\",\"breadcrumb\":{\"@id\":\"https:\\\/\\\/movewalk.se\\\/en_gb\\\/integritetspolicy\\\/#breadcrumb\"},\"inLanguage\":\"en-GB\",\"potentialAction\":[{\"@type\":\"ReadAction\",\"target\":[\"https:\\\/\\\/movewalk.se\\\/en_gb\\\/integritetspolicy\\\/\"]}]},{\"@type\":\"BreadcrumbList\",\"@id\":\"https:\\\/\\\/movewalk.se\\\/en_gb\\\/integritetspolicy\\\/#breadcrumb\",\"itemListElement\":[{\"@type\":\"ListItem\",\"position\":1,\"name\":\"Home\",\"item\":\"https:\\\/\\\/movewalk.se\\\/\"},{\"@type\":\"ListItem\",\"position\":2,\"name\":\"Integritetspolicy\"}]},{\"@type\":\"WebSite\",\"@id\":\"https:\\\/\\\/movewalk.se\\\/#website\",\"url\":\"https:\\\/\\\/movewalk.se\\\/\",\"name\":\"Move & Walk\",\"description\":\"V\u00e4gen till ett sj\u00e4lvst\u00e4ndigare liv\",\"publisher\":{\"@id\":\"https:\\\/\\\/movewalk.se\\\/#organization\"},\"potentialAction\":[{\"@type\":\"SearchAction\",\"target\":{\"@type\":\"EntryPoint\",\"urlTemplate\":\"https:\\\/\\\/movewalk.se\\\/?s={search_term_string}\"},\"query-input\":{\"@type\":\"PropertyValueSpecification\",\"valueRequired\":true,\"valueName\":\"search_term_string\"}}],\"inLanguage\":\"en-GB\"},{\"@type\":\"Organization\",\"@id\":\"https:\\\/\\\/movewalk.se\\\/#organization\",\"name\":\"Move & Walk\",\"url\":\"https:\\\/\\\/movewalk.se\\\/\",\"logo\":{\"@type\":\"ImageObject\",\"inLanguage\":\"en-GB\",\"@id\":\"https:\\\/\\\/movewalk.se\\\/#\\\/schema\\\/logo\\\/image\\\/\",\"url\":\"https:\\\/\\\/movewalk.se\\\/wp-content\\\/uploads\\\/2023\\\/02\\\/MoveWalk_med-text.png\",\"contentUrl\":\"https:\\\/\\\/movewalk.se\\\/wp-content\\\/uploads\\\/2023\\\/02\\\/MoveWalk_med-text.png\",\"width\":1182,\"height\":211,\"caption\":\"Move & Walk\"},\"image\":{\"@id\":\"https:\\\/\\\/movewalk.se\\\/#\\\/schema\\\/logo\\\/image\\\/\"}}]}<\/script>\n<!-- \/ Yoast SEO plugin. -->","yoast_head_json":{"title":"Integritetspolicy - Move &amp; Walk","robots":{"index":"index","follow":"follow","max-snippet":"max-snippet:-1","max-image-preview":"max-image-preview:large","max-video-preview":"max-video-preview:-1"},"canonical":"https:\/\/movewalk.se\/en_gb\/integritetspolicy\/","og_locale":"en_GB","og_type":"article","og_title":"Integritetspolicy - Move &amp; Walk","og_url":"https:\/\/movewalk.se\/en_gb\/integritetspolicy\/","og_site_name":"Move &amp; Walk","article_modified_time":"2023-03-17T08:17:41+00:00","twitter_card":"summary_large_image","twitter_misc":{"Estimated reading time":"3 minutes"},"schema":{"@context":"https:\/\/schema.org","@graph":[{"@type":"WebPage","@id":"https:\/\/movewalk.se\/en_gb\/integritetspolicy\/","url":"https:\/\/movewalk.se\/en_gb\/integritetspolicy\/","name":"Integritetspolicy - Move &amp; Walk","isPartOf":{"@id":"https:\/\/movewalk.se\/#website"},"datePublished":"2022-10-31T10:22:46+00:00","dateModified":"2023-03-17T08:17:41+00:00","breadcrumb":{"@id":"https:\/\/movewalk.se\/en_gb\/integritetspolicy\/#breadcrumb"},"inLanguage":"en-GB","potentialAction":[{"@type":"ReadAction","target":["https:\/\/movewalk.se\/en_gb\/integritetspolicy\/"]}]},{"@type":"BreadcrumbList","@id":"https:\/\/movewalk.se\/en_gb\/integritetspolicy\/#breadcrumb","itemListElement":[{"@type":"ListItem","position":1,"name":"Home","item":"https:\/\/movewalk.se\/"},{"@type":"ListItem","position":2,"name":"Integritetspolicy"}]},{"@type":"WebSite","@id":"https:\/\/movewalk.se\/#website","url":"https:\/\/movewalk.se\/","name":"Move & Walk","description":"The path to a more independent life","publisher":{"@id":"https:\/\/movewalk.se\/#organization"},"potentialAction":[{"@type":"SearchAction","target":{"@type":"EntryPoint","urlTemplate":"https:\/\/movewalk.se\/?s={search_term_string}"},"query-input":{"@type":"PropertyValueSpecification","valueRequired":true,"valueName":"search_term_string"}}],"inLanguage":"en-GB"},{"@type":"Organization","@id":"https:\/\/movewalk.se\/#organization","name":"Move & Walk","url":"https:\/\/movewalk.se\/","logo":{"@type":"ImageObject","inLanguage":"en-GB","@id":"https:\/\/movewalk.se\/#\/schema\/logo\/image\/","url":"https:\/\/movewalk.se\/wp-content\/uploads\/2023\/02\/MoveWalk_med-text.png","contentUrl":"https:\/\/movewalk.se\/wp-content\/uploads\/2023\/02\/MoveWalk_med-text.png","width":1182,"height":211,"caption":"Move & Walk"},"image":{"@id":"https:\/\/movewalk.se\/#\/schema\/logo\/image\/"}}]}},"_links":{"self":[{"href":"https:\/\/movewalk.se\/en_gb\/wp-json\/wp\/v2\/pages\/463","targetHints":{"allow":["GET"]}}],"collection":[{"href":"https:\/\/movewalk.se\/en_gb\/wp-json\/wp\/v2\/pages"}],"about":[{"href":"https:\/\/movewalk.se\/en_gb\/wp-json\/wp\/v2\/types\/page"}],"author":[{"embeddable":true,"href":"https:\/\/movewalk.se\/en_gb\/wp-json\/wp\/v2\/users\/1"}],"replies":[{"embeddable":true,"href":"https:\/\/movewalk.se\/en_gb\/wp-json\/wp\/v2\/comments?post=463"}],"version-history":[{"count":5,"href":"https:\/\/movewalk.se\/en_gb\/wp-json\/wp\/v2\/pages\/463\/revisions"}],"predecessor-version":[{"id":1313,"href":"https:\/\/movewalk.se\/en_gb\/wp-json\/wp\/v2\/pages\/463\/revisions\/1313"}],"wp:attachment":[{"href":"https:\/\/movewalk.se\/en_gb\/wp-json\/wp\/v2\/media?parent=463"}],"curies":[{"name":"wp","href":"https:\/\/api.w.org\/{rel}","templated":true}]}}