{"id":465,"date":"2022-10-31T10:23:00","date_gmt":"2022-10-31T10:23:00","guid":{"rendered":"https:\/\/moveandwalk.net\/?page_id=465"},"modified":"2023-03-16T13:31:13","modified_gmt":"2023-03-16T13:31:13","slug":"gdpr-i-skolan","status":"publish","type":"page","link":"https:\/\/movewalk.se\/en_gb\/gdpr-i-skolan\/","title":{"rendered":"GDPR in School"},"content":{"rendered":"<p>[et_pb_section fb_built=&#8221;1&#8243; _builder_version=&#8221;4.19.0&#8243; _module_preset=&#8221;default&#8221; global_colors_info=&#8221;{}&#8221;][et_pb_row _builder_version=&#8221;4.19.0&#8243; _module_preset=&#8221;default&#8221; global_colors_info=&#8221;{}&#8221;][et_pb_column type=&#8221;4_4&#8243; _builder_version=&#8221;4.19.0&#8243; _module_preset=&#8221;default&#8221; global_colors_info=&#8221;{}&#8221;][et_pb_text _builder_version=&#8221;4.20.2&#8243; _module_preset=&#8221;default&#8221; text_font_size=&#8221;17px&#8221; header_font_size=&#8221;31px&#8221; header_3_font_size=&#8221;25px&#8221; hover_enabled=&#8221;0&#8243; global_colors_info=&#8221;{}&#8221; sticky_enabled=&#8221;0&#8243;]<\/p>\n<div class=\"page-header\">\n<h1>GDPR i skolan<\/h1>\n<p>&nbsp;<\/p>\n<\/div>\n<div class=\"page-content\">\n<h3>Hantering av personuppgifter inom skola, gymnasium och fritidsverksamhet<\/h3>\n<p>F\u00f6r att s\u00e4kerst\u00e4lla att elever p\u00e5 Move &amp; Walks skola f\u00e5r utbildning och omsorg av h\u00f6g kvalitet beh\u00f6ver vi som ansvarar f\u00f6r verksamheten skola, gymnasium och fritidsverksamhet i flera olika sammanhang hantera dina personuppgifter och uppgifter om v\u00e5rdnadshavare (namn, adress, e-postadress och personnummer).<\/p>\n<p>F\u00f6r att f\u00e5 behandla personuppgifter kr\u00e4vs att den som \u00e4r personuppgiftsansvarig har laglig grund att behandla uppgifterna eller att du har gett ditt samtycke till behandlingen. Vi behandlar allts\u00e5 endast uppgifter i den utstr\u00e4ckning det \u00e4r n\u00f6dv\u00e4ndigt f\u00f6r att fullg\u00f6ra v\u00e5rt uppdrag.<\/p>\n<p>I de fall Move &amp; Walk behandlar personuppgifter som inte \u00e4r n\u00f6dv\u00e4ndiga f\u00f6r att bedriva skola kommer vi att be om ditt eller dina v\u00e5rdnadshavare frivilliga och informerade samtycke. Det kan till exempel vara vid publicering av bild eller film p\u00e5 elev. Detta samtycke kan \u00e5terkallas n\u00e4rsomhelst.<\/p>\n<p>Vissa personuppgifter beh\u00f6ver vi behandla f\u00f6r att kunna bedriva skola. Dessa \u00e4r till exempel ditt namn, adress och personnummer.<\/p>\n<p>Personuppgifter behandlas i samband med administration s\u00e5som statistik, fakturering av avgifter, ans\u00f6kan om till\u00e4ggsbelopp, uppr\u00e4ttande av skolavtal, elevv\u00e5rd, skolskjuts, schemal\u00e4ggning, n\u00e4rvarostatistik, administration av ledighetsans\u00f6kningar samt administration av elevers l\u00e4rverktyg.<\/p>\n<p>Personuppgifterna behandlas \u00e4ven f\u00f6r pedagogisk dokumentation och planering, f\u00f6lja l\u00e4rprocesser, kommunikation och dialog mellan skola och hem, f\u00f6r att st\u00f6dja elevers l\u00e4rande, f\u00f6lja och formativt bed\u00f6ma elevers l\u00e4rprocesser, samarbeta, lagra och dela pedagogiskt material digitalt, dokumentera \u00e5tg\u00e4rdsprogram och st\u00f6dinsatser, dokumentera kr\u00e4nkande behandling samt relaterade \u00e5tg\u00e4rder.<\/p>\n<h3><\/h3>\n<h3>K\u00e4nsliga\/extra skyddsv\u00e4rda personuppgifter<\/h3>\n<p>F\u00f6r att kunna planera, bedriva och f\u00f6lja upp verksamheten behandlas b\u00e5de extra skyddsv\u00e4rda personuppgifter, exempelvis personnummer, och k\u00e4nsliga personuppgifter om barn och elever. Till k\u00e4nsliga personuppgifter r\u00e4knas exempelvis etnicitet (exempelvis modersm\u00e5l), religi\u00f6s eller filosofisk \u00f6vertygelse (exempelvis specialkost) och h\u00e4lsa (exempelvis hj\u00e4lpmedel i undervisningen och placering i s\u00e4rskolan). Skolan kan ocks\u00e5 behandla best\u00e4llda utredningar, eller inl\u00e4mnade medicinska och\/eller psykologiska utredningar, f\u00f6rutsatt att dessa utredningar \u00e4r s\u00e4rskilt n\u00f6dv\u00e4ndiga f\u00f6r skolan att k\u00e4nna till f\u00f6r att ge dig r\u00e4tt typ av st\u00f6d.<\/p>\n<p>Under vissa f\u00f6ruts\u00e4ttningar kommer vi \u00e4ven behandla orosanm\u00e4lningar till Socialtj\u00e4nsten.<\/p>\n<h3><\/h3>\n<h3>Mottagare av personuppgifter<\/h3>\n<p>Mottagare av personuppgifter \u00e4r ber\u00f6rd personal p\u00e5 Move &amp; Walk skola, v\u00e5rdnadshavare, Vi kan komma att dela dina personuppgifter med en tredje part, f\u00f6rutsatt att det \u00e4r f\u00f6renligt med lag och vi beh\u00f6ver g\u00f6ra det f\u00f6r att kunna utf\u00f6ra v\u00e5rt uppdrag till exempel till myndighet (kommunen, F\u00f6rs\u00e4kringskassan, Skolinspektionen, SCB, taxibolag vid skolskjuts, habilitering, leverant\u00f6r av skolmat).<\/p>\n<p>Uppgifter som skickas in till en myndighet kan bli offentliga och f\u00e5r d\u00e5 beg\u00e4ras ut av alla s\u00e5 l\u00e4nge detta inte hindras av sekretess.<\/p>\n<h3><\/h3>\n<h3>Ans\u00f6kan till skolan<\/h3>\n<p>Om du inte \u00e4r elev p\u00e5 skolan men ans\u00f6ker till oss kommer dina och v\u00e5rdnadshavares uppgifter att behandlas i v\u00e5rt ans\u00f6kningssystem. Om du inte antas till skolan kan du aktivt v\u00e4lja att st\u00e5 kvar i k\u00f6, i annat fall raderas din ans\u00f6kan.<\/p>\n<h3><\/h3>\n<h3>Personuppgifter inom elevh\u00e4lsan<\/h3>\n<p>Inom ramen f\u00f6r elevh\u00e4lsans arbete registrerar Elevh\u00e4lsoteamet (EHT) p\u00e5 Move &amp; Walk vissa k\u00e4nsliga personuppgifter. Dessa kan vara h\u00e4lsotillst\u00e5nd, till exempel diagnoser eller andra liknande tillst\u00e5nd. Dessa uppgifter \u00e4r s\u00e4rskilt n\u00f6dv\u00e4ndiga f\u00f6r att vi ska kunna ge dig r\u00e4tt st\u00f6d vid behov. F\u00f6r k\u00e4nsliga uppgifter har vi s\u00e4rskilda f\u00f6rsiktighets\u00e5tg\u00e4rder.<\/p>\n<h3><\/h3>\n<h3>R\u00e4tten att bli gl\u00f6md<\/h3>\n<p>I de fall du varit inskriven elev p\u00e5 skolan kommer vi att forts\u00e4tta behandla vissa personuppgifter om dig \u00e4ven efter din studietid. Personuppgifter som inte \u00e4r n\u00f6dv\u00e4ndiga f\u00f6r uppdraget att anordna utbildning, som utg\u00f6r myndighetsut\u00f6vning eller lagstadgat krav har du r\u00e4tt att f\u00e5 raderade n\u00e4r du inte l\u00e4ngre \u00e4r elev p\u00e5 skolan.<\/p>\n<\/div>\n<p>[\/et_pb_text][\/et_pb_column][\/et_pb_row][\/et_pb_section]<\/p>\n","protected":false},"excerpt":{"rendered":"<p>GDPR i skolan &nbsp; Hantering av personuppgifter inom skola, gymnasium och fritidsverksamhet F\u00f6r att s\u00e4kerst\u00e4lla att elever p\u00e5 Move &amp; Walks skola f\u00e5r utbildning och omsorg av h\u00f6g kvalitet beh\u00f6ver vi som ansvarar f\u00f6r verksamheten skola, gymnasium och fritidsverksamhet i flera olika sammanhang hantera dina personuppgifter och uppgifter om v\u00e5rdnadshavare (namn, adress, e-postadress och personnummer). [&hellip;]<\/p>\n","protected":false},"author":1,"featured_media":0,"parent":0,"menu_order":0,"comment_status":"closed","ping_status":"closed","template":"","meta":{"_acf_changed":false,"_et_pb_use_builder":"on","_et_pb_old_content":"<!-- wp:divi\/placeholder \/-->","_et_gb_content_width":"","footnotes":""},"class_list":["post-465","page","type-page","status-publish","hentry"],"acf":[],"yoast_head":"<!-- This site is optimized with the Yoast SEO plugin v27.3 - https:\/\/yoast.com\/product\/yoast-seo-wordpress\/ -->\n<title>GDPR i skolan - Move &amp; Walk<\/title>\n<meta name=\"robots\" content=\"index, follow, max-snippet:-1, max-image-preview:large, max-video-preview:-1\" \/>\n<link rel=\"canonical\" href=\"https:\/\/movewalk.se\/en_gb\/gdpr-i-skolan\/\" \/>\n<meta property=\"og:locale\" content=\"en_GB\" \/>\n<meta property=\"og:type\" content=\"article\" \/>\n<meta property=\"og:title\" content=\"GDPR i skolan - Move &amp; Walk\" \/>\n<meta property=\"og:url\" content=\"https:\/\/movewalk.se\/en_gb\/gdpr-i-skolan\/\" \/>\n<meta property=\"og:site_name\" content=\"Move &amp; Walk\" \/>\n<meta property=\"article:modified_time\" content=\"2023-03-16T13:31:13+00:00\" \/>\n<meta name=\"twitter:card\" content=\"summary_large_image\" \/>\n<meta name=\"twitter:label1\" content=\"Estimated reading time\" \/>\n\t<meta name=\"twitter:data1\" content=\"4 minutes\" \/>\n<script type=\"application\/ld+json\" class=\"yoast-schema-graph\">{\"@context\":\"https:\\\/\\\/schema.org\",\"@graph\":[{\"@type\":\"WebPage\",\"@id\":\"https:\\\/\\\/movewalk.se\\\/gdpr-i-skolan\\\/\",\"url\":\"https:\\\/\\\/movewalk.se\\\/gdpr-i-skolan\\\/\",\"name\":\"GDPR i skolan - Move &amp; Walk\",\"isPartOf\":{\"@id\":\"https:\\\/\\\/movewalk.se\\\/#website\"},\"datePublished\":\"2022-10-31T10:23:00+00:00\",\"dateModified\":\"2023-03-16T13:31:13+00:00\",\"breadcrumb\":{\"@id\":\"https:\\\/\\\/movewalk.se\\\/gdpr-i-skolan\\\/#breadcrumb\"},\"inLanguage\":\"en-GB\",\"potentialAction\":[{\"@type\":\"ReadAction\",\"target\":[\"https:\\\/\\\/movewalk.se\\\/gdpr-i-skolan\\\/\"]}]},{\"@type\":\"BreadcrumbList\",\"@id\":\"https:\\\/\\\/movewalk.se\\\/gdpr-i-skolan\\\/#breadcrumb\",\"itemListElement\":[{\"@type\":\"ListItem\",\"position\":1,\"name\":\"Home\",\"item\":\"https:\\\/\\\/movewalk.se\\\/\"},{\"@type\":\"ListItem\",\"position\":2,\"name\":\"GDPR i skolan\"}]},{\"@type\":\"WebSite\",\"@id\":\"https:\\\/\\\/movewalk.se\\\/#website\",\"url\":\"https:\\\/\\\/movewalk.se\\\/\",\"name\":\"Move & Walk\",\"description\":\"V\u00e4gen till ett sj\u00e4lvst\u00e4ndigare liv\",\"publisher\":{\"@id\":\"https:\\\/\\\/movewalk.se\\\/#organization\"},\"potentialAction\":[{\"@type\":\"SearchAction\",\"target\":{\"@type\":\"EntryPoint\",\"urlTemplate\":\"https:\\\/\\\/movewalk.se\\\/?s={search_term_string}\"},\"query-input\":{\"@type\":\"PropertyValueSpecification\",\"valueRequired\":true,\"valueName\":\"search_term_string\"}}],\"inLanguage\":\"en-GB\"},{\"@type\":\"Organization\",\"@id\":\"https:\\\/\\\/movewalk.se\\\/#organization\",\"name\":\"Move & Walk\",\"url\":\"https:\\\/\\\/movewalk.se\\\/\",\"logo\":{\"@type\":\"ImageObject\",\"inLanguage\":\"en-GB\",\"@id\":\"https:\\\/\\\/movewalk.se\\\/#\\\/schema\\\/logo\\\/image\\\/\",\"url\":\"https:\\\/\\\/movewalk.se\\\/wp-content\\\/uploads\\\/2023\\\/02\\\/MoveWalk_med-text.png\",\"contentUrl\":\"https:\\\/\\\/movewalk.se\\\/wp-content\\\/uploads\\\/2023\\\/02\\\/MoveWalk_med-text.png\",\"width\":1182,\"height\":211,\"caption\":\"Move & Walk\"},\"image\":{\"@id\":\"https:\\\/\\\/movewalk.se\\\/#\\\/schema\\\/logo\\\/image\\\/\"}}]}<\/script>\n<!-- \/ Yoast SEO plugin. -->","yoast_head_json":{"title":"GDPR i skolan - Move &amp; Walk","robots":{"index":"index","follow":"follow","max-snippet":"max-snippet:-1","max-image-preview":"max-image-preview:large","max-video-preview":"max-video-preview:-1"},"canonical":"https:\/\/movewalk.se\/en_gb\/gdpr-i-skolan\/","og_locale":"en_GB","og_type":"article","og_title":"GDPR i skolan - Move &amp; Walk","og_url":"https:\/\/movewalk.se\/en_gb\/gdpr-i-skolan\/","og_site_name":"Move &amp; Walk","article_modified_time":"2023-03-16T13:31:13+00:00","twitter_card":"summary_large_image","twitter_misc":{"Estimated reading time":"4 minutes"},"schema":{"@context":"https:\/\/schema.org","@graph":[{"@type":"WebPage","@id":"https:\/\/movewalk.se\/gdpr-i-skolan\/","url":"https:\/\/movewalk.se\/gdpr-i-skolan\/","name":"GDPR i skolan - Move &amp; Walk","isPartOf":{"@id":"https:\/\/movewalk.se\/#website"},"datePublished":"2022-10-31T10:23:00+00:00","dateModified":"2023-03-16T13:31:13+00:00","breadcrumb":{"@id":"https:\/\/movewalk.se\/gdpr-i-skolan\/#breadcrumb"},"inLanguage":"en-GB","potentialAction":[{"@type":"ReadAction","target":["https:\/\/movewalk.se\/gdpr-i-skolan\/"]}]},{"@type":"BreadcrumbList","@id":"https:\/\/movewalk.se\/gdpr-i-skolan\/#breadcrumb","itemListElement":[{"@type":"ListItem","position":1,"name":"Home","item":"https:\/\/movewalk.se\/"},{"@type":"ListItem","position":2,"name":"GDPR i skolan"}]},{"@type":"WebSite","@id":"https:\/\/movewalk.se\/#website","url":"https:\/\/movewalk.se\/","name":"Move & Walk","description":"The path to a more independent life","publisher":{"@id":"https:\/\/movewalk.se\/#organization"},"potentialAction":[{"@type":"SearchAction","target":{"@type":"EntryPoint","urlTemplate":"https:\/\/movewalk.se\/?s={search_term_string}"},"query-input":{"@type":"PropertyValueSpecification","valueRequired":true,"valueName":"search_term_string"}}],"inLanguage":"en-GB"},{"@type":"Organization","@id":"https:\/\/movewalk.se\/#organization","name":"Move & Walk","url":"https:\/\/movewalk.se\/","logo":{"@type":"ImageObject","inLanguage":"en-GB","@id":"https:\/\/movewalk.se\/#\/schema\/logo\/image\/","url":"https:\/\/movewalk.se\/wp-content\/uploads\/2023\/02\/MoveWalk_med-text.png","contentUrl":"https:\/\/movewalk.se\/wp-content\/uploads\/2023\/02\/MoveWalk_med-text.png","width":1182,"height":211,"caption":"Move & Walk"},"image":{"@id":"https:\/\/movewalk.se\/#\/schema\/logo\/image\/"}}]}},"_links":{"self":[{"href":"https:\/\/movewalk.se\/en_gb\/wp-json\/wp\/v2\/pages\/465","targetHints":{"allow":["GET"]}}],"collection":[{"href":"https:\/\/movewalk.se\/en_gb\/wp-json\/wp\/v2\/pages"}],"about":[{"href":"https:\/\/movewalk.se\/en_gb\/wp-json\/wp\/v2\/types\/page"}],"author":[{"embeddable":true,"href":"https:\/\/movewalk.se\/en_gb\/wp-json\/wp\/v2\/users\/1"}],"replies":[{"embeddable":true,"href":"https:\/\/movewalk.se\/en_gb\/wp-json\/wp\/v2\/comments?post=465"}],"version-history":[{"count":4,"href":"https:\/\/movewalk.se\/en_gb\/wp-json\/wp\/v2\/pages\/465\/revisions"}],"predecessor-version":[{"id":1292,"href":"https:\/\/movewalk.se\/en_gb\/wp-json\/wp\/v2\/pages\/465\/revisions\/1292"}],"wp:attachment":[{"href":"https:\/\/movewalk.se\/en_gb\/wp-json\/wp\/v2\/media?parent=465"}],"curies":[{"name":"wp","href":"https:\/\/api.w.org\/{rel}","templated":true}]}}