{"id":599,"date":"2022-11-04T10:06:57","date_gmt":"2022-11-04T10:06:57","guid":{"rendered":"https:\/\/moveandwalk.net\/?page_id=599"},"modified":"2024-01-08T12:10:22","modified_gmt":"2024-01-08T12:10:22","slug":"kvalitet-daglig-verksamhet","status":"publish","type":"page","link":"https:\/\/movewalk.se\/en_gb\/kvalitet-daglig-verksamhet\/","title":{"rendered":"Kvalitet Daglig Verksamhet"},"content":{"rendered":"<p>[et_pb_section fb_built=&#8221;1&#8243; _builder_version=&#8221;4.19.0&#8243; _module_preset=&#8221;default&#8221; global_colors_info=&#8221;{}&#8221;][et_pb_row _builder_version=&#8221;4.19.0&#8243; _module_preset=&#8221;default&#8221; global_colors_info=&#8221;{}&#8221;][et_pb_column type=&#8221;4_4&#8243; _builder_version=&#8221;4.19.0&#8243; _module_preset=&#8221;default&#8221; global_colors_info=&#8221;{}&#8221;][et_pb_text _builder_version=&#8221;4.23.4&#8243; _module_preset=&#8221;default&#8221; text_font_size=&#8221;17px&#8221; link_font=&#8221;||||on||||&#8221; link_text_color=&#8221;#000000&#8243; header_font_size=&#8221;31px&#8221; hover_enabled=&#8221;0&#8243; global_colors_info=&#8221;{}&#8221; sticky_enabled=&#8221;0&#8243;]<\/p>\n<div class=\"flexibelContentRow\">\n<div class=\"flexibelContentRubrik\">\n<h1>Kvalitet<\/h1>\n<\/div>\n<div class=\"flexibelContentIntroText\">\n<p>&nbsp;<\/p>\n<p>Move &amp; Walk Daglig Verksamhet till\u00e4mpar Socialstyrelsens f\u00f6reskrifter och allm\u00e4nna r\u00e5d (SOSFS 2011:9) om ledningssystem f\u00f6r systematiskt kvalitetsarbete.<span>\u00a0<\/span><a href=\"http:\/\/www.socialstyrelsen.se\/sosfs\/2011-9\">www.socialstyrelsen.se\/sosfs\/2011-9<\/a><\/p>\n<p>Kvalitetssystemet\/egenkontrollen ska s\u00e4kerhetsst\u00e4lla att den enskildes behov tillgodoses och att lagar och f\u00f6reskrifter f\u00f6ljs. Move &amp; Walk Sverige AB har ett kvalitetsledningssystem.<\/p>\n<p>&nbsp;<\/p>\n<\/div>\n<\/div>\n<div class=\"flexibelContentRow\">\n<div class=\"flexibelContentText\">\n<p>Kvalit\u00e9n i verksamheten utvecklas och s\u00e4kras systematiskt och fortl\u00f6pande. Vi uppr\u00e4ttar genomf\u00f6randeplan och dokumenterar enligt lag f\u00f6r alla v\u00e5ra deltagare.<\/p>\n<p>Move &amp; Walk Daglig verksamhet ska bedriva ett aktivt f\u00f6rb\u00e4ttringsarbete d\u00e4r avvikelsehantering blir en naturlig del av kvalitetss\u00e4kringen f\u00f6r verksamheten.<\/p>\n<p>En central fr\u00e5ga i kvalitetsarbetet \u00e4r kundtillfredsst\u00e4llelse. Genom n\u00f6jda kunder f\u00e5r vi m\u00f6jlighet att skapa l\u00e5ngsiktiga kontakter och en utveckling av den egna verksamheten. Kvalitetsarbetet utvecklas genom st\u00e4ndiga f\u00f6rb\u00e4ttringar. Alla som arbetar inom Move &amp; Walk Daglig Verksamhet medverkar aktivt till att \u00e5stadkomma en daglig verksamhet av h\u00f6g kvalitet genom f\u00f6rst\u00e5else f\u00f6r deltagarnas individuella behov.<\/p>\n<p>I v\u00e5rt kvalitetsarbete unders\u00f6ker vi hur v\u00e5ra deltagare trivs och utvecklas genom att de f\u00e5r fylla i en enk\u00e4t. Utifr\u00e5n resultatet f\u00e5r vi fram ett NKI (N\u00f6jd kundindex) och kan efter det arbeta fram m\u00e5l f\u00f6r v\u00e5rt f\u00f6rb\u00e4ttringsarbete.<\/p>\n<\/div>\n<\/div>\n<p>[\/et_pb_text][\/et_pb_column][\/et_pb_row][\/et_pb_section]<\/p>\n","protected":false},"excerpt":{"rendered":"<p>Kvalitet &nbsp; Move &amp; Walk Daglig Verksamhet till\u00e4mpar Socialstyrelsens f\u00f6reskrifter och allm\u00e4nna r\u00e5d (SOSFS 2011:9) om ledningssystem f\u00f6r systematiskt kvalitetsarbete.\u00a0www.socialstyrelsen.se\/sosfs\/2011-9 Kvalitetssystemet\/egenkontrollen ska s\u00e4kerhetsst\u00e4lla att den enskildes behov tillgodoses och att lagar och f\u00f6reskrifter f\u00f6ljs. Move &amp; Walk Sverige AB har ett kvalitetsledningssystem. &nbsp; Kvalit\u00e9n i verksamheten utvecklas och s\u00e4kras systematiskt och fortl\u00f6pande. Vi uppr\u00e4ttar genomf\u00f6randeplan [&hellip;]<\/p>\n","protected":false},"author":1,"featured_media":0,"parent":0,"menu_order":0,"comment_status":"closed","ping_status":"closed","template":"","meta":{"_acf_changed":false,"_et_pb_use_builder":"on","_et_pb_old_content":"<!-- wp:divi\/placeholder \/-->","_et_gb_content_width":"","footnotes":""},"class_list":["post-599","page","type-page","status-publish","hentry"],"acf":[],"yoast_head":"<!-- This site is optimized with the Yoast SEO plugin v27.3 - https:\/\/yoast.com\/product\/yoast-seo-wordpress\/ -->\n<title>Kvalitet Daglig Verksamhet - Move &amp; Walk<\/title>\n<meta name=\"robots\" content=\"index, follow, max-snippet:-1, max-image-preview:large, max-video-preview:-1\" \/>\n<link rel=\"canonical\" href=\"https:\/\/movewalk.se\/en_gb\/kvalitet-daglig-verksamhet\/\" \/>\n<meta property=\"og:locale\" content=\"en_GB\" \/>\n<meta property=\"og:type\" content=\"article\" \/>\n<meta property=\"og:title\" content=\"Kvalitet Daglig Verksamhet - Move &amp; Walk\" \/>\n<meta property=\"og:url\" content=\"https:\/\/movewalk.se\/en_gb\/kvalitet-daglig-verksamhet\/\" \/>\n<meta property=\"og:site_name\" content=\"Move &amp; Walk\" \/>\n<meta property=\"article:modified_time\" content=\"2024-01-08T12:10:22+00:00\" \/>\n<meta name=\"twitter:card\" content=\"summary_large_image\" \/>\n<meta name=\"twitter:label1\" content=\"Estimated reading time\" \/>\n\t<meta name=\"twitter:data1\" content=\"2 minutes\" \/>\n<script type=\"application\/ld+json\" class=\"yoast-schema-graph\">{\"@context\":\"https:\\\/\\\/schema.org\",\"@graph\":[{\"@type\":\"WebPage\",\"@id\":\"https:\\\/\\\/movewalk.se\\\/kvalitet-daglig-verksamhet\\\/\",\"url\":\"https:\\\/\\\/movewalk.se\\\/kvalitet-daglig-verksamhet\\\/\",\"name\":\"Kvalitet Daglig Verksamhet - Move &amp; Walk\",\"isPartOf\":{\"@id\":\"https:\\\/\\\/movewalk.se\\\/#website\"},\"datePublished\":\"2022-11-04T10:06:57+00:00\",\"dateModified\":\"2024-01-08T12:10:22+00:00\",\"breadcrumb\":{\"@id\":\"https:\\\/\\\/movewalk.se\\\/kvalitet-daglig-verksamhet\\\/#breadcrumb\"},\"inLanguage\":\"en-GB\",\"potentialAction\":[{\"@type\":\"ReadAction\",\"target\":[\"https:\\\/\\\/movewalk.se\\\/kvalitet-daglig-verksamhet\\\/\"]}]},{\"@type\":\"BreadcrumbList\",\"@id\":\"https:\\\/\\\/movewalk.se\\\/kvalitet-daglig-verksamhet\\\/#breadcrumb\",\"itemListElement\":[{\"@type\":\"ListItem\",\"position\":1,\"name\":\"Home\",\"item\":\"https:\\\/\\\/movewalk.se\\\/\"},{\"@type\":\"ListItem\",\"position\":2,\"name\":\"Kvalitet Daglig Verksamhet\"}]},{\"@type\":\"WebSite\",\"@id\":\"https:\\\/\\\/movewalk.se\\\/#website\",\"url\":\"https:\\\/\\\/movewalk.se\\\/\",\"name\":\"Move & Walk\",\"description\":\"V\u00e4gen till ett sj\u00e4lvst\u00e4ndigare liv\",\"publisher\":{\"@id\":\"https:\\\/\\\/movewalk.se\\\/#organization\"},\"potentialAction\":[{\"@type\":\"SearchAction\",\"target\":{\"@type\":\"EntryPoint\",\"urlTemplate\":\"https:\\\/\\\/movewalk.se\\\/?s={search_term_string}\"},\"query-input\":{\"@type\":\"PropertyValueSpecification\",\"valueRequired\":true,\"valueName\":\"search_term_string\"}}],\"inLanguage\":\"en-GB\"},{\"@type\":\"Organization\",\"@id\":\"https:\\\/\\\/movewalk.se\\\/#organization\",\"name\":\"Move & Walk\",\"url\":\"https:\\\/\\\/movewalk.se\\\/\",\"logo\":{\"@type\":\"ImageObject\",\"inLanguage\":\"en-GB\",\"@id\":\"https:\\\/\\\/movewalk.se\\\/#\\\/schema\\\/logo\\\/image\\\/\",\"url\":\"https:\\\/\\\/movewalk.se\\\/wp-content\\\/uploads\\\/2023\\\/02\\\/MoveWalk_med-text.png\",\"contentUrl\":\"https:\\\/\\\/movewalk.se\\\/wp-content\\\/uploads\\\/2023\\\/02\\\/MoveWalk_med-text.png\",\"width\":1182,\"height\":211,\"caption\":\"Move & Walk\"},\"image\":{\"@id\":\"https:\\\/\\\/movewalk.se\\\/#\\\/schema\\\/logo\\\/image\\\/\"}}]}<\/script>\n<!-- \/ Yoast SEO plugin. -->","yoast_head_json":{"title":"Kvalitet Daglig Verksamhet - Move &amp; Walk","robots":{"index":"index","follow":"follow","max-snippet":"max-snippet:-1","max-image-preview":"max-image-preview:large","max-video-preview":"max-video-preview:-1"},"canonical":"https:\/\/movewalk.se\/en_gb\/kvalitet-daglig-verksamhet\/","og_locale":"en_GB","og_type":"article","og_title":"Kvalitet Daglig Verksamhet - Move &amp; Walk","og_url":"https:\/\/movewalk.se\/en_gb\/kvalitet-daglig-verksamhet\/","og_site_name":"Move &amp; Walk","article_modified_time":"2024-01-08T12:10:22+00:00","twitter_card":"summary_large_image","twitter_misc":{"Estimated reading time":"2 minutes"},"schema":{"@context":"https:\/\/schema.org","@graph":[{"@type":"WebPage","@id":"https:\/\/movewalk.se\/kvalitet-daglig-verksamhet\/","url":"https:\/\/movewalk.se\/kvalitet-daglig-verksamhet\/","name":"Kvalitet Daglig Verksamhet - Move &amp; Walk","isPartOf":{"@id":"https:\/\/movewalk.se\/#website"},"datePublished":"2022-11-04T10:06:57+00:00","dateModified":"2024-01-08T12:10:22+00:00","breadcrumb":{"@id":"https:\/\/movewalk.se\/kvalitet-daglig-verksamhet\/#breadcrumb"},"inLanguage":"en-GB","potentialAction":[{"@type":"ReadAction","target":["https:\/\/movewalk.se\/kvalitet-daglig-verksamhet\/"]}]},{"@type":"BreadcrumbList","@id":"https:\/\/movewalk.se\/kvalitet-daglig-verksamhet\/#breadcrumb","itemListElement":[{"@type":"ListItem","position":1,"name":"Home","item":"https:\/\/movewalk.se\/"},{"@type":"ListItem","position":2,"name":"Kvalitet Daglig Verksamhet"}]},{"@type":"WebSite","@id":"https:\/\/movewalk.se\/#website","url":"https:\/\/movewalk.se\/","name":"Move & Walk","description":"The path to a more independent life","publisher":{"@id":"https:\/\/movewalk.se\/#organization"},"potentialAction":[{"@type":"SearchAction","target":{"@type":"EntryPoint","urlTemplate":"https:\/\/movewalk.se\/?s={search_term_string}"},"query-input":{"@type":"PropertyValueSpecification","valueRequired":true,"valueName":"search_term_string"}}],"inLanguage":"en-GB"},{"@type":"Organization","@id":"https:\/\/movewalk.se\/#organization","name":"Move & Walk","url":"https:\/\/movewalk.se\/","logo":{"@type":"ImageObject","inLanguage":"en-GB","@id":"https:\/\/movewalk.se\/#\/schema\/logo\/image\/","url":"https:\/\/movewalk.se\/wp-content\/uploads\/2023\/02\/MoveWalk_med-text.png","contentUrl":"https:\/\/movewalk.se\/wp-content\/uploads\/2023\/02\/MoveWalk_med-text.png","width":1182,"height":211,"caption":"Move & Walk"},"image":{"@id":"https:\/\/movewalk.se\/#\/schema\/logo\/image\/"}}]}},"_links":{"self":[{"href":"https:\/\/movewalk.se\/en_gb\/wp-json\/wp\/v2\/pages\/599","targetHints":{"allow":["GET"]}}],"collection":[{"href":"https:\/\/movewalk.se\/en_gb\/wp-json\/wp\/v2\/pages"}],"about":[{"href":"https:\/\/movewalk.se\/en_gb\/wp-json\/wp\/v2\/types\/page"}],"author":[{"embeddable":true,"href":"https:\/\/movewalk.se\/en_gb\/wp-json\/wp\/v2\/users\/1"}],"replies":[{"embeddable":true,"href":"https:\/\/movewalk.se\/en_gb\/wp-json\/wp\/v2\/comments?post=599"}],"version-history":[{"count":6,"href":"https:\/\/movewalk.se\/en_gb\/wp-json\/wp\/v2\/pages\/599\/revisions"}],"predecessor-version":[{"id":2388,"href":"https:\/\/movewalk.se\/en_gb\/wp-json\/wp\/v2\/pages\/599\/revisions\/2388"}],"wp:attachment":[{"href":"https:\/\/movewalk.se\/en_gb\/wp-json\/wp\/v2\/media?parent=599"}],"curies":[{"name":"wp","href":"https:\/\/api.w.org\/{rel}","templated":true}]}}