{"id":606,"date":"2022-11-07T08:00:52","date_gmt":"2022-11-07T08:00:52","guid":{"rendered":"https:\/\/moveandwalk.net\/?page_id=606"},"modified":"2025-09-03T09:35:06","modified_gmt":"2025-09-03T09:35:06","slug":"att-vara-kund-hos-oss","status":"publish","type":"page","link":"https:\/\/movewalk.se\/en_gb\/att-vara-kund-hos-oss\/","title":{"rendered":"Being a customer with us"},"content":{"rendered":"<p>[et_pb_section fb_built=&#8221;1&#8243; _builder_version=&#8221;4.19.0&#8243; _module_preset=&#8221;default&#8221; global_colors_info=&#8221;{}&#8221; da_is_popup=&#8221;off&#8221; da_exit_intent=&#8221;off&#8221; da_has_close=&#8221;on&#8221; da_alt_close=&#8221;off&#8221; da_dark_close=&#8221;off&#8221; da_not_modal=&#8221;on&#8221; da_is_singular=&#8221;off&#8221; da_with_loader=&#8221;off&#8221; da_has_shadow=&#8221;on&#8221; da_disable_devices=&#8221;off|off|off&#8221;][et_pb_row _builder_version=&#8221;4.19.0&#8243; _module_preset=&#8221;default&#8221; global_colors_info=&#8221;{}&#8221;][et_pb_column type=&#8221;4_4&#8243; _builder_version=&#8221;4.19.0&#8243; _module_preset=&#8221;default&#8221; global_colors_info=&#8221;{}&#8221;][et_pb_text _builder_version=&#8221;4.27.4&#8243; _module_preset=&#8221;default&#8221; text_font_size=&#8221;17px&#8221; link_font=&#8221;||||on||||&#8221; link_text_color=&#8221;#000000&#8243; header_font_size=&#8221;31px&#8221; hover_enabled=&#8221;0&#8243; global_colors_info=&#8221;{}&#8221; sticky_enabled=&#8221;0&#8243;]<\/p>\n<div class=\"flexibelContentRow\">\n<div class=\"flexibelContentRubrik\">\n<h1>Att vara kund hos oss<\/h1>\n<\/div>\n<div class=\"flexibelContentIntroText\">\n<p>&nbsp;<\/p>\n<p><strong>Move &amp; Walk Assistans<\/strong><span>\u00a0<\/span>arbetar genom n\u00e4ra relation till dig som kund, d\u00e4r vi tillsammans l\u00e4gger upp hur arbetet ska se ut utifr\u00e5n era \u00f6nskem\u00e5l och v\u00e5r kunskap. Vi som arbetar p\u00e5 Move &amp; Walk Assistans har l\u00e5ng erfarenhet av att arbeta b\u00e5de praktiskt och administrativt, f\u00f6r och med personer med funktionshinder. Vi brinner f\u00f6r v\u00e5rt arbete och v\u00e5r styrka \u00e4r v\u00e5rt genuina engagemang i allt vi g\u00f6r!<\/p>\n<p>Tillg\u00e4nglighet och service \u00e4r oerh\u00f6rt viktigt f\u00f6r oss, s\u00e5v\u00e4l till dig som kund som till dig som medarbetare. Vi har en platt organisation med korta beslutsv\u00e4gar, och stort egenbest\u00e4mmande ute hos dig som kund. F\u00f6r att s\u00e4kerst\u00e4lla kvalit\u00e9n i v\u00e5r verksamhet har vi en arbetsledare ute p\u00e5 varje arbetsplats. Finns behov\/\u00f6nskem\u00e5l kan arbetsledarrollen delas. Tanken med en arbetsledare \u00e4r att n\u00e5gon alltid ska finnas till hands, vara din f\u00f6rl\u00e4ngda arm och vara direktl\u00e4nken till oss p\u00e5 kontoret. Detta kan inneb\u00e4ra tidrapportering, p\u00e5visa \u00f6kat behov av timmar\/utbildning med mera. Varje arbetsledare f\u00e5r en ers\u00e4ttning som baseras p\u00e5 varje utf\u00f6rd timme. F\u00f6r att s\u00e4kerst\u00e4lla att du som kund k\u00e4nner dig trygg med arbetsledaren f\u00e5r den kontinuerlig handledning och utbildning.<\/p>\n<\/div>\n<\/div>\n<div class=\"flexibelContentRow\">\n<div class=\"flexibelContentText\">\n<p>P\u00e5 Move &amp; Walk Assistans hj\u00e4lper vi dig med allt kring administrationen av den personliga assistansen; fr\u00e5n att ha medarbetarsamtal, metodhandledning, arbeta aktivt med rekrytering till att ha kontakt med myndigheter vid ompr\u00f6vningar, s\u00f6ka tillf\u00e4lliga ut\u00f6kningar eller fler timmar m.m. Detta arbete sker utifr\u00e5n dig som kund, dina \u00f6nskem\u00e5l och vad du \u00f6nskar v\u00e5r hj\u00e4lp med. F\u00f6r dig utan ett beslut s\u00e5 hj\u00e4lper vi till med en nyans\u00f6kan till b\u00e5de kommun och F\u00f6rs\u00e4kringskassan, och st\u00f6ttar dig genom hela processen.<\/p>\n<p>Tillsammans med dig l\u00e4gger vi varje \u00e5r en ny ekonomisk prognos baserat p\u00e5 dina \u00f6nskem\u00e5l och behov. I prognosen v\u00e4ljer du hur mycket administrativ hj\u00e4lp du \u00f6nskar\/har behov av, vilka utbildningar dina assistenter ska g\u00e5, om det \u00e4r n\u00e5got speciellt som h\u00e4nder under \u00e5ret som du vill avs\u00e4tta pengar f\u00f6r m.m. Naturligtvis f\u00e5r du regelbundet ekonomisk redovisning av oss och vi administrerar dina assistansomkostnader och l\u00f6ner. Vi hj\u00e4lper dig ocks\u00e5 att boka eventuella resor f\u00f6r dina assistenter.<\/p>\n<p>Vi tycker det \u00e4r viktigt att alla v\u00e5ra assistenter k\u00e4nner sig trygga i sin roll och att du som kund har kompetent personal och vi satsar d\u00e4rf\u00f6r mycket p\u00e5 v\u00e5ra personliga assistenter! H\u00e4r \u00e4r utbildning en viktig del. Vi erbjuder friskv\u00e5rdsbidrag till alla anst\u00e4llda och bjuder varje \u00e5r in alla till olika sociala event f\u00f6r att skapa samh\u00f6righet och teamk\u00e4nsla.<\/p>\n<p>Utbildningar anpassas alltid efter varje arbetsgrupp, d\u00e5 den ena arbetsgruppen inte \u00e4r den andra lik. Vi s\u00e4tter stort v\u00e4rde i att utbilda assistenterna p\u00e5 ett mycket konkret s\u00e4tt utifr\u00e5n din funktionsneds\u00e4ttning s\u00e5 att de f\u00e5r verktyg f\u00f6r att kunna hj\u00e4lpa dig p\u00e5 b\u00e4sta s\u00e4tt. Vi anser att det \u00e4r v\u00e4ldigt viktigt att dina assistenter f\u00f6rst\u00e5r din situation och har verktyg att hj\u00e4lpa dig i din vardag f\u00f6r att assistansen ska fungera p\u00e5 b\u00e4sta m\u00f6jliga s\u00e4tt.<\/p>\n<p>Vi har tillst\u00e5nd fr\u00e5n IVO, kollektivavtal med Almega och anv\u00e4nder oss av<span>\u00a0<\/span><a href=\"http:\/\/www.intressegruppen.info\/\" target=\"_blank\" rel=\"noopener\">IfA:s riktlinjer<\/a><\/p>\n<p>Nedan kan du l\u00e4sa vidare om v\u00e5ra erbjudanden till dig som kund.<\/p>\n<p><strong><\/strong><\/p>\n<p><strong>Grunderbjudande<br \/><\/strong><\/p>\n<p>Move &amp; Walk Assistans har ett grunderbjudande som \u00e4r omfattande och inneh\u00e5ller all hj\u00e4lp kring administration av din assistans, grundutbildningar f\u00f6r dina assistenter, f\u00f6rs\u00e4kringar och juridisk hj\u00e4lp. Ut\u00f6ver grunderbjudandet kan du v\u00e4lja till utbildningar f\u00f6r dina assistenter efter dina \u00f6nskem\u00e5l och behov. Nedan kan du l\u00e4sa mer i detalj vad vi erbjuder.<\/p>\n<p><strong><\/strong><\/p>\n<p><strong>Administrationskostnader, kvalitet- och arbetsmilj\u00f6insatser, grundl\u00e4ggande utbildningar<\/strong><\/p>\n<ul>\n<li>L\u00f6pande kontakt med kund &amp; assistentansvarig, st\u00f6ttning och handledning i personalfr\u00e5gor<\/li>\n<li>Hj\u00e4lp vid arbetsmilj\u00f6rond, hj\u00e4lp att boka utbildning f\u00f6r assistenter och eventuella resor och boende kopplat till detta<\/li>\n<li>Kostnader kopplade till din personliga samordnare<\/li>\n<li>Alla kostnader kopplade till administration av assistansers\u00e4ttningen s\u00e5som ex l\u00f6ne-, ekonomi- och schemasystem, revision, f\u00f6retagsf\u00f6rs\u00e4kringar samt kostnader till arbetsgivar- och branschorganisation eller liknande, l\u00f6nekostnader f\u00f6r administrativ personal.<\/li>\n<li>Medarbetarsamtal, l\u00f6nesamtal, rehabutredning<\/li>\n<li>Hj\u00e4lp med ans\u00f6kan till kommun och f\u00f6rs\u00e4kringskassa<\/li>\n<li>Arbetsmilj\u00f6insatser och personalv\u00e5rd f\u00f6r att st\u00e4rka arbetet f\u00f6r en god arbetsmilj\u00f6 f\u00f6r assistenterna s\u00e5som utbildning och uppdatering av g\u00e4llande praxis. Kostnader f\u00f6r att l\u00f6sa arbetsmilj\u00f6fr\u00e5gor, kostnader f\u00f6r genomf\u00f6rande av arbetsmilj\u00f6rond<\/li>\n<li>F\u00f6retagsh\u00e4lsov\u00e5rd<\/li>\n<li>Kvalitetss\u00e4kring av din assistans &#8211; dokumentation, kvalitetsledningssystem och kvalitetsunders\u00f6kningar<\/li>\n<li>Grundhj\u00e4lp i rekrytering s\u00e5som annonsering och vidarebefordran av inkomna ans\u00f6kningar<\/li>\n<li>Kund- och personalevenemang<\/li>\n<li>Basutbildningar och metodhandledning f\u00f6r assistent och arbetsledare<\/li>\n<li>Arbetsledardagar samt assistentdagar<\/li>\n<li>HLR-utbildning f\u00f6r alla assistenter<\/li>\n<\/ul>\n<p>Ut\u00f6ver grunderbjudandet kan du som kund g\u00f6ra tillval utifr\u00e5n hur du \u00f6nskar hj\u00e4lp med din assistans. Vi kan d\u00e5 bland annat erbjuda st\u00f6d vid schemal\u00e4ggning, extra rekryteringshj\u00e4lp och valbara utbildningar.<\/p>\n<p>Move &amp; Walk erbjuder flertalet utbildningar till sina kunder som vi skr\u00e4ddarsyr efter \u00f6nskem\u00e5l f\u00f6r dig som assistanskund. Vi erbjuder bland annat omfattande teoretisk och praktisk utbildning i KP, intensivtr\u00e4ningsveckor med KP p\u00e5 Move &amp; Walk, hembes\u00f6k, f\u00f6rflyttningsutbildning, autismutbildning med mera.<\/p>\n<p>&nbsp;<\/p>\n<p><strong><a href=\"\/kontakta-oss\/\">V\u00e4lkommen med din intresseanm\u00e4lan!<\/a><\/strong><\/p>\n<\/div>\n<\/div>\n<p>[\/et_pb_text][\/et_pb_column][\/et_pb_row][\/et_pb_section]<\/p>\n","protected":false},"excerpt":{"rendered":"<p>Att vara kund hos oss &nbsp; Move &amp; Walk Assistans\u00a0arbetar genom n\u00e4ra relation till dig som kund, d\u00e4r vi tillsammans l\u00e4gger upp hur arbetet ska se ut utifr\u00e5n era \u00f6nskem\u00e5l och v\u00e5r kunskap. Vi som arbetar p\u00e5 Move &amp; Walk Assistans har l\u00e5ng erfarenhet av att arbeta b\u00e5de praktiskt och administrativt, f\u00f6r och med personer [&hellip;]<\/p>\n","protected":false},"author":1,"featured_media":0,"parent":0,"menu_order":0,"comment_status":"closed","ping_status":"closed","template":"","meta":{"_acf_changed":false,"_et_pb_use_builder":"on","_et_pb_old_content":"<!-- wp:divi\/placeholder \/-->","_et_gb_content_width":"","footnotes":""},"class_list":["post-606","page","type-page","status-publish","hentry"],"acf":[],"yoast_head":"<!-- This site is optimized with the Yoast SEO plugin v27.4 - https:\/\/yoast.com\/product\/yoast-seo-wordpress\/ -->\n<title>Att vara kund hos oss - Move &amp; Walk<\/title>\n<meta name=\"robots\" content=\"index, follow, max-snippet:-1, max-image-preview:large, max-video-preview:-1\" \/>\n<link rel=\"canonical\" href=\"https:\/\/movewalk.se\/en_gb\/att-vara-kund-hos-oss\/\" \/>\n<meta property=\"og:locale\" content=\"en_GB\" \/>\n<meta property=\"og:type\" content=\"article\" \/>\n<meta property=\"og:title\" content=\"Att vara kund hos oss - Move &amp; Walk\" \/>\n<meta property=\"og:url\" content=\"https:\/\/movewalk.se\/en_gb\/att-vara-kund-hos-oss\/\" \/>\n<meta property=\"og:site_name\" content=\"Move &amp; Walk\" \/>\n<meta property=\"article:modified_time\" content=\"2025-09-03T09:35:06+00:00\" \/>\n<meta name=\"twitter:card\" content=\"summary_large_image\" \/>\n<meta name=\"twitter:label1\" content=\"Estimated reading time\" \/>\n\t<meta name=\"twitter:data1\" content=\"5 minutes\" \/>\n<script type=\"application\/ld+json\" class=\"yoast-schema-graph\">{\"@context\":\"https:\\\/\\\/schema.org\",\"@graph\":[{\"@type\":\"WebPage\",\"@id\":\"https:\\\/\\\/movewalk.se\\\/att-vara-kund-hos-oss\\\/\",\"url\":\"https:\\\/\\\/movewalk.se\\\/att-vara-kund-hos-oss\\\/\",\"name\":\"Att vara kund hos oss - Move &amp; Walk\",\"isPartOf\":{\"@id\":\"https:\\\/\\\/movewalk.se\\\/#website\"},\"datePublished\":\"2022-11-07T08:00:52+00:00\",\"dateModified\":\"2025-09-03T09:35:06+00:00\",\"breadcrumb\":{\"@id\":\"https:\\\/\\\/movewalk.se\\\/att-vara-kund-hos-oss\\\/#breadcrumb\"},\"inLanguage\":\"en-GB\",\"potentialAction\":[{\"@type\":\"ReadAction\",\"target\":[\"https:\\\/\\\/movewalk.se\\\/att-vara-kund-hos-oss\\\/\"]}]},{\"@type\":\"BreadcrumbList\",\"@id\":\"https:\\\/\\\/movewalk.se\\\/att-vara-kund-hos-oss\\\/#breadcrumb\",\"itemListElement\":[{\"@type\":\"ListItem\",\"position\":1,\"name\":\"Home\",\"item\":\"https:\\\/\\\/movewalk.se\\\/\"},{\"@type\":\"ListItem\",\"position\":2,\"name\":\"Att vara kund hos oss\"}]},{\"@type\":\"WebSite\",\"@id\":\"https:\\\/\\\/movewalk.se\\\/#website\",\"url\":\"https:\\\/\\\/movewalk.se\\\/\",\"name\":\"Move & Walk\",\"description\":\"V\u00e4gen till ett sj\u00e4lvst\u00e4ndigare liv\",\"publisher\":{\"@id\":\"https:\\\/\\\/movewalk.se\\\/#organization\"},\"potentialAction\":[{\"@type\":\"SearchAction\",\"target\":{\"@type\":\"EntryPoint\",\"urlTemplate\":\"https:\\\/\\\/movewalk.se\\\/?s={search_term_string}\"},\"query-input\":{\"@type\":\"PropertyValueSpecification\",\"valueRequired\":true,\"valueName\":\"search_term_string\"}}],\"inLanguage\":\"en-GB\"},{\"@type\":\"Organization\",\"@id\":\"https:\\\/\\\/movewalk.se\\\/#organization\",\"name\":\"Move & Walk\",\"url\":\"https:\\\/\\\/movewalk.se\\\/\",\"logo\":{\"@type\":\"ImageObject\",\"inLanguage\":\"en-GB\",\"@id\":\"https:\\\/\\\/movewalk.se\\\/#\\\/schema\\\/logo\\\/image\\\/\",\"url\":\"https:\\\/\\\/movewalk.se\\\/wp-content\\\/uploads\\\/2023\\\/02\\\/MoveWalk_med-text.png\",\"contentUrl\":\"https:\\\/\\\/movewalk.se\\\/wp-content\\\/uploads\\\/2023\\\/02\\\/MoveWalk_med-text.png\",\"width\":1182,\"height\":211,\"caption\":\"Move & Walk\"},\"image\":{\"@id\":\"https:\\\/\\\/movewalk.se\\\/#\\\/schema\\\/logo\\\/image\\\/\"}}]}<\/script>\n<!-- \/ Yoast SEO plugin. -->","yoast_head_json":{"title":"Att vara kund hos oss - Move &amp; Walk","robots":{"index":"index","follow":"follow","max-snippet":"max-snippet:-1","max-image-preview":"max-image-preview:large","max-video-preview":"max-video-preview:-1"},"canonical":"https:\/\/movewalk.se\/en_gb\/att-vara-kund-hos-oss\/","og_locale":"en_GB","og_type":"article","og_title":"Att vara kund hos oss - Move &amp; Walk","og_url":"https:\/\/movewalk.se\/en_gb\/att-vara-kund-hos-oss\/","og_site_name":"Move &amp; Walk","article_modified_time":"2025-09-03T09:35:06+00:00","twitter_card":"summary_large_image","twitter_misc":{"Estimated reading time":"5 minutes"},"schema":{"@context":"https:\/\/schema.org","@graph":[{"@type":"WebPage","@id":"https:\/\/movewalk.se\/att-vara-kund-hos-oss\/","url":"https:\/\/movewalk.se\/att-vara-kund-hos-oss\/","name":"Att vara kund hos oss - Move &amp; Walk","isPartOf":{"@id":"https:\/\/movewalk.se\/#website"},"datePublished":"2022-11-07T08:00:52+00:00","dateModified":"2025-09-03T09:35:06+00:00","breadcrumb":{"@id":"https:\/\/movewalk.se\/att-vara-kund-hos-oss\/#breadcrumb"},"inLanguage":"en-GB","potentialAction":[{"@type":"ReadAction","target":["https:\/\/movewalk.se\/att-vara-kund-hos-oss\/"]}]},{"@type":"BreadcrumbList","@id":"https:\/\/movewalk.se\/att-vara-kund-hos-oss\/#breadcrumb","itemListElement":[{"@type":"ListItem","position":1,"name":"Home","item":"https:\/\/movewalk.se\/"},{"@type":"ListItem","position":2,"name":"Att vara kund hos oss"}]},{"@type":"WebSite","@id":"https:\/\/movewalk.se\/#website","url":"https:\/\/movewalk.se\/","name":"Move & Walk","description":"The path to a more independent life","publisher":{"@id":"https:\/\/movewalk.se\/#organization"},"potentialAction":[{"@type":"SearchAction","target":{"@type":"EntryPoint","urlTemplate":"https:\/\/movewalk.se\/?s={search_term_string}"},"query-input":{"@type":"PropertyValueSpecification","valueRequired":true,"valueName":"search_term_string"}}],"inLanguage":"en-GB"},{"@type":"Organization","@id":"https:\/\/movewalk.se\/#organization","name":"Move & Walk","url":"https:\/\/movewalk.se\/","logo":{"@type":"ImageObject","inLanguage":"en-GB","@id":"https:\/\/movewalk.se\/#\/schema\/logo\/image\/","url":"https:\/\/movewalk.se\/wp-content\/uploads\/2023\/02\/MoveWalk_med-text.png","contentUrl":"https:\/\/movewalk.se\/wp-content\/uploads\/2023\/02\/MoveWalk_med-text.png","width":1182,"height":211,"caption":"Move & Walk"},"image":{"@id":"https:\/\/movewalk.se\/#\/schema\/logo\/image\/"}}]}},"_links":{"self":[{"href":"https:\/\/movewalk.se\/en_gb\/wp-json\/wp\/v2\/pages\/606","targetHints":{"allow":["GET"]}}],"collection":[{"href":"https:\/\/movewalk.se\/en_gb\/wp-json\/wp\/v2\/pages"}],"about":[{"href":"https:\/\/movewalk.se\/en_gb\/wp-json\/wp\/v2\/types\/page"}],"author":[{"embeddable":true,"href":"https:\/\/movewalk.se\/en_gb\/wp-json\/wp\/v2\/users\/1"}],"replies":[{"embeddable":true,"href":"https:\/\/movewalk.se\/en_gb\/wp-json\/wp\/v2\/comments?post=606"}],"version-history":[{"count":13,"href":"https:\/\/movewalk.se\/en_gb\/wp-json\/wp\/v2\/pages\/606\/revisions"}],"predecessor-version":[{"id":3336,"href":"https:\/\/movewalk.se\/en_gb\/wp-json\/wp\/v2\/pages\/606\/revisions\/3336"}],"wp:attachment":[{"href":"https:\/\/movewalk.se\/en_gb\/wp-json\/wp\/v2\/media?parent=606"}],"curies":[{"name":"wp","href":"https:\/\/api.w.org\/{rel}","templated":true}]}}