{"id":636,"date":"2022-11-07T08:41:10","date_gmt":"2022-11-07T08:41:10","guid":{"rendered":"https:\/\/moveandwalk.net\/?page_id=636"},"modified":"2024-03-22T12:33:56","modified_gmt":"2024-03-22T12:33:56","slug":"kp-i-skolan","status":"publish","type":"page","link":"https:\/\/movewalk.se\/en_gb\/kp-i-skolan\/","title":{"rendered":"KP i Skolan"},"content":{"rendered":"<p>[et_pb_section fb_built=&#8221;1&#8243; _builder_version=&#8221;4.20.2&#8243; _module_preset=&#8221;default&#8221; background_enable_image=&#8221;off&#8221; background_size=&#8221;contain&#8221; background_position=&#8221;center_left&#8221; global_colors_info=&#8221;{}&#8221; da_is_popup=&#8221;off&#8221; da_exit_intent=&#8221;off&#8221; da_has_close=&#8221;on&#8221; da_alt_close=&#8221;off&#8221; da_dark_close=&#8221;off&#8221; da_not_modal=&#8221;on&#8221; da_is_singular=&#8221;off&#8221; da_with_loader=&#8221;off&#8221; da_has_shadow=&#8221;on&#8221; da_disable_devices=&#8221;off|off|off&#8221;][et_pb_row _builder_version=&#8221;4.19.0&#8243; _module_preset=&#8221;default&#8221; global_colors_info=&#8221;{}&#8221;][et_pb_column type=&#8221;4_4&#8243; _builder_version=&#8221;4.19.0&#8243; _module_preset=&#8221;default&#8221; global_colors_info=&#8221;{}&#8221;][et_pb_text _builder_version=&#8221;4.24.2&#8243; _module_preset=&#8221;default&#8221; text_font_size=&#8221;17px&#8221; link_font=&#8221;||||on||||&#8221; link_text_color=&#8221;#000000&#8243; header_font_size=&#8221;31px&#8221; hover_enabled=&#8221;0&#8243; global_colors_info=&#8221;{}&#8221; sticky_enabled=&#8221;0&#8243;]<\/p>\n<div class=\"page-header\">\n<h1>S\u00e5 arbetar vi med KP i skolan<\/h1>\n<\/div>\n<div class=\"page-content\">\n<p>&nbsp;<\/p>\n<p>V\u00e5r skola har ett unikt uppl\u00e4gg d\u00e4r Konduktiv pedagogik (KP) har integrerats med l\u00e4roplan och kursplaner. Det inneb\u00e4r att v\u00e5ra elever f\u00e5r tillg\u00e5ng till KP under hela skoldagen.<\/p>\n<p>KP bygger till stor del p\u00e5 motivation kopplat till ett tydligt syfte. Inl\u00e4rningen sker genom aktiv kommunikativ, motorisk, kognitiv, och social interaktion vilket genom erfarenhet, vetenskapliga studier och utv\u00e4rderingar visat sig vara nyckeln till l\u00e4rande f\u00f6r v\u00e5r elevgrupp. Skolans m\u00e5l \u00e4r att guida eleven mot ett sj\u00e4lvst\u00e4ndigt liv fyllt med utveckling och l\u00e4rande.\u00a0 H\u00e4r kan du l\u00e4sa mer om\u00a0<a href=\"\/konduktiv-pedagogik\">Konduktiv Pedagogik<\/a>.<\/p>\n<p>Eleverna f\u00e5r motoriska utmaningar under hela skoldagen och genom dessa stimulerande uppgifter utforskar de kroppens m\u00f6jligheter samt vinner en chans att n\u00e5 sin egen h\u00f6gsta potential. Vi arbetar dagligen med elevernas kommunikationsf\u00f6rm\u00e5ga och kartl\u00e4gger olika m\u00f6jligheter inom alternativ och kompletterande kommunikation f\u00f6r dem att l\u00e4ra sig att uttrycka sig.<\/p>\n<p>V\u00e5r verksamhet ska genomsyras av kvalit\u00e9, utveckling och gl\u00e4dje under hela dagen samt en god inspirerande l\u00e4rmilj\u00f6 f\u00f6r eleverna och en bra arbetsmilj\u00f6 f\u00f6r personalen.<\/p>\n<p>V\u00e5r personal best\u00e5r av Conductorer (speciall\u00e4rare) utbildade vid Andras Pet\u00f6 fakulteten inom Semmelweis Universitet i Budapest, specialpedagoger\/speciall\u00e4rare med erfarenhet fr\u00e5n svensk anpassad grundskola, anpassad gymnasieskola, l\u00e4rar- och elevassistenter.\u00a0 Vi har kvalitetsutvecklare inom KP som handleder personalen i skolan. Conductorer, speciall\u00e4rare\/specialpedagoger, v\u00e5rdnadshavare och personliga assistenter har en n\u00e4ra dialog. Tillsammans skapas den individuella utvecklingsplanen med utg\u00e5ngspunkt fr\u00e5n varje elevs individuella behov.<\/p>\n<p>Vi har \u00e4ven ett n\u00e4ra samarbete med elevernas egen habilitering.<\/p>\n<\/div>\n<p>[\/et_pb_text][\/et_pb_column][\/et_pb_row][\/et_pb_section]<\/p>\n","protected":false},"excerpt":{"rendered":"<p>S\u00e5 arbetar vi med KP i skolan &nbsp; V\u00e5r skola har ett unikt uppl\u00e4gg d\u00e4r Konduktiv pedagogik (KP) har integrerats med l\u00e4roplan och kursplaner. Det inneb\u00e4r att v\u00e5ra elever f\u00e5r tillg\u00e5ng till KP under hela skoldagen. KP bygger till stor del p\u00e5 motivation kopplat till ett tydligt syfte. Inl\u00e4rningen sker genom aktiv kommunikativ, motorisk, kognitiv, [&hellip;]<\/p>\n","protected":false},"author":1,"featured_media":0,"parent":0,"menu_order":0,"comment_status":"closed","ping_status":"closed","template":"","meta":{"_acf_changed":false,"_et_pb_use_builder":"on","_et_pb_old_content":"<!-- wp:divi\/placeholder \/-->","_et_gb_content_width":"","footnotes":""},"class_list":["post-636","page","type-page","status-publish","hentry"],"acf":[],"yoast_head":"<!-- This site is optimized with the Yoast SEO plugin v27.3 - https:\/\/yoast.com\/product\/yoast-seo-wordpress\/ -->\n<title>KP i Skolan - Move &amp; Walk<\/title>\n<meta name=\"robots\" content=\"index, follow, max-snippet:-1, max-image-preview:large, max-video-preview:-1\" \/>\n<link rel=\"canonical\" href=\"https:\/\/movewalk.se\/en_gb\/kp-i-skolan\/\" \/>\n<meta property=\"og:locale\" content=\"en_GB\" \/>\n<meta property=\"og:type\" content=\"article\" \/>\n<meta property=\"og:title\" content=\"KP i Skolan - Move &amp; Walk\" \/>\n<meta property=\"og:url\" content=\"https:\/\/movewalk.se\/en_gb\/kp-i-skolan\/\" \/>\n<meta property=\"og:site_name\" content=\"Move &amp; Walk\" \/>\n<meta property=\"article:modified_time\" content=\"2024-03-22T12:33:56+00:00\" \/>\n<meta name=\"twitter:card\" content=\"summary_large_image\" \/>\n<meta name=\"twitter:label1\" content=\"Estimated reading time\" \/>\n\t<meta name=\"twitter:data1\" content=\"2 minutes\" \/>\n<script type=\"application\/ld+json\" class=\"yoast-schema-graph\">{\"@context\":\"https:\\\/\\\/schema.org\",\"@graph\":[{\"@type\":\"WebPage\",\"@id\":\"https:\\\/\\\/movewalk.se\\\/kp-i-skolan\\\/\",\"url\":\"https:\\\/\\\/movewalk.se\\\/kp-i-skolan\\\/\",\"name\":\"KP i Skolan - Move &amp; Walk\",\"isPartOf\":{\"@id\":\"https:\\\/\\\/movewalk.se\\\/#website\"},\"datePublished\":\"2022-11-07T08:41:10+00:00\",\"dateModified\":\"2024-03-22T12:33:56+00:00\",\"breadcrumb\":{\"@id\":\"https:\\\/\\\/movewalk.se\\\/kp-i-skolan\\\/#breadcrumb\"},\"inLanguage\":\"en-GB\",\"potentialAction\":[{\"@type\":\"ReadAction\",\"target\":[\"https:\\\/\\\/movewalk.se\\\/kp-i-skolan\\\/\"]}]},{\"@type\":\"BreadcrumbList\",\"@id\":\"https:\\\/\\\/movewalk.se\\\/kp-i-skolan\\\/#breadcrumb\",\"itemListElement\":[{\"@type\":\"ListItem\",\"position\":1,\"name\":\"Home\",\"item\":\"https:\\\/\\\/movewalk.se\\\/\"},{\"@type\":\"ListItem\",\"position\":2,\"name\":\"KP i Skolan\"}]},{\"@type\":\"WebSite\",\"@id\":\"https:\\\/\\\/movewalk.se\\\/#website\",\"url\":\"https:\\\/\\\/movewalk.se\\\/\",\"name\":\"Move & Walk\",\"description\":\"V\u00e4gen till ett sj\u00e4lvst\u00e4ndigare liv\",\"publisher\":{\"@id\":\"https:\\\/\\\/movewalk.se\\\/#organization\"},\"potentialAction\":[{\"@type\":\"SearchAction\",\"target\":{\"@type\":\"EntryPoint\",\"urlTemplate\":\"https:\\\/\\\/movewalk.se\\\/?s={search_term_string}\"},\"query-input\":{\"@type\":\"PropertyValueSpecification\",\"valueRequired\":true,\"valueName\":\"search_term_string\"}}],\"inLanguage\":\"en-GB\"},{\"@type\":\"Organization\",\"@id\":\"https:\\\/\\\/movewalk.se\\\/#organization\",\"name\":\"Move & Walk\",\"url\":\"https:\\\/\\\/movewalk.se\\\/\",\"logo\":{\"@type\":\"ImageObject\",\"inLanguage\":\"en-GB\",\"@id\":\"https:\\\/\\\/movewalk.se\\\/#\\\/schema\\\/logo\\\/image\\\/\",\"url\":\"https:\\\/\\\/movewalk.se\\\/wp-content\\\/uploads\\\/2023\\\/02\\\/MoveWalk_med-text.png\",\"contentUrl\":\"https:\\\/\\\/movewalk.se\\\/wp-content\\\/uploads\\\/2023\\\/02\\\/MoveWalk_med-text.png\",\"width\":1182,\"height\":211,\"caption\":\"Move & Walk\"},\"image\":{\"@id\":\"https:\\\/\\\/movewalk.se\\\/#\\\/schema\\\/logo\\\/image\\\/\"}}]}<\/script>\n<!-- \/ Yoast SEO plugin. -->","yoast_head_json":{"title":"KP i Skolan - Move &amp; Walk","robots":{"index":"index","follow":"follow","max-snippet":"max-snippet:-1","max-image-preview":"max-image-preview:large","max-video-preview":"max-video-preview:-1"},"canonical":"https:\/\/movewalk.se\/en_gb\/kp-i-skolan\/","og_locale":"en_GB","og_type":"article","og_title":"KP i Skolan - Move &amp; Walk","og_url":"https:\/\/movewalk.se\/en_gb\/kp-i-skolan\/","og_site_name":"Move &amp; Walk","article_modified_time":"2024-03-22T12:33:56+00:00","twitter_card":"summary_large_image","twitter_misc":{"Estimated reading time":"2 minutes"},"schema":{"@context":"https:\/\/schema.org","@graph":[{"@type":"WebPage","@id":"https:\/\/movewalk.se\/kp-i-skolan\/","url":"https:\/\/movewalk.se\/kp-i-skolan\/","name":"KP i Skolan - Move &amp; Walk","isPartOf":{"@id":"https:\/\/movewalk.se\/#website"},"datePublished":"2022-11-07T08:41:10+00:00","dateModified":"2024-03-22T12:33:56+00:00","breadcrumb":{"@id":"https:\/\/movewalk.se\/kp-i-skolan\/#breadcrumb"},"inLanguage":"en-GB","potentialAction":[{"@type":"ReadAction","target":["https:\/\/movewalk.se\/kp-i-skolan\/"]}]},{"@type":"BreadcrumbList","@id":"https:\/\/movewalk.se\/kp-i-skolan\/#breadcrumb","itemListElement":[{"@type":"ListItem","position":1,"name":"Home","item":"https:\/\/movewalk.se\/"},{"@type":"ListItem","position":2,"name":"KP i Skolan"}]},{"@type":"WebSite","@id":"https:\/\/movewalk.se\/#website","url":"https:\/\/movewalk.se\/","name":"Move & Walk","description":"The path to a more independent life","publisher":{"@id":"https:\/\/movewalk.se\/#organization"},"potentialAction":[{"@type":"SearchAction","target":{"@type":"EntryPoint","urlTemplate":"https:\/\/movewalk.se\/?s={search_term_string}"},"query-input":{"@type":"PropertyValueSpecification","valueRequired":true,"valueName":"search_term_string"}}],"inLanguage":"en-GB"},{"@type":"Organization","@id":"https:\/\/movewalk.se\/#organization","name":"Move & Walk","url":"https:\/\/movewalk.se\/","logo":{"@type":"ImageObject","inLanguage":"en-GB","@id":"https:\/\/movewalk.se\/#\/schema\/logo\/image\/","url":"https:\/\/movewalk.se\/wp-content\/uploads\/2023\/02\/MoveWalk_med-text.png","contentUrl":"https:\/\/movewalk.se\/wp-content\/uploads\/2023\/02\/MoveWalk_med-text.png","width":1182,"height":211,"caption":"Move & Walk"},"image":{"@id":"https:\/\/movewalk.se\/#\/schema\/logo\/image\/"}}]}},"_links":{"self":[{"href":"https:\/\/movewalk.se\/en_gb\/wp-json\/wp\/v2\/pages\/636","targetHints":{"allow":["GET"]}}],"collection":[{"href":"https:\/\/movewalk.se\/en_gb\/wp-json\/wp\/v2\/pages"}],"about":[{"href":"https:\/\/movewalk.se\/en_gb\/wp-json\/wp\/v2\/types\/page"}],"author":[{"embeddable":true,"href":"https:\/\/movewalk.se\/en_gb\/wp-json\/wp\/v2\/users\/1"}],"replies":[{"embeddable":true,"href":"https:\/\/movewalk.se\/en_gb\/wp-json\/wp\/v2\/comments?post=636"}],"version-history":[{"count":16,"href":"https:\/\/movewalk.se\/en_gb\/wp-json\/wp\/v2\/pages\/636\/revisions"}],"predecessor-version":[{"id":2736,"href":"https:\/\/movewalk.se\/en_gb\/wp-json\/wp\/v2\/pages\/636\/revisions\/2736"}],"wp:attachment":[{"href":"https:\/\/movewalk.se\/en_gb\/wp-json\/wp\/v2\/media?parent=636"}],"curies":[{"name":"wp","href":"https:\/\/api.w.org\/{rel}","templated":true}]}}