{"id":643,"date":"2022-11-07T08:50:04","date_gmt":"2022-11-07T08:50:04","guid":{"rendered":"https:\/\/moveandwalk.net\/?page_id=643"},"modified":"2023-10-02T12:43:32","modified_gmt":"2023-10-02T12:43:32","slug":"kvalitet-skola","status":"publish","type":"page","link":"https:\/\/movewalk.se\/en_gb\/kvalitet-skola\/","title":{"rendered":"Kvalitet Skola"},"content":{"rendered":"<p>[et_pb_section fb_built=&#8221;1&#8243; _builder_version=&#8221;4.19.0&#8243; _module_preset=&#8221;default&#8221; global_colors_info=&#8221;{}&#8221;][et_pb_row _builder_version=&#8221;4.19.0&#8243; _module_preset=&#8221;default&#8221; global_colors_info=&#8221;{}&#8221;][et_pb_column type=&#8221;4_4&#8243; _builder_version=&#8221;4.19.0&#8243; _module_preset=&#8221;default&#8221; global_colors_info=&#8221;{}&#8221;][et_pb_text _builder_version=&#8221;4.22.2&#8243; _module_preset=&#8221;default&#8221; text_font_size=&#8221;17px&#8221; link_font=&#8221;||||on||||&#8221; link_text_color=&#8221;#000000&#8243; header_font_size=&#8221;31px&#8221; hover_enabled=&#8221;0&#8243; global_colors_info=&#8221;{}&#8221; sticky_enabled=&#8221;0&#8243;]<\/p>\n<div class=\"flexibelContentRow\">\n<div class=\"flexibelContentRubrik\">\n<h1>Resultat fr\u00e5n Skolinspektionens enk\u00e4t<\/h1>\n<p>&nbsp;<\/p>\n<p>Skolinspektionen granskar regelbundet all skolverksamhet i hela landet. M\u00e5let \u00e4r att bidra till alla barns och elevers lika r\u00e4tt till en god utbildning i en trygg milj\u00f6. Skolenk\u00e4ten \u00e4r en del av denna granskning. Enk\u00e4ten anv\u00e4nds f\u00f6r att f\u00e5 en bild av hur skolan upplevs av elever, pedagogisk personal och v\u00e5rdnadshavare. 2021 deltog 3 206 skolenheter i Skolenk\u00e4ten.<\/p>\n<\/div>\n<\/div>\n<div class=\"flexibelContentRow\">\n<div class=\"flexibelContentText\">\n<p><strong>Enk\u00e4tresultat f\u00f6r v\u00e5rdnadshavare grunds\u00e4rskola:<\/strong><\/p>\n<p><a href=\"\/wp-content\/uploads\/2022\/11\/2021-Vt-Enkatresultat-Move-Walk-Goteborg.pdf\">G\u00f6teborg enk\u00e4tresultat 2021<\/a><\/p>\n<p><a href=\"\/wp-content\/uploads\/2022\/11\/2021-Vt-Enkatresultat-Move-Walk-Malmo.pdf\">Malm\u00f6 enk\u00e4tresultat 2021<\/a><\/p>\n<p><a href=\"\/wp-content\/uploads\/2022\/11\/2021-Vt-Enkatresultat-Move-Walk-Solna.pdf\">Solna enk\u00e4tresultat 2021<\/a><\/p>\n<div class=\"flexibelContentRow\">\n<div class=\"flexibelContentRubrik\">\n<h1><\/h1>\n<h1><\/h1>\n<h1>Resultat skolenk\u00e4t<\/h1>\n<\/div>\n<\/div>\n<div class=\"flexibelContentRow\">\n<div class=\"flexibelContentText\">\n<p>Move &amp; Walk skolorna s\u00e4tter stor vikt vid ett bra samarbete mellan skola \u2013 hem, d\u00e4rf\u00f6r skickar skolan varje \u00e5r ut en skolenk\u00e4t till alla v\u00e5rdnadshavare. M\u00e5let med detta \u00e4r att alla v\u00e5rdnadshavare aktivt f\u00e5r delta i skolans vidareutvecklingsarbete. Skolledningen analyserar enk\u00e4tsvaren och de anv\u00e4nds sedan i skolans utvecklingsarbete.<\/p>\n<p><a href=\"https:\/\/movewalk.se\/wp-content\/uploads\/2023\/10\/2023-Skolenkat-Goteborg_resultatsammanfattning.pdf\">2023 Skolenk\u00e4t G\u00f6teborg, resultatsammanfattning<\/a><\/p>\n<p><a href=\"https:\/\/movewalk.se\/wp-content\/uploads\/2023\/10\/2023-Skolenkat-Malmo_resultatsammanfattning.pdf\">2023 Skolenk\u00e4t Malm\u00f6, resultatsammanfattning<\/a><\/p>\n<p><a href=\"https:\/\/movewalk.se\/wp-content\/uploads\/2023\/10\/2023-Skolenkat-Solna_resultatsammanfattning.pdf\">2023 Skolenk\u00e4t Solna, resultatsammanfattning<\/a><\/p>\n<\/div>\n<\/div>\n<div class=\"flexibelContentRow\">\n<div class=\"flexibelContentRubrik\">\n<h1><\/h1>\n<h1><\/h1>\n<h1>Skolinspektionens kvalitetsgranskning<\/h1>\n<\/div>\n<\/div>\n<div class=\"flexibelContentRow\">\n<div class=\"flexibelContentText\">\n<p><a href=\"\/wp-content\/uploads\/2022\/11\/Beslut-Move-and-Walk-Grundsarskola-Goteborg.pdf\">2022 Beslut Move &amp; Walk Grunds\u00e4rskola G\u00f6teborg<\/a><\/p>\n<\/div>\n<\/div>\n<\/div>\n<\/div>\n<p>[\/et_pb_text][\/et_pb_column][\/et_pb_row][\/et_pb_section]<\/p>\n","protected":false},"excerpt":{"rendered":"<p>Resultat fr\u00e5n Skolinspektionens enk\u00e4t &nbsp; Skolinspektionen granskar regelbundet all skolverksamhet i hela landet. M\u00e5let \u00e4r att bidra till alla barns och elevers lika r\u00e4tt till en god utbildning i en trygg milj\u00f6. Skolenk\u00e4ten \u00e4r en del av denna granskning. Enk\u00e4ten anv\u00e4nds f\u00f6r att f\u00e5 en bild av hur skolan upplevs av elever, pedagogisk personal och [&hellip;]<\/p>\n","protected":false},"author":1,"featured_media":0,"parent":0,"menu_order":0,"comment_status":"closed","ping_status":"closed","template":"","meta":{"_acf_changed":false,"_et_pb_use_builder":"on","_et_pb_old_content":"<!-- wp:divi\/placeholder \/-->","_et_gb_content_width":"","footnotes":""},"class_list":["post-643","page","type-page","status-publish","hentry"],"acf":[],"yoast_head":"<!-- This site is optimized with the Yoast SEO plugin v27.3 - https:\/\/yoast.com\/product\/yoast-seo-wordpress\/ -->\n<title>Kvalitet Skola - Move &amp; Walk<\/title>\n<meta name=\"robots\" content=\"index, follow, max-snippet:-1, max-image-preview:large, max-video-preview:-1\" \/>\n<link rel=\"canonical\" href=\"https:\/\/movewalk.se\/en_gb\/kvalitet-skola\/\" \/>\n<meta property=\"og:locale\" content=\"en_GB\" \/>\n<meta property=\"og:type\" content=\"article\" \/>\n<meta property=\"og:title\" content=\"Kvalitet Skola - Move &amp; Walk\" \/>\n<meta property=\"og:url\" content=\"https:\/\/movewalk.se\/en_gb\/kvalitet-skola\/\" \/>\n<meta property=\"og:site_name\" content=\"Move &amp; Walk\" \/>\n<meta property=\"article:modified_time\" content=\"2023-10-02T12:43:32+00:00\" \/>\n<meta name=\"twitter:card\" content=\"summary_large_image\" \/>\n<meta name=\"twitter:label1\" content=\"Estimated reading time\" \/>\n\t<meta name=\"twitter:data1\" content=\"1 minute\" \/>\n<script type=\"application\/ld+json\" class=\"yoast-schema-graph\">{\"@context\":\"https:\\\/\\\/schema.org\",\"@graph\":[{\"@type\":\"WebPage\",\"@id\":\"https:\\\/\\\/movewalk.se\\\/kvalitet-skola\\\/\",\"url\":\"https:\\\/\\\/movewalk.se\\\/kvalitet-skola\\\/\",\"name\":\"Kvalitet Skola - Move &amp; Walk\",\"isPartOf\":{\"@id\":\"https:\\\/\\\/movewalk.se\\\/#website\"},\"datePublished\":\"2022-11-07T08:50:04+00:00\",\"dateModified\":\"2023-10-02T12:43:32+00:00\",\"breadcrumb\":{\"@id\":\"https:\\\/\\\/movewalk.se\\\/kvalitet-skola\\\/#breadcrumb\"},\"inLanguage\":\"en-GB\",\"potentialAction\":[{\"@type\":\"ReadAction\",\"target\":[\"https:\\\/\\\/movewalk.se\\\/kvalitet-skola\\\/\"]}]},{\"@type\":\"BreadcrumbList\",\"@id\":\"https:\\\/\\\/movewalk.se\\\/kvalitet-skola\\\/#breadcrumb\",\"itemListElement\":[{\"@type\":\"ListItem\",\"position\":1,\"name\":\"Home\",\"item\":\"https:\\\/\\\/movewalk.se\\\/\"},{\"@type\":\"ListItem\",\"position\":2,\"name\":\"Kvalitet Skola\"}]},{\"@type\":\"WebSite\",\"@id\":\"https:\\\/\\\/movewalk.se\\\/#website\",\"url\":\"https:\\\/\\\/movewalk.se\\\/\",\"name\":\"Move & Walk\",\"description\":\"V\u00e4gen till ett sj\u00e4lvst\u00e4ndigare liv\",\"publisher\":{\"@id\":\"https:\\\/\\\/movewalk.se\\\/#organization\"},\"potentialAction\":[{\"@type\":\"SearchAction\",\"target\":{\"@type\":\"EntryPoint\",\"urlTemplate\":\"https:\\\/\\\/movewalk.se\\\/?s={search_term_string}\"},\"query-input\":{\"@type\":\"PropertyValueSpecification\",\"valueRequired\":true,\"valueName\":\"search_term_string\"}}],\"inLanguage\":\"en-GB\"},{\"@type\":\"Organization\",\"@id\":\"https:\\\/\\\/movewalk.se\\\/#organization\",\"name\":\"Move & Walk\",\"url\":\"https:\\\/\\\/movewalk.se\\\/\",\"logo\":{\"@type\":\"ImageObject\",\"inLanguage\":\"en-GB\",\"@id\":\"https:\\\/\\\/movewalk.se\\\/#\\\/schema\\\/logo\\\/image\\\/\",\"url\":\"https:\\\/\\\/movewalk.se\\\/wp-content\\\/uploads\\\/2023\\\/02\\\/MoveWalk_med-text.png\",\"contentUrl\":\"https:\\\/\\\/movewalk.se\\\/wp-content\\\/uploads\\\/2023\\\/02\\\/MoveWalk_med-text.png\",\"width\":1182,\"height\":211,\"caption\":\"Move & Walk\"},\"image\":{\"@id\":\"https:\\\/\\\/movewalk.se\\\/#\\\/schema\\\/logo\\\/image\\\/\"}}]}<\/script>\n<!-- \/ Yoast SEO plugin. -->","yoast_head_json":{"title":"Kvalitet Skola - Move &amp; Walk","robots":{"index":"index","follow":"follow","max-snippet":"max-snippet:-1","max-image-preview":"max-image-preview:large","max-video-preview":"max-video-preview:-1"},"canonical":"https:\/\/movewalk.se\/en_gb\/kvalitet-skola\/","og_locale":"en_GB","og_type":"article","og_title":"Kvalitet Skola - Move &amp; Walk","og_url":"https:\/\/movewalk.se\/en_gb\/kvalitet-skola\/","og_site_name":"Move &amp; Walk","article_modified_time":"2023-10-02T12:43:32+00:00","twitter_card":"summary_large_image","twitter_misc":{"Estimated reading time":"1 minute"},"schema":{"@context":"https:\/\/schema.org","@graph":[{"@type":"WebPage","@id":"https:\/\/movewalk.se\/kvalitet-skola\/","url":"https:\/\/movewalk.se\/kvalitet-skola\/","name":"Kvalitet Skola - Move &amp; Walk","isPartOf":{"@id":"https:\/\/movewalk.se\/#website"},"datePublished":"2022-11-07T08:50:04+00:00","dateModified":"2023-10-02T12:43:32+00:00","breadcrumb":{"@id":"https:\/\/movewalk.se\/kvalitet-skola\/#breadcrumb"},"inLanguage":"en-GB","potentialAction":[{"@type":"ReadAction","target":["https:\/\/movewalk.se\/kvalitet-skola\/"]}]},{"@type":"BreadcrumbList","@id":"https:\/\/movewalk.se\/kvalitet-skola\/#breadcrumb","itemListElement":[{"@type":"ListItem","position":1,"name":"Home","item":"https:\/\/movewalk.se\/"},{"@type":"ListItem","position":2,"name":"Kvalitet Skola"}]},{"@type":"WebSite","@id":"https:\/\/movewalk.se\/#website","url":"https:\/\/movewalk.se\/","name":"Move & Walk","description":"The path to a more independent life","publisher":{"@id":"https:\/\/movewalk.se\/#organization"},"potentialAction":[{"@type":"SearchAction","target":{"@type":"EntryPoint","urlTemplate":"https:\/\/movewalk.se\/?s={search_term_string}"},"query-input":{"@type":"PropertyValueSpecification","valueRequired":true,"valueName":"search_term_string"}}],"inLanguage":"en-GB"},{"@type":"Organization","@id":"https:\/\/movewalk.se\/#organization","name":"Move & Walk","url":"https:\/\/movewalk.se\/","logo":{"@type":"ImageObject","inLanguage":"en-GB","@id":"https:\/\/movewalk.se\/#\/schema\/logo\/image\/","url":"https:\/\/movewalk.se\/wp-content\/uploads\/2023\/02\/MoveWalk_med-text.png","contentUrl":"https:\/\/movewalk.se\/wp-content\/uploads\/2023\/02\/MoveWalk_med-text.png","width":1182,"height":211,"caption":"Move & Walk"},"image":{"@id":"https:\/\/movewalk.se\/#\/schema\/logo\/image\/"}}]}},"_links":{"self":[{"href":"https:\/\/movewalk.se\/en_gb\/wp-json\/wp\/v2\/pages\/643","targetHints":{"allow":["GET"]}}],"collection":[{"href":"https:\/\/movewalk.se\/en_gb\/wp-json\/wp\/v2\/pages"}],"about":[{"href":"https:\/\/movewalk.se\/en_gb\/wp-json\/wp\/v2\/types\/page"}],"author":[{"embeddable":true,"href":"https:\/\/movewalk.se\/en_gb\/wp-json\/wp\/v2\/users\/1"}],"replies":[{"embeddable":true,"href":"https:\/\/movewalk.se\/en_gb\/wp-json\/wp\/v2\/comments?post=643"}],"version-history":[{"count":8,"href":"https:\/\/movewalk.se\/en_gb\/wp-json\/wp\/v2\/pages\/643\/revisions"}],"predecessor-version":[{"id":2140,"href":"https:\/\/movewalk.se\/en_gb\/wp-json\/wp\/v2\/pages\/643\/revisions\/2140"}],"wp:attachment":[{"href":"https:\/\/movewalk.se\/en_gb\/wp-json\/wp\/v2\/media?parent=643"}],"curies":[{"name":"wp","href":"https:\/\/api.w.org\/{rel}","templated":true}]}}