{"id":657,"date":"2022-11-07T09:03:55","date_gmt":"2022-11-07T09:03:55","guid":{"rendered":"https:\/\/moveandwalk.net\/?page_id=657"},"modified":"2024-05-30T12:36:10","modified_gmt":"2024-05-30T12:36:10","slug":"kp-i-traningen","status":"publish","type":"page","link":"https:\/\/movewalk.se\/en_gb\/kp-i-traningen\/","title":{"rendered":"KP i tr\u00e4ningen"},"content":{"rendered":"<p>[et_pb_section fb_built=&#8221;1&#8243; _builder_version=&#8221;4.20.2&#8243; _module_preset=&#8221;default&#8221; background_enable_image=&#8221;off&#8221; background_size=&#8221;contain&#8221; background_position=&#8221;center_left&#8221; background_horizontal_offset=&#8221;0%&#8221; da_disable_devices=&#8221;off|off|off&#8221; global_colors_info=&#8221;{}&#8221; da_is_popup=&#8221;off&#8221; da_exit_intent=&#8221;off&#8221; da_has_close=&#8221;on&#8221; da_alt_close=&#8221;off&#8221; da_dark_close=&#8221;off&#8221; da_not_modal=&#8221;on&#8221; da_is_singular=&#8221;off&#8221; da_with_loader=&#8221;off&#8221; da_has_shadow=&#8221;on&#8221;][et_pb_row _builder_version=&#8221;4.19.0&#8243; _module_preset=&#8221;default&#8221; global_colors_info=&#8221;{}&#8221;][et_pb_column type=&#8221;4_4&#8243; _builder_version=&#8221;4.19.0&#8243; _module_preset=&#8221;default&#8221; global_colors_info=&#8221;{}&#8221;][et_pb_text _builder_version=&#8221;4.25.1&#8243; _module_preset=&#8221;default&#8221; text_font_size=&#8221;17px&#8221; link_font=&#8221;||||on||||&#8221; link_text_color=&#8221;#000000&#8243; header_font_size=&#8221;31px&#8221; header_3_font_size=&#8221;25px&#8221; hover_enabled=&#8221;0&#8243; global_colors_info=&#8221;{}&#8221; sticky_enabled=&#8221;0&#8243;]<\/p>\n<div class=\"flexibelContentRow\">\n<div class=\"flexibelContentRubrik\">\n<h1>S\u00e5 arbetar vi med KP i tr\u00e4ningen<\/h1>\n<\/div>\n<div class=\"flexibelContentIntroText\">\n<p>&nbsp;<\/p>\n<p>Under en tr\u00e4ningsperiod siktar vi mot m\u00e5let som conductorn, den tr\u00e4nande och n\u00e4rst\u00e5ende tillsammans s\u00e4tter upp. Alla dagar handlar om att komma n\u00e4rmare ett mer sj\u00e4lvst\u00e4ndigt liv d\u00e4r v\u00e5ra tr\u00e4nande p\u00e5 det mest aktiva s\u00e4ttet kan anv\u00e4nda sina vardagsfunktioner. Komplexitet genomsyrar alla aktiviteter. Motoriska och kognitiva funktioner, logopediska och sociala f\u00f6rm\u00e5gor \u00e4r n\u00e4rvarande i alla tr\u00e4ningsmoment.<\/p>\n<p>&nbsp;<\/p>\n<\/div>\n<\/div>\n<div class=\"flexibelContentRow\">\n<div class=\"flexibelContentText\">\n<h3>Bed\u00f6mning<\/h3>\n<p>Efter att du har kontaktat oss bokar vi p\u00e5 ett kostnadsfritt m\u00f6te d\u00e4r vi kan tr\u00e4ffas personligen eller digitalt. Det \u00e4r viktigt att du f\u00e5r en bild av oss, vilka vi \u00e4r, hur vi arbetar och att du f\u00e5r m\u00f6jlighet att st\u00e4lla alla dina fr\u00e5gor. F\u00f6r oss \u00e4r det otroligt viktigt att l\u00e4ra k\u00e4nna dig\/ditt barn\/brukare\/anh\u00f6riga s\u00e5 att vi f\u00e5r en korrekt bild om nuvarande kunskaper, behov och \u00f6nskem\u00e5l. Med detta som grund kan conductorn sedan v\u00e4lja vilken av v\u00e5ra grupper som kan erbjuda den optimala utvecklingen f\u00f6r dig, ge dig all n\u00f6dv\u00e4ndig information om metoder och v\u00e5rt s\u00e4tt att arbeta och f\u00f6rklara hur ans\u00f6kningsprocesser ser ut beroende p\u00e5 var du bor.<\/p>\n<h3><\/h3>\n<h3>Tr\u00e4ningsgrupper<\/h3>\n<p>Gruppledaren\/Conductorn har en komplex specialutbildning inom neurologiska skador som inneb\u00e4r att hen kan s\u00e4tta ihop ett v\u00e4luppbyggt program som p\u00e5 ett pedagogiskt s\u00e4tt kan framkalla utveckling inom olika omr\u00e5den. Utifr\u00e5n det blir den tr\u00e4nande placerad i r\u00e4tt grupp och f\u00e5r tr\u00e4na sina fysiska, kognitiva, logopediska, sociala och psykiska f\u00f6rm\u00e5gor.<\/p>\n<h3><\/h3>\n<h3>Uppl\u00e4gg<\/h3>\n<p>Vi har idag avtal med flera Regioner men det finns \u00e4ven m\u00f6jlighet att tr\u00e4na hos oss via<span>\u00a0<\/span><em>Riksavtalet<\/em>. Uppl\u00e4gget best\u00e4ms av de olika regionernas avtal och de skiljer sig \u00e5t n\u00e5got.<span>\u00a0<\/span><a href=\"\/traning\/#avtal\">Mer information om respektive avtal<\/a>.<em><br \/><\/em><\/p>\n<h3><\/h3>\n<h3>Uppf\u00f6ljning<\/h3>\n<p>Efter en avslutad period f\u00e5r ni rekommendationer f\u00f6r hemmabruk. Det finns m\u00f6jlighet att boka in enstaka eller regelbundna konsultationer eller kortare perioder (1 eller 2 veckor) mellan tv\u00e5 4-veckorsperioder. Det finns \u00e4ven m\u00f6jlighet till grupptr\u00e4ning eller individuell tr\u00e4ning som uppf\u00f6ljning, utifr\u00e5n tillg\u00e5ng och behov. Detta \u00e4r dock utanf\u00f6r landstingets erbjudande.<\/p>\n<h3><\/h3>\n<h3>Konsultation<\/h3>\n<p>Det finns m\u00f6jlighet till konsultationer, b\u00e5de enstaka eller regelbundet.<\/p>\n<\/div>\n<\/div>\n<p>[\/et_pb_text][\/et_pb_column][\/et_pb_row][\/et_pb_section]<\/p>\n","protected":false},"excerpt":{"rendered":"<p>S\u00e5 arbetar vi med KP i tr\u00e4ningen &nbsp; Under en tr\u00e4ningsperiod siktar vi mot m\u00e5let som conductorn, den tr\u00e4nande och n\u00e4rst\u00e5ende tillsammans s\u00e4tter upp. Alla dagar handlar om att komma n\u00e4rmare ett mer sj\u00e4lvst\u00e4ndigt liv d\u00e4r v\u00e5ra tr\u00e4nande p\u00e5 det mest aktiva s\u00e4ttet kan anv\u00e4nda sina vardagsfunktioner. Komplexitet genomsyrar alla aktiviteter. Motoriska och kognitiva funktioner, [&hellip;]<\/p>\n","protected":false},"author":1,"featured_media":0,"parent":0,"menu_order":0,"comment_status":"closed","ping_status":"closed","template":"","meta":{"_acf_changed":false,"_et_pb_use_builder":"on","_et_pb_old_content":"<!-- wp:divi\/placeholder \/-->","_et_gb_content_width":"","footnotes":""},"class_list":["post-657","page","type-page","status-publish","hentry"],"acf":[],"yoast_head":"<!-- This site is optimized with the Yoast SEO plugin v27.3 - https:\/\/yoast.com\/product\/yoast-seo-wordpress\/ -->\n<title>KP i tr\u00e4ningen - Move &amp; Walk<\/title>\n<meta name=\"robots\" content=\"index, follow, max-snippet:-1, max-image-preview:large, max-video-preview:-1\" \/>\n<link rel=\"canonical\" href=\"https:\/\/movewalk.se\/en_gb\/kp-i-traningen\/\" \/>\n<meta property=\"og:locale\" content=\"en_GB\" \/>\n<meta property=\"og:type\" content=\"article\" \/>\n<meta property=\"og:title\" content=\"KP i tr\u00e4ningen - Move &amp; Walk\" \/>\n<meta property=\"og:url\" content=\"https:\/\/movewalk.se\/en_gb\/kp-i-traningen\/\" \/>\n<meta property=\"og:site_name\" content=\"Move &amp; Walk\" \/>\n<meta property=\"article:modified_time\" content=\"2024-05-30T12:36:10+00:00\" \/>\n<meta name=\"twitter:card\" content=\"summary_large_image\" \/>\n<meta name=\"twitter:label1\" content=\"Estimated reading time\" \/>\n\t<meta name=\"twitter:data1\" content=\"3 minutes\" \/>\n<script type=\"application\/ld+json\" class=\"yoast-schema-graph\">{\"@context\":\"https:\\\/\\\/schema.org\",\"@graph\":[{\"@type\":\"WebPage\",\"@id\":\"https:\\\/\\\/movewalk.se\\\/kp-i-traningen\\\/\",\"url\":\"https:\\\/\\\/movewalk.se\\\/kp-i-traningen\\\/\",\"name\":\"KP i tr\u00e4ningen - Move &amp; Walk\",\"isPartOf\":{\"@id\":\"https:\\\/\\\/movewalk.se\\\/#website\"},\"datePublished\":\"2022-11-07T09:03:55+00:00\",\"dateModified\":\"2024-05-30T12:36:10+00:00\",\"breadcrumb\":{\"@id\":\"https:\\\/\\\/movewalk.se\\\/kp-i-traningen\\\/#breadcrumb\"},\"inLanguage\":\"en-GB\",\"potentialAction\":[{\"@type\":\"ReadAction\",\"target\":[\"https:\\\/\\\/movewalk.se\\\/kp-i-traningen\\\/\"]}]},{\"@type\":\"BreadcrumbList\",\"@id\":\"https:\\\/\\\/movewalk.se\\\/kp-i-traningen\\\/#breadcrumb\",\"itemListElement\":[{\"@type\":\"ListItem\",\"position\":1,\"name\":\"Home\",\"item\":\"https:\\\/\\\/movewalk.se\\\/\"},{\"@type\":\"ListItem\",\"position\":2,\"name\":\"KP i tr\u00e4ningen\"}]},{\"@type\":\"WebSite\",\"@id\":\"https:\\\/\\\/movewalk.se\\\/#website\",\"url\":\"https:\\\/\\\/movewalk.se\\\/\",\"name\":\"Move & Walk\",\"description\":\"V\u00e4gen till ett sj\u00e4lvst\u00e4ndigare liv\",\"publisher\":{\"@id\":\"https:\\\/\\\/movewalk.se\\\/#organization\"},\"potentialAction\":[{\"@type\":\"SearchAction\",\"target\":{\"@type\":\"EntryPoint\",\"urlTemplate\":\"https:\\\/\\\/movewalk.se\\\/?s={search_term_string}\"},\"query-input\":{\"@type\":\"PropertyValueSpecification\",\"valueRequired\":true,\"valueName\":\"search_term_string\"}}],\"inLanguage\":\"en-GB\"},{\"@type\":\"Organization\",\"@id\":\"https:\\\/\\\/movewalk.se\\\/#organization\",\"name\":\"Move & Walk\",\"url\":\"https:\\\/\\\/movewalk.se\\\/\",\"logo\":{\"@type\":\"ImageObject\",\"inLanguage\":\"en-GB\",\"@id\":\"https:\\\/\\\/movewalk.se\\\/#\\\/schema\\\/logo\\\/image\\\/\",\"url\":\"https:\\\/\\\/movewalk.se\\\/wp-content\\\/uploads\\\/2023\\\/02\\\/MoveWalk_med-text.png\",\"contentUrl\":\"https:\\\/\\\/movewalk.se\\\/wp-content\\\/uploads\\\/2023\\\/02\\\/MoveWalk_med-text.png\",\"width\":1182,\"height\":211,\"caption\":\"Move & Walk\"},\"image\":{\"@id\":\"https:\\\/\\\/movewalk.se\\\/#\\\/schema\\\/logo\\\/image\\\/\"}}]}<\/script>\n<!-- \/ Yoast SEO plugin. -->","yoast_head_json":{"title":"KP i tr\u00e4ningen - Move &amp; Walk","robots":{"index":"index","follow":"follow","max-snippet":"max-snippet:-1","max-image-preview":"max-image-preview:large","max-video-preview":"max-video-preview:-1"},"canonical":"https:\/\/movewalk.se\/en_gb\/kp-i-traningen\/","og_locale":"en_GB","og_type":"article","og_title":"KP i tr\u00e4ningen - Move &amp; Walk","og_url":"https:\/\/movewalk.se\/en_gb\/kp-i-traningen\/","og_site_name":"Move &amp; Walk","article_modified_time":"2024-05-30T12:36:10+00:00","twitter_card":"summary_large_image","twitter_misc":{"Estimated reading time":"3 minutes"},"schema":{"@context":"https:\/\/schema.org","@graph":[{"@type":"WebPage","@id":"https:\/\/movewalk.se\/kp-i-traningen\/","url":"https:\/\/movewalk.se\/kp-i-traningen\/","name":"KP i tr\u00e4ningen - Move &amp; Walk","isPartOf":{"@id":"https:\/\/movewalk.se\/#website"},"datePublished":"2022-11-07T09:03:55+00:00","dateModified":"2024-05-30T12:36:10+00:00","breadcrumb":{"@id":"https:\/\/movewalk.se\/kp-i-traningen\/#breadcrumb"},"inLanguage":"en-GB","potentialAction":[{"@type":"ReadAction","target":["https:\/\/movewalk.se\/kp-i-traningen\/"]}]},{"@type":"BreadcrumbList","@id":"https:\/\/movewalk.se\/kp-i-traningen\/#breadcrumb","itemListElement":[{"@type":"ListItem","position":1,"name":"Home","item":"https:\/\/movewalk.se\/"},{"@type":"ListItem","position":2,"name":"KP i tr\u00e4ningen"}]},{"@type":"WebSite","@id":"https:\/\/movewalk.se\/#website","url":"https:\/\/movewalk.se\/","name":"Move & Walk","description":"The path to a more independent life","publisher":{"@id":"https:\/\/movewalk.se\/#organization"},"potentialAction":[{"@type":"SearchAction","target":{"@type":"EntryPoint","urlTemplate":"https:\/\/movewalk.se\/?s={search_term_string}"},"query-input":{"@type":"PropertyValueSpecification","valueRequired":true,"valueName":"search_term_string"}}],"inLanguage":"en-GB"},{"@type":"Organization","@id":"https:\/\/movewalk.se\/#organization","name":"Move & Walk","url":"https:\/\/movewalk.se\/","logo":{"@type":"ImageObject","inLanguage":"en-GB","@id":"https:\/\/movewalk.se\/#\/schema\/logo\/image\/","url":"https:\/\/movewalk.se\/wp-content\/uploads\/2023\/02\/MoveWalk_med-text.png","contentUrl":"https:\/\/movewalk.se\/wp-content\/uploads\/2023\/02\/MoveWalk_med-text.png","width":1182,"height":211,"caption":"Move & Walk"},"image":{"@id":"https:\/\/movewalk.se\/#\/schema\/logo\/image\/"}}]}},"_links":{"self":[{"href":"https:\/\/movewalk.se\/en_gb\/wp-json\/wp\/v2\/pages\/657","targetHints":{"allow":["GET"]}}],"collection":[{"href":"https:\/\/movewalk.se\/en_gb\/wp-json\/wp\/v2\/pages"}],"about":[{"href":"https:\/\/movewalk.se\/en_gb\/wp-json\/wp\/v2\/types\/page"}],"author":[{"embeddable":true,"href":"https:\/\/movewalk.se\/en_gb\/wp-json\/wp\/v2\/users\/1"}],"replies":[{"embeddable":true,"href":"https:\/\/movewalk.se\/en_gb\/wp-json\/wp\/v2\/comments?post=657"}],"version-history":[{"count":13,"href":"https:\/\/movewalk.se\/en_gb\/wp-json\/wp\/v2\/pages\/657\/revisions"}],"predecessor-version":[{"id":2841,"href":"https:\/\/movewalk.se\/en_gb\/wp-json\/wp\/v2\/pages\/657\/revisions\/2841"}],"wp:attachment":[{"href":"https:\/\/movewalk.se\/en_gb\/wp-json\/wp\/v2\/media?parent=657"}],"curies":[{"name":"wp","href":"https:\/\/api.w.org\/{rel}","templated":true}]}}