{"id":664,"date":"2022-11-07T09:26:31","date_gmt":"2022-11-07T09:26:31","guid":{"rendered":"https:\/\/moveandwalk.net\/?page_id=664"},"modified":"2024-07-02T13:31:52","modified_gmt":"2024-07-02T13:31:52","slug":"privat-traning","status":"publish","type":"page","link":"https:\/\/movewalk.se\/en_gb\/privat-traning\/","title":{"rendered":"Private training"},"content":{"rendered":"<p>[et_pb_section fb_built=&#8221;1&#8243; _builder_version=&#8221;4.20.4&#8243; _module_preset=&#8221;default&#8221; background_image=&#8221;https:\/\/movewalk.se\/wp-content\/uploads\/2023\/02\/Prickar-Apelsin.png&#8221; background_size=&#8221;contain&#8221; background_position=&#8221;center_left&#8221; da_disable_devices=&#8221;off|off|off&#8221; global_colors_info=&#8221;{}&#8221; da_is_popup=&#8221;off&#8221; da_exit_intent=&#8221;off&#8221; da_has_close=&#8221;on&#8221; da_alt_close=&#8221;off&#8221; da_dark_close=&#8221;off&#8221; da_not_modal=&#8221;on&#8221; da_is_singular=&#8221;off&#8221; da_with_loader=&#8221;off&#8221; da_has_shadow=&#8221;on&#8221;][et_pb_row _builder_version=&#8221;4.19.0&#8243; _module_preset=&#8221;default&#8221; global_colors_info=&#8221;{}&#8221;][et_pb_column type=&#8221;4_4&#8243; _builder_version=&#8221;4.19.0&#8243; _module_preset=&#8221;default&#8221; global_colors_info=&#8221;{}&#8221;][et_pb_text _builder_version=&#8221;4.25.2&#8243; _module_preset=&#8221;default&#8221; text_font_size=&#8221;17px&#8221; link_font=&#8221;||||on||||&#8221; link_text_color=&#8221;#000000&#8243; header_font_size=&#8221;31px&#8221; header_3_font_size=&#8221;25px&#8221; hover_enabled=&#8221;0&#8243; global_colors_info=&#8221;{}&#8221; sticky_enabled=&#8221;0&#8243;]<\/p>\n<div class=\"flexibelContentRow\">\n<div class=\"flexibelContentRubrik\"><\/div>\n<div class=\"flexibelContentIntroText\">\n<h1>Privat tr\u00e4ning<\/h1>\n<p>&nbsp;<\/p>\n<p><span data-contrast=\"auto\">Fler och\u00a0<\/span><span data-contrast=\"auto\">fl<\/span><span data-contrast=\"auto\">er av er<\/span><span data-contrast=\"auto\">\u00a0efterfr\u00e5ga<\/span><span data-contrast=\"auto\">r m\u00f6jlighet<\/span><span data-contrast=\"auto\">\u00a0att komma och tr\u00e4na hos oss via privat finansiering.\u00a0<\/span><span data-contrast=\"auto\">Dels kan det handla om\u00a0<\/span><span data-contrast=\"auto\">att komma\u00a0<\/span><span data-contrast=\"auto\">ig\u00e5ng<\/span><span data-contrast=\"auto\">\u00a0med tr\u00e4ning enligt Konduktiv Pedagogik, som\u00a0<\/span><span data-contrast=\"auto\">ett komplement till<\/span><span data-contrast=\"auto\">\u00a0annan tr\u00e4ning<\/span><span data-contrast=\"auto\">\u00a0<\/span><span data-contrast=\"auto\">eller<\/span><span data-contrast=\"auto\">\u00a0<\/span><span data-contrast=\"auto\">helt enkelt f\u00f6r att\u00a0<\/span><span data-contrast=\"auto\">uppr\u00e4tth\u00e5lla sin tr\u00e4ning mer j\u00e4mnt \u00f6ver \u00e5ret<\/span><span data-contrast=\"auto\">.\u00a0<\/span><span data-ccp-props=\"{&quot;201341983&quot;:0,&quot;335559739&quot;:160,&quot;335559740&quot;:240}\">\u00a0<\/span><\/p>\n<p><span data-contrast=\"auto\"><br \/>Vi har tagit fram flera olika<\/span><span data-contrast=\"auto\">\u00a0paket\u00a0<\/span><span data-contrast=\"auto\">som du kan l\u00e4sa om nedan.<\/span><\/p>\n<p><span data-contrast=\"auto\"><br \/>V<\/span><span data-contrast=\"auto\">armt v\u00e4lkommen att kontakta oss\u00a0<\/span><span data-contrast=\"auto\">p\u00e5\u00a0<\/span><span data-contrast=\"none\">respektive ort<\/span><span data-contrast=\"auto\">\u00a0<\/span><span data-contrast=\"auto\">s\u00e5\u00a0<\/span><span data-contrast=\"auto\">hj\u00e4lper<\/span><span data-contrast=\"auto\">\u00a0vi\u00a0<\/span><span data-contrast=\"auto\">till att\u00a0<\/span><span data-contrast=\"auto\">skr\u00e4dd<\/span><span data-contrast=\"auto\">ar<\/span><span data-contrast=\"auto\">sy en l\u00f6sning som passar dig.<br \/><\/span><span data-ccp-props=\"{&quot;201341983&quot;:0,&quot;335559739&quot;:160,&quot;335559740&quot;:240}\"><\/span><\/p>\n<p>G\u00f6teborg: \u00a0\u00a0 \u00a0\u00a0<a href=\"mailto:goteborg.traning@movewalk.se\">goteborg.traning@movewalk.se<\/a><br \/>Malm\u00f6:\u00a0 \u00a0 \u00a0 \u00a0 \u00a0 \u00a0<a href=\"mailto:malmo.traning@movewalk.se\">malmo.traning@movewalk.se<\/a><br \/>Solna:\u00a0 \u00a0 \u00a0 \u00a0 \u00a0 \u00a0 \u00a0<a href=\"mailto:solna.traning@movewalk.se\">solna.traning@movewalk.se<\/a><\/p>\n<p><span data-contrast=\"auto\"><br \/>Detta kan vara som individuell tr\u00e4ning eller grupp tr\u00e4ning.<\/span><\/p>\n<p>&nbsp;<\/p>\n<\/div>\n<\/div>\n<div class=\"flexibelContentRow\">\n<div class=\"flexibelContentText\">\n<h3><strong><br \/>Grupptr\u00e4ning<\/strong><\/h3>\n<p><span data-contrast=\"auto\">Det finns m\u00f6jlighet att vara med i en\u00a0<\/span><span data-contrast=\"auto\">befintlig grupp<\/span><span data-contrast=\"auto\">\u00a0p\u00e5 \u00f6nskad l\u00e4ngd (1-2-3-4 veckor<\/span><span data-contrast=\"auto\">)<\/span><span data-contrast=\"auto\">\u00a0under samma antal timmar som gruppen p\u00e5g\u00e5r.<\/span><\/p>\n<p><b><span data-contrast=\"auto\">Grupp Klippkort<\/span><\/b><span data-ccp-props=\"{&quot;201341983&quot;:0,&quot;335559739&quot;:160,&quot;335559740&quot;:240}\">\u00a0<\/span><\/p>\n<p><span data-contrast=\"auto\">Klippkort<\/span><span data-contrast=\"auto\">\u00a0\u00e4r\u00a0<\/span><span data-contrast=\"auto\">f\u00f6r tr\u00e4ning i\u00a0<\/span><span data-contrast=\"auto\">en\u00a0<\/span><span data-contrast=\"auto\">homogen\u00a0<\/span><span data-contrast=\"auto\">minigrupp som p\u00e5g\u00e5r 1 timme per tillf\u00e4lle. Paketet inneh\u00e5ller 4 i grupp,<\/span><span data-contrast=\"auto\">\u00a0<\/span><span data-contrast=\"auto\">sker oftast\u00a0<\/span><span data-contrast=\"auto\">under 1<\/span><span data-contrast=\"auto\"> tillf\u00e4lle per vecka i m\u00e5n av plats.<\/span><span data-ccp-props=\"{&quot;201341983&quot;:0,&quot;335559739&quot;:160,&quot;335559740&quot;:240}\">\u00a0<\/span><\/p>\n<h3><b><span data-contrast=\"auto\">Individuell tr\u00e4ning<\/span><\/b><\/h3>\n<p><b><span data-contrast=\"auto\">Uppf\u00f6ljningsvecka<\/span><\/b><span data-ccp-props=\"{&quot;201341983&quot;:0,&quot;335559739&quot;:160,&quot;335559740&quot;:240}\">\u00a0<\/span><\/p>\n<p><span data-contrast=\"auto\">I<\/span><span data-contrast=\"auto\">\u00a0m\u00e5n av plats\u00a0<\/span><span data-contrast=\"auto\">kan\u00a0<\/span><span data-contrast=\"auto\">individuellt tr\u00e4ningspass<\/span><span data-contrast=\"auto\">\u00a0b<\/span><span data-contrast=\"auto\">okas<\/span><span data-contrast=\"auto\">,\u00a0<\/span><span data-contrast=\"auto\">en\u00a0<\/span><span data-contrast=\"auto\">s<\/span><span data-contrast=\"auto\">\u00a0<\/span><span data-contrast=\"auto\">k<\/span><span data-contrast=\"auto\">\u00a0<\/span><span data-contrast=\"auto\">uppf\u00f6ljningsvecka.<\/span><span data-contrast=\"auto\">\u00a0Denna rekommenderas mellan 2 l\u00e4ngre tr\u00e4ningsperioder<\/span><span data-contrast=\"auto\">\u00a0f\u00f6r<\/span><span data-contrast=\"auto\">\u00a0att komma vidare, efter operation eller n\u00e5gon\u00a0<\/span><span data-contrast=\"auto\">annan\u00a0<\/span><span data-contrast=\"auto\">f\u00f6r<\/span><span data-contrast=\"auto\">\u00e4ndring som\u00a0<\/span><span data-contrast=\"auto\">kan ha skett under \u00e5ret<\/span><span data-contrast=\"auto\">. Uppf\u00f6ljningsvecka<\/span><span data-contrast=\"auto\">n<\/span><span data-contrast=\"auto\">\u00a0\u00e4r individuell och kan bokas p\u00e5 4 eller 5 sammanh\u00e4ngande dagar<\/span><span data-contrast=\"auto\">. Vi tr\u00e4nar d\u00e5<\/span><span data-contrast=\"auto\">\u00a02 timmar per dag.<\/span><span data-ccp-props=\"{&quot;201341983&quot;:0,&quot;335559739&quot;:160,&quot;335559740&quot;:240}\">\u00a0<\/span><\/p>\n<p><b><span data-contrast=\"auto\"><br \/>Individuellt Klippkort<\/span><\/b><span data-ccp-props=\"{&quot;201341983&quot;:0,&quot;335559739&quot;:160,&quot;335559740&quot;:240}\">\u00a0<\/span><\/p>\n<p><span data-ccp-props=\"{&quot;201341983&quot;:0,&quot;335559739&quot;:160,&quot;335559740&quot;:240}\">Individuellt klippkort inneh\u00e5ller 4 eller 8 tillf\u00e4llen, sker oftast under 1 tillf\u00e4lle per vecka i m\u00e5n av plats.<\/span><\/p>\n<p><strong><br \/>Konsultation<br \/><\/strong><br \/>Enstaka konsultationer p\u00e5 1-2 timmar kan bokas med en Conductor i m\u00e5n av plats.<\/p>\n<p><b><span data-contrast=\"auto\"><br \/>Move &amp; Walk\u00a0<\/span><\/b><b><span data-contrast=\"auto\">ConductOnline<\/span><\/b><b><span data-contrast=\"auto\">\u00a0\u2013\u00a0<\/span><\/b><b><span data-contrast=\"auto\">onlinetr\u00e4ning<\/span><\/b><span data-ccp-props=\"{&quot;201341983&quot;:0,&quot;335559739&quot;:160,&quot;335559740&quot;:240}\">\u00a0<\/span><\/p>\n<p><span data-contrast=\"auto\">Genom\u00a0<\/span><span data-contrast=\"auto\">ConductOnline<\/span><span data-contrast=\"auto\"> kan vi ge dig som s\u00f6ker re-\/habilitering genom Konduktiv Pedagogik, en flexibel l\u00f6sning som ej kr\u00e4ver att du \u00e4r p\u00e5 plats fysiskt i v\u00e5ra lokaler. H\u00e4r tar du del av v\u00e5r kompetens och erfarenhet genom att tr\u00e4ffa en erfaren <\/span><span data-contrast=\"auto\">Conductor<\/span><span data-contrast=\"auto\">\u00a0som \u00e4r utbildad f\u00f6r att kunna utf\u00f6ra KP online. Du kan v\u00e4lja att tr\u00e4na enskilt eller i grupp tillsammans med andra tr\u00e4nande.<\/span><span data-ccp-props=\"{&quot;201341983&quot;:0,&quot;335559739&quot;:160,&quot;335559740&quot;:240}\">\u00a0<\/span><\/p>\n<p><span data-contrast=\"auto\">ConductOnline<\/span><span data-contrast=\"auto\">\u00a0riktar sig till alla \u00e5ldrar och \u00e4r anpassad att utf\u00f6ras i hemmet. Redskapen och m\u00f6bler som vi anv\u00e4nder \u00e4r s\u00e5dana som vanligtvis finns i ett hem. Du tr\u00e4ffar din\u00a0<\/span><span data-contrast=\"auto\">Conductor<\/span><span data-contrast=\"auto\">\u00a0och tr\u00e4nar tillsammans med dina medtr\u00e4nande genom sk\u00e4rmen p\u00e5 en tv eller en dator\/surfplatta.<\/span><span data-ccp-props=\"{&quot;201341983&quot;:0,&quot;335559739&quot;:160,&quot;335559740&quot;:240}\">\u00a0<\/span><\/p>\n<p><i><span data-contrast=\"auto\">ConductOnline<\/span><\/i><i><span data-contrast=\"auto\">\u00a0kan erbjudas i alla ovanst\u00e5ende alternativ<\/span><\/i><i><span data-contrast=\"auto\">\u00a0\u2013\u00a0<\/span><\/i><i><span data-contrast=\"auto\">grupptr\u00e4ning eller individuellt uppl\u00e4gg.<\/span><\/i><span data-ccp-props=\"{&quot;201341983&quot;:0,&quot;335559739&quot;:160,&quot;335559740&quot;:240}\">\u00a0<\/span><\/p>\n<p>&nbsp;<\/p>\n<p>&nbsp;<\/p>\n<\/div>\n<\/div>\n<p>[\/et_pb_text][\/et_pb_column][\/et_pb_row][\/et_pb_section]<\/p>\n","protected":false},"excerpt":{"rendered":"<p>Privat tr\u00e4ning &nbsp; Fler och\u00a0fler av er\u00a0efterfr\u00e5gar m\u00f6jlighet\u00a0att komma och tr\u00e4na hos oss via privat finansiering.\u00a0Dels kan det handla om\u00a0att komma\u00a0ig\u00e5ng\u00a0med tr\u00e4ning enligt Konduktiv Pedagogik, som\u00a0ett komplement till\u00a0annan tr\u00e4ning\u00a0eller\u00a0helt enkelt f\u00f6r att\u00a0uppr\u00e4tth\u00e5lla sin tr\u00e4ning mer j\u00e4mnt \u00f6ver \u00e5ret.\u00a0\u00a0 Vi har tagit fram flera olika\u00a0paket\u00a0som du kan l\u00e4sa om nedan. Varmt v\u00e4lkommen att kontakta oss\u00a0p\u00e5\u00a0respektive ort\u00a0s\u00e5\u00a0hj\u00e4lper\u00a0vi\u00a0till [&hellip;]<\/p>\n","protected":false},"author":1,"featured_media":0,"parent":0,"menu_order":0,"comment_status":"closed","ping_status":"closed","template":"","meta":{"_acf_changed":false,"_et_pb_use_builder":"on","_et_pb_old_content":"<!-- wp:divi\/placeholder \/-->","_et_gb_content_width":"","footnotes":""},"class_list":["post-664","page","type-page","status-publish","hentry"],"acf":[],"yoast_head":"<!-- This site is optimized with the Yoast SEO plugin v27.3 - https:\/\/yoast.com\/product\/yoast-seo-wordpress\/ -->\n<title>Privat tr\u00e4ning - Move &amp; Walk<\/title>\n<meta name=\"robots\" content=\"index, follow, max-snippet:-1, max-image-preview:large, max-video-preview:-1\" \/>\n<link rel=\"canonical\" href=\"https:\/\/movewalk.se\/en_gb\/privat-traning\/\" \/>\n<meta property=\"og:locale\" content=\"en_GB\" \/>\n<meta property=\"og:type\" content=\"article\" \/>\n<meta property=\"og:title\" content=\"Privat tr\u00e4ning - Move &amp; Walk\" \/>\n<meta property=\"og:url\" content=\"https:\/\/movewalk.se\/en_gb\/privat-traning\/\" \/>\n<meta property=\"og:site_name\" content=\"Move &amp; Walk\" \/>\n<meta property=\"article:modified_time\" content=\"2024-07-02T13:31:52+00:00\" \/>\n<meta name=\"twitter:card\" content=\"summary_large_image\" \/>\n<meta name=\"twitter:label1\" content=\"Estimated reading time\" \/>\n\t<meta name=\"twitter:data1\" content=\"3 minutes\" \/>\n<script type=\"application\/ld+json\" class=\"yoast-schema-graph\">{\"@context\":\"https:\\\/\\\/schema.org\",\"@graph\":[{\"@type\":\"WebPage\",\"@id\":\"https:\\\/\\\/movewalk.se\\\/privat-traning\\\/\",\"url\":\"https:\\\/\\\/movewalk.se\\\/privat-traning\\\/\",\"name\":\"Privat tr\u00e4ning - Move &amp; Walk\",\"isPartOf\":{\"@id\":\"https:\\\/\\\/movewalk.se\\\/#website\"},\"datePublished\":\"2022-11-07T09:26:31+00:00\",\"dateModified\":\"2024-07-02T13:31:52+00:00\",\"breadcrumb\":{\"@id\":\"https:\\\/\\\/movewalk.se\\\/privat-traning\\\/#breadcrumb\"},\"inLanguage\":\"en-GB\",\"potentialAction\":[{\"@type\":\"ReadAction\",\"target\":[\"https:\\\/\\\/movewalk.se\\\/privat-traning\\\/\"]}]},{\"@type\":\"BreadcrumbList\",\"@id\":\"https:\\\/\\\/movewalk.se\\\/privat-traning\\\/#breadcrumb\",\"itemListElement\":[{\"@type\":\"ListItem\",\"position\":1,\"name\":\"Home\",\"item\":\"https:\\\/\\\/movewalk.se\\\/\"},{\"@type\":\"ListItem\",\"position\":2,\"name\":\"Privat tr\u00e4ning\"}]},{\"@type\":\"WebSite\",\"@id\":\"https:\\\/\\\/movewalk.se\\\/#website\",\"url\":\"https:\\\/\\\/movewalk.se\\\/\",\"name\":\"Move & Walk\",\"description\":\"V\u00e4gen till ett sj\u00e4lvst\u00e4ndigare liv\",\"publisher\":{\"@id\":\"https:\\\/\\\/movewalk.se\\\/#organization\"},\"potentialAction\":[{\"@type\":\"SearchAction\",\"target\":{\"@type\":\"EntryPoint\",\"urlTemplate\":\"https:\\\/\\\/movewalk.se\\\/?s={search_term_string}\"},\"query-input\":{\"@type\":\"PropertyValueSpecification\",\"valueRequired\":true,\"valueName\":\"search_term_string\"}}],\"inLanguage\":\"en-GB\"},{\"@type\":\"Organization\",\"@id\":\"https:\\\/\\\/movewalk.se\\\/#organization\",\"name\":\"Move & Walk\",\"url\":\"https:\\\/\\\/movewalk.se\\\/\",\"logo\":{\"@type\":\"ImageObject\",\"inLanguage\":\"en-GB\",\"@id\":\"https:\\\/\\\/movewalk.se\\\/#\\\/schema\\\/logo\\\/image\\\/\",\"url\":\"https:\\\/\\\/movewalk.se\\\/wp-content\\\/uploads\\\/2023\\\/02\\\/MoveWalk_med-text.png\",\"contentUrl\":\"https:\\\/\\\/movewalk.se\\\/wp-content\\\/uploads\\\/2023\\\/02\\\/MoveWalk_med-text.png\",\"width\":1182,\"height\":211,\"caption\":\"Move & Walk\"},\"image\":{\"@id\":\"https:\\\/\\\/movewalk.se\\\/#\\\/schema\\\/logo\\\/image\\\/\"}}]}<\/script>\n<!-- \/ Yoast SEO plugin. -->","yoast_head_json":{"title":"Privat tr\u00e4ning - Move &amp; Walk","robots":{"index":"index","follow":"follow","max-snippet":"max-snippet:-1","max-image-preview":"max-image-preview:large","max-video-preview":"max-video-preview:-1"},"canonical":"https:\/\/movewalk.se\/en_gb\/privat-traning\/","og_locale":"en_GB","og_type":"article","og_title":"Privat tr\u00e4ning - Move &amp; Walk","og_url":"https:\/\/movewalk.se\/en_gb\/privat-traning\/","og_site_name":"Move &amp; Walk","article_modified_time":"2024-07-02T13:31:52+00:00","twitter_card":"summary_large_image","twitter_misc":{"Estimated reading time":"3 minutes"},"schema":{"@context":"https:\/\/schema.org","@graph":[{"@type":"WebPage","@id":"https:\/\/movewalk.se\/privat-traning\/","url":"https:\/\/movewalk.se\/privat-traning\/","name":"Privat tr\u00e4ning - Move &amp; Walk","isPartOf":{"@id":"https:\/\/movewalk.se\/#website"},"datePublished":"2022-11-07T09:26:31+00:00","dateModified":"2024-07-02T13:31:52+00:00","breadcrumb":{"@id":"https:\/\/movewalk.se\/privat-traning\/#breadcrumb"},"inLanguage":"en-GB","potentialAction":[{"@type":"ReadAction","target":["https:\/\/movewalk.se\/privat-traning\/"]}]},{"@type":"BreadcrumbList","@id":"https:\/\/movewalk.se\/privat-traning\/#breadcrumb","itemListElement":[{"@type":"ListItem","position":1,"name":"Home","item":"https:\/\/movewalk.se\/"},{"@type":"ListItem","position":2,"name":"Privat tr\u00e4ning"}]},{"@type":"WebSite","@id":"https:\/\/movewalk.se\/#website","url":"https:\/\/movewalk.se\/","name":"Move & Walk","description":"The path to a more independent life","publisher":{"@id":"https:\/\/movewalk.se\/#organization"},"potentialAction":[{"@type":"SearchAction","target":{"@type":"EntryPoint","urlTemplate":"https:\/\/movewalk.se\/?s={search_term_string}"},"query-input":{"@type":"PropertyValueSpecification","valueRequired":true,"valueName":"search_term_string"}}],"inLanguage":"en-GB"},{"@type":"Organization","@id":"https:\/\/movewalk.se\/#organization","name":"Move & Walk","url":"https:\/\/movewalk.se\/","logo":{"@type":"ImageObject","inLanguage":"en-GB","@id":"https:\/\/movewalk.se\/#\/schema\/logo\/image\/","url":"https:\/\/movewalk.se\/wp-content\/uploads\/2023\/02\/MoveWalk_med-text.png","contentUrl":"https:\/\/movewalk.se\/wp-content\/uploads\/2023\/02\/MoveWalk_med-text.png","width":1182,"height":211,"caption":"Move & Walk"},"image":{"@id":"https:\/\/movewalk.se\/#\/schema\/logo\/image\/"}}]}},"_links":{"self":[{"href":"https:\/\/movewalk.se\/en_gb\/wp-json\/wp\/v2\/pages\/664","targetHints":{"allow":["GET"]}}],"collection":[{"href":"https:\/\/movewalk.se\/en_gb\/wp-json\/wp\/v2\/pages"}],"about":[{"href":"https:\/\/movewalk.se\/en_gb\/wp-json\/wp\/v2\/types\/page"}],"author":[{"embeddable":true,"href":"https:\/\/movewalk.se\/en_gb\/wp-json\/wp\/v2\/users\/1"}],"replies":[{"embeddable":true,"href":"https:\/\/movewalk.se\/en_gb\/wp-json\/wp\/v2\/comments?post=664"}],"version-history":[{"count":18,"href":"https:\/\/movewalk.se\/en_gb\/wp-json\/wp\/v2\/pages\/664\/revisions"}],"predecessor-version":[{"id":2880,"href":"https:\/\/movewalk.se\/en_gb\/wp-json\/wp\/v2\/pages\/664\/revisions\/2880"}],"wp:attachment":[{"href":"https:\/\/movewalk.se\/en_gb\/wp-json\/wp\/v2\/media?parent=664"}],"curies":[{"name":"wp","href":"https:\/\/api.w.org\/{rel}","templated":true}]}}