{"id":870,"date":"2022-11-22T12:27:40","date_gmt":"2022-11-22T12:27:40","guid":{"rendered":"https:\/\/moveandwalk.net\/?page_id=870"},"modified":"2025-04-02T08:33:01","modified_gmt":"2025-04-02T08:33:01","slug":"elevhalsoteam","status":"publish","type":"page","link":"https:\/\/movewalk.se\/en_gb\/elevhalsoteam\/","title":{"rendered":"Student Health Team"},"content":{"rendered":"<p>[et_pb_section fb_built=&#8221;1&#8243; _builder_version=&#8221;4.20.2&#8243; _module_preset=&#8221;default&#8221; background_enable_image=&#8221;off&#8221; background_size=&#8221;contain&#8221; background_position=&#8221;center_left&#8221; da_disable_devices=&#8221;off|off|off&#8221; global_colors_info=&#8221;{}&#8221; da_is_popup=&#8221;off&#8221; da_exit_intent=&#8221;off&#8221; da_has_close=&#8221;on&#8221; da_alt_close=&#8221;off&#8221; da_dark_close=&#8221;off&#8221; da_not_modal=&#8221;on&#8221; da_is_singular=&#8221;off&#8221; da_with_loader=&#8221;off&#8221; da_has_shadow=&#8221;on&#8221;][et_pb_row _builder_version=&#8221;4.19.1&#8243; _module_preset=&#8221;default&#8221; global_colors_info=&#8221;{}&#8221;][et_pb_column type=&#8221;4_4&#8243; _builder_version=&#8221;4.19.1&#8243; _module_preset=&#8221;default&#8221; global_colors_info=&#8221;{}&#8221;][et_pb_text _builder_version=&#8221;4.19.1&#8243; _module_preset=&#8221;default&#8221; global_colors_info=&#8221;{}&#8221;]<\/p>\n<h1 style=\"text-align: center;\">Elevh\u00e4lsoteam<\/h1>\n<p>[\/et_pb_text][\/et_pb_column][\/et_pb_row][et_pb_row _builder_version=&#8221;4.19.1&#8243; _module_preset=&#8221;default&#8221; global_colors_info=&#8221;{}&#8221;][et_pb_column type=&#8221;4_4&#8243; _builder_version=&#8221;4.19.1&#8243; _module_preset=&#8221;default&#8221; global_colors_info=&#8221;{}&#8221;][et_pb_text _builder_version=&#8221;4.19.1&#8243; _module_preset=&#8221;default&#8221; text_font_size=&#8221;17px&#8221; global_colors_info=&#8221;{}&#8221;]<\/p>\n<p>Elevh\u00e4lsoteamets arbete \u00e4r en l\u00e5ngsiktig skolutvecklingsprocess och fokus ligger i sambandet mellan l\u00e4rande och h\u00e4lsa.<\/p>\n<p>Elevh\u00e4lsoteamets uppdrag \u00e4r att generellt arbeta f\u00f6r att:<\/p>\n<ul>\n<li>Fr\u00e4mja elevens l\u00e4rande, utveckling och h\u00e4lsa<\/li>\n<li>F\u00f6rebygga oh\u00e4lsa och inl\u00e4rningssv\u00e5righeter<\/li>\n<li>Bidra till att skapa milj\u00f6er som fr\u00e4mjar l\u00e4rande, utveckling och h\u00e4lsa<\/li>\n<li>St\u00f6dja elevernas utveckling mot utbildningens m\u00e5l.<\/li>\n<\/ul>\n<p>Externa experter som bidrar till elevh\u00e4lsoarbetet \u00e4r skoll\u00e4kare, skolsk\u00f6terska, kurator och skolpsykolog.<\/p>\n<p>[\/et_pb_text][\/et_pb_column][\/et_pb_row][et_pb_row column_structure=&#8221;1_4,1_4,1_4,1_4&#8243; _builder_version=&#8221;4.19.0&#8243; _module_preset=&#8221;default&#8221; global_colors_info=&#8221;{}&#8221;][et_pb_column type=&#8221;1_4&#8243; _builder_version=&#8221;4.19.0&#8243; _module_preset=&#8221;default&#8221; global_colors_info=&#8221;{}&#8221;][et_pb_blurb title=&#8221;Peter Revesz&#8221; image=&#8221;https:\/\/movewalk.se\/wp-content\/uploads\/2023\/03\/Lakare-Peter-Revesz-250&#215;296-1.jpg&#8221; image_icon_width=&#8221;86%&#8221; _builder_version=&#8221;4.20.4&#8243; _module_preset=&#8221;default&#8221; header_font=&#8221;Noto Sans JP||||||||&#8221; header_text_color=&#8221;#023f86&#8243; header_font_size=&#8221;21px&#8221; body_font=&#8221;Noto Sans SC||||||||&#8221; body_text_color=&#8221;#000000&#8243; text_orientation=&#8221;center&#8221; global_colors_info=&#8221;{}&#8221;]<\/p>\n<p>Skoll\u00e4kare<br \/>G\u00f6teborg, Solna<\/p>\n<p>[\/et_pb_blurb][\/et_pb_column][et_pb_column type=&#8221;1_4&#8243; _builder_version=&#8221;4.19.0&#8243; _module_preset=&#8221;default&#8221; global_colors_info=&#8221;{}&#8221;][et_pb_blurb title=&#8221;Per Zetterlund&#8221; image=&#8221;https:\/\/movewalk.se\/wp-content\/uploads\/2023\/03\/Per-Z-250&#215;255-1.png&#8221; image_icon_width=&#8221;100%&#8221; _builder_version=&#8221;4.20.4&#8243; _module_preset=&#8221;default&#8221; header_font=&#8221;Noto Sans JP||||||||&#8221; header_text_color=&#8221;#023f86&#8243; header_font_size=&#8221;21px&#8221; body_font=&#8221;Noto Sans SC||||||||&#8221; body_text_color=&#8221;#000000&#8243; text_orientation=&#8221;center&#8221; global_colors_info=&#8221;{}&#8221;]<\/p>\n<p>Skoll\u00e4kare<br \/>Malm\u00f6<\/p>\n<p>[\/et_pb_blurb][\/et_pb_column][et_pb_column type=&#8221;1_4&#8243; _builder_version=&#8221;4.19.0&#8243; _module_preset=&#8221;default&#8221; global_colors_info=&#8221;{}&#8221;][\/et_pb_column][et_pb_column type=&#8221;1_4&#8243; _builder_version=&#8221;4.19.0&#8243; _module_preset=&#8221;default&#8221; global_colors_info=&#8221;{}&#8221;][et_pb_blurb title=&#8221;Katarzyna Baumann&#8221; image=&#8221;https:\/\/movewalk.se\/wp-content\/uploads\/2023\/03\/K.-Baumann-korr-250&#215;239-1.png&#8221; _builder_version=&#8221;4.20.4&#8243; _module_preset=&#8221;default&#8221; header_font=&#8221;Noto Sans JP||||||||&#8221; header_text_color=&#8221;#023f86&#8243; header_font_size=&#8221;21px&#8221; body_font=&#8221;Noto Sans SC||||||||&#8221; body_text_color=&#8221;#000000&#8243; text_orientation=&#8221;center&#8221; global_colors_info=&#8221;{}&#8221;]<\/p>\n<p>Skolpsykolog<br \/>G\u00f6teborg, Solna<\/p>\n<p>[\/et_pb_blurb][\/et_pb_column][\/et_pb_row][et_pb_row column_structure=&#8221;1_4,1_4,1_4,1_4&#8243; _builder_version=&#8221;4.19.0&#8243; _module_preset=&#8221;default&#8221; global_colors_info=&#8221;{}&#8221;][et_pb_column type=&#8221;1_4&#8243; _builder_version=&#8221;4.19.0&#8243; _module_preset=&#8221;default&#8221; global_colors_info=&#8221;{}&#8221;][et_pb_blurb title=&#8221;Karolina Persson&#8221; image=&#8221;https:\/\/movewalk.se\/wp-content\/uploads\/2023\/03\/Karolina-Persson-250&#215;257-1.jpg&#8221; _builder_version=&#8221;4.20.4&#8243; _module_preset=&#8221;default&#8221; header_font=&#8221;Noto Sans JP||||||||&#8221; header_text_color=&#8221;#023f86&#8243; header_font_size=&#8221;21px&#8221; body_font=&#8221;Noto Sans SC||||||||&#8221; body_text_color=&#8221;#000000&#8243; text_orientation=&#8221;center&#8221; global_colors_info=&#8221;{}&#8221;]<\/p>\n<p>Skolkurator<br \/>G\u00f6teborg, Malm\u00f6, Solna<\/p>\n<p>[\/et_pb_blurb][\/et_pb_column][et_pb_column type=&#8221;1_4&#8243; _builder_version=&#8221;4.19.0&#8243; _module_preset=&#8221;default&#8221; global_colors_info=&#8221;{}&#8221;][et_pb_blurb title=&#8221;Pernilla Berggren&#8221; image=&#8221;https:\/\/movewalk.se\/wp-content\/uploads\/woocommerce-placeholder.png&#8221; _builder_version=&#8221;4.20.4&#8243; _module_preset=&#8221;default&#8221; header_font=&#8221;Noto Sans JP||||||||&#8221; header_text_color=&#8221;#023f86&#8243; header_font_size=&#8221;21px&#8221; body_font=&#8221;Noto Sans SC||||||||&#8221; body_text_color=&#8221;#000000&#8243; text_orientation=&#8221;center&#8221; global_colors_info=&#8221;{}&#8221;]<\/p>\n<p>Skolpsykolog<br \/>Malm\u00f6<\/p>\n<p>[\/et_pb_blurb][\/et_pb_column][et_pb_column type=&#8221;1_4&#8243; _builder_version=&#8221;4.19.0&#8243; _module_preset=&#8221;default&#8221; global_colors_info=&#8221;{}&#8221;][et_pb_blurb title=&#8221;Marian Kindstr\u00f6m&#8221; image=&#8221;https:\/\/movewalk.se\/wp-content\/uploads\/woocommerce-placeholder.png&#8221; _builder_version=&#8221;4.24.3&#8243; _module_preset=&#8221;default&#8221; header_font=&#8221;Noto Sans JP||||||||&#8221; header_text_color=&#8221;#023f86&#8243; header_font_size=&#8221;21px&#8221; body_font=&#8221;Noto Sans SC||||||||&#8221; body_text_color=&#8221;#000000&#8243; text_orientation=&#8221;center&#8221; global_colors_info=&#8221;{}&#8221;]<\/p>\n<p>Skolsk\u00f6terska<br \/>G\u00f6teborg, Malm\u00f6, Solna<\/p>\n<p>[\/et_pb_blurb][\/et_pb_column][et_pb_column type=&#8221;1_4&#8243; _builder_version=&#8221;4.19.0&#8243; _module_preset=&#8221;default&#8221; global_colors_info=&#8221;{}&#8221;][\/et_pb_column][\/et_pb_row][\/et_pb_section]<\/p>\n","protected":false},"excerpt":{"rendered":"<p>Elevh\u00e4lsoteamElevh\u00e4lsoteamets arbete \u00e4r en l\u00e5ngsiktig skolutvecklingsprocess och fokus ligger i sambandet mellan l\u00e4rande och h\u00e4lsa. Elevh\u00e4lsoteamets uppdrag \u00e4r att generellt arbeta f\u00f6r att: Fr\u00e4mja elevens l\u00e4rande, utveckling och h\u00e4lsa F\u00f6rebygga oh\u00e4lsa och inl\u00e4rningssv\u00e5righeter Bidra till att skapa milj\u00f6er som fr\u00e4mjar l\u00e4rande, utveckling och h\u00e4lsa St\u00f6dja elevernas utveckling mot utbildningens m\u00e5l. Externa experter som bidrar till [&hellip;]<\/p>\n","protected":false},"author":1,"featured_media":0,"parent":0,"menu_order":0,"comment_status":"closed","ping_status":"closed","template":"","meta":{"_acf_changed":false,"_et_pb_use_builder":"on","_et_pb_old_content":"<!-- wp:divi\/placeholder \/-->","_et_gb_content_width":"","footnotes":""},"class_list":["post-870","page","type-page","status-publish","hentry"],"acf":[],"yoast_head":"<!-- This site is optimized with the Yoast SEO plugin v27.3 - https:\/\/yoast.com\/product\/yoast-seo-wordpress\/ -->\n<title>Elevh\u00e4lsoteam - Move &amp; Walk<\/title>\n<meta name=\"robots\" content=\"index, follow, max-snippet:-1, max-image-preview:large, max-video-preview:-1\" \/>\n<link rel=\"canonical\" href=\"https:\/\/movewalk.se\/en_gb\/elevhalsoteam\/\" \/>\n<meta property=\"og:locale\" content=\"en_GB\" \/>\n<meta property=\"og:type\" content=\"article\" \/>\n<meta property=\"og:title\" content=\"Elevh\u00e4lsoteam - Move &amp; Walk\" \/>\n<meta property=\"og:url\" content=\"https:\/\/movewalk.se\/en_gb\/elevhalsoteam\/\" \/>\n<meta property=\"og:site_name\" content=\"Move &amp; Walk\" \/>\n<meta property=\"article:modified_time\" content=\"2025-04-02T08:33:01+00:00\" \/>\n<meta name=\"twitter:card\" content=\"summary_large_image\" \/>\n<meta name=\"twitter:label1\" content=\"Estimated reading time\" \/>\n\t<meta name=\"twitter:data1\" content=\"4 minutes\" \/>\n<script type=\"application\/ld+json\" class=\"yoast-schema-graph\">{\"@context\":\"https:\\\/\\\/schema.org\",\"@graph\":[{\"@type\":\"WebPage\",\"@id\":\"https:\\\/\\\/movewalk.se\\\/elevhalsoteam\\\/\",\"url\":\"https:\\\/\\\/movewalk.se\\\/elevhalsoteam\\\/\",\"name\":\"Elevh\u00e4lsoteam - Move &amp; Walk\",\"isPartOf\":{\"@id\":\"https:\\\/\\\/movewalk.se\\\/#website\"},\"datePublished\":\"2022-11-22T12:27:40+00:00\",\"dateModified\":\"2025-04-02T08:33:01+00:00\",\"breadcrumb\":{\"@id\":\"https:\\\/\\\/movewalk.se\\\/elevhalsoteam\\\/#breadcrumb\"},\"inLanguage\":\"en-GB\",\"potentialAction\":[{\"@type\":\"ReadAction\",\"target\":[\"https:\\\/\\\/movewalk.se\\\/elevhalsoteam\\\/\"]}]},{\"@type\":\"BreadcrumbList\",\"@id\":\"https:\\\/\\\/movewalk.se\\\/elevhalsoteam\\\/#breadcrumb\",\"itemListElement\":[{\"@type\":\"ListItem\",\"position\":1,\"name\":\"Home\",\"item\":\"https:\\\/\\\/movewalk.se\\\/\"},{\"@type\":\"ListItem\",\"position\":2,\"name\":\"Elevh\u00e4lsoteam\"}]},{\"@type\":\"WebSite\",\"@id\":\"https:\\\/\\\/movewalk.se\\\/#website\",\"url\":\"https:\\\/\\\/movewalk.se\\\/\",\"name\":\"Move & Walk\",\"description\":\"V\u00e4gen till ett sj\u00e4lvst\u00e4ndigare liv\",\"publisher\":{\"@id\":\"https:\\\/\\\/movewalk.se\\\/#organization\"},\"potentialAction\":[{\"@type\":\"SearchAction\",\"target\":{\"@type\":\"EntryPoint\",\"urlTemplate\":\"https:\\\/\\\/movewalk.se\\\/?s={search_term_string}\"},\"query-input\":{\"@type\":\"PropertyValueSpecification\",\"valueRequired\":true,\"valueName\":\"search_term_string\"}}],\"inLanguage\":\"en-GB\"},{\"@type\":\"Organization\",\"@id\":\"https:\\\/\\\/movewalk.se\\\/#organization\",\"name\":\"Move & Walk\",\"url\":\"https:\\\/\\\/movewalk.se\\\/\",\"logo\":{\"@type\":\"ImageObject\",\"inLanguage\":\"en-GB\",\"@id\":\"https:\\\/\\\/movewalk.se\\\/#\\\/schema\\\/logo\\\/image\\\/\",\"url\":\"https:\\\/\\\/movewalk.se\\\/wp-content\\\/uploads\\\/2023\\\/02\\\/MoveWalk_med-text.png\",\"contentUrl\":\"https:\\\/\\\/movewalk.se\\\/wp-content\\\/uploads\\\/2023\\\/02\\\/MoveWalk_med-text.png\",\"width\":1182,\"height\":211,\"caption\":\"Move & Walk\"},\"image\":{\"@id\":\"https:\\\/\\\/movewalk.se\\\/#\\\/schema\\\/logo\\\/image\\\/\"}}]}<\/script>\n<!-- \/ Yoast SEO plugin. -->","yoast_head_json":{"title":"Elevh\u00e4lsoteam - Move &amp; Walk","robots":{"index":"index","follow":"follow","max-snippet":"max-snippet:-1","max-image-preview":"max-image-preview:large","max-video-preview":"max-video-preview:-1"},"canonical":"https:\/\/movewalk.se\/en_gb\/elevhalsoteam\/","og_locale":"en_GB","og_type":"article","og_title":"Elevh\u00e4lsoteam - Move &amp; Walk","og_url":"https:\/\/movewalk.se\/en_gb\/elevhalsoteam\/","og_site_name":"Move &amp; Walk","article_modified_time":"2025-04-02T08:33:01+00:00","twitter_card":"summary_large_image","twitter_misc":{"Estimated reading time":"4 minutes"},"schema":{"@context":"https:\/\/schema.org","@graph":[{"@type":"WebPage","@id":"https:\/\/movewalk.se\/elevhalsoteam\/","url":"https:\/\/movewalk.se\/elevhalsoteam\/","name":"Elevh\u00e4lsoteam - Move &amp; Walk","isPartOf":{"@id":"https:\/\/movewalk.se\/#website"},"datePublished":"2022-11-22T12:27:40+00:00","dateModified":"2025-04-02T08:33:01+00:00","breadcrumb":{"@id":"https:\/\/movewalk.se\/elevhalsoteam\/#breadcrumb"},"inLanguage":"en-GB","potentialAction":[{"@type":"ReadAction","target":["https:\/\/movewalk.se\/elevhalsoteam\/"]}]},{"@type":"BreadcrumbList","@id":"https:\/\/movewalk.se\/elevhalsoteam\/#breadcrumb","itemListElement":[{"@type":"ListItem","position":1,"name":"Home","item":"https:\/\/movewalk.se\/"},{"@type":"ListItem","position":2,"name":"Elevh\u00e4lsoteam"}]},{"@type":"WebSite","@id":"https:\/\/movewalk.se\/#website","url":"https:\/\/movewalk.se\/","name":"Move & Walk","description":"The path to a more independent life","publisher":{"@id":"https:\/\/movewalk.se\/#organization"},"potentialAction":[{"@type":"SearchAction","target":{"@type":"EntryPoint","urlTemplate":"https:\/\/movewalk.se\/?s={search_term_string}"},"query-input":{"@type":"PropertyValueSpecification","valueRequired":true,"valueName":"search_term_string"}}],"inLanguage":"en-GB"},{"@type":"Organization","@id":"https:\/\/movewalk.se\/#organization","name":"Move & Walk","url":"https:\/\/movewalk.se\/","logo":{"@type":"ImageObject","inLanguage":"en-GB","@id":"https:\/\/movewalk.se\/#\/schema\/logo\/image\/","url":"https:\/\/movewalk.se\/wp-content\/uploads\/2023\/02\/MoveWalk_med-text.png","contentUrl":"https:\/\/movewalk.se\/wp-content\/uploads\/2023\/02\/MoveWalk_med-text.png","width":1182,"height":211,"caption":"Move & Walk"},"image":{"@id":"https:\/\/movewalk.se\/#\/schema\/logo\/image\/"}}]}},"_links":{"self":[{"href":"https:\/\/movewalk.se\/en_gb\/wp-json\/wp\/v2\/pages\/870","targetHints":{"allow":["GET"]}}],"collection":[{"href":"https:\/\/movewalk.se\/en_gb\/wp-json\/wp\/v2\/pages"}],"about":[{"href":"https:\/\/movewalk.se\/en_gb\/wp-json\/wp\/v2\/types\/page"}],"author":[{"embeddable":true,"href":"https:\/\/movewalk.se\/en_gb\/wp-json\/wp\/v2\/users\/1"}],"replies":[{"embeddable":true,"href":"https:\/\/movewalk.se\/en_gb\/wp-json\/wp\/v2\/comments?post=870"}],"version-history":[{"count":12,"href":"https:\/\/movewalk.se\/en_gb\/wp-json\/wp\/v2\/pages\/870\/revisions"}],"predecessor-version":[{"id":3210,"href":"https:\/\/movewalk.se\/en_gb\/wp-json\/wp\/v2\/pages\/870\/revisions\/3210"}],"wp:attachment":[{"href":"https:\/\/movewalk.se\/en_gb\/wp-json\/wp\/v2\/media?parent=870"}],"curies":[{"name":"wp","href":"https:\/\/api.w.org\/{rel}","templated":true}]}}