{"id":2676,"date":"2024-02-22T09:31:24","date_gmt":"2024-02-22T09:31:24","guid":{"rendered":"https:\/\/movewalk.se\/?post_type=product&#038;p=2676"},"modified":"2024-02-22T09:31:24","modified_gmt":"2024-02-22T09:31:24","slug":"pall","status":"publish","type":"product","link":"https:\/\/movewalk.se\/en_gb\/product\/pall\/","title":{"rendered":"Pall"},"content":{"rendered":"<p>M\u00e5tten p\u00e5 denna produkt kan variera p\u00e5 beg\u00e4ran. H\u00f6r av er till oss s\u00e5 ser vi till att ni f\u00e5r en pall som passar er.<\/p>","protected":false},"excerpt":{"rendered":"<p>Best\u00e4llningsvara. L\u00e4ngre leveranstid g\u00e4ller.<\/p>","protected":false},"featured_media":2685,"comment_status":"closed","ping_status":"closed","template":"","meta":{"_acf_changed":false,"_et_pb_use_builder":"","_et_pb_old_content":"","_et_gb_content_width":""},"product_brand":[],"product_cat":[23,22],"product_tag":[],"class_list":{"0":"post-2676","1":"product","2":"type-product","3":"status-publish","4":"has-post-thumbnail","6":"product_cat-kp-mobler","7":"product_cat-okategoriserad","9":"first","10":"instock","11":"taxable","12":"shipping-taxable","13":"purchasable","14":"product-type-simple"},"acf":[],"yoast_head":"<!-- This site is optimized with the Yoast SEO plugin v27.3 - https:\/\/yoast.com\/product\/yoast-seo-wordpress\/ -->\n<title>Pall - Move &amp; Walk<\/title>\n<meta name=\"robots\" content=\"index, follow, max-snippet:-1, max-image-preview:large, max-video-preview:-1\" \/>\n<link rel=\"canonical\" href=\"https:\/\/movewalk.se\/en_gb\/product\/pall\/\" \/>\n<meta property=\"og:locale\" content=\"en_GB\" \/>\n<meta property=\"og:type\" content=\"article\" \/>\n<meta property=\"og:title\" content=\"Pall - Move &amp; Walk\" \/>\n<meta property=\"og:description\" content=\"Best\u00e4llningsvara. L\u00e4ngre leveranstid g\u00e4ller.\" \/>\n<meta property=\"og:url\" content=\"https:\/\/movewalk.se\/en_gb\/product\/pall\/\" \/>\n<meta property=\"og:site_name\" content=\"Move &amp; Walk\" \/>\n<meta property=\"og:image\" content=\"https:\/\/movewalk.se\/wp-content\/uploads\/2024\/02\/418729939_800100518619166_1311446721685986866_n-scaled.webp\" \/>\n\t<meta property=\"og:image:width\" content=\"1920\" \/>\n\t<meta property=\"og:image:height\" content=\"2560\" \/>\n\t<meta property=\"og:image:type\" content=\"image\/jpeg\" \/>\n<meta name=\"twitter:card\" content=\"summary_large_image\" \/>\n<meta name=\"twitter:label1\" content=\"Estimated reading time\" \/>\n\t<meta name=\"twitter:data1\" content=\"1 minute\" \/>\n<script type=\"application\/ld+json\" class=\"yoast-schema-graph\">{\"@context\":\"https:\\\/\\\/schema.org\",\"@graph\":[{\"@type\":\"WebPage\",\"@id\":\"https:\\\/\\\/movewalk.se\\\/produkt\\\/pall\\\/\",\"url\":\"https:\\\/\\\/movewalk.se\\\/produkt\\\/pall\\\/\",\"name\":\"Pall - Move &amp; Walk\",\"isPartOf\":{\"@id\":\"https:\\\/\\\/movewalk.se\\\/#website\"},\"primaryImageOfPage\":{\"@id\":\"https:\\\/\\\/movewalk.se\\\/produkt\\\/pall\\\/#primaryimage\"},\"image\":{\"@id\":\"https:\\\/\\\/movewalk.se\\\/produkt\\\/pall\\\/#primaryimage\"},\"thumbnailUrl\":\"https:\\\/\\\/movewalk.se\\\/wp-content\\\/uploads\\\/2024\\\/02\\\/418729939_800100518619166_1311446721685986866_n-scaled.webp\",\"datePublished\":\"2024-02-22T09:31:24+00:00\",\"breadcrumb\":{\"@id\":\"https:\\\/\\\/movewalk.se\\\/produkt\\\/pall\\\/#breadcrumb\"},\"inLanguage\":\"en-GB\",\"potentialAction\":[{\"@type\":\"ReadAction\",\"target\":[\"https:\\\/\\\/movewalk.se\\\/produkt\\\/pall\\\/\"]}]},{\"@type\":\"ImageObject\",\"inLanguage\":\"en-GB\",\"@id\":\"https:\\\/\\\/movewalk.se\\\/produkt\\\/pall\\\/#primaryimage\",\"url\":\"https:\\\/\\\/movewalk.se\\\/wp-content\\\/uploads\\\/2024\\\/02\\\/418729939_800100518619166_1311446721685986866_n-scaled.webp\",\"contentUrl\":\"https:\\\/\\\/movewalk.se\\\/wp-content\\\/uploads\\\/2024\\\/02\\\/418729939_800100518619166_1311446721685986866_n-scaled.webp\",\"width\":1920,\"height\":2560},{\"@type\":\"BreadcrumbList\",\"@id\":\"https:\\\/\\\/movewalk.se\\\/produkt\\\/pall\\\/#breadcrumb\",\"itemListElement\":[{\"@type\":\"ListItem\",\"position\":1,\"name\":\"Home\",\"item\":\"https:\\\/\\\/movewalk.se\\\/\"},{\"@type\":\"ListItem\",\"position\":2,\"name\":\"Butik\",\"item\":\"https:\\\/\\\/movewalk.se\\\/butik\\\/\"},{\"@type\":\"ListItem\",\"position\":3,\"name\":\"Pall\"}]},{\"@type\":\"WebSite\",\"@id\":\"https:\\\/\\\/movewalk.se\\\/#website\",\"url\":\"https:\\\/\\\/movewalk.se\\\/\",\"name\":\"Move & Walk\",\"description\":\"V\u00e4gen till ett sj\u00e4lvst\u00e4ndigare liv\",\"publisher\":{\"@id\":\"https:\\\/\\\/movewalk.se\\\/#organization\"},\"potentialAction\":[{\"@type\":\"SearchAction\",\"target\":{\"@type\":\"EntryPoint\",\"urlTemplate\":\"https:\\\/\\\/movewalk.se\\\/?s={search_term_string}\"},\"query-input\":{\"@type\":\"PropertyValueSpecification\",\"valueRequired\":true,\"valueName\":\"search_term_string\"}}],\"inLanguage\":\"en-GB\"},{\"@type\":\"Organization\",\"@id\":\"https:\\\/\\\/movewalk.se\\\/#organization\",\"name\":\"Move & Walk\",\"url\":\"https:\\\/\\\/movewalk.se\\\/\",\"logo\":{\"@type\":\"ImageObject\",\"inLanguage\":\"en-GB\",\"@id\":\"https:\\\/\\\/movewalk.se\\\/#\\\/schema\\\/logo\\\/image\\\/\",\"url\":\"https:\\\/\\\/movewalk.se\\\/wp-content\\\/uploads\\\/2023\\\/02\\\/MoveWalk_med-text.png\",\"contentUrl\":\"https:\\\/\\\/movewalk.se\\\/wp-content\\\/uploads\\\/2023\\\/02\\\/MoveWalk_med-text.png\",\"width\":1182,\"height\":211,\"caption\":\"Move & Walk\"},\"image\":{\"@id\":\"https:\\\/\\\/movewalk.se\\\/#\\\/schema\\\/logo\\\/image\\\/\"}}]}<\/script>\n<!-- \/ Yoast SEO plugin. -->","yoast_head_json":{"title":"Pall - Move &amp; Walk","robots":{"index":"index","follow":"follow","max-snippet":"max-snippet:-1","max-image-preview":"max-image-preview:large","max-video-preview":"max-video-preview:-1"},"canonical":"https:\/\/movewalk.se\/en_gb\/product\/pall\/","og_locale":"en_GB","og_type":"article","og_title":"Pall - Move &amp; Walk","og_description":"Best\u00e4llningsvara. L\u00e4ngre leveranstid g\u00e4ller.","og_url":"https:\/\/movewalk.se\/en_gb\/product\/pall\/","og_site_name":"Move &amp; Walk","og_image":[{"width":1920,"height":2560,"url":"https:\/\/movewalk.se\/wp-content\/uploads\/2024\/02\/418729939_800100518619166_1311446721685986866_n-scaled.webp","type":"image\/jpeg"}],"twitter_card":"summary_large_image","twitter_misc":{"Estimated reading time":"1 minute"},"schema":{"@context":"https:\/\/schema.org","@graph":[{"@type":"WebPage","@id":"https:\/\/movewalk.se\/produkt\/pall\/","url":"https:\/\/movewalk.se\/produkt\/pall\/","name":"Pall - Move &amp; Walk","isPartOf":{"@id":"https:\/\/movewalk.se\/#website"},"primaryImageOfPage":{"@id":"https:\/\/movewalk.se\/produkt\/pall\/#primaryimage"},"image":{"@id":"https:\/\/movewalk.se\/produkt\/pall\/#primaryimage"},"thumbnailUrl":"https:\/\/movewalk.se\/wp-content\/uploads\/2024\/02\/418729939_800100518619166_1311446721685986866_n-scaled.webp","datePublished":"2024-02-22T09:31:24+00:00","breadcrumb":{"@id":"https:\/\/movewalk.se\/produkt\/pall\/#breadcrumb"},"inLanguage":"en-GB","potentialAction":[{"@type":"ReadAction","target":["https:\/\/movewalk.se\/produkt\/pall\/"]}]},{"@type":"ImageObject","inLanguage":"en-GB","@id":"https:\/\/movewalk.se\/produkt\/pall\/#primaryimage","url":"https:\/\/movewalk.se\/wp-content\/uploads\/2024\/02\/418729939_800100518619166_1311446721685986866_n-scaled.webp","contentUrl":"https:\/\/movewalk.se\/wp-content\/uploads\/2024\/02\/418729939_800100518619166_1311446721685986866_n-scaled.webp","width":1920,"height":2560},{"@type":"BreadcrumbList","@id":"https:\/\/movewalk.se\/produkt\/pall\/#breadcrumb","itemListElement":[{"@type":"ListItem","position":1,"name":"Home","item":"https:\/\/movewalk.se\/"},{"@type":"ListItem","position":2,"name":"Butik","item":"https:\/\/movewalk.se\/butik\/"},{"@type":"ListItem","position":3,"name":"Pall"}]},{"@type":"WebSite","@id":"https:\/\/movewalk.se\/#website","url":"https:\/\/movewalk.se\/","name":"Move & Walk","description":"The path to a more independent life","publisher":{"@id":"https:\/\/movewalk.se\/#organization"},"potentialAction":[{"@type":"SearchAction","target":{"@type":"EntryPoint","urlTemplate":"https:\/\/movewalk.se\/?s={search_term_string}"},"query-input":{"@type":"PropertyValueSpecification","valueRequired":true,"valueName":"search_term_string"}}],"inLanguage":"en-GB"},{"@type":"Organization","@id":"https:\/\/movewalk.se\/#organization","name":"Move & Walk","url":"https:\/\/movewalk.se\/","logo":{"@type":"ImageObject","inLanguage":"en-GB","@id":"https:\/\/movewalk.se\/#\/schema\/logo\/image\/","url":"https:\/\/movewalk.se\/wp-content\/uploads\/2023\/02\/MoveWalk_med-text.png","contentUrl":"https:\/\/movewalk.se\/wp-content\/uploads\/2023\/02\/MoveWalk_med-text.png","width":1182,"height":211,"caption":"Move & Walk"},"image":{"@id":"https:\/\/movewalk.se\/#\/schema\/logo\/image\/"}}]}},"_links":{"self":[{"href":"https:\/\/movewalk.se\/en_gb\/wp-json\/wp\/v2\/product\/2676","targetHints":{"allow":["GET"]}}],"collection":[{"href":"https:\/\/movewalk.se\/en_gb\/wp-json\/wp\/v2\/product"}],"about":[{"href":"https:\/\/movewalk.se\/en_gb\/wp-json\/wp\/v2\/types\/product"}],"replies":[{"embeddable":true,"href":"https:\/\/movewalk.se\/en_gb\/wp-json\/wp\/v2\/comments?post=2676"}],"wp:featuredmedia":[{"embeddable":true,"href":"https:\/\/movewalk.se\/en_gb\/wp-json\/wp\/v2\/media\/2685"}],"wp:attachment":[{"href":"https:\/\/movewalk.se\/en_gb\/wp-json\/wp\/v2\/media?parent=2676"}],"wp:term":[{"taxonomy":"product_brand","embeddable":true,"href":"https:\/\/movewalk.se\/en_gb\/wp-json\/wp\/v2\/product_brand?post=2676"},{"taxonomy":"product_cat","embeddable":true,"href":"https:\/\/movewalk.se\/en_gb\/wp-json\/wp\/v2\/product_cat?post=2676"},{"taxonomy":"product_tag","embeddable":true,"href":"https:\/\/movewalk.se\/en_gb\/wp-json\/wp\/v2\/product_tag?post=2676"}],"curies":[{"name":"wp","href":"https:\/\/api.w.org\/{rel}","templated":true}]}}